{"id":16830,"date":"2026-03-15T18:35:53","date_gmt":"2026-03-15T18:35:53","guid":{"rendered":"https:\/\/digistar.ma\/?post_type=product&#038;p=16830"},"modified":"2026-03-15T18:35:53","modified_gmt":"2026-03-15T18:35:53","slug":"pince-pose-oeillets-manuelle-o-10-mm","status":"publish","type":"product","link":"https:\/\/digistar.ma\/?product=pince-pose-oeillets-manuelle-o-10-mm","title":{"rendered":"Pince Pose \u0152illets Manuelle \u00d8 10 mm"},"content":{"rendered":"<h3>Pince Pose \u0152illets Manuelle \u00d8 10 mm<\/h3>\n<p data-start=\"218\" data-end=\"500\">La <strong data-start=\"221\" data-end=\"258\">pince manuelle pose \u0153illets 10 mm<\/strong> est l\u2019outil id\u00e9al pour installer facilement des \u0153illets m\u00e9talliques sur diff\u00e9rents supports. Robuste et simple d\u2019utilisation, elle permet de fixer des \u0153illets rapidement sur <strong data-start=\"433\" data-end=\"499\">b\u00e2ches, banderoles publicitaires, tissus, cuir ou papier \u00e9pais<\/strong>.<\/p>\n<p data-start=\"502\" data-end=\"693\">Cette pince est parfaite pour les <strong data-start=\"536\" data-end=\"635\">imprimeries, ateliers de signal\u00e9tique, professionnels de la publicit\u00e9, artisans ou particuliers<\/strong> qui souhaitent r\u00e9aliser des finitions propres et solides.<\/p>\n<p data-start=\"695\" data-end=\"804\">Gr\u00e2ce \u00e0 son syst\u00e8me manuel, elle assure une <strong data-start=\"739\" data-end=\"803\">pression efficace pour une pose d\u2019\u0153illets pr\u00e9cise et durable<\/strong>.<\/p>\n<p data-start=\"806\" data-end=\"824\"><strong data-start=\"806\" data-end=\"824\">Applications :<\/strong><\/p>\n<ul data-start=\"825\" data-end=\"950\">\n<li data-section-id=\"1uyapc5\" data-start=\"825\" data-end=\"849\">\n<p data-start=\"827\" data-end=\"849\">B\u00e2ches publicitaires<\/p>\n<\/li>\n<li data-section-id=\"1av56di\" data-start=\"850\" data-end=\"868\">\n<p data-start=\"852\" data-end=\"868\">Banderoles PVC<\/p>\n<\/li>\n<li data-section-id=\"5rpxrg\" data-start=\"869\" data-end=\"889\">\n<p data-start=\"871\" data-end=\"889\">Textile et tissu<\/p>\n<\/li>\n<li data-section-id=\"b4wt6q\" data-start=\"890\" data-end=\"913\">\n<p data-start=\"892\" data-end=\"913\">Cuir et simili cuir<\/p>\n<\/li>\n<li data-section-id=\"161qais\" data-start=\"914\" data-end=\"950\">\n<p data-start=\"916\" data-end=\"950\">Travaux d\u2019artisanat et bricolage<\/p>\n<\/li>\n<\/ul>\n","protected":false},"excerpt":{"rendered":"<ul>\n<li data-section-id=\"4k9nq5\" data-start=\"975\" data-end=\"1013\">\n<p data-start=\"977\" data-end=\"1013\">Type : pince manuelle pose \u0153illets<\/p>\n<\/li>\n<li data-section-id=\"h529mn\" data-start=\"1014\" data-end=\"1049\">\n<p data-start=\"1016\" data-end=\"1049\">Diam\u00e8tre compatible : <strong data-start=\"1038\" data-end=\"1047\">10 mm<\/strong><\/p>\n<\/li>\n<li data-section-id=\"5rz2nz\" data-start=\"1050\" data-end=\"1082\">\n<p data-start=\"1052\" data-end=\"1082\">Utilisation simple et rapide<\/p>\n<\/li>\n<li data-section-id=\"1h1cgc5\" data-start=\"1083\" data-end=\"1136\">\n<p data-start=\"1085\" data-end=\"1136\">Construction robuste pour une longue dur\u00e9e de vie<\/p>\n<\/li>\n<\/ul>\n","protected":false},"featured_media":16831,"comment_status":"open","ping_status":"closed","template":"","meta":{"_acf_changed":false,"_monsterinsights_skip_tracking":false,"_monsterinsights_sitenote_active":false,"_monsterinsights_sitenote_note":"","_monsterinsights_sitenote_category":0,"_uf_show_specific_survey":0,"_uf_disable_surveys":false,"_joinchat":[]},"product_brand":[],"product_cat":[384],"product_tag":[],"class_list":{"0":"post-16830","1":"product","2":"type-product","3":"status-publish","4":"has-post-thumbnail","6":"product_cat-fournitures-dimpression","8":"first","9":"instock","10":"sale","11":"shipping-taxable","12":"purchasable","13":"product-type-simple"},"acf":[],"jetpack_sharing_enabled":true,"_links":{"self":[{"href":"https:\/\/digistar.ma\/index.php?rest_route=\/wp\/v2\/product\/16830","targetHints":{"allow":["GET"]}}],"collection":[{"href":"https:\/\/digistar.ma\/index.php?rest_route=\/wp\/v2\/product"}],"about":[{"href":"https:\/\/digistar.ma\/index.php?rest_route=\/wp\/v2\/types\/product"}],"replies":[{"embeddable":true,"href":"https:\/\/digistar.ma\/index.php?rest_route=%2Fwp%2Fv2%2Fcomments&post=16830"}],"version-history":[{"count":1,"href":"https:\/\/digistar.ma\/index.php?rest_route=\/wp\/v2\/product\/16830\/revisions"}],"predecessor-version":[{"id":16836,"href":"https:\/\/digistar.ma\/index.php?rest_route=\/wp\/v2\/product\/16830\/revisions\/16836"}],"wp:featuredmedia":[{"embeddable":true,"href":"https:\/\/digistar.ma\/index.php?rest_route=\/wp\/v2\/media\/16831"}],"wp:attachment":[{"href":"https:\/\/digistar.ma\/index.php?rest_route=%2Fwp%2Fv2%2Fmedia&parent=16830"}],"wp:term":[{"taxonomy":"product_brand","embeddable":true,"href":"https:\/\/digistar.ma\/index.php?rest_route=%2Fwp%2Fv2%2Fproduct_brand&post=16830"},{"taxonomy":"product_cat","embeddable":true,"href":"https:\/\/digistar.ma\/index.php?rest_route=%2Fwp%2Fv2%2Fproduct_cat&post=16830"},{"taxonomy":"product_tag","embeddable":true,"href":"https:\/\/digistar.ma\/index.php?rest_route=%2Fwp%2Fv2%2Fproduct_tag&post=16830"}],"curies":[{"name":"wp","href":"https:\/\/api.w.org\/{rel}","templated":true}]}}