{"id":16837,"date":"2026-03-15T22:54:47","date_gmt":"2026-03-15T22:54:47","guid":{"rendered":"https:\/\/digistar.ma\/?post_type=product&#038;p=16837"},"modified":"2026-03-15T22:54:47","modified_gmt":"2026-03-15T22:54:47","slug":"presse-de-serigraphie-pour-tasses-et-objets-cylindriques","status":"publish","type":"product","link":"https:\/\/digistar.ma\/?product=presse-de-serigraphie-pour-tasses-et-objets-cylindriques","title":{"rendered":"Presse de S\u00e9rigraphie pour Tasses et Objets Cylindriques"},"content":{"rendered":"<h3 data-start=\"285\" data-end=\"484\">Presse de S\u00e9rigraphie pour Tasses et Objets Cylindriques<\/h3>\n<p data-start=\"285\" data-end=\"484\">La <strong data-start=\"288\" data-end=\"338\">presse de s\u00e9rigraphie pour objets cylindriques<\/strong> est con\u00e7ue pour l\u2019impression directe sur des supports ronds tels que <strong data-start=\"408\" data-end=\"483\">tasses, mugs, bouteilles, verres, gourdes ou autres objets cylindriques<\/strong>.<\/p>\n<p data-start=\"486\" data-end=\"657\">Cette machine permet une <strong data-start=\"511\" data-end=\"546\">impression pr\u00e9cise et r\u00e9guli\u00e8re<\/strong>, id\u00e9ale pour les <strong data-start=\"564\" data-end=\"656\">ateliers de personnalisation, imprimeries, fabricants d\u2019objets publicitaires et artisans<\/strong>.<\/p>\n<p data-start=\"659\" data-end=\"818\">Gr\u00e2ce \u00e0 son syst\u00e8me de maintien r\u00e9glable, elle assure une <strong data-start=\"717\" data-end=\"771\">stabilit\u00e9 parfaite de l\u2019objet pendant l\u2019impression<\/strong>, garantissant ainsi un r\u00e9sultat professionnel.<\/p>\n<p data-start=\"659\" data-end=\"818\"><img fetchpriority=\"high\" decoding=\"async\" class=\"alignnone  wp-image-16840\" src=\"https:\/\/digistar.ma\/wp-content\/uploads\/2026\/03\/Presse-de-Serigraphie-pour-Tasses-et-Objets-Cylindriques-5-300x300.jpg\" alt=\"\" width=\"327\" height=\"327\" srcset=\"https:\/\/digistar.ma\/wp-content\/uploads\/2026\/03\/Presse-de-Serigraphie-pour-Tasses-et-Objets-Cylindriques-5-300x300.jpg 300w, https:\/\/digistar.ma\/wp-content\/uploads\/2026\/03\/Presse-de-Serigraphie-pour-Tasses-et-Objets-Cylindriques-5-150x150.jpg 150w, https:\/\/digistar.ma\/wp-content\/uploads\/2026\/03\/Presse-de-Serigraphie-pour-Tasses-et-Objets-Cylindriques-5-600x600.jpg 600w, https:\/\/digistar.ma\/wp-content\/uploads\/2026\/03\/Presse-de-Serigraphie-pour-Tasses-et-Objets-Cylindriques-5-100x100.jpg 100w, https:\/\/digistar.ma\/wp-content\/uploads\/2026\/03\/Presse-de-Serigraphie-pour-Tasses-et-Objets-Cylindriques-5.jpg 750w\" sizes=\"(max-width: 327px) 100vw, 327px\" \/><\/p>\n<p data-start=\"820\" data-end=\"838\"><strong data-start=\"820\" data-end=\"838\">Applications :<\/strong><\/p>\n<ul data-start=\"839\" data-end=\"1018\">\n<li data-section-id=\"182rh2h\" data-start=\"839\" data-end=\"874\">\n<p data-start=\"841\" data-end=\"874\">Impression sur <strong data-start=\"856\" data-end=\"874\">tasses et mugs<\/strong><\/p>\n<\/li>\n<li data-section-id=\"xcj3zp\" data-start=\"875\" data-end=\"916\">\n<p data-start=\"877\" data-end=\"916\">Impression sur <strong data-start=\"892\" data-end=\"916\">verres et bouteilles<\/strong><\/p>\n<\/li>\n<li data-section-id=\"zowbya\" data-start=\"917\" data-end=\"968\">\n<p data-start=\"919\" data-end=\"968\">Impression sur <strong data-start=\"934\" data-end=\"968\">gourdes et objets cylindriques<\/strong><\/p>\n<\/li>\n<li data-section-id=\"x8ick5\" data-start=\"969\" data-end=\"1018\">\n<p data-start=\"971\" data-end=\"1018\">Production d\u2019objets publicitaires personnalis\u00e9s<\/p>\n<\/li>\n<\/ul>\n","protected":false},"excerpt":{"rendered":"<ul>\n<li data-section-id=\"zc8f0a\" data-start=\"1043\" data-end=\"1080\">\n<p data-start=\"1045\" data-end=\"1080\">Machine de <strong data-start=\"1056\" data-end=\"1080\">s\u00e9rigraphie manuelle<\/strong><\/p>\n<\/li>\n<li data-section-id=\"1aph3dd\" data-start=\"1081\" data-end=\"1118\">\n<p data-start=\"1083\" data-end=\"1118\">Adapt\u00e9e aux <strong data-start=\"1095\" data-end=\"1118\">objets cylindriques<\/strong><\/p>\n<\/li>\n<li data-section-id=\"yiukm\" data-start=\"1119\" data-end=\"1163\">\n<p data-start=\"1121\" data-end=\"1163\">Support r\u00e9glable pour diff\u00e9rents diam\u00e8tres<\/p>\n<\/li>\n<li data-section-id=\"165aih5\" data-start=\"1164\" data-end=\"1208\">\n<p data-start=\"1166\" data-end=\"1208\">Structure robuste pour usage professionnel<\/p>\n<\/li>\n<li data-section-id=\"llugsj\" data-start=\"1209\" data-end=\"1240\">\n<p data-start=\"1211\" data-end=\"1240\">Utilisation simple et pr\u00e9cise<\/p>\n<\/li>\n<\/ul>\n","protected":false},"featured_media":16839,"comment_status":"open","ping_status":"closed","template":"","meta":{"_acf_changed":false,"_monsterinsights_skip_tracking":false,"_monsterinsights_sitenote_active":false,"_monsterinsights_sitenote_note":"","_monsterinsights_sitenote_category":0,"_uf_show_specific_survey":0,"_uf_disable_surveys":false,"_joinchat":[]},"product_brand":[],"product_cat":[384,388],"product_tag":[],"class_list":{"0":"post-16837","1":"product","2":"type-product","3":"status-publish","4":"has-post-thumbnail","6":"product_cat-fournitures-dimpression","7":"product_cat-presse-a-chaud","9":"first","10":"instock","11":"sale","12":"shipping-taxable","13":"purchasable","14":"product-type-simple"},"acf":[],"jetpack_sharing_enabled":true,"_links":{"self":[{"href":"https:\/\/digistar.ma\/index.php?rest_route=\/wp\/v2\/product\/16837","targetHints":{"allow":["GET"]}}],"collection":[{"href":"https:\/\/digistar.ma\/index.php?rest_route=\/wp\/v2\/product"}],"about":[{"href":"https:\/\/digistar.ma\/index.php?rest_route=\/wp\/v2\/types\/product"}],"replies":[{"embeddable":true,"href":"https:\/\/digistar.ma\/index.php?rest_route=%2Fwp%2Fv2%2Fcomments&post=16837"}],"version-history":[{"count":1,"href":"https:\/\/digistar.ma\/index.php?rest_route=\/wp\/v2\/product\/16837\/revisions"}],"predecessor-version":[{"id":16845,"href":"https:\/\/digistar.ma\/index.php?rest_route=\/wp\/v2\/product\/16837\/revisions\/16845"}],"wp:featuredmedia":[{"embeddable":true,"href":"https:\/\/digistar.ma\/index.php?rest_route=\/wp\/v2\/media\/16839"}],"wp:attachment":[{"href":"https:\/\/digistar.ma\/index.php?rest_route=%2Fwp%2Fv2%2Fmedia&parent=16837"}],"wp:term":[{"taxonomy":"product_brand","embeddable":true,"href":"https:\/\/digistar.ma\/index.php?rest_route=%2Fwp%2Fv2%2Fproduct_brand&post=16837"},{"taxonomy":"product_cat","embeddable":true,"href":"https:\/\/digistar.ma\/index.php?rest_route=%2Fwp%2Fv2%2Fproduct_cat&post=16837"},{"taxonomy":"product_tag","embeddable":true,"href":"https:\/\/digistar.ma\/index.php?rest_route=%2Fwp%2Fv2%2Fproduct_tag&post=16837"}],"curies":[{"name":"wp","href":"https:\/\/api.w.org\/{rel}","templated":true}]}}