{"id":16854,"date":"2026-03-16T00:38:43","date_gmt":"2026-03-16T00:38:43","guid":{"rendered":"https:\/\/digistar.ma\/?post_type=product&#038;p=16854"},"modified":"2026-03-16T00:38:44","modified_gmt":"2026-03-16T00:38:44","slug":"tete-dimpression-epson-xp600-pour-impression-eco-solvent","status":"publish","type":"product","link":"https:\/\/digistar.ma\/?product=tete-dimpression-epson-xp600-pour-impression-eco-solvent","title":{"rendered":"T\u00eate d&#8217;Impression Epson XP600 pour Impression Eco-Solvent &#8230;"},"content":{"rendered":"<h3>T\u00eate d&#8217;Impression Epson XP600 pour Impression Eco-Solvent &#8230;<\/h3>\n<p data-start=\"276\" data-end=\"542\">La <strong data-start=\"279\" data-end=\"312\">t\u00eate d\u2019impression Epson XP600<\/strong> est une t\u00eate d\u2019impression haute pr\u00e9cision utilis\u00e9e dans les imprimantes <strong data-start=\"385\" data-end=\"428\">Eco-Solvent et imprimantes grand format<\/strong>. Elle permet d\u2019obtenir une <strong data-start=\"456\" data-end=\"541\">qualit\u00e9 d\u2019impression exceptionnelle avec des d\u00e9tails pr\u00e9cis et des couleurs vives<\/strong>.<\/p>\n<p data-start=\"544\" data-end=\"714\">Cette t\u00eate d\u2019impression est largement utilis\u00e9e dans les machines d\u2019impression pour <strong data-start=\"627\" data-end=\"713\">b\u00e2ches publicitaires, vinyle adh\u00e9sif, stickers, affiches et supports publicitaires<\/strong>.<\/p>\n<p data-start=\"716\" data-end=\"888\">Con\u00e7ue avec la technologie Epson, la t\u00eate XP600 offre une <strong data-start=\"774\" data-end=\"829\">vitesse d\u2019impression \u00e9lev\u00e9e et une grande fiabilit\u00e9<\/strong>, id\u00e9ale pour les professionnels de l\u2019impression num\u00e9rique.<\/p>\n<h3 data-section-id=\"1lhszvz\" data-start=\"890\" data-end=\"910\"><strong data-start=\"894\" data-end=\"910\">Applications<\/strong><\/h3>\n<ul data-start=\"911\" data-end=\"1090\">\n<li data-section-id=\"a3fyym\" data-start=\"911\" data-end=\"939\">\n<p data-start=\"913\" data-end=\"939\">Impression <strong data-start=\"924\" data-end=\"939\">Eco-Solvent<\/strong><\/p>\n<\/li>\n<li data-section-id=\"1ibcg1a\" data-start=\"940\" data-end=\"975\">\n<p data-start=\"942\" data-end=\"975\">Impression sur <strong data-start=\"957\" data-end=\"975\">vinyle adh\u00e9sif<\/strong><\/p>\n<\/li>\n<li data-section-id=\"1tno6vu\" data-start=\"976\" data-end=\"1015\">\n<p data-start=\"978\" data-end=\"1015\">Impression sur <strong data-start=\"993\" data-end=\"1015\">b\u00e2che publicitaire<\/strong><\/p>\n<\/li>\n<li data-section-id=\"1kp611\" data-start=\"1016\" data-end=\"1053\">\n<p data-start=\"1018\" data-end=\"1053\">Impression <strong data-start=\"1029\" data-end=\"1053\">stickers et affiches<\/strong><\/p>\n<\/li>\n<li data-section-id=\"4zz3th\" data-start=\"1054\" data-end=\"1090\">\n<p data-start=\"1056\" data-end=\"1090\">Machines d\u2019impression grand format<\/p>\n<\/li>\n<\/ul>\n","protected":false},"excerpt":{"rendered":"<ul>\n<li data-section-id=\"1yv13sc\" data-start=\"1117\" data-end=\"1143\">\n<p data-start=\"1119\" data-end=\"1143\">Mod\u00e8le : <strong data-start=\"1128\" data-end=\"1143\">Epson XP600<\/strong><\/p>\n<\/li>\n<li data-section-id=\"1p92z62\" data-start=\"1144\" data-end=\"1186\">\n<p data-start=\"1146\" data-end=\"1186\">Type : <strong data-start=\"1153\" data-end=\"1186\">T\u00eate d\u2019impression jet d\u2019encre<\/strong><\/p>\n<\/li>\n<li data-section-id=\"1thxovz\" data-start=\"1187\" data-end=\"1218\">\n<p data-start=\"1189\" data-end=\"1218\">Technologie : <strong data-start=\"1203\" data-end=\"1218\">Micro-piezo<\/strong><\/p>\n<\/li>\n<li data-section-id=\"tb2761\" data-start=\"1260\" data-end=\"1290\">\n<p data-start=\"1262\" data-end=\"1290\">Haute pr\u00e9cision d\u2019impression<\/p>\n<\/li>\n<li data-section-id=\"60mpi6\" data-start=\"1291\" data-end=\"1335\">\n<p data-start=\"1293\" data-end=\"1335\">Installation pour imprimantes grand format<\/p>\n<\/li>\n<\/ul>\n","protected":false},"featured_media":16855,"comment_status":"open","ping_status":"closed","template":"","meta":{"_acf_changed":false,"_monsterinsights_skip_tracking":false,"_monsterinsights_sitenote_active":false,"_monsterinsights_sitenote_note":"","_monsterinsights_sitenote_category":0,"_uf_show_specific_survey":0,"_uf_disable_surveys":false,"_joinchat":[]},"product_brand":[],"product_cat":[238,384,252],"product_tag":[],"class_list":{"0":"post-16854","1":"product","2":"type-product","3":"status-publish","4":"has-post-thumbnail","6":"product_cat-consommables","7":"product_cat-fournitures-dimpression","8":"product_cat-tete-dimpression","10":"first","11":"instock","12":"sale","13":"shipping-taxable","14":"purchasable","15":"product-type-simple"},"acf":[],"jetpack_sharing_enabled":true,"_links":{"self":[{"href":"https:\/\/digistar.ma\/index.php?rest_route=\/wp\/v2\/product\/16854","targetHints":{"allow":["GET"]}}],"collection":[{"href":"https:\/\/digistar.ma\/index.php?rest_route=\/wp\/v2\/product"}],"about":[{"href":"https:\/\/digistar.ma\/index.php?rest_route=\/wp\/v2\/types\/product"}],"replies":[{"embeddable":true,"href":"https:\/\/digistar.ma\/index.php?rest_route=%2Fwp%2Fv2%2Fcomments&post=16854"}],"version-history":[{"count":1,"href":"https:\/\/digistar.ma\/index.php?rest_route=\/wp\/v2\/product\/16854\/revisions"}],"predecessor-version":[{"id":16859,"href":"https:\/\/digistar.ma\/index.php?rest_route=\/wp\/v2\/product\/16854\/revisions\/16859"}],"wp:featuredmedia":[{"embeddable":true,"href":"https:\/\/digistar.ma\/index.php?rest_route=\/wp\/v2\/media\/16855"}],"wp:attachment":[{"href":"https:\/\/digistar.ma\/index.php?rest_route=%2Fwp%2Fv2%2Fmedia&parent=16854"}],"wp:term":[{"taxonomy":"product_brand","embeddable":true,"href":"https:\/\/digistar.ma\/index.php?rest_route=%2Fwp%2Fv2%2Fproduct_brand&post=16854"},{"taxonomy":"product_cat","embeddable":true,"href":"https:\/\/digistar.ma\/index.php?rest_route=%2Fwp%2Fv2%2Fproduct_cat&post=16854"},{"taxonomy":"product_tag","embeddable":true,"href":"https:\/\/digistar.ma\/index.php?rest_route=%2Fwp%2Fv2%2Fproduct_tag&post=16854"}],"curies":[{"name":"wp","href":"https:\/\/api.w.org\/{rel}","templated":true}]}}