{"id":16863,"date":"2026-03-16T00:56:15","date_gmt":"2026-03-16T00:56:15","guid":{"rendered":"https:\/\/digistar.ma\/?post_type=product&#038;p=16863"},"modified":"2026-03-16T00:57:02","modified_gmt":"2026-03-16T00:57:02","slug":"tete-dimpression-epson-i3200-pour-imprimante-grand-format","status":"publish","type":"product","link":"https:\/\/digistar.ma\/?product=tete-dimpression-epson-i3200-pour-imprimante-grand-format","title":{"rendered":"T\u00eate d\u2019Impression Epson I3200 pour Imprimante Grand Format"},"content":{"rendered":"<h3>T\u00eate d\u2019Impression Epson I3200 pour Imprimante Grand Format<\/h3>\n<p data-start=\"262\" data-end=\"565\">La <strong data-start=\"265\" data-end=\"298\">t\u00eate d\u2019impression Epson I3200<\/strong> est une t\u00eate d\u2019impression industrielle haute performance con\u00e7ue pour les imprimantes <strong data-start=\"384\" data-end=\"417\">grand format professionnelles<\/strong>. Elle offre une <strong data-start=\"434\" data-end=\"473\">qualit\u00e9 d\u2019impression exceptionnelle<\/strong>, une grande pr\u00e9cision des d\u00e9tails et une vitesse \u00e9lev\u00e9e adapt\u00e9e aux productions intensives.<\/p>\n<p data-start=\"567\" data-end=\"779\">Gr\u00e2ce \u00e0 la technologie <strong data-start=\"590\" data-end=\"616\">PrecisionCore MicroTFP<\/strong>, la t\u00eate Epson I3200 garantit une projection d\u2019encre stable, des d\u00e9grad\u00e9s fluides et une excellente durabilit\u00e9 pour les applications d\u2019impression professionnelle.<\/p>\n<p data-start=\"781\" data-end=\"924\">Elle est utilis\u00e9e dans plusieurs types d\u2019impressions num\u00e9riques : <strong data-start=\"847\" data-end=\"886\">Eco-Solvent, DTF, UV et Sublimation<\/strong> selon la configuration de la machine.<\/p>\n<p data-start=\"781\" data-end=\"924\"><img fetchpriority=\"high\" decoding=\"async\" class=\"alignnone wp-image-16868\" src=\"https:\/\/digistar.ma\/wp-content\/uploads\/2026\/03\/Tete-dImpression-Epson-I3200-pour-Imprimante-Grand-Format-5-300x283.jpg\" alt=\"\" width=\"354\" height=\"334\" srcset=\"https:\/\/digistar.ma\/wp-content\/uploads\/2026\/03\/Tete-dImpression-Epson-I3200-pour-Imprimante-Grand-Format-5-300x283.jpg 300w, https:\/\/digistar.ma\/wp-content\/uploads\/2026\/03\/Tete-dImpression-Epson-I3200-pour-Imprimante-Grand-Format-5-600x566.jpg 600w, https:\/\/digistar.ma\/wp-content\/uploads\/2026\/03\/Tete-dImpression-Epson-I3200-pour-Imprimante-Grand-Format-5.jpg 750w\" sizes=\"(max-width: 354px) 100vw, 354px\" \/><\/p>\n<h3 data-section-id=\"1lhszvz\" data-start=\"926\" data-end=\"946\"><strong data-start=\"930\" data-end=\"946\">Applications Epson I3200 Printhead originale<\/strong><\/h3>\n<ul data-start=\"947\" data-end=\"1099\">\n<li data-section-id=\"1xf2ryg\" data-start=\"947\" data-end=\"973\">\n<p data-start=\"949\" data-end=\"973\">Impression DTF textile<\/p>\n<\/li>\n<li data-section-id=\"1ujoh6l\" data-start=\"974\" data-end=\"1013\">\n<p data-start=\"976\" data-end=\"1013\">Impression Eco-Solvent publicitaire<\/p>\n<\/li>\n<li data-section-id=\"1uspgbk\" data-start=\"1014\" data-end=\"1031\">\n<p data-start=\"1016\" data-end=\"1031\">Impression UV<\/p>\n<\/li>\n<li data-section-id=\"1kvfuqs\" data-start=\"1032\" data-end=\"1060\">\n<p data-start=\"1034\" data-end=\"1060\">Sublimation grand format<\/p>\n<\/li>\n<li data-section-id=\"oypjot\" data-start=\"1061\" data-end=\"1099\">\n<p data-start=\"1063\" data-end=\"1099\">Vinyle adh\u00e9sif et b\u00e2che publicitaire<\/p>\n<\/li>\n<\/ul>\n","protected":false},"excerpt":{"rendered":"<ul>\n<li data-section-id=\"1tnli7u\" data-start=\"1126\" data-end=\"1152\">\n<p data-start=\"1128\" data-end=\"1152\">Mod\u00e8le : <strong data-start=\"1137\" data-end=\"1152\">Epson I3200<\/strong><\/p>\n<\/li>\n<li data-section-id=\"bzdgs4\" data-start=\"1153\" data-end=\"1191\">\n<p data-start=\"1155\" data-end=\"1191\">Technologie : PrecisionCore MicroTFP<\/p>\n<\/li>\n<li data-section-id=\"11dw2pk\" data-start=\"1192\" data-end=\"1220\">\n<p data-start=\"1194\" data-end=\"1220\">Haute vitesse d\u2019impression<\/p>\n<\/li>\n<li data-section-id=\"6j6w9f\" data-start=\"1221\" data-end=\"1269\">\n<p data-start=\"1223\" data-end=\"1269\">R\u00e9solution \u00e9lev\u00e9e et pr\u00e9cision professionnelle<\/p>\n<\/li>\n<li data-section-id=\"155z8pa\" data-start=\"1270\" data-end=\"1299\">\n<p data-start=\"1272\" data-end=\"1299\">Stabilit\u00e9 d\u2019encre am\u00e9lior\u00e9e<\/p>\n<\/li>\n<li data-section-id=\"x2gita\" data-start=\"1300\" data-end=\"1335\">\n<p data-start=\"1302\" data-end=\"1335\">Usage industriel et professionnel<\/p>\n<\/li>\n<\/ul>\n","protected":false},"featured_media":16865,"comment_status":"open","ping_status":"closed","template":"","meta":{"_acf_changed":false,"_monsterinsights_skip_tracking":false,"_monsterinsights_sitenote_active":false,"_monsterinsights_sitenote_note":"","_monsterinsights_sitenote_category":0,"_uf_show_specific_survey":0,"_uf_disable_surveys":false,"_joinchat":[]},"product_brand":[],"product_cat":[384,238,252],"product_tag":[],"class_list":{"0":"post-16863","1":"product","2":"type-product","3":"status-publish","4":"has-post-thumbnail","6":"product_cat-fournitures-dimpression","7":"product_cat-consommables","8":"product_cat-tete-dimpression","10":"first","11":"instock","12":"sale","13":"shipping-taxable","14":"purchasable","15":"product-type-simple"},"acf":[],"jetpack_sharing_enabled":true,"_links":{"self":[{"href":"https:\/\/digistar.ma\/index.php?rest_route=\/wp\/v2\/product\/16863","targetHints":{"allow":["GET"]}}],"collection":[{"href":"https:\/\/digistar.ma\/index.php?rest_route=\/wp\/v2\/product"}],"about":[{"href":"https:\/\/digistar.ma\/index.php?rest_route=\/wp\/v2\/types\/product"}],"replies":[{"embeddable":true,"href":"https:\/\/digistar.ma\/index.php?rest_route=%2Fwp%2Fv2%2Fcomments&post=16863"}],"version-history":[{"count":2,"href":"https:\/\/digistar.ma\/index.php?rest_route=\/wp\/v2\/product\/16863\/revisions"}],"predecessor-version":[{"id":16871,"href":"https:\/\/digistar.ma\/index.php?rest_route=\/wp\/v2\/product\/16863\/revisions\/16871"}],"wp:featuredmedia":[{"embeddable":true,"href":"https:\/\/digistar.ma\/index.php?rest_route=\/wp\/v2\/media\/16865"}],"wp:attachment":[{"href":"https:\/\/digistar.ma\/index.php?rest_route=%2Fwp%2Fv2%2Fmedia&parent=16863"}],"wp:term":[{"taxonomy":"product_brand","embeddable":true,"href":"https:\/\/digistar.ma\/index.php?rest_route=%2Fwp%2Fv2%2Fproduct_brand&post=16863"},{"taxonomy":"product_cat","embeddable":true,"href":"https:\/\/digistar.ma\/index.php?rest_route=%2Fwp%2Fv2%2Fproduct_cat&post=16863"},{"taxonomy":"product_tag","embeddable":true,"href":"https:\/\/digistar.ma\/index.php?rest_route=%2Fwp%2Fv2%2Fproduct_tag&post=16863"}],"curies":[{"name":"wp","href":"https:\/\/api.w.org\/{rel}","templated":true}]}}