{"id":17318,"date":"2026-05-08T18:39:18","date_gmt":"2026-05-08T18:39:18","guid":{"rendered":"https:\/\/digistar.ma\/?post_type=product&#038;p=17318"},"modified":"2026-05-08T18:39:19","modified_gmt":"2026-05-08T18:39:19","slug":"encre-compatible-canon-gi-41-noir","status":"publish","type":"product","link":"https:\/\/digistar.ma\/?product=encre-compatible-canon-gi-41-noir","title":{"rendered":"Encre Compatible Canon GI-41 Noir"},"content":{"rendered":"<h3>Encre Compatible Canon GI-41 Noir Black 135ml \u2013 Pour Canon PIXMA G1420 \/ G2420 \/ G2460 \/ G3420 \/ G3460 \/ G3430 \/ G3430<\/h3>\n<p data-start=\"771\" data-end=\"951\">L\u2019encre compatible Canon GI-41 Noir Black 135ml est sp\u00e9cialement con\u00e7ue pour fournir des impressions nettes, professionnelles et durables avec les imprimantes Canon PIXMA MegaTank.<\/p>\n<p data-start=\"953\" data-end=\"1155\">Sa formule haute qualit\u00e9 garantit un noir intense, une excellente fluidit\u00e9 et un s\u00e9chage rapide afin d\u2019assurer des impressions pr\u00e9cises pour les documents professionnels, administratifs et bureautiques.<\/p>\n<p data-start=\"1157\" data-end=\"1302\">Cette encre repr\u00e9sente une solution \u00e9conomique et performante permettant de r\u00e9duire le co\u00fbt d\u2019impression tout en conservant une qualit\u00e9 optimale.<\/p>\n<h2 data-section-id=\"1f2ju85\" data-start=\"1304\" data-end=\"1355\">Avantages de l\u2019Encre Canon GI-41 Noir Compatible<\/h2>\n<ul data-start=\"1357\" data-end=\"1677\">\n<li data-section-id=\"1x5fwhf\" data-start=\"1357\" data-end=\"1388\">Noir profond et haute nettet\u00e9<\/li>\n<li data-section-id=\"1iihs0k\" data-start=\"1389\" data-end=\"1443\">Compatible avec les imprimantes Canon PIXMA MegaTank<\/li>\n<li data-section-id=\"z5ilch\" data-start=\"1444\" data-end=\"1460\">S\u00e9chage rapide<\/li>\n<li data-section-id=\"qjmbqg\" data-start=\"1461\" data-end=\"1490\">Impression fluide et stable<\/li>\n<li data-section-id=\"rwtykw\" data-start=\"1491\" data-end=\"1525\">Excellent rendement d\u2019impression<\/li>\n<li data-section-id=\"1vuexdp\" data-start=\"1526\" data-end=\"1558\">Recharge facile des r\u00e9servoirs<\/li>\n<li data-section-id=\"brf9wf\" data-start=\"1559\" data-end=\"1587\">R\u00e9duction du co\u00fbt par page<\/li>\n<li data-section-id=\"1f9t2mr\" data-start=\"1588\" data-end=\"1624\">Id\u00e9ale pour l\u2019impression intensive<\/li>\n<li data-section-id=\"1bmp5h1\" data-start=\"1625\" data-end=\"1677\">Formule con\u00e7ue pour pr\u00e9server la t\u00eate d\u2019impression<\/li>\n<\/ul>\n<h2 data-section-id=\"se2ljt\" data-start=\"1679\" data-end=\"1713\">Compatibilit\u00e9 Imprimantes Canon<\/h2>\n<p data-start=\"1715\" data-end=\"1732\">Compatible avec :<\/p>\n<ul data-start=\"1734\" data-end=\"1853\">\n<li data-section-id=\"eb6y4o\" data-start=\"1734\" data-end=\"1753\">Canon PIXMA G1420<\/li>\n<li data-section-id=\"eb7obv\" data-start=\"1754\" data-end=\"1773\">Canon PIXMA G2420<\/li>\n<li data-section-id=\"eb7ofj\" data-start=\"1774\" data-end=\"1793\">Canon PIXMA G2460<\/li>\n<li data-section-id=\"eb5eru\" data-start=\"1794\" data-end=\"1813\">Canon PIXMA G3420<\/li>\n<li data-section-id=\"eb5evi\" data-start=\"1814\" data-end=\"1833\">Canon PIXMA G3460<\/li>\n<li data-section-id=\"eb5euj\" data-start=\"1834\" data-end=\"1853\">Canon PIXMA G3430 &#8230;<\/li>\n<\/ul>\n<h2 data-section-id=\"128pnwi\" data-start=\"1855\" data-end=\"1885\">Caract\u00e9ristiques Techniques<\/h2>\n<ul data-start=\"1887\" data-end=\"2167\">\n<li data-section-id=\"3u64mw\" data-start=\"1887\" data-end=\"1924\">Type : Encre compatible Canon GI-41<\/li>\n<li data-section-id=\"jnbuf\" data-start=\"1925\" data-end=\"1949\">Couleur : Noir \/ Black<\/li>\n<li data-section-id=\"y6afm8\" data-start=\"1950\" data-end=\"1970\">Contenance : 135ml<\/li>\n<li data-section-id=\"vj5s6w\" data-start=\"1971\" data-end=\"1998\">Technologie : Jet d\u2019encre<\/li>\n<li data-section-id=\"1rfq59g\" data-start=\"1999\" data-end=\"2032\">Qualit\u00e9 : Haute qualit\u00e9 premium<\/li>\n<li data-section-id=\"k77r4b\" data-start=\"2033\" data-end=\"2090\">Utilisation : Impression bureautique et professionnelle<\/li>\n<li data-section-id=\"bqmcs5\" data-start=\"2091\" data-end=\"2133\">Installation : Recharge directe MegaTank<\/li>\n<li data-section-id=\"z5ilch\" data-start=\"2134\" data-end=\"2150\">S\u00e9chage rapide<\/li>\n<li data-section-id=\"xueiw3\" data-start=\"2151\" data-end=\"2167\">Haute fluidit\u00e9<\/li>\n<\/ul>\n<h2 data-section-id=\"1fudne\" data-start=\"2169\" data-end=\"2197\">Utilisations Recommand\u00e9es<\/h2>\n<ul data-start=\"2199\" data-end=\"2352\">\n<li data-section-id=\"1c9netq\" data-start=\"2199\" data-end=\"2225\">Documents administratifs<\/li>\n<li data-section-id=\"bj7757\" data-start=\"2226\" data-end=\"2250\">Impression bureautique<\/li>\n<li data-section-id=\"1bt4o8j\" data-start=\"2251\" data-end=\"2276\">Rapports professionnels<\/li>\n<li data-section-id=\"1dplgid\" data-start=\"2277\" data-end=\"2296\">Factures et devis<\/li>\n<li data-section-id=\"gr6mli\" data-start=\"2297\" data-end=\"2317\">Supports \u00e9ducatifs<\/li>\n<li data-section-id=\"14qalah\" data-start=\"2318\" data-end=\"2352\">Impression intensive quotidienne<\/li>\n<\/ul>\n","protected":false},"excerpt":{"rendered":"<ul data-start=\"1887\" data-end=\"2167\">\n<li data-section-id=\"3u64mw\" data-start=\"1887\" data-end=\"1924\">Type : Encre compatible Canon GI-41<\/li>\n<li data-section-id=\"jnbuf\" data-start=\"1925\" data-end=\"1949\">Couleur : Noir \/ Black<\/li>\n<li data-section-id=\"y6afm8\" data-start=\"1950\" data-end=\"1970\">Contenance : 135ml<\/li>\n<li data-section-id=\"vj5s6w\" data-start=\"1971\" data-end=\"1998\">Technologie : Jet d\u2019encre<\/li>\n<li data-section-id=\"1rfq59g\" data-start=\"1999\" data-end=\"2032\">Qualit\u00e9 : Haute qualit\u00e9 premium<\/li>\n<li data-section-id=\"k77r4b\" data-start=\"2033\" data-end=\"2090\">Utilisation : Impression bureautique et professionnelle<\/li>\n<li data-section-id=\"bqmcs5\" data-start=\"2091\" data-end=\"2133\">Installation : Recharge directe MegaTank<\/li>\n<li data-section-id=\"z5ilch\" data-start=\"2134\" data-end=\"2150\">S\u00e9chage rapide<\/li>\n<li data-section-id=\"xueiw3\" data-start=\"2151\" data-end=\"2167\">Haute fluidit\u00e9<\/li>\n<\/ul>\n","protected":false},"featured_media":17319,"comment_status":"open","ping_status":"closed","template":"","meta":{"_acf_changed":false,"_monsterinsights_skip_tracking":false,"_monsterinsights_sitenote_active":false,"_monsterinsights_sitenote_note":"","_monsterinsights_sitenote_category":0,"_uf_show_specific_survey":0,"_uf_disable_surveys":false,"_joinchat":[]},"product_brand":[],"product_cat":[238,251],"product_tag":[],"class_list":{"0":"post-17318","1":"product","2":"type-product","3":"status-publish","4":"has-post-thumbnail","6":"product_cat-consommables","7":"product_cat-bouteille-dencre","9":"first","10":"instock","11":"sale","12":"shipping-taxable","13":"purchasable","14":"product-type-simple"},"acf":[],"jetpack_sharing_enabled":true,"_links":{"self":[{"href":"https:\/\/digistar.ma\/index.php?rest_route=\/wp\/v2\/product\/17318","targetHints":{"allow":["GET"]}}],"collection":[{"href":"https:\/\/digistar.ma\/index.php?rest_route=\/wp\/v2\/product"}],"about":[{"href":"https:\/\/digistar.ma\/index.php?rest_route=\/wp\/v2\/types\/product"}],"replies":[{"embeddable":true,"href":"https:\/\/digistar.ma\/index.php?rest_route=%2Fwp%2Fv2%2Fcomments&post=17318"}],"version-history":[{"count":2,"href":"https:\/\/digistar.ma\/index.php?rest_route=\/wp\/v2\/product\/17318\/revisions"}],"predecessor-version":[{"id":17321,"href":"https:\/\/digistar.ma\/index.php?rest_route=\/wp\/v2\/product\/17318\/revisions\/17321"}],"wp:featuredmedia":[{"embeddable":true,"href":"https:\/\/digistar.ma\/index.php?rest_route=\/wp\/v2\/media\/17319"}],"wp:attachment":[{"href":"https:\/\/digistar.ma\/index.php?rest_route=%2Fwp%2Fv2%2Fmedia&parent=17318"}],"wp:term":[{"taxonomy":"product_brand","embeddable":true,"href":"https:\/\/digistar.ma\/index.php?rest_route=%2Fwp%2Fv2%2Fproduct_brand&post=17318"},{"taxonomy":"product_cat","embeddable":true,"href":"https:\/\/digistar.ma\/index.php?rest_route=%2Fwp%2Fv2%2Fproduct_cat&post=17318"},{"taxonomy":"product_tag","embeddable":true,"href":"https:\/\/digistar.ma\/index.php?rest_route=%2Fwp%2Fv2%2Fproduct_tag&post=17318"}],"curies":[{"name":"wp","href":"https:\/\/api.w.org\/{rel}","templated":true}]}}