{"id":17335,"date":"2026-05-12T11:59:21","date_gmt":"2026-05-12T11:59:21","guid":{"rendered":"https:\/\/digistar.ma\/?post_type=product&#038;p=17335"},"modified":"2026-05-12T11:59:21","modified_gmt":"2026-05-12T11:59:21","slug":"papier-photo-autocollant-a4-mr-r-inkjet-brillant-115g","status":"publish","type":"product","link":"https:\/\/digistar.ma\/?product=papier-photo-autocollant-a4-mr-r-inkjet-brillant-115g","title":{"rendered":"Papier Photo Autocollant A4 MR.R Inkjet Brillant 115g"},"content":{"rendered":"<h4>Papier Photo Autocollant A4 MR.R Inkjet Brillant 115g<\/h4>\n<p data-start=\"547\" data-end=\"766\">Le papier photo autocollant MR.R A4 glossy est id\u00e9al pour les professionnels de l\u2019impression, les \u00e9tudiants, les boutiques et les cr\u00e9ateurs souhaitant produire des stickers et impressions autocollantes de haute qualit\u00e9.<\/p>\n<p data-start=\"768\" data-end=\"993\">Sa surface brillante offre un excellent rendu des couleurs tandis que son adh\u00e9sif performant garantit une bonne fixation sur diff\u00e9rentes surfaces. Compatible avec les imprimantes jet d\u2019encre utilisant des encres \u00e0 base d\u2019eau.<\/p>\n<h2 data-section-id=\"1qr1bd9\" data-start=\"1000\" data-end=\"1019\">Caract\u00e9ristiques<\/h2>\n<ul data-start=\"1021\" data-end=\"1346\">\n<li data-section-id=\"1jjmxce\" data-start=\"1021\" data-end=\"1038\">Marque : MR.R<\/li>\n<li data-section-id=\"1e28zls\" data-start=\"1039\" data-end=\"1069\">Format : A4 \u2013 210 x 297 mm<\/li>\n<li data-section-id=\"111ce5y\" data-start=\"1070\" data-end=\"1112\">Type : Papier photo autocollant InkJet<\/li>\n<li data-section-id=\"1nuwp7h\" data-start=\"1113\" data-end=\"1146\">Finition : Brillante (Glossy)<\/li>\n<li data-section-id=\"hblfd3\" data-start=\"1147\" data-end=\"1170\">Grammage : 115 g\/m\u00b2<\/li>\n<li data-section-id=\"1e6whn9\" data-start=\"1171\" data-end=\"1197\">Quantit\u00e9 : 50 feuilles<\/li>\n<li data-section-id=\"1v8u6q9\" data-start=\"1198\" data-end=\"1216\">S\u00e9chage rapide<\/li>\n<li data-section-id=\"1dftifl\" data-start=\"1217\" data-end=\"1238\">R\u00e9sistant \u00e0 l\u2019eau<\/li>\n<li data-section-id=\"1a4x057\" data-start=\"1239\" data-end=\"1283\">Compatible encres jet d\u2019encre water base<\/li>\n<li data-section-id=\"1yohedo\" data-start=\"1284\" data-end=\"1315\">Impression haute r\u00e9solution<\/li>\n<li data-section-id=\"405943\" data-start=\"1316\" data-end=\"1346\">Support adh\u00e9sif de qualit\u00e9<\/li>\n<\/ul>\n<h2 data-section-id=\"mu966k\" data-start=\"1353\" data-end=\"1368\">Applications<\/h2>\n<ul data-start=\"1370\" data-end=\"1572\">\n<li data-section-id=\"1n9edgc\" data-start=\"1370\" data-end=\"1396\">Stickers personnalis\u00e9s<\/li>\n<li data-section-id=\"108vsyh\" data-start=\"1397\" data-end=\"1420\">\u00c9tiquettes produits<\/li>\n<li data-section-id=\"c58st5\" data-start=\"1421\" data-end=\"1445\">Photos autocollantes<\/li>\n<li data-section-id=\"p64wqr\" data-start=\"1446\" data-end=\"1467\">D\u00e9coration et DIY<\/li>\n<li data-section-id=\"20c6eq\" data-start=\"1468\" data-end=\"1484\">Scrapbooking<\/li>\n<li data-section-id=\"6fnyxe\" data-start=\"1485\" data-end=\"1511\">Packaging personnalis\u00e9<\/li>\n<li data-section-id=\"1c3pjgd\" data-start=\"1512\" data-end=\"1532\">Cartes et badges<\/li>\n<li data-section-id=\"19n2okp\" data-start=\"1533\" data-end=\"1572\">Travaux scolaires et professionnels<\/li>\n<\/ul>\n<h2 data-section-id=\"mxa69g\" data-start=\"1579\" data-end=\"1607\">Compatibilit\u00e9 Imprimantes<\/h2>\n<p data-start=\"1609\" data-end=\"1654\">Compatible avec les imprimantes jet d\u2019encre :<\/p>\n<ul data-start=\"1656\" data-end=\"1820\">\n<li data-section-id=\"1nmc38e\" data-start=\"1656\" data-end=\"1679\">Epson EcoTank L3250<\/li>\n<li data-section-id=\"8i46b\" data-start=\"1680\" data-end=\"1695\">Epson L3210<\/li>\n<li data-section-id=\"8kkzda\" data-start=\"1696\" data-end=\"1711\">Epson L8050<\/li>\n<li data-section-id=\"1ic7x7j\" data-start=\"1712\" data-end=\"1728\">Epson L18050 &#8230;<\/li>\n<li data-section-id=\"hn67m0\" data-start=\"1729\" data-end=\"1744\">Canon PIXMA<\/li>\n<li data-section-id=\"zce78n\" data-start=\"1745\" data-end=\"1758\">HP InkJet<\/li>\n<li data-section-id=\"187yvjo\" data-start=\"1759\" data-end=\"1820\">Autres imprimantes InkJet compatibles encres \u00e0 base d\u2019eau<\/li>\n<\/ul>\n<h2 data-section-id=\"4t1lgu\" data-start=\"1827\" data-end=\"1858\">Les Avantages du Papier MR.R<\/h2>\n<ul data-start=\"1860\" data-end=\"2050\">\n<li data-section-id=\"16dtmvz\" data-start=\"1860\" data-end=\"1888\">Couleurs vives et nettes<\/li>\n<li data-section-id=\"16y3n8o\" data-start=\"1889\" data-end=\"1914\">Excellent rendu photo<\/li>\n<li data-section-id=\"iusoky\" data-start=\"1915\" data-end=\"1952\">Surface brillante professionnelle<\/li>\n<li data-section-id=\"e6rk92\" data-start=\"1953\" data-end=\"1977\">Tr\u00e8s bonne adh\u00e9rence<\/li>\n<li data-section-id=\"96qpbz\" data-start=\"1978\" data-end=\"1999\">Facile \u00e0 d\u00e9couper<\/li>\n<li data-section-id=\"to1h05\" data-start=\"2000\" data-end=\"2050\">Convient pour usage professionnel et personnel<\/li>\n<\/ul>\n","protected":false},"excerpt":{"rendered":"<ul data-start=\"1021\" data-end=\"1346\">\n<li data-section-id=\"1jjmxce\" data-start=\"1021\" data-end=\"1038\">Marque : MR.R<\/li>\n<li data-section-id=\"1e28zls\" data-start=\"1039\" data-end=\"1069\">Format : A4 \u2013 210 x 297 mm<\/li>\n<li data-section-id=\"111ce5y\" data-start=\"1070\" data-end=\"1112\">Type : Papier photo autocollant InkJet<\/li>\n<li data-section-id=\"1nuwp7h\" data-start=\"1113\" data-end=\"1146\">Finition : Brillante (Glossy)<\/li>\n<li data-section-id=\"hblfd3\" data-start=\"1147\" data-end=\"1170\">Grammage : 115 g\/m\u00b2<\/li>\n<li data-section-id=\"1e6whn9\" data-start=\"1171\" data-end=\"1197\">Quantit\u00e9 : 50 feuilles<\/li>\n<li data-section-id=\"1v8u6q9\" data-start=\"1198\" data-end=\"1216\">S\u00e9chage rapide<\/li>\n<li data-section-id=\"1dftifl\" data-start=\"1217\" data-end=\"1238\">R\u00e9sistant \u00e0 l\u2019eau<\/li>\n<li data-section-id=\"1a4x057\" data-start=\"1239\" data-end=\"1283\">Compatible encres jet d\u2019encre water base<\/li>\n<li data-section-id=\"1yohedo\" data-start=\"1284\" data-end=\"1315\">Impression haute r\u00e9solution<\/li>\n<li data-section-id=\"405943\" data-start=\"1316\" data-end=\"1346\">Support adh\u00e9sif de qualit\u00e9<\/li>\n<\/ul>\n","protected":false},"featured_media":17336,"comment_status":"open","ping_status":"closed","template":"","meta":{"_acf_changed":false,"_monsterinsights_skip_tracking":false,"_monsterinsights_sitenote_active":false,"_monsterinsights_sitenote_note":"","_monsterinsights_sitenote_category":0,"_uf_show_specific_survey":0,"_uf_disable_surveys":false,"_joinchat":[]},"product_brand":[],"product_cat":[249,238,384,387],"product_tag":[],"class_list":{"0":"post-17335","1":"product","2":"type-product","3":"status-publish","4":"has-post-thumbnail","6":"product_cat-papier","7":"product_cat-consommables","8":"product_cat-fournitures-dimpression","9":"product_cat-papier-photo","11":"first","12":"instock","13":"sale","14":"shipping-taxable","15":"purchasable","16":"product-type-simple"},"acf":[],"jetpack_sharing_enabled":true,"_links":{"self":[{"href":"https:\/\/digistar.ma\/index.php?rest_route=\/wp\/v2\/product\/17335","targetHints":{"allow":["GET"]}}],"collection":[{"href":"https:\/\/digistar.ma\/index.php?rest_route=\/wp\/v2\/product"}],"about":[{"href":"https:\/\/digistar.ma\/index.php?rest_route=\/wp\/v2\/types\/product"}],"replies":[{"embeddable":true,"href":"https:\/\/digistar.ma\/index.php?rest_route=%2Fwp%2Fv2%2Fcomments&post=17335"}],"version-history":[{"count":1,"href":"https:\/\/digistar.ma\/index.php?rest_route=\/wp\/v2\/product\/17335\/revisions"}],"predecessor-version":[{"id":17339,"href":"https:\/\/digistar.ma\/index.php?rest_route=\/wp\/v2\/product\/17335\/revisions\/17339"}],"wp:featuredmedia":[{"embeddable":true,"href":"https:\/\/digistar.ma\/index.php?rest_route=\/wp\/v2\/media\/17336"}],"wp:attachment":[{"href":"https:\/\/digistar.ma\/index.php?rest_route=%2Fwp%2Fv2%2Fmedia&parent=17335"}],"wp:term":[{"taxonomy":"product_brand","embeddable":true,"href":"https:\/\/digistar.ma\/index.php?rest_route=%2Fwp%2Fv2%2Fproduct_brand&post=17335"},{"taxonomy":"product_cat","embeddable":true,"href":"https:\/\/digistar.ma\/index.php?rest_route=%2Fwp%2Fv2%2Fproduct_cat&post=17335"},{"taxonomy":"product_tag","embeddable":true,"href":"https:\/\/digistar.ma\/index.php?rest_route=%2Fwp%2Fv2%2Fproduct_tag&post=17335"}],"curies":[{"name":"wp","href":"https:\/\/api.w.org\/{rel}","templated":true}]}}