{"id":17373,"date":"2026-05-17T00:13:01","date_gmt":"2026-05-17T00:13:01","guid":{"rendered":"https:\/\/digistar.ma\/?post_type=product&#038;p=17373"},"modified":"2026-05-17T00:17:09","modified_gmt":"2026-05-17T00:17:09","slug":"maintenance-tank-waste-ink-box-compatible-epson-l3110-l3150-l5190","status":"publish","type":"product","link":"https:\/\/digistar.ma\/?product=maintenance-tank-waste-ink-box-compatible-epson-l3110-l3150-l5190","title":{"rendered":"Maintenance Tank Waste Ink Box Compatible Epson L3110 L3150 L5190 &#8230;"},"content":{"rendered":"<h3>Maintenance Tank Waste Ink Box Compatible Epson L3110 L3150 L5190 &#8230;<\/h3>\n<h3 data-section-id=\"nmnw8u\" data-start=\"470\" data-end=\"522\">Maintenance Box Compatible Epson EcoTank S\u00e9rie L<\/h3>\n<p data-start=\"524\" data-end=\"771\">La Maintenance Tank Waste Ink Box compatible Epson est une pi\u00e8ce essentielle pour les imprimantes Epson EcoTank. Elle sert \u00e0 collecter l\u2019encre r\u00e9siduelle g\u00e9n\u00e9r\u00e9e lors des cycles de nettoyage des t\u00eates d\u2019impression et des op\u00e9rations de maintenance.<\/p>\n<p data-start=\"773\" data-end=\"1077\">Lorsque le r\u00e9servoir d\u2019encre usag\u00e9e atteint sa limite, l\u2019imprimante peut afficher un message d\u2019erreur n\u00e9cessitant le remplacement du maintenance tank. Cette bo\u00eete de maintenance compatible permet de prolonger la dur\u00e9e de vie de votre imprimante tout en maintenant des performances d\u2019impression optimales.<\/p>\n<h3 data-start=\"773\" data-end=\"1077\">Caract\u00e9ristiques<\/h3>\n<ul data-start=\"1105\" data-end=\"1419\">\n<li data-section-id=\"mv96ud\" data-start=\"1105\" data-end=\"1148\">Type : Maintenance Tank \/ Waste Ink Box<\/li>\n<li data-section-id=\"vvmmly\" data-start=\"1149\" data-end=\"1194\">Fonction : R\u00e9cup\u00e9ration de l\u2019encre usag\u00e9e<\/li>\n<li data-section-id=\"1027fx4\" data-start=\"1195\" data-end=\"1231\">Compatible Epson EcoTank s\u00e9rie L<\/li>\n<li data-section-id=\"jfi3fk\" data-start=\"1232\" data-end=\"1265\">Installation simple et rapide<\/li>\n<li data-section-id=\"1qp4iu7\" data-start=\"1266\" data-end=\"1302\">Produit compatible haute qualit\u00e9<\/li>\n<li data-section-id=\"ef226s\" data-start=\"1303\" data-end=\"1327\">Excellente fiabilit\u00e9<\/li>\n<li data-section-id=\"iapdrz\" data-start=\"1328\" data-end=\"1370\">Optimise les performances d\u2019impression<\/li>\n<li data-section-id=\"134ibeo\" data-start=\"1371\" data-end=\"1419\">Id\u00e9al pour usage professionnel et domestique<\/li>\n<\/ul>\n<h2 data-section-id=\"mxa69g\" data-start=\"1426\" data-end=\"1454\">Compatibilit\u00e9 Imprimantes<\/h2>\n<p data-start=\"1456\" data-end=\"1473\">Compatible avec :<\/p>\n<ul data-start=\"1475\" data-end=\"1702\">\n<li data-section-id=\"1gzfhe\" data-start=\"1475\" data-end=\"1490\">Epson L1110<\/li>\n<li data-section-id=\"6dtcw\" data-start=\"1491\" data-end=\"1506\">Epson L3110<\/li>\n<li data-section-id=\"6dyee\" data-start=\"1507\" data-end=\"1522\">Epson L3116<\/li>\n<li data-section-id=\"6e02w\" data-start=\"1523\" data-end=\"1538\">Epson L3118<\/li>\n<li data-section-id=\"6e2jt\" data-start=\"1539\" data-end=\"1554\">Epson L3119<\/li>\n<li data-section-id=\"6gw9w\" data-start=\"1555\" data-end=\"1570\">Epson L3150<\/li>\n<li data-section-id=\"6gyqt\" data-start=\"1571\" data-end=\"1586\">Epson L3151<\/li>\n<li data-section-id=\"6h2zw\" data-start=\"1587\" data-end=\"1602\">Epson L3158<\/li>\n<li data-section-id=\"6hpmv\" data-start=\"1603\" data-end=\"1618\">Epson L3160<\/li>\n<li data-section-id=\"6d9zd\" data-start=\"1619\" data-end=\"1634\">Epson L3108<\/li>\n<li data-section-id=\"42ctke\" data-start=\"1635\" data-end=\"1650\">Epson L5190<\/li>\n<li data-section-id=\"10bc3i1\" data-start=\"1651\" data-end=\"1702\">Et autres imprimantes Epson EcoTank compatibles &#8230;.<\/li>\n<\/ul>\n<h2 data-section-id=\"ke58wp\" data-start=\"1709\" data-end=\"1721\">Avantages<\/h2>\n<ul data-start=\"1723\" data-end=\"1966\">\n<li data-section-id=\"hgmv1b\" data-start=\"1723\" data-end=\"1746\">Remplacement facile<\/li>\n<li data-section-id=\"1mzkys8\" data-start=\"1747\" data-end=\"1803\">Permet d\u2019\u00e9viter les erreurs li\u00e9es au r\u00e9servoir plein<\/li>\n<li data-section-id=\"1okyy07\" data-start=\"1804\" data-end=\"1841\">Maintient la qualit\u00e9 d\u2019impression<\/li>\n<li data-section-id=\"1zr6pn\" data-start=\"1842\" data-end=\"1886\">Prolonge la dur\u00e9e de vie de l\u2019imprimante<\/li>\n<li data-section-id=\"1yoqzvi\" data-start=\"1887\" data-end=\"1922\">Solution \u00e9conomique et pratique<\/li>\n<li data-section-id=\"1w95b72\" data-start=\"1923\" data-end=\"1966\">Compatible avec plusieurs mod\u00e8les Epson<\/li>\n<\/ul>\n<p>&nbsp;<\/p>\n<h3>\u25b6\ufe0f\ud83d\udcfa D\u00e9couvrez \u00e9galement notre vid\u00e9o explicative sur l\u2019installation et l\u2019utilisation de la Maintenance Box Epson sur notre cha\u00eene YouTube Digistar Maroc : \u25b6\ufe0f <a href=\"https:\/\/www.youtube.com\/watch?v=8EoqrnRi3LM\" target=\"_blank\" rel=\"noopener\">[ICI]<\/a>.<\/h3>\n","protected":false},"excerpt":{"rendered":"<ul data-start=\"1105\" data-end=\"1419\">\n<li data-section-id=\"mv96ud\" data-start=\"1105\" data-end=\"1148\">Type : Maintenance Tank \/ Waste Ink Box<\/li>\n<li data-section-id=\"vvmmly\" data-start=\"1149\" data-end=\"1194\">Fonction : R\u00e9cup\u00e9ration de l\u2019encre usag\u00e9e<\/li>\n<li data-section-id=\"1027fx4\" data-start=\"1195\" data-end=\"1231\">Compatible Epson EcoTank s\u00e9rie L<\/li>\n<li data-section-id=\"jfi3fk\" data-start=\"1232\" data-end=\"1265\">Installation simple et rapide<\/li>\n<li data-section-id=\"1qp4iu7\" data-start=\"1266\" data-end=\"1302\">Produit compatible haute qualit\u00e9<\/li>\n<li data-section-id=\"ef226s\" data-start=\"1303\" data-end=\"1327\">Excellente fiabilit\u00e9<\/li>\n<li data-section-id=\"iapdrz\" data-start=\"1328\" data-end=\"1370\">Optimise les performances d\u2019impression<\/li>\n<li data-section-id=\"134ibeo\" data-start=\"1371\" data-end=\"1419\">Id\u00e9al pour usage professionnel et domestique<\/li>\n<\/ul>\n","protected":false},"featured_media":17382,"comment_status":"open","ping_status":"closed","template":"","meta":{"_acf_changed":false,"_monsterinsights_skip_tracking":false,"_monsterinsights_sitenote_active":false,"_monsterinsights_sitenote_note":"","_monsterinsights_sitenote_category":0,"_uf_show_specific_survey":0,"_uf_disable_surveys":false,"_joinchat":[]},"product_brand":[],"product_cat":[238,247],"product_tag":[],"class_list":{"0":"post-17373","1":"product","2":"type-product","3":"status-publish","4":"has-post-thumbnail","6":"product_cat-consommables","7":"product_cat-cartouche-dencre","9":"first","10":"instock","11":"sale","12":"shipping-taxable","13":"purchasable","14":"product-type-simple"},"acf":[],"jetpack_sharing_enabled":true,"_links":{"self":[{"href":"https:\/\/digistar.ma\/index.php?rest_route=\/wp\/v2\/product\/17373","targetHints":{"allow":["GET"]}}],"collection":[{"href":"https:\/\/digistar.ma\/index.php?rest_route=\/wp\/v2\/product"}],"about":[{"href":"https:\/\/digistar.ma\/index.php?rest_route=\/wp\/v2\/types\/product"}],"replies":[{"embeddable":true,"href":"https:\/\/digistar.ma\/index.php?rest_route=%2Fwp%2Fv2%2Fcomments&post=17373"}],"version-history":[{"count":4,"href":"https:\/\/digistar.ma\/index.php?rest_route=\/wp\/v2\/product\/17373\/revisions"}],"predecessor-version":[{"id":17384,"href":"https:\/\/digistar.ma\/index.php?rest_route=\/wp\/v2\/product\/17373\/revisions\/17384"}],"wp:featuredmedia":[{"embeddable":true,"href":"https:\/\/digistar.ma\/index.php?rest_route=\/wp\/v2\/media\/17382"}],"wp:attachment":[{"href":"https:\/\/digistar.ma\/index.php?rest_route=%2Fwp%2Fv2%2Fmedia&parent=17373"}],"wp:term":[{"taxonomy":"product_brand","embeddable":true,"href":"https:\/\/digistar.ma\/index.php?rest_route=%2Fwp%2Fv2%2Fproduct_brand&post=17373"},{"taxonomy":"product_cat","embeddable":true,"href":"https:\/\/digistar.ma\/index.php?rest_route=%2Fwp%2Fv2%2Fproduct_cat&post=17373"},{"taxonomy":"product_tag","embeddable":true,"href":"https:\/\/digistar.ma\/index.php?rest_route=%2Fwp%2Fv2%2Fproduct_tag&post=17373"}],"curies":[{"name":"wp","href":"https:\/\/api.w.org\/{rel}","templated":true}]}}