{"id":17393,"date":"2026-05-17T01:18:35","date_gmt":"2026-05-17T01:18:35","guid":{"rendered":"https:\/\/digistar.ma\/?post_type=product&#038;p=17393"},"modified":"2026-05-17T01:18:35","modified_gmt":"2026-05-17T01:18:35","slug":"encre-compatible-canon-gi-490-yellow","status":"publish","type":"product","link":"https:\/\/digistar.ma\/?product=encre-compatible-canon-gi-490-yellow","title":{"rendered":"Encre Compatible Canon GI-490 Yellow"},"content":{"rendered":"<h3>Encre Compatible Canon GI-490 Yellow 70ml pour PIXMA G1400 G2400 G3400 MegaTank<\/h3>\n<p data-start=\"359\" data-end=\"543\">L\u2019encre compatible <strong data-start=\"378\" data-end=\"406\">Canon GI-490 Yellow 70ml<\/strong> est sp\u00e9cialement con\u00e7ue pour les imprimantes Canon PIXMA MegaTank s\u00e9rie G afin d\u2019offrir des impressions couleur \u00e9clatantes et homog\u00e8nes.<\/p>\n<p data-start=\"545\" data-end=\"790\">Gr\u00e2ce \u00e0 sa formule haute qualit\u00e9, cette bouteille d\u2019encre assure un excellent rendu des couleurs, une grande fluidit\u00e9 d\u2019impression et une recharge simple et propre. Elle convient parfaitement aux impressions professionnelles, scolaires et photo.<\/p>\n<h3 data-section-id=\"41imn9\" data-start=\"792\" data-end=\"808\">Points forts<\/h3>\n<ul data-start=\"809\" data-end=\"1069\">\n<li data-section-id=\"aobtgg\" data-start=\"809\" data-end=\"845\">Couleur jaune lumineuse et intense<\/li>\n<li data-section-id=\"b3e3zk\" data-start=\"846\" data-end=\"864\">Capacit\u00e9 : 70 ml<\/li>\n<li data-section-id=\"1ywf8bu\" data-start=\"865\" data-end=\"903\">Impression couleur nette et uniforme<\/li>\n<li data-section-id=\"dwagf8\" data-start=\"904\" data-end=\"935\">Recharge facile et anti-fuite<\/li>\n<li data-section-id=\"rwtykw\" data-start=\"936\" data-end=\"970\">Excellent rendement d\u2019impression<\/li>\n<li data-section-id=\"1vl7cex\" data-start=\"971\" data-end=\"1019\">Compatible avec les imprimantes Canon MegaTank<\/li>\n<li data-section-id=\"13vo6hk\" data-start=\"1020\" data-end=\"1069\">Solution \u00e9conomique pour impression quotidienne<\/li>\n<\/ul>\n<h3 data-section-id=\"10z0o6v\" data-start=\"1071\" data-end=\"1100\">Compatibilit\u00e9 Imprimantes<\/h3>\n<p data-start=\"1101\" data-end=\"1118\">Compatible avec :<\/p>\n<ul data-start=\"1119\" data-end=\"1278\">\n<li data-section-id=\"eb6y6i\" data-start=\"1119\" data-end=\"1138\">Canon PIXMA G1400<\/li>\n<li data-section-id=\"eb6y96\" data-start=\"1139\" data-end=\"1158\">Canon PIXMA G1411<\/li>\n<li data-section-id=\"eb7oa1\" data-start=\"1159\" data-end=\"1178\">Canon PIXMA G2400<\/li>\n<li data-section-id=\"eb7o7d\" data-start=\"1179\" data-end=\"1198\">Canon PIXMA G2411<\/li>\n<li data-section-id=\"eb5eq0\" data-start=\"1199\" data-end=\"1218\">Canon PIXMA G3400<\/li>\n<li data-section-id=\"eb5eso\" data-start=\"1219\" data-end=\"1238\">Canon PIXMA G3411<\/li>\n<li data-section-id=\"eb6bjj\" data-start=\"1239\" data-end=\"1258\">Canon PIXMA G4400<\/li>\n<li data-section-id=\"eb6bgv\" data-start=\"1259\" data-end=\"1278\">Canon PIXMA G4411<\/li>\n<\/ul>\n<h3 data-section-id=\"ix9czl\" data-start=\"1280\" data-end=\"1311\">Caract\u00e9ristiques Techniques<\/h3>\n<ul data-start=\"1312\" data-end=\"1485\">\n<li data-section-id=\"1vgvbba\" data-start=\"1312\" data-end=\"1339\">Marque : Compatible Canon<\/li>\n<li data-section-id=\"16rqw1q\" data-start=\"1340\" data-end=\"1362\">R\u00e9f\u00e9rence : GI-490 Y<\/li>\n<li data-section-id=\"19o5qjf\" data-start=\"1363\" data-end=\"1389\">Couleur : Yellow \/ Jaune<\/li>\n<li data-section-id=\"1oyogka\" data-start=\"1390\" data-end=\"1416\">Type : Encre dye couleur<\/li>\n<li data-section-id=\"y22e5c\" data-start=\"1417\" data-end=\"1437\">Contenance : 70 ml<\/li>\n<li data-section-id=\"k2f4zp\" data-start=\"1438\" data-end=\"1485\">Technologie : R\u00e9servoir rechargeable MegaTank<\/li>\n<\/ul>\n","protected":false},"excerpt":{"rendered":"<ul data-start=\"1312\" data-end=\"1485\">\n<li data-section-id=\"1vgvbba\" data-start=\"1312\" data-end=\"1339\">Marque : Compatible Canon<\/li>\n<li data-section-id=\"16rqw1q\" data-start=\"1340\" data-end=\"1362\">R\u00e9f\u00e9rence : GI-490 Y<\/li>\n<li data-section-id=\"19o5qjf\" data-start=\"1363\" data-end=\"1389\">Couleur : Yellow \/ Jaune<\/li>\n<li data-section-id=\"1oyogka\" data-start=\"1390\" data-end=\"1416\">Type : Encre dye couleur<\/li>\n<li data-section-id=\"y22e5c\" data-start=\"1417\" data-end=\"1437\">Contenance : 70 ml<\/li>\n<li data-section-id=\"k2f4zp\" data-start=\"1438\" data-end=\"1485\">Technologie : R\u00e9servoir rechargeable MegaTank<\/li>\n<\/ul>\n","protected":false},"featured_media":17394,"comment_status":"open","ping_status":"closed","template":"","meta":{"_acf_changed":false,"_monsterinsights_skip_tracking":false,"_monsterinsights_sitenote_active":false,"_monsterinsights_sitenote_note":"","_monsterinsights_sitenote_category":0,"_uf_show_specific_survey":0,"_uf_disable_surveys":false,"_joinchat":[]},"product_brand":[],"product_cat":[238,251],"product_tag":[],"class_list":{"0":"post-17393","1":"product","2":"type-product","3":"status-publish","4":"has-post-thumbnail","6":"product_cat-consommables","7":"product_cat-bouteille-dencre","9":"first","10":"instock","11":"sale","12":"shipping-taxable","13":"purchasable","14":"product-type-simple"},"acf":[],"jetpack_sharing_enabled":true,"_links":{"self":[{"href":"https:\/\/digistar.ma\/index.php?rest_route=\/wp\/v2\/product\/17393","targetHints":{"allow":["GET"]}}],"collection":[{"href":"https:\/\/digistar.ma\/index.php?rest_route=\/wp\/v2\/product"}],"about":[{"href":"https:\/\/digistar.ma\/index.php?rest_route=\/wp\/v2\/types\/product"}],"replies":[{"embeddable":true,"href":"https:\/\/digistar.ma\/index.php?rest_route=%2Fwp%2Fv2%2Fcomments&post=17393"}],"version-history":[{"count":1,"href":"https:\/\/digistar.ma\/index.php?rest_route=\/wp\/v2\/product\/17393\/revisions"}],"predecessor-version":[{"id":17395,"href":"https:\/\/digistar.ma\/index.php?rest_route=\/wp\/v2\/product\/17393\/revisions\/17395"}],"wp:featuredmedia":[{"embeddable":true,"href":"https:\/\/digistar.ma\/index.php?rest_route=\/wp\/v2\/media\/17394"}],"wp:attachment":[{"href":"https:\/\/digistar.ma\/index.php?rest_route=%2Fwp%2Fv2%2Fmedia&parent=17393"}],"wp:term":[{"taxonomy":"product_brand","embeddable":true,"href":"https:\/\/digistar.ma\/index.php?rest_route=%2Fwp%2Fv2%2Fproduct_brand&post=17393"},{"taxonomy":"product_cat","embeddable":true,"href":"https:\/\/digistar.ma\/index.php?rest_route=%2Fwp%2Fv2%2Fproduct_cat&post=17393"},{"taxonomy":"product_tag","embeddable":true,"href":"https:\/\/digistar.ma\/index.php?rest_route=%2Fwp%2Fv2%2Fproduct_tag&post=17393"}],"curies":[{"name":"wp","href":"https:\/\/api.w.org\/{rel}","templated":true}]}}