{"id":17396,"date":"2026-05-17T01:36:15","date_gmt":"2026-05-17T01:36:15","guid":{"rendered":"https:\/\/digistar.ma\/?post_type=product&#038;p=17396"},"modified":"2026-05-17T01:36:15","modified_gmt":"2026-05-17T01:36:15","slug":"encre-compatible-canon-gi-490-cyan","status":"publish","type":"product","link":"https:\/\/digistar.ma\/?product=encre-compatible-canon-gi-490-cyan","title":{"rendered":"Encre Compatible Canon GI-490 Cyan"},"content":{"rendered":"<h3>Encre Compatible Canon GI-490 Cyan 70ml pour PIXMA G1400 G2400 G3400 MegaTank<\/h3>\n<p data-start=\"347\" data-end=\"513\">L\u2019encre compatible <strong data-start=\"366\" data-end=\"392\">Canon GI-490 Cyan 70ml<\/strong> est con\u00e7ue pour offrir des impressions couleur pr\u00e9cises et \u00e9clatantes avec les imprimantes Canon PIXMA MegaTank s\u00e9rie G.<\/p>\n<p data-start=\"515\" data-end=\"787\">Sa formule haute qualit\u00e9 garantit une excellente reproduction des couleurs, un s\u00e9chage rapide et une impression fluide pour les documents, photos et supports graphiques. Cette bouteille d\u2019encre est id\u00e9ale pour les utilisateurs recherchant qualit\u00e9 et \u00e9conomie d\u2019impression.<\/p>\n<h3 data-section-id=\"41imn9\" data-start=\"789\" data-end=\"805\">Points forts<\/h3>\n<ul data-start=\"806\" data-end=\"1027\">\n<li data-section-id=\"kczzsg\" data-start=\"806\" data-end=\"838\">Couleur cyan vive et brillante<\/li>\n<li data-section-id=\"b3e3zk\" data-start=\"839\" data-end=\"857\">Capacit\u00e9 : 70 ml<\/li>\n<li data-section-id=\"1ymm2l\" data-start=\"858\" data-end=\"888\">Impression nette et homog\u00e8ne<\/li>\n<li data-section-id=\"lgmjga\" data-start=\"889\" data-end=\"916\">Recharge facile et propre<\/li>\n<li data-section-id=\"rwtykw\" data-start=\"917\" data-end=\"951\">Excellent rendement d\u2019impression<\/li>\n<li data-section-id=\"1vl7cex\" data-start=\"952\" data-end=\"1000\">Compatible avec les imprimantes Canon MegaTank<\/li>\n<li data-section-id=\"kc14sq\" data-start=\"1001\" data-end=\"1027\">Co\u00fbt d\u2019impression r\u00e9duit<\/li>\n<\/ul>\n<h3 data-section-id=\"10z0o6v\" data-start=\"1029\" data-end=\"1058\">Compatibilit\u00e9 Imprimantes<\/h3>\n<p data-start=\"1059\" data-end=\"1076\">Compatible avec :<\/p>\n<ul data-start=\"1077\" data-end=\"1236\">\n<li data-section-id=\"eb6y6i\" data-start=\"1077\" data-end=\"1096\">Canon PIXMA G1400<\/li>\n<li data-section-id=\"eb6y96\" data-start=\"1097\" data-end=\"1116\">Canon PIXMA G1411<\/li>\n<li data-section-id=\"eb7oa1\" data-start=\"1117\" data-end=\"1136\">Canon PIXMA G2400<\/li>\n<li data-section-id=\"eb7o7d\" data-start=\"1137\" data-end=\"1156\">Canon PIXMA G2411<\/li>\n<li data-section-id=\"eb5eq0\" data-start=\"1157\" data-end=\"1176\">Canon PIXMA G3400<\/li>\n<li data-section-id=\"eb5eso\" data-start=\"1177\" data-end=\"1196\">Canon PIXMA G3411<\/li>\n<li data-section-id=\"eb6bjj\" data-start=\"1197\" data-end=\"1216\">Canon PIXMA G4400<\/li>\n<li data-section-id=\"eb6bgv\" data-start=\"1217\" data-end=\"1236\">Canon PIXMA G4411<\/li>\n<\/ul>\n<h3 data-section-id=\"ix9czl\" data-start=\"1238\" data-end=\"1269\">Caract\u00e9ristiques Techniques<\/h3>\n<ul data-start=\"1270\" data-end=\"1433\">\n<li data-section-id=\"1vgvbba\" data-start=\"1270\" data-end=\"1297\">Marque : Compatible Canon<\/li>\n<li data-section-id=\"16rqw10\" data-start=\"1298\" data-end=\"1320\">R\u00e9f\u00e9rence : GI-490 C<\/li>\n<li data-section-id=\"1aj00i8\" data-start=\"1321\" data-end=\"1337\">Couleur : Cyan<\/li>\n<li data-section-id=\"1oyogka\" data-start=\"1338\" data-end=\"1364\">Type : Encre dye couleur<\/li>\n<li data-section-id=\"y22e5c\" data-start=\"1365\" data-end=\"1385\">Contenance : 70 ml<\/li>\n<li data-section-id=\"k2f4zp\" data-start=\"1386\" data-end=\"1433\">Technologie : R\u00e9servoir rechargeable MegaTank<\/li>\n<\/ul>\n","protected":false},"excerpt":{"rendered":"<ul data-start=\"1270\" data-end=\"1433\">\n<li data-section-id=\"1vgvbba\" data-start=\"1270\" data-end=\"1297\">Marque : Compatible Canon<\/li>\n<li data-section-id=\"16rqw10\" data-start=\"1298\" data-end=\"1320\">R\u00e9f\u00e9rence : GI-490 C<\/li>\n<li data-section-id=\"1aj00i8\" data-start=\"1321\" data-end=\"1337\">Couleur : Cyan<\/li>\n<li data-section-id=\"1oyogka\" data-start=\"1338\" data-end=\"1364\">Type : Encre dye couleur<\/li>\n<li data-section-id=\"y22e5c\" data-start=\"1365\" data-end=\"1385\">Contenance : 70 ml<\/li>\n<li data-section-id=\"k2f4zp\" data-start=\"1386\" data-end=\"1433\">Technologie : R\u00e9servoir rechargeable MegaTank<\/li>\n<\/ul>\n","protected":false},"featured_media":17397,"comment_status":"open","ping_status":"closed","template":"","meta":{"_acf_changed":false,"_monsterinsights_skip_tracking":false,"_monsterinsights_sitenote_active":false,"_monsterinsights_sitenote_note":"","_monsterinsights_sitenote_category":0,"_uf_show_specific_survey":0,"_uf_disable_surveys":false,"_joinchat":[]},"product_brand":[],"product_cat":[238,251],"product_tag":[],"class_list":{"0":"post-17396","1":"product","2":"type-product","3":"status-publish","4":"has-post-thumbnail","6":"product_cat-consommables","7":"product_cat-bouteille-dencre","9":"first","10":"instock","11":"sale","12":"shipping-taxable","13":"purchasable","14":"product-type-simple"},"acf":[],"jetpack_sharing_enabled":true,"_links":{"self":[{"href":"https:\/\/digistar.ma\/index.php?rest_route=\/wp\/v2\/product\/17396","targetHints":{"allow":["GET"]}}],"collection":[{"href":"https:\/\/digistar.ma\/index.php?rest_route=\/wp\/v2\/product"}],"about":[{"href":"https:\/\/digistar.ma\/index.php?rest_route=\/wp\/v2\/types\/product"}],"replies":[{"embeddable":true,"href":"https:\/\/digistar.ma\/index.php?rest_route=%2Fwp%2Fv2%2Fcomments&post=17396"}],"version-history":[{"count":1,"href":"https:\/\/digistar.ma\/index.php?rest_route=\/wp\/v2\/product\/17396\/revisions"}],"predecessor-version":[{"id":17398,"href":"https:\/\/digistar.ma\/index.php?rest_route=\/wp\/v2\/product\/17396\/revisions\/17398"}],"wp:featuredmedia":[{"embeddable":true,"href":"https:\/\/digistar.ma\/index.php?rest_route=\/wp\/v2\/media\/17397"}],"wp:attachment":[{"href":"https:\/\/digistar.ma\/index.php?rest_route=%2Fwp%2Fv2%2Fmedia&parent=17396"}],"wp:term":[{"taxonomy":"product_brand","embeddable":true,"href":"https:\/\/digistar.ma\/index.php?rest_route=%2Fwp%2Fv2%2Fproduct_brand&post=17396"},{"taxonomy":"product_cat","embeddable":true,"href":"https:\/\/digistar.ma\/index.php?rest_route=%2Fwp%2Fv2%2Fproduct_cat&post=17396"},{"taxonomy":"product_tag","embeddable":true,"href":"https:\/\/digistar.ma\/index.php?rest_route=%2Fwp%2Fv2%2Fproduct_tag&post=17396"}],"curies":[{"name":"wp","href":"https:\/\/api.w.org\/{rel}","templated":true}]}}