{"id":5517,"date":"2023-07-07T21:30:42","date_gmt":"2023-07-07T21:30:42","guid":{"rendered":"https:\/\/digistar.ma\/?post_type=product&#038;p=5517"},"modified":"2025-11-28T10:39:46","modified_gmt":"2025-11-28T10:39:46","slug":"epson-ecotank-l8050-imprimante-photo-et-cartes-pvc","status":"publish","type":"product","link":"https:\/\/digistar.ma\/?product=epson-ecotank-l8050-imprimante-photo-et-cartes-pvc","title":{"rendered":"Epson EcoTank L8050 Imprimante Photo et cartes PVC"},"content":{"rendered":"<div><strong><span style=\"vertical-align: inherit;\"><span style=\"vertical-align: inherit;\">Epson EcoTank L8050 Imprimante Photo et cartes PVC<\/span><\/span><\/strong><\/div>\n<div><\/div>\n<div class=\"product-summary__description\"><span style=\"vertical-align: inherit;\"><span style=\"vertical-align: inherit;\">Rapide et dot\u00e9e de nombreuses fonctionnalit\u00e9s, cette imprimante jet d&#8217;encre photo A4 6 couleurs permet d&#8217;imprimer facilement de grands volumes de haute qualit\u00e9 pour un faible co\u00fbt par impression.<\/span><\/span><\/div>\n<div class=\"product-summary__intro\"><span style=\"vertical-align: inherit;\"><span style=\"vertical-align: inherit;\">Avec son faible co\u00fbt par photo et sa capacit\u00e9 d&#8217;impression mobile, Epson EcoTank L8050 Imprimante Photo et cartes PVC rapide et sans cartouche repr\u00e9sente la solution id\u00e9ale pour des impressions photo A4 de haute qualit\u00e9, en grand volume.<\/span><\/span><\/div>\n<div class=\"product-summary__intro\"><span style=\"vertical-align: inherit;\"> <span style=\"vertical-align: inherit;\">Gr\u00e2ce \u00e0 son design compact, \u00e0 ses bouteilles d&#8217;encre \u00e0 d\u00e9trompeurs et \u00e0 ses r\u00e9servoirs d&#8217;encre frontaux permettant la recharge, l&#8217;imprimante L8050 repr\u00e9sente une solution compacte et simple d&#8217;utilisation pour les photographes. <\/span><span style=\"vertical-align: inherit;\">Compatible avec de nombreux m\u00e9dias, elle permet l&#8217;impression sur cartes PVC\/badges, CD et DVD.<\/span><\/span><\/div>\n<h4 class=\"product-summary__intro\"><strong>Adieu aux cartouches on\u00e9reuses<\/strong><\/h4>\n<div>\n<div class=\"heading1\">\n<p><span style=\"vertical-align: inherit;\"><span style=\"vertical-align: inherit;\">Avec son r\u00e9servoir d&#8217;encre 6 couleurs de grande capacit\u00e9 utilisant des bouteilles d&#8217;encre de 70 ml, la L8050 se caract\u00e9rise par son faible co\u00fbt par impression, les encres incluses permettant d&#8217;imprimer jusqu&#8217;\u00e0 1 500 photos en couleur au format 10 x 15 cm\/2 600 pages en noir, 5 400 pages en couleur44.<\/span><\/span><\/p>\n<\/div>\n<h4 class=\"heading2\"><span style=\"vertical-align: inherit;\"><span style=\"vertical-align: inherit;\">\u00c9conomies \u00e0 long terme<\/span><\/span><\/h4>\n<p class=\"heading2\"><span style=\"vertical-align: inherit;\"><span style=\"vertical-align: inherit;\">\u00c9conomisez lors de toute impression sur ce mod\u00e8le EcoTank L8050 gr\u00e2ce \u00e0 la technologie Z\u00e9ro Chaleur PrecisionCore. <\/span><span style=\"vertical-align: inherit;\">En effet, la L8050 se caract\u00e9rise par sa faible consommation d&#8217;\u00e9nergie, ce qui r\u00e9duit la facture d&#8217;\u00e9lectricit\u00e9. <\/span><span style=\"vertical-align: inherit;\">Ce mod\u00e8le est \u00e9galement \u00e9quip\u00e9 de grands r\u00e9servoirs d&#8217;encre pouvant \u00eatre recharg\u00e9s avec des bouteilles d&#8217;encre \u00e9conomiques.<\/span><\/span><\/p>\n<div class=\"heading3\">\n<h4><span style=\"vertical-align: inherit;\"><span style=\"vertical-align: inherit;\">Impression photo de haute qualit\u00e9<\/span><\/span><\/h4>\n<p><span style=\"vertical-align: inherit;\"><span style=\"vertical-align: inherit;\">Cette imprimante A4 6 couleurs \u00e0 base de colorants produit des photos brillantes de qualit\u00e9 professionnelle avec des d\u00e9grad\u00e9s subtils, des noirs plus naturels et profonds, des images d\u00e9taill\u00e9es et bien contrast\u00e9es, et une reproduction naturelle des couleurs chaise.<\/span><\/span><\/p>\n<h4><span style=\"vertical-align: inherit;\"><span style=\"vertical-align: inherit;\">Simplicit\u00e9 d&#8217;utilisation et fiabilit\u00e9<\/span><\/span><\/h4>\n<p><span style=\"vertical-align: inherit;\"><span style=\"vertical-align: inherit;\">Le syst\u00e8me int\u00e9gr\u00e9 de r\u00e9servoir d&#8217;encre frontale \u00e0 bouteilles \u00e0 d\u00e9trompeurs rapides et bus antifuite permet une recharge rapide et simplifi\u00e9e \u00e0 l&#8217;aide de bouteilles d&#8217;encre individuelles. <\/span><span style=\"vertical-align: inherit;\">\u00c9vitez les temps d&#8217;arr\u00eat gr\u00e2ce au r\u00e9servoir de maintenance rempla\u00e7able et au rouleau de ramassage faciles d&#8217;acc\u00e8s. <\/span><span style=\"vertical-align: inherit;\">Avec une dur\u00e9e de vie de 50 000 photos et une garantie de 3 ans <\/span><\/span><span style=\"vertical-align: inherit;\"><span style=\"vertical-align: inherit;\">, la L8050 vous permet de vous concentrer sur vos superbes techniques de photographie en toute s\u00e9r\u00e9nit\u00e9.<\/span><\/span><\/p>\n<div class=\"heading5\">\n<h4><span style=\"vertical-align: inherit;\"><span style=\"vertical-align: inherit;\">Imprimez o\u00f9 que vous soyez<\/span><\/span><\/h4>\n<p><span style=\"vertical-align: inherit;\"><span style=\"vertical-align: inherit;\">La L8050 propose une impression photo sans fil fiable, permettant ainsi d&#8217;imprimer facilement depuis des mobiles, des tablettes et des ordinateurs portables<\/span><\/span><\/p>\n<\/div>\n<div class=\"heading6\">\n<p><span style=\"vertical-align: inherit;\"><span style=\"vertical-align: inherit;\">Avec le Wi-Fi et Wi-Fi Direct, envoyez vos documents \u00e0 imprimer depuis des appareils mobiles via l&#8217;application <\/span><\/span><a href=\"https:\/\/www.epson.fr\/fr_FR\/smartpanel\" target=\"_blank\" rel=\"noopener\"><span style=\"vertical-align: inherit;\"><span style=\"vertical-align: inherit;\">Epson Smart Panel<\/span><\/span><\/a><\/p>\n<ul class=\"features\">\n<li><strong><span style=\"vertical-align: inherit;\"><span style=\"vertical-align: inherit;\">Photos \u00e0 tr\u00e8s faible co\u00fbt<\/span><\/span><\/strong><span style=\"vertical-align: inherit;\"><span style=\"vertical-align: inherit;\"> Imprimez jusqu&#8217;\u00e0 2 100 photos de haute qualit\u00e9 avec les bouteilles d&#8217;encre de remplacement<\/span><\/span><\/li>\n<li><strong><span style=\"vertical-align: inherit;\"><span style=\"vertical-align: inherit;\">Vitesses d&#8217;impression rapides<\/span><\/span><\/strong><span style=\"vertical-align: inherit;\"><span style=\"vertical-align: inherit;\"> Imprimez des photos 10 x 15 cm sans bordure en seulement 12 secondes<\/span><\/span><\/li>\n<li><strong><span style=\"vertical-align: inherit;\"><span style=\"vertical-align: inherit;\">R\u00e9servoir d&#8217;encre avant facile \u00e0 utiliser<\/span><\/span><\/strong><span style=\"vertical-align: inherit;\"><span style=\"vertical-align: inherit;\"> \u00a0Profitez de recharges sans tracas et sans g\u00e2chis avec des bouteilles d&#8217;encre am\u00e9lior\u00e9es<\/span><\/span><\/li>\n<li><strong><span style=\"vertical-align: inherit;\"><span style=\"vertical-align: inherit;\">Impression mobile et connectivit\u00e9<\/span><\/span><\/strong><span style=\"vertical-align: inherit;\"><span style=\"vertical-align: inherit;\"> \u00a0Wi-Fi, Wi-Fi Direct et application Epson Smart Panel<\/span><\/span><\/li>\n<\/ul>\n<div class=\"table-head\">\n<p><strong><span style=\"vertical-align: inherit;\"><span style=\"vertical-align: inherit;\">Syst\u00e8mes d&#8217;exploitation compatibles avec Epson EcoTank L8050 Imprimante Photo et cartes PVC<\/span><\/span><\/strong><\/p>\n<\/div>\n<div class=\"table-cell\"><span style=\"vertical-align: inherit;\"><span style=\"vertical-align: inherit;\">Mac OS X 10.9.5 ou version ult\u00e9rieure, Windows 10, Windows 11, Windows 7, Windows 8, Windows 8.1, Windows Server 2003 R2 x64, Windows Server 2003 SP2, Windows Server 2008 (32\/64 bits), Windows Server 2008 R2, Windows Server 2012 (64 bits), Windows Server 2012 R2, Windows Server 2016, Windows Vista, Windows XP SP3 ou version ult\u00e9rieure (32 bits), XP Professional x64 Edition SP2<\/span><\/span><\/div>\n<\/div>\n<h2><strong><a href=\"https:\/\/digistar.ma\/wp-content\/uploads\/2023\/07\/ecotank-l8050-datasheet.pdf\"><span style=\"vertical-align: inherit;\"><span style=\"vertical-align: inherit;\">ICI : Fiche Technique de Epson EcoTank L8050 Imprimante Photo et cartes PVC<\/span><\/span><\/a><\/strong><\/h2>\n<\/div>\n<\/div>\n","protected":false},"excerpt":{"rendered":"<p>Livr\u00e9e avec encre noire jusqu&#8217;\u00e0 2.600 pages, 4.100 photos et 5.400 pages, 1.500 photos en couleur<br \/>\nVitesse d&#8217;impression noir: 22 pages\/min (8 pages\/min en norme ISO)<br \/>\nVitesse d&#8217;impression couleur: 22 pages\/min (8 pages\/min en norme ISO)<br \/>\nQualit\u00e9 d&#8217;impression noire: 5.760 x 1.440 DPI (ppp)<br \/>\nQualit\u00e9 d&#8217;impression couleur: 5.760 x 1.440 DPI (ppp)<br \/>\nImpression recto\/verso: Manuelle<br \/>\nFonctionne avec: 6 R\u00e9servoirs (magenta\u00a0\u00a0clair, magenta, jaune, cyan clair, cyan, noir)<br \/>\nConnectivit\u00e9: R\u00e9seau local sans fil IEEE 802.11a\/b\/g\/n, Wi-Fi Direct<\/p>\n","protected":false},"featured_media":14646,"comment_status":"open","ping_status":"closed","template":"","meta":{"_acf_changed":false,"_monsterinsights_skip_tracking":false,"_monsterinsights_sitenote_active":false,"_monsterinsights_sitenote_note":"","_monsterinsights_sitenote_category":0,"_uf_show_specific_survey":0,"_uf_disable_surveys":false,"_joinchat":[]},"product_brand":[],"product_cat":[15,380,253,265,290,266],"product_tag":[291],"class_list":{"0":"post-5517","1":"product","2":"type-product","3":"status-publish","4":"has-post-thumbnail","6":"product_cat-imprimante-scanner","7":"product_cat-epson","8":"product_cat-imprimante","9":"product_cat-imprimante-a-reservoirs-rechargeables","10":"product_cat-meilleures-ventes","11":"product_cat-multifonction-jet-dencre","12":"product_tag-l805","14":"first","15":"instock","16":"sale","17":"shipping-taxable","18":"purchasable","19":"product-type-simple"},"acf":[],"jetpack_sharing_enabled":true,"_links":{"self":[{"href":"https:\/\/digistar.ma\/index.php?rest_route=\/wp\/v2\/product\/5517","targetHints":{"allow":["GET"]}}],"collection":[{"href":"https:\/\/digistar.ma\/index.php?rest_route=\/wp\/v2\/product"}],"about":[{"href":"https:\/\/digistar.ma\/index.php?rest_route=\/wp\/v2\/types\/product"}],"replies":[{"embeddable":true,"href":"https:\/\/digistar.ma\/index.php?rest_route=%2Fwp%2Fv2%2Fcomments&post=5517"}],"version-history":[{"count":12,"href":"https:\/\/digistar.ma\/index.php?rest_route=\/wp\/v2\/product\/5517\/revisions"}],"predecessor-version":[{"id":14647,"href":"https:\/\/digistar.ma\/index.php?rest_route=\/wp\/v2\/product\/5517\/revisions\/14647"}],"wp:featuredmedia":[{"embeddable":true,"href":"https:\/\/digistar.ma\/index.php?rest_route=\/wp\/v2\/media\/14646"}],"wp:attachment":[{"href":"https:\/\/digistar.ma\/index.php?rest_route=%2Fwp%2Fv2%2Fmedia&parent=5517"}],"wp:term":[{"taxonomy":"product_brand","embeddable":true,"href":"https:\/\/digistar.ma\/index.php?rest_route=%2Fwp%2Fv2%2Fproduct_brand&post=5517"},{"taxonomy":"product_cat","embeddable":true,"href":"https:\/\/digistar.ma\/index.php?rest_route=%2Fwp%2Fv2%2Fproduct_cat&post=5517"},{"taxonomy":"product_tag","embeddable":true,"href":"https:\/\/digistar.ma\/index.php?rest_route=%2Fwp%2Fv2%2Fproduct_tag&post=5517"}],"curies":[{"name":"wp","href":"https:\/\/api.w.org\/{rel}","templated":true}]}}