{"id":5604,"date":"2023-07-08T01:17:39","date_gmt":"2023-07-08T01:17:39","guid":{"rendered":"https:\/\/digistar.ma\/?post_type=product&#038;p=5604"},"modified":"2026-03-18T12:54:47","modified_gmt":"2026-03-18T12:54:47","slug":"tablette-graphique-avec-ecran-wacom-one-13-dtc133w0b","status":"publish","type":"product","link":"https:\/\/digistar.ma\/?product=tablette-graphique-avec-ecran-wacom-one-13-dtc133w0b","title":{"rendered":"Tablette Graphique avec \u00e9cran Wacom One 13 DTC133W0B"},"content":{"rendered":"<h3>Tablette Graphique avec \u00e9cran Wacom One 13 DTC133W0B<\/h3>\n<p>Que vous d\u00e9butiez dans la cr\u00e9ation num\u00e9rique, que vous vouliez ajouter une touche \u00e0 votre pens\u00e9e visuelle ou que vous cherchiez \u00e0 am\u00e9liorer votre expression num\u00e9rique, Wacom One offre une exp\u00e9rience exceptionnelle.\u00a0Il est livr\u00e9 avec tous les \u00e9l\u00e9ments essentiels pour pimenter votre vie num\u00e9rique.\u00a0Il y a la sensation naturelle du stylet sur l&#8217;\u00e9cran de 13,3 pouces, le logiciel de cr\u00e9ation inclus et m\u00eame la possibilit\u00e9 de se connecter \u00e0 des appareils Android.\u00a0Et il est \u00e9galement compatible avec les principales marques de stylos.<\/p>\n<h4 class=\"h2-master\">Des possibilit\u00e9s \u00e9tendues avec Wacom One<\/h4>\n<section>La Tablette Graphique avec \u00e9cran Wacom One 13 DTC133W0B se dote d&#8217;un \u00e9cran Full HD de 13.3 pouces, d&#8217;une glisse optimale et d&#8217;une r\u00e9activit\u00e9 sup\u00e9rieure. Pens\u00e9e pour l&#8217;expression num\u00e9rique, les projets artistiques ou les activit\u00e9s d&#8217;\u00e9criture ou d&#8217;annotations, elle s&#8217;invitera en toute simplicit\u00e9 dans votre quotidien. Elle s&#8217;accompagne d&#8217;un stylet ergonomique performant, de logiciels agr\u00e9ables et d&#8217;une compatibilit\u00e9 PC, Mac et Android.<\/p>\n<h4>COMME DU PAPIER<\/h4>\n<p>Avec une\u00a0<strong>r\u00e9solution Full HD<\/strong>, une sensation agr\u00e9able comme si vous \u00e9criviez\/dessiniez sur du papier et un film anti-reflet, l&#8217;<strong>\u00e9cran de cr\u00e9ation One<\/strong> est un partenaire id\u00e9al pour vos diff\u00e9rentes activit\u00e9s ! Cette Tablette Graphique avec \u00e9cran Wacom One 13 DTC133W0B<strong> de 13.3<\/strong>\u00a0pouces\u00a0sign\u00e9e Wacom est parfaite pour les annotations, les croquis, les dessins ou l&#8217;\u00e9criture. Des pieds r\u00e9tractables sont int\u00e9gr\u00e9s pour ajouter une inclinaison de 19 degr\u00e9s et un confort optimal.<\/p>\n<h4>UN STYLET \u00c0 LA HAUTEUR DE VOS ENVIES<\/h4>\n<p>Pour accompagner votre quotidien ou votre cr\u00e9ativit\u00e9, cette tablette Wacom est accompagn\u00e9e du stylet\u00a0<strong>Wacom One Pen<\/strong>\u00a0offrant 4096 niveaux de pression. Ce\u00a0<strong>stylet sans fil et sans pile<\/strong>\u00a0apporte une libert\u00e9 d&#8217;utilisation sup\u00e9rieure, une extr\u00eame pr\u00e9cision\u00a0et est propos\u00e9 avec 3 pointes de rechange pour se montrer toujours \u00e0 la hauteur de vos projets !<\/p>\n<p>Un bouton lat\u00e9ral personnalisable est disponible ainsi qu&#8217;une prise en charge d&#8217;un angle d&#8217;inclinaison jusqu&#8217;\u00e0 60 degr\u00e9s. Mais cette\u00a0<strong>tablette Wacom One 13&#8243;<\/strong>\u00a0est \u00e9galement compatible avec les styles d&#8217;autres marques pour r\u00e9pondre aux besoins de tous les utilisateurs.<\/p>\n<h4>INT\u00c9GRATION NATURELLE SUR PC, MAC ET ANDROID<\/h4>\n<p><strong>Compatible PC et Mac<\/strong>, la tablette Wacom One s&#8217;invite parfaitement dans votre environnement personnel ou professionnel. Ce mod\u00e8le est \u00e9galement\u00a0<strong>compatible avec les dispositifs Android<\/strong>\u00a0(via module optionnel) pour \u00e9tendre l&#8217;affichage de votre smartphone ou de votre tablette et cr\u00e9er selon vos envies.<\/p>\n<p>Et pour que le plaisir soit total, Wacom int\u00e8gre des logiciels de cr\u00e9ation. Bamboo Paper d\u00e9voilera tout son potentiel tandis que les versions d&#8217;essais de Clip Studio Paint Pro et Adobe Premium Rush piqueront votre curiosit\u00e9 pour atteindre les sommets !<\/p>\n<h4 data-content-type=\"heading\" data-appearance=\"default\" data-element=\"main\" data-pb-style=\"Y68XW71\">Applications group\u00e9es sp\u00e9cialement con\u00e7ues pour l&#8217;\u00e9ducation<\/h4>\n<div class=\"pagebuilder-column-group\" data-content-type=\"column-group\" data-grid-size=\"12\" data-element=\"main\">\n<div class=\"pagebuilder-column\" data-content-type=\"column\" data-appearance=\"full-height\" data-background-images=\"{}\" data-element=\"main\" data-pb-style=\"XNSTDBI\">\n<div data-content-type=\"text\" data-appearance=\"default\" data-element=\"main\" data-pb-style=\"K73K1VB\">\n<p>B\u00e9n\u00e9ficiez de 3 mois d&#8217;acc\u00e8s gratuit \u00e0 d&#8217;excellentes applications group\u00e9es sp\u00e9cialement con\u00e7ues pour l&#8217;\u00e9ducation : Collaboard, Explain Everything, Kami, Limnu, Pear Deck.\u00a0Toutes les applications permettent aux enseignants et aux \u00e9l\u00e8ves de collaborer et de partager des id\u00e9es aussi facilement qu&#8217;en classe.<\/p>\n<\/div>\n<\/div>\n<\/div>\n<div class=\"pagebuilder-column-group\" data-content-type=\"column-group\" data-grid-size=\"12\" data-element=\"main\">\n<div class=\"pagebuilder-column\" data-content-type=\"column\" data-appearance=\"full-height\" data-background-images=\"{}\" data-element=\"main\" data-pb-style=\"X5PPVJR\">\n<div data-content-type=\"text\" data-appearance=\"default\" data-element=\"main\" data-pb-style=\"CVQNT3C\">\n<p><strong>\u00a0D\u00e9tails de l&#8217;offre<\/strong><\/p>\n<ul>\n<li>3 mois d&#8217;acc\u00e8s gratuit aux applications (12 mois pour Kamiapp)<\/li>\n<li>Valable pour Windows 10, macOS 10.13 ou version ult\u00e9rieure et Android<\/li>\n<li>ID Wacom et enregistrement du produit requis<\/li>\n<\/ul>\n<\/div>\n<\/div>\n<\/div>\n<h4>CARACT\u00c9RISTIQUES PRINCIPALES de Tablette Graphique avec \u00e9cran Wacom One 13 DTC133W0B<\/h4>\n<ul>\n<li>Tablette de cr\u00e9ation \u00e0 stylet<\/li>\n<li><strong>Ecran 13.3&#8243; avec r\u00e9solution\u00a0Full HD (1920 x 1080)<\/strong><\/li>\n<li><strong>Rev\u00eatement anti-reflet<\/strong><\/li>\n<li>Luminosit\u00e9 \/ contraste : 200 cd\/m\u00b2 \/ 1000:1<\/li>\n<li>Temps de r\u00e9ponse : 26\u00a0ms<\/li>\n<li>Espace de couleurs : 72% NTSC<\/li>\n<li><strong>Stylet Wacom One\u00a0fourni<\/strong>\u00a0: 4096 niveaux de pression, bouton lat\u00e9ral personnalisable<\/li>\n<li>Compatibilit\u00e9 avec de nombreux stylets : Samsung S-Pen, Lamy Al-star EMR, Staedtler, BIC<\/li>\n<li>Pieds int\u00e9gr\u00e9s pour un angle de 19\u00b0<\/li>\n<li>C\u00e2ble en X avec prises HDMI et USB (PC\/Mac)<\/li>\n<li>Compatibilit\u00e9 avec appareil Android 6.0 et + (via adaptateur optionnel)<\/li>\n<li>Port USB-C<\/li>\n<li><strong>Logiciels inclus<\/strong>\u00a0: Clip Studio Paint Pro (jusqu&#8217;\u00e0 6 mois), Bamboo Paper, Adobe Premium Rush (jusqu&#8217;\u00e0 2 mois)<\/li>\n<\/ul>\n<h3><a href=\"https:\/\/digistar.ma\/wp-content\/uploads\/2023\/07\/tablette-graphique-wacom-one-dtc133-13-dtc133w0b.pdf\">ICI FICHE TECHNIQUE DE LA Tablette Graphique avec \u00e9cran Wacom One 13 DTC133W0B<\/a><\/h3>\n<\/section>\n","protected":false},"excerpt":{"rendered":"<p><strong>Tablette Graphique avec \u00e9cran Wacom One 13 DTC133W0B<\/strong><\/p>\n<p>\u00c9cran interactif \u00e9quip\u00e9e d&#8217;un stylet<br \/>\nSurface active: \u00a0294 x 166 mm<br \/>\nStylet: Wacom Pro Pen 2<br \/>\nR\u00e9solution: 5080 lpi &#8211; Niveaux de pression: 8192<br \/>\nTaille de la tablette : 360 x 235 x 13,9 mm &#8211; Poids: 1,1 kg<br \/>\nConnectivit\u00e9 : 3 ports USB-C, Prise jack pour casque audio<br \/>\nSocle int\u00e9gr\u00e9 5\u00b0 sans pieds ou 20\u00b0 avec pieds<br \/>\n\u00c9cran: 13,3&#8243; (33.8 cm) FHD 16:9<br \/>\nRapport de contraste: 800:1<br \/>\nLuminosit\u00e9: 250 cd\/m\u00b2<br \/>\nEspace colorim\u00e9trique: 87% Adobe RGB<\/p>\n","protected":false},"featured_media":5605,"comment_status":"open","ping_status":"closed","template":"","meta":{"_acf_changed":false,"_monsterinsights_skip_tracking":false,"_monsterinsights_sitenote_active":false,"_monsterinsights_sitenote_note":"","_monsterinsights_sitenote_category":0,"_uf_show_specific_survey":0,"_uf_disable_surveys":false,"_joinchat":[]},"product_brand":[],"product_cat":[245],"product_tag":[],"class_list":{"0":"post-5604","1":"product","2":"type-product","3":"status-publish","4":"has-post-thumbnail","6":"product_cat-tablette-graphique","8":"first","9":"outofstock","10":"sale","11":"shipping-taxable","12":"purchasable","13":"product-type-simple"},"acf":[],"jetpack_sharing_enabled":true,"_links":{"self":[{"href":"https:\/\/digistar.ma\/index.php?rest_route=\/wp\/v2\/product\/5604","targetHints":{"allow":["GET"]}}],"collection":[{"href":"https:\/\/digistar.ma\/index.php?rest_route=\/wp\/v2\/product"}],"about":[{"href":"https:\/\/digistar.ma\/index.php?rest_route=\/wp\/v2\/types\/product"}],"replies":[{"embeddable":true,"href":"https:\/\/digistar.ma\/index.php?rest_route=%2Fwp%2Fv2%2Fcomments&post=5604"}],"version-history":[{"count":2,"href":"https:\/\/digistar.ma\/index.php?rest_route=\/wp\/v2\/product\/5604\/revisions"}],"predecessor-version":[{"id":5822,"href":"https:\/\/digistar.ma\/index.php?rest_route=\/wp\/v2\/product\/5604\/revisions\/5822"}],"wp:featuredmedia":[{"embeddable":true,"href":"https:\/\/digistar.ma\/index.php?rest_route=\/wp\/v2\/media\/5605"}],"wp:attachment":[{"href":"https:\/\/digistar.ma\/index.php?rest_route=%2Fwp%2Fv2%2Fmedia&parent=5604"}],"wp:term":[{"taxonomy":"product_brand","embeddable":true,"href":"https:\/\/digistar.ma\/index.php?rest_route=%2Fwp%2Fv2%2Fproduct_brand&post=5604"},{"taxonomy":"product_cat","embeddable":true,"href":"https:\/\/digistar.ma\/index.php?rest_route=%2Fwp%2Fv2%2Fproduct_cat&post=5604"},{"taxonomy":"product_tag","embeddable":true,"href":"https:\/\/digistar.ma\/index.php?rest_route=%2Fwp%2Fv2%2Fproduct_tag&post=5604"}],"curies":[{"name":"wp","href":"https:\/\/api.w.org\/{rel}","templated":true}]}}