{"id":5620,"date":"2023-07-09T22:34:04","date_gmt":"2023-07-09T22:34:04","guid":{"rendered":"https:\/\/digistar.ma\/?post_type=product&#038;p=5620"},"modified":"2025-08-06T04:43:17","modified_gmt":"2025-08-06T04:43:17","slug":"hp-smart-tank-515-imprimante-multifonction-a-reservoirs-rechargeables","status":"publish","type":"product","link":"https:\/\/digistar.ma\/?product=hp-smart-tank-515-imprimante-multifonction-a-reservoirs-rechargeables","title":{"rendered":"HP Smart Tank 515 Imprimante multifonction \u00e0 r\u00e9servoirs rechargeables"},"content":{"rendered":"<p><strong>HP Smart Tank 515 Imprimante multifonction \u00e0 r\u00e9servoirs rechargeables<\/strong><\/p>\n<p>Cette imprimante sans cartouche assure une qualit\u00e9 sans compromis et offre jusqu&#8217;\u00e0 3 ans de cartouches d&#8217;encre inclus dans la\u00a0<span class=\"m-text-nowrap\">bo\u00eete. <\/span>\u00a0B\u00e9n\u00e9ficiez de connexions plus rapides avec le Wi-Fi double\u00a0<span class=\"m-text-nowrap\">bande, <\/span>\u00a0et de l&#8217;impression mobile facile avec l&#8217;application HP\u00a0<span class=\"m-text-nowrap\">Smart.\u00a0<\/span><\/p>\n<h3 class=\"h2 c-split-module__title\">Imprimante \u00e0 encre innovante, sans cartouche\u00a0: pour des impressions de grand volume et \u00e0 faible co\u00fbt<\/h3>\n<p class=\"h4 c-split-module__description\">Avec les r\u00e9servoirs d&#8217;encre int\u00e9gr\u00e9s et un capteur d&#8217;encre automatique, vous disposez d&#8217;un syst\u00e8me de recharge compact et sans \u00e9claboussures, qui facilite la gestion de\u00a0<span class=\"m-text-nowrap\">l&#8217;encre. <\/span>\u00a0Solution parfaite pour les grands volumes d&#8217;impression \u00e0 faible co\u00fbt, jusqu&#8217;\u00e0 3 ans de cartouches d&#8217;encre inclus dans la\u00a0<span class=\"m-text-nowrap\">bo\u00eete.\u00a0<\/span><\/p>\n<h3 class=\"h2 c-split-module__title\">Connexions plus rapides, productivit\u00e9 simplifi\u00e9e, o\u00f9 que vous soyez<\/h3>\n<p class=\"h4 c-split-module__description\">Restez connect\u00e9 avec le Wi-Fi double bande, des connexions plus rapides et plus\u00a0<span class=\"m-text-nowrap\">fiables. <\/span>\u00a0Gagnez du temps avec les Smart\u00a0<span class=\"m-text-nowrap\">Tasks,<\/span>\u00a0et imprimez et num\u00e9risez partout avec HP Smart, l&#8217;application d&#8217;impression mobile la meilleure de sa\u00a0<span class=\"m-text-nowrap\">cat\u00e9gorie.\u00a0<\/span><\/p>\n<h3 class=\"h2 c-split-module__title\">La technologie CISS offre la meilleure qualit\u00e9 d&#8217;impression de sa cat\u00e9gorie<\/h3>\n<p class=\"h4 c-split-module__description\">Vous pouvez compter sur la qualit\u00e9 d&#8217;impression exceptionnelle que vous attendez de HP, b\u00e9n\u00e9ficiez d&#8217;une qualit\u00e9 remarquable page apr\u00e8s page. Texte net et pr\u00e9cis. Graphismes \u00e9clatants.<\/p>\n<p>Points forts<\/p>\n<p>Technologie CISS : imprimante sans cartouche \u00e0 la<br \/>\nconception innovante<br \/>\nImpression, num\u00e9risation, copie, sans fil<br \/>\nPlusieurs ann\u00e9es d&#8217;impression incluses dans l\u2019emballage<br \/>\n(jusqu&#8217;\u00e0 18 000 pages en noir et blanc ou 8 000 pages de<br \/>\ncouleur)<br \/>\nRecharge facile et propre<br \/>\nDes t\u00eates d&#8217;impression rempla\u00e7ables par l&#8217;utilisateur<\/p>\n<h4><a href=\"https:\/\/digistar.ma\/?product=hp-smart-tank-515-imprimante-multifonction-a-reservoirs-rechargeables\">Caract\u00e9ristiques de <strong>HP Smart Tank 515 Imprimante multifonction \u00e0 r\u00e9servoirs rechargeables<\/strong><\/a><\/h4>\n<p>Impression, num\u00e9risation, copie, sans fil<br \/>\nLivr\u00e9 avec 3 x HP GT53XL Bouteilles d&#8217;encre noire de 135 ml + 1 x HP GT52 Bouteille d&#8217;encre cyan + 1 x HP GT52 Bouteille d&#8217;encre magenta + 1\u00a0x HP GT52 Bouteille d&#8217;encre jaune<br \/>\nVitesse d&#8217;impression noir: 22 pages\/min (11 pages\/min en norme ISO)<br \/>\nVitesse d&#8217;impression couleur: 16 pages\/min (5 pages\/min en norme ISO)<br \/>\nQualit\u00e9 d&#8217;impression noire: Jusqu&#8217;\u00e0 1\u00a0200 x 1\u00a0200\u00a0ppp rendus<br \/>\nQualit\u00e9 d&#8217;impression couleur: Jusqu&#8217;\u00e0 4\u00a0800 x 1\u00a0200\u00a0ppp optimis\u00e9s couleur (si impression depuis un ordinateur et entr\u00e9e 1\u00a0200\u00a0ppp)<br \/>\nVolume de pages mensuel recommand\u00e9: 200 \u00e0 800<br \/>\nImpression recto\/verso: Manuelle (prise en charge des pilotes fournie)<br \/>\nFonctionne avec: 4 (1 bouteille d&#8217;encre noire, jeu de 3 bouteilles d&#8217;encre de couleur)<br \/>\nConnectivit\u00e9: Port USB 2.0 haut d\u00e9bit, Wi-Fi, Bluetooth LE<\/p>\n<h3><a href=\"https:\/\/digistar.ma\/wp-content\/uploads\/2023\/07\/imprimante-multifonction-a-reservoirs-rechargeables-hp-smart-tank-515-1tj09a-1.pdf\">ICI FICHE TECHNIQUE DE HP Smart Tank 515 Imprimante multifonction \u00e0 r\u00e9servoirs rechargeables<\/a><\/h3>\n","protected":false},"excerpt":{"rendered":"<p>HP Smart Tank 515 Imprimante multifonction \u00e0 r\u00e9servoirs rechargeables<\/p>\n<p>Impression, num\u00e9risation, copie, sans fil<br \/>\nLivr\u00e9 avec 3 x HP GT53XL Bouteilles d&#8217;encre noire de 135 ml + 1 x HP GT52 Bouteille d&#8217;encre cyan + 1 x HP GT52 Bouteille d&#8217;encre magenta + 1\u00a0x HP GT52 Bouteille d&#8217;encre jaune<br \/>\nVitesse d&#8217;impression noir: 22 pages\/min (11 pages\/min en norme ISO)<br \/>\nVitesse d&#8217;impression couleur: 16 pages\/min (5 pages\/min en norme ISO)<br \/>\nQualit\u00e9 d&#8217;impression noire: Jusqu&#8217;\u00e0 1\u00a0200 x 1\u00a0200\u00a0ppp rendus<br \/>\nQualit\u00e9 d&#8217;impression couleur: Jusqu&#8217;\u00e0 4\u00a0800 x 1\u00a0200\u00a0ppp optimis\u00e9s couleur (si impression depuis un ordinateur et entr\u00e9e 1\u00a0200\u00a0ppp)<br \/>\nVolume de pages mensuel recommand\u00e9: 200 \u00e0 800<br \/>\nImpression recto\/verso: Manuelle (prise en charge des pilotes fournie)<br \/>\nFonctionne avec: 4 (1 bouteille d&#8217;encre noire, jeu de 3 bouteilles d&#8217;encre de couleur)<br \/>\nConnectivit\u00e9: Port USB 2.0 haut d\u00e9bit, Wi-Fi, Bluetooth LE<\/p>\n","protected":false},"featured_media":5625,"comment_status":"open","ping_status":"closed","template":"","meta":{"_acf_changed":false,"_monsterinsights_skip_tracking":false,"_monsterinsights_sitenote_active":false,"_monsterinsights_sitenote_note":"","_monsterinsights_sitenote_category":0,"_uf_show_specific_survey":0,"_uf_disable_surveys":false,"_joinchat":[]},"product_brand":[],"product_cat":[15,253,265,269,290],"product_tag":[],"class_list":{"0":"post-5620","1":"product","2":"type-product","3":"status-publish","4":"has-post-thumbnail","6":"product_cat-imprimante-scanner","7":"product_cat-imprimante","8":"product_cat-imprimante-a-reservoirs-rechargeables","9":"product_cat-imprimante-jet-dencre","10":"product_cat-meilleures-ventes","12":"first","13":"instock","14":"sale","15":"shipping-taxable","16":"purchasable","17":"product-type-simple"},"acf":[],"jetpack_sharing_enabled":true,"_links":{"self":[{"href":"https:\/\/digistar.ma\/index.php?rest_route=\/wp\/v2\/product\/5620","targetHints":{"allow":["GET"]}}],"collection":[{"href":"https:\/\/digistar.ma\/index.php?rest_route=\/wp\/v2\/product"}],"about":[{"href":"https:\/\/digistar.ma\/index.php?rest_route=\/wp\/v2\/types\/product"}],"replies":[{"embeddable":true,"href":"https:\/\/digistar.ma\/index.php?rest_route=%2Fwp%2Fv2%2Fcomments&post=5620"}],"version-history":[{"count":2,"href":"https:\/\/digistar.ma\/index.php?rest_route=\/wp\/v2\/product\/5620\/revisions"}],"predecessor-version":[{"id":5629,"href":"https:\/\/digistar.ma\/index.php?rest_route=\/wp\/v2\/product\/5620\/revisions\/5629"}],"wp:featuredmedia":[{"embeddable":true,"href":"https:\/\/digistar.ma\/index.php?rest_route=\/wp\/v2\/media\/5625"}],"wp:attachment":[{"href":"https:\/\/digistar.ma\/index.php?rest_route=%2Fwp%2Fv2%2Fmedia&parent=5620"}],"wp:term":[{"taxonomy":"product_brand","embeddable":true,"href":"https:\/\/digistar.ma\/index.php?rest_route=%2Fwp%2Fv2%2Fproduct_brand&post=5620"},{"taxonomy":"product_cat","embeddable":true,"href":"https:\/\/digistar.ma\/index.php?rest_route=%2Fwp%2Fv2%2Fproduct_cat&post=5620"},{"taxonomy":"product_tag","embeddable":true,"href":"https:\/\/digistar.ma\/index.php?rest_route=%2Fwp%2Fv2%2Fproduct_tag&post=5620"}],"curies":[{"name":"wp","href":"https:\/\/api.w.org\/{rel}","templated":true}]}}