{"id":5670,"date":"2023-07-10T13:11:06","date_gmt":"2023-07-10T13:11:06","guid":{"rendered":"https:\/\/digistar.ma\/?post_type=product&#038;p=5670"},"modified":"2026-04-11T18:45:38","modified_gmt":"2026-04-11T18:45:38","slug":"epson-ecotank-l3250-imprimante-multifonction-a-reservoirs-rechargeables","status":"publish","type":"product","link":"https:\/\/digistar.ma\/?product=epson-ecotank-l3250-imprimante-multifonction-a-reservoirs-rechargeables","title":{"rendered":"Epson EcoTank L3250 Imprimante multifonction \u00e0 r\u00e9servoirs rechargeables"},"content":{"rendered":"<h4 class=\"h1 productpage_title\">Epson EcoTank L3250 Imprimante multifonction \u00e0 r\u00e9servoirs rechargeables<\/h4>\n<div class=\"product-summary__description\">Imprimante 3 en 1 couleur A4 avec Wi-Fi Direct<\/div>\n<div class=\"product-summary__intro\">Cette imprimante multifonction (impression, num\u00e9risation, copie), sans cartouches \u00e0 remplacer et dot\u00e9e de Wi-Fi Direct, est id\u00e9ale pour les personnes qui recherchent des impressions de haute qualit\u00e9 et un co\u00fbt par page incroyablement bas. Gr\u00e2ce \u00e0 un bac papier arri\u00e8re de 100 feuilles, \u00e0 l\u2019impression photo sans marge (jusqu\u2019\u00e0 10 \u00d7 15 cm) ainsi qu\u2019\u00e0 des vitesses d\u2019impression pouvant atteindre 10 pages par minute, vous pouvez effectuer rapidement plusieurs t\u00e2ches en toute simplicit\u00e9.<\/div>\n<p><strong>Adieu aux cartouches on\u00e9reuses<\/strong><br \/>\nEcoTank offre une impression \u00e0 domicile simple et \u00e9conomique\u00a0: les r\u00e9servoirs d\u2019encre ultra haute capacit\u00e9 permettent des recharges faciles. De plus, les bouteilles sont dot\u00e9es d\u2019un d\u00e9trompeur pour ne plus se tromper de couleur lors du remplissage du r\u00e9servoir.<\/p>\n<p><strong>\u00c9conomies \u00e0 long terme<\/strong><br \/>\nCette imprimante multifonction, qui vous fait \u00e9conomiser jusqu\u2019\u00e0 90 % sur vos co\u00fbts d\u2019impression, est livr\u00e9e avec jusqu\u2019\u00e0 trois ans d\u2019encre. Le kit de bouteilles d\u2019encre inclus permet d\u2019imprimer jusqu\u2019\u00e0 8 100 pages en monochrome et 6 500 pages en couleur.<\/p>\n<h4><strong>Application Epson Smart Panel de <\/strong>Epson EcoTank L3250 Imprimante multifonction \u00e0 r\u00e9servoirs rechargeables<\/h4>\n<p>Cette application vous permet de contr\u00f4ler votre imprimante multifonction \u00e0 partir de votre appareil connect\u00e9. Vous pouvez configurer le Wi-Fi rapidement et facilement, imprimer des documents et des photos, mais aussi contr\u00f4ler et d\u00e9panner votre imprimante.<\/p>\n<p><strong>Flexibilit\u00e9 moderne<\/strong><br \/>\nGr\u00e2ce \u00e0 son design compact et \u00e0 sa connectivit\u00e9 Wi-Fi et Wi-Fi Direct, cette imprimante s\u2019int\u00e8gre facilement \u00e0 votre installation domestique existante et peut \u00eatre command\u00e9e depuis des appareils mobiles, tablettes et ordinateurs portables.<\/p>\n<h4>Caract\u00e9ristiques de Epson EcoTank L3250 Imprimante multifonction \u00e0 r\u00e9servoirs rechargeables<\/h4>\n<div class=\"bullets\">\n<ul>\n<li><strong>Imprimante multifonction<\/strong><br \/>\nImpression, copie et num\u00e9risation sans fil<\/li>\n<li><strong>Impression ultra \u00e9conomique<\/strong><br \/>\n\u00c9conomisez jusqu\u2019\u00e0 90 % sur vos co\u00fbts d\u2019impression<\/li>\n<li><strong>Volume d\u2019encre fourni pour 3 ans d\u2019impression<\/strong><br \/>\nCapacit\u00e9 fournie : 8 100 pages en monochrome et 6 500 pages en couleur<\/li>\n<li><strong>Syst\u00e8me de r\u00e9servoir d\u2019encre simple<\/strong><br \/>\nRecharges simples avec les bouteilles d\u2019encre \u00e0 d\u00e9trompeurs et les r\u00e9servoirs d\u2019encre en fa\u00e7ade<\/li>\n<li><strong>Application\u00a0<a href=\"https:\/\/support.epson-europe.com\/onlineguides\/fr\/cx6400\/ref_g\/smart_1.htm\" target=\"_blank\" rel=\"noopener\">Epson Smart Panel<\/a><\/strong><br \/>\nConfiguration, surveillance, impression sans fil et plus encore depuis votre appareil mobile<\/li>\n<li>\n<h2>Facilit\u00e9 d&#8217;utilisation gr\u00e2ce \u00e0 l&#8217;application Epson Smart Panel<\/h2>\n<p>L&#8217;application Epson Smart Panel vous permet de contr\u00f4ler votre imprimante multifonction \u00e0 partir de votre appareil connect\u00e9, ce qui vous permet de configurer rapidement et facilement le Wi-Fi, d&#8217;imprimer des documents et des photos, ainsi que de contr\u00f4ler et de d\u00e9panner votre imprimante.<\/p>\n<p>L&#8217;EcoTank L3250 offre une flexibilit\u00e9 moderne gr\u00e2ce \u00e0 son design compact et \u00e0 sa connectivit\u00e9 Wi-Fi et Wi-Fi Direct. Elle s&#8217;int\u00e8gre facilement \u00e0 votre installation domestique existante et peut \u00eatre command\u00e9e depuis des appareils mobiles, des tablettes et des ordinateurs portables.<\/p>\n<p>Cette imprimante multifonction peut imprimer jusqu&#8217;\u00e0 10 pages par minute (en norme ISO) et est livr\u00e9e avec jusqu&#8217;\u00e0 trois ans d&#8217;encre. Elle peut imprimer jusqu&#8217;\u00e0 8 100 pages en monochrome et 6 500 pages en couleur avec l&#8217;encre fournies avec l&#8217;imprimante. La r\u00e9solution d&#8217;impression est de 5 760 x 1 440 DPI, ce qui garantit une impression de qualit\u00e9.<\/p>\n<p>En r\u00e9sum\u00e9, l&#8217;EcoTank L3250 est une imprimante 3 en 1 couleur A4 avec Wi-Fi Direct qui offre une impression de haute qualit\u00e9 \u00e0 un co\u00fbt par page abordable. Gr\u00e2ce \u00e0 son syst\u00e8me de r\u00e9servoir d&#8217;encre, vous pouvez faire des \u00e9conomies \u00e0 long terme sur vos co\u00fbts d&#8217;impression. La connectivit\u00e9 Wi-Fi et l&#8217;application Epson Smart Panel permettent une utilisation flexible et moderne.<\/li>\n<\/ul>\n<h4><strong><a href=\"https:\/\/digistar.ma\/wp-content\/uploads\/2023\/07\/ecotank-l3250-datasheet-1.pdf\">ICI FICHE TECHNIQUE Epson EcoTank L3250 Imprimante multifonction \u00e0 r\u00e9servoirs rechargeables<\/a><\/strong><\/h4>\n<\/div>\n","protected":false},"excerpt":{"rendered":"<p>Impression, copie et num\u00e9risation<br \/>\nLivr\u00e9e avec encre noire jusqu&#8217;\u00e0 8100 pages et 6500 pages en couleur<br \/>\nVitesse d&#8217;impression noir: 33 pages\/min (10 pages\/min en norme ISO)<br \/>\nVitesse d&#8217;impression couleur: 15 pages\/min (5 pages\/min en norme ISO)<br \/>\nQualit\u00e9 d&#8217;impression couleur: 5760 x 1440\u00a0DPI (ppp)<br \/>\nImpression recto\/verso: Manuelle<br \/>\nFonctionne avec: 4 R\u00e9servoirs (noir, cyan, magenta, jaune)<br \/>\nConnectivit\u00e9: USB, Wi-Fi, Wi-Fi Direct<\/p>\n","protected":false},"featured_media":14359,"comment_status":"open","ping_status":"closed","template":"","meta":{"_acf_changed":false,"_monsterinsights_skip_tracking":false,"_monsterinsights_sitenote_active":false,"_monsterinsights_sitenote_note":"","_monsterinsights_sitenote_category":0,"_uf_show_specific_survey":0,"_uf_disable_surveys":false,"_joinchat":[]},"product_brand":[],"product_cat":[15,380,253,265,269],"product_tag":[],"class_list":{"0":"post-5670","1":"product","2":"type-product","3":"status-publish","4":"has-post-thumbnail","6":"product_cat-imprimante-scanner","7":"product_cat-epson","8":"product_cat-imprimante","9":"product_cat-imprimante-a-reservoirs-rechargeables","10":"product_cat-imprimante-jet-dencre","12":"first","13":"instock","14":"sale","15":"shipping-taxable","16":"purchasable","17":"product-type-simple"},"acf":[],"jetpack_sharing_enabled":true,"_links":{"self":[{"href":"https:\/\/digistar.ma\/index.php?rest_route=\/wp\/v2\/product\/5670","targetHints":{"allow":["GET"]}}],"collection":[{"href":"https:\/\/digistar.ma\/index.php?rest_route=\/wp\/v2\/product"}],"about":[{"href":"https:\/\/digistar.ma\/index.php?rest_route=\/wp\/v2\/types\/product"}],"replies":[{"embeddable":true,"href":"https:\/\/digistar.ma\/index.php?rest_route=%2Fwp%2Fv2%2Fcomments&post=5670"}],"version-history":[{"count":11,"href":"https:\/\/digistar.ma\/index.php?rest_route=\/wp\/v2\/product\/5670\/revisions"}],"predecessor-version":[{"id":5820,"href":"https:\/\/digistar.ma\/index.php?rest_route=\/wp\/v2\/product\/5670\/revisions\/5820"}],"wp:featuredmedia":[{"embeddable":true,"href":"https:\/\/digistar.ma\/index.php?rest_route=\/wp\/v2\/media\/14359"}],"wp:attachment":[{"href":"https:\/\/digistar.ma\/index.php?rest_route=%2Fwp%2Fv2%2Fmedia&parent=5670"}],"wp:term":[{"taxonomy":"product_brand","embeddable":true,"href":"https:\/\/digistar.ma\/index.php?rest_route=%2Fwp%2Fv2%2Fproduct_brand&post=5670"},{"taxonomy":"product_cat","embeddable":true,"href":"https:\/\/digistar.ma\/index.php?rest_route=%2Fwp%2Fv2%2Fproduct_cat&post=5670"},{"taxonomy":"product_tag","embeddable":true,"href":"https:\/\/digistar.ma\/index.php?rest_route=%2Fwp%2Fv2%2Fproduct_tag&post=5670"}],"curies":[{"name":"wp","href":"https:\/\/api.w.org\/{rel}","templated":true}]}}