{"id":5691,"date":"2023-07-10T15:18:28","date_gmt":"2023-07-10T15:18:28","guid":{"rendered":"https:\/\/digistar.ma\/?post_type=product&#038;p=5691"},"modified":"2025-03-03T17:44:56","modified_gmt":"2025-03-03T17:44:56","slug":"epson-ecotank-l14150-imprimante-a3-multifonction-a-reservoirs-rechargeables","status":"publish","type":"product","link":"https:\/\/digistar.ma\/?product=epson-ecotank-l14150-imprimante-a3-multifonction-a-reservoirs-rechargeables","title":{"rendered":"Epson EcoTank L14150 Imprimante A3 multifonction \u00e0 r\u00e9servoirs rechargeables"},"content":{"rendered":"<h4>Epson EcoTank L14150 Imprimante A3 multifonction \u00e0 r\u00e9servoirs rechargeables<\/h4>\n<div class=\"product-summary__secondary-information\">\n<div class=\"product-summary__description\">Obtenez des impressions A3+ gr\u00e2ce \u00e0 cette imprimante EcoTank compacte, rapide et multifonction\u00a0: faible co\u00fbt par page, bac papier de 250\u00a0feuilles et chargeur automatique de documents 35\u00a0feuilles.<\/div>\n<div><\/div>\n<div class=\"product-summary__intro\">\u00c0 la recherche d\u2019une imprimante couleur compacte et \u00e9conomique prenant en charge le format A3 ? Epson EcoTank L14150 Imprimante A3+ multifonction \u00e0 r\u00e9servoirs rechargeables est la solution qu\u2019il vous faut.<\/div>\n<div class=\"product-summary__intro\"><\/div>\n<div><strong>Impressions\u00a0A3 \u00e0 partir d\u2019un mod\u00e8le compact<\/strong><\/div>\n<div>L\u2019imprimante compacte EcoTank\u00a0L14150 prend en charge l\u2019impression, la num\u00e9risation, la copie et le fax au format\u00a0A4, tout en permettant d\u2019imprimer au format A3 \u00e0 partir du bac d\u2019alimentation arri\u00e8re.<\/div>\n<div><\/div>\n<div>Par ailleurs, son \u00e9cran LCD\u00a0permet d\u2019imprimer sans connexion \u00e0 un ordinateur.<\/div>\n<\/div>\n<p><strong>Ultra \u00e9conomique<\/strong><\/p>\n<p>EcoTank peut vous faire r\u00e9aliser des \u00e9conomies de plus de 80 % en moyenne sur 3 ans, par rapport aux imprimantes A3 4-en-1 \u00e0 cartouches et diminuer vos co\u00fbts d\u2019impression jusqu\u2019\u00e0 90\u00a0%\u00a0gr\u00e2ce \u00e0 sa conception innovante.<\/p>\n<p><strong>Prise en charge d\u2019un nombre accru de t\u00e2ches<\/strong><\/p>\n<p>La fonction fax, le bac papier de 250 feuilles, les vitesses d\u2019impression de 17 ppm, la fonction d\u2019impression recto verso et le chargeur automatique de documents (ADF) de 35\u00a0pages vous permettront d\u2019accomplir tout un \u00e9ventail de t\u00e2ches facilement et rapidement.<\/p>\n<p>De plus, cette imprimante est \u00e9quip\u00e9e de la t\u00eate d\u2019impression Z\u00e9ro Chaleur\u00a0<a href=\"https:\/\/epson.com\/precisioncore-advanced-printing-technology\" target=\"_blank\" rel=\"noopener\">PrecisionCore<\/a>, r\u00e9put\u00e9e pour sa vitesse, sa fiabilit\u00e9 et son efficacit\u00e9, qui r\u00e9sistera jusqu\u2019\u00e0 la fin de vie de l\u2019imprimante.<\/p>\n<p><strong>Impression possible de quasiment n\u2019importe o\u00f9<\/strong><\/p>\n<p>Avec EcoTank, imprimez directement depuis vos appareils mobiles, tablettes et ordinateurs portables. Gr\u00e2ce au Wi-Fi\u00ae et au Wi-Fi Direct\u2122, vous pouvez envoyer vos documents \u00e0 imprimer depuis des appareils mobiles via l\u2019application Epson iPrint.<\/p>\n<h4><strong>Conception sp\u00e9ciale pour simplifier l\u2019utilisation\u00a0<\/strong><\/h4>\n<p>Ce nouveau mod\u00e8le EcoTank est plus compact et simple d\u2019utilisation que jamais. Ses r\u00e9servoirs en fa\u00e7ade sont con\u00e7us pour des recharges faciles et les bouteilles ont \u00e9t\u00e9 mises au point de fa\u00e7on \u00e0 emp\u00eacher toute erreur de remplissage des couleurs.<\/p>\n<p>Gr\u00e2ce \u00e0 l\u2019affichage du niveau de l\u2019encre en fa\u00e7ade, il est facile de savoir quand une recharge est n\u00e9cessaire.<\/p>\n<h4>Caract\u00e9ristiques principales de Epson EcoTank L14150 Imprimante A3 multifonction \u00e0 r\u00e9servoirs rechargeables<\/h4>\n<p>Impression, Num\u00e9risation, Copie, T\u00e9l\u00e9copie<\/p>\n<p>Impression recto\/verso: Automatique<\/p>\n<p>Fonctionne avec: 4 R\u00e9servoirs (noir, cyan, magenta, jaune)<\/p>\n<p>Connectivit\u00e9: USB, Ethernet, Wi-Fi, Wi-Fi Direct<\/p>\n<div class=\"bullets\">\n<p><a href=\"https:\/\/digistar.ma\/wp-content\/uploads\/2023\/07\/ecotank-l14150-datasheet-1.pdf\"><strong>ICI FICHE TECHNIQUE DE Epson EcoTank L14150 Imprimante A3 multifonction \u00e0 r\u00e9servoirs rechargeables<\/strong><\/a><\/p>\n<\/div>\n","protected":false},"excerpt":{"rendered":"<p>Impression, Num\u00e9risation, Copie, T\u00e9l\u00e9copie<br \/>\nLivr\u00e9e avec encre noire jusqu&#8217;\u00e0 6200 pages et 5200 pages en couleur<br \/>\nVitesse d&#8217;impression noir: 38 pages\/min (17 pages\/min en norme ISO)<br \/>\nVitesse d&#8217;impression couleur: 24 pages\/min (9 pages\/min en norme ISO)<br \/>\nQualit\u00e9 d&#8217;impression couleur: 4.800 x 1.200 DPI (ppp)<br \/>\nImpression recto\/verso: Automatique<br \/>\nFonctionne avec: 4 R\u00e9servoirs (noir, cyan, magenta, jaune)<br \/>\nConnectivit\u00e9: USB, Ethernet,\u00a0Wi-Fi, Wi-Fi Direct<\/p>\n","protected":false},"featured_media":5697,"comment_status":"open","ping_status":"closed","template":"","meta":{"_acf_changed":false,"_monsterinsights_skip_tracking":false,"_monsterinsights_sitenote_active":false,"_monsterinsights_sitenote_note":"","_monsterinsights_sitenote_category":0,"_uf_show_specific_survey":0,"_uf_disable_surveys":false,"_joinchat":[]},"product_brand":[],"product_cat":[15,380,253,265,269,290],"product_tag":[],"class_list":{"0":"post-5691","1":"product","2":"type-product","3":"status-publish","4":"has-post-thumbnail","6":"product_cat-imprimante-scanner","7":"product_cat-epson","8":"product_cat-imprimante","9":"product_cat-imprimante-a-reservoirs-rechargeables","10":"product_cat-imprimante-jet-dencre","11":"product_cat-meilleures-ventes","13":"first","14":"instock","15":"sale","16":"shipping-taxable","17":"purchasable","18":"product-type-simple"},"acf":[],"jetpack_sharing_enabled":true,"_links":{"self":[{"href":"https:\/\/digistar.ma\/index.php?rest_route=\/wp\/v2\/product\/5691","targetHints":{"allow":["GET"]}}],"collection":[{"href":"https:\/\/digistar.ma\/index.php?rest_route=\/wp\/v2\/product"}],"about":[{"href":"https:\/\/digistar.ma\/index.php?rest_route=\/wp\/v2\/types\/product"}],"replies":[{"embeddable":true,"href":"https:\/\/digistar.ma\/index.php?rest_route=%2Fwp%2Fv2%2Fcomments&post=5691"}],"version-history":[{"count":15,"href":"https:\/\/digistar.ma\/index.php?rest_route=\/wp\/v2\/product\/5691\/revisions"}],"predecessor-version":[{"id":10590,"href":"https:\/\/digistar.ma\/index.php?rest_route=\/wp\/v2\/product\/5691\/revisions\/10590"}],"wp:featuredmedia":[{"embeddable":true,"href":"https:\/\/digistar.ma\/index.php?rest_route=\/wp\/v2\/media\/5697"}],"wp:attachment":[{"href":"https:\/\/digistar.ma\/index.php?rest_route=%2Fwp%2Fv2%2Fmedia&parent=5691"}],"wp:term":[{"taxonomy":"product_brand","embeddable":true,"href":"https:\/\/digistar.ma\/index.php?rest_route=%2Fwp%2Fv2%2Fproduct_brand&post=5691"},{"taxonomy":"product_cat","embeddable":true,"href":"https:\/\/digistar.ma\/index.php?rest_route=%2Fwp%2Fv2%2Fproduct_cat&post=5691"},{"taxonomy":"product_tag","embeddable":true,"href":"https:\/\/digistar.ma\/index.php?rest_route=%2Fwp%2Fv2%2Fproduct_tag&post=5691"}],"curies":[{"name":"wp","href":"https:\/\/api.w.org\/{rel}","templated":true}]}}