{"id":5717,"date":"2023-07-10T17:45:42","date_gmt":"2023-07-10T17:45:42","guid":{"rendered":"https:\/\/digistar.ma\/?post_type=product&#038;p=5717"},"modified":"2026-04-11T19:39:42","modified_gmt":"2026-04-11T19:39:42","slug":"epson-ecotank-l4260-imprimante-multifonction-a-reservoirs-rechargeables","status":"publish","type":"product","link":"https:\/\/digistar.ma\/?product=epson-ecotank-l4260-imprimante-multifonction-a-reservoirs-rechargeables","title":{"rendered":"Epson EcoTank L4260 Imprimante multifonction \u00e0 r\u00e9servoirs rechargeables"},"content":{"rendered":"<p><strong>Epson EcoTank L4260 Imprimante multifonction \u00e0 r\u00e9servoirs rechargeables<\/strong><\/p>\n<div class=\"product-summary__description\">Imprimante 3\u00a0en\u00a01 couleur A4 recto verso avec Wi-Fi Direct et \u00e9cran LCD<\/div>\n<div><\/div>\n<div class=\"product-summary__intro\">Cette imprimante recto verso multifonction (impression, num\u00e9risation, copie), sans cartouches \u00e0 remplacer et disposant de Wi-Fi Direct et d\u2019un \u00e9cran LCD,<\/div>\n<div class=\"product-summary__intro\">est id\u00e9ale pour les personnes qui recherchent des impressions de haute qualit\u00e9 et un co\u00fbt par page incroyablement bas.<\/div>\n<p><strong>Adieu aux cartouches on\u00e9reuses avec Epson EcoTank L4260 Imprimante multifonction \u00e0 r\u00e9servoirs rechargeables<\/strong><\/p>\n<p>EcoTank offre une impression \u00e0 domicile simple\u00a0: les r\u00e9servoirs d\u2019encre ultra haute capacit\u00e9 permettent des recharges faciles et les bouteilles sont dot\u00e9es d\u2019un d\u00e9trompeur pour ne plus se tromper de couleur en remplissant le r\u00e9servoir.<\/p>\n<p><strong>\u00c9conomies \u00e0 long terme<\/strong><br \/>\nCette imprimante multifonction, qui vous fait \u00e9conomiser jusqu\u2019\u00e0 90 % sur vos co\u00fbts d\u2019impression, est livr\u00e9e avec jusqu\u2019\u00e0 trois ans d\u2019encre.<\/p>\n<p>Le kit de bouteilles d\u2019encre inclus permet d\u2019imprimer jusqu\u2019\u00e0 14\u00a0000\u00a0pages en monochrome et 5\u00a0200\u00a0pages en couleur<sup>4<\/sup>.<\/p>\n<p><a href=\"https:\/\/play.google.com\/store\/apps\/details?id=com.epson.epsonsmart&amp;hl=fr&amp;gl=US\" target=\"_blank\" rel=\"noopener\"><strong>Application Epson Smart Panel<\/strong><\/a><br \/>\nCette application vous permet de contr\u00f4ler votre imprimante multifonction \u00e0 partir de votre appareil connect\u00e9.<\/p>\n<p>Vous pouvez configurer le Wi-Fi rapidement et facilement, imprimer, num\u00e9riser et copier des documents et des photos, mais aussi contr\u00f4ler et d\u00e9panner votre imprimante.<\/p>\n<p><strong>Flexibilit\u00e9 moderne<\/strong><br \/>\nGr\u00e2ce \u00e0 son design compact et \u00e0 sa connectivit\u00e9 Wi-Fi\u00ae et Wi-Fi Direct\u2122, vous pouvez facilement int\u00e9grer ce multifonction \u00e0 votre installation existante et imprimer depuis des appareils mobiles, tablettes et ordinateurs portables.<\/p>\n<p><strong>Caract\u00e9ristiques principales de Epson EcoTank L4260 Imprimante multifonction \u00e0 r\u00e9servoirs rechargeables<\/strong><\/p>\n<div class=\"bullets\">\n<ul>\n<li><strong>Multifonction avec r\u00e9servoir d\u2019encre<\/strong><br \/>\nAvec \u00e9cran LCD et impression Recto Verso<\/li>\n<li><strong>Impression ultra \u00e9conomique<\/strong><br \/>\n\u00c9conomisez jusqu\u2019\u00e0 90 % sur vos co\u00fbts d\u2019impression<\/li>\n<li><strong>Volume d\u2019encre fourni pour 3 ans d\u2019impression<\/strong><br \/>\nCapacit\u00e9 fournie : 14 000 pages en monochrome et 5 200 pages en couleur<\/li>\n<li><strong>Syst\u00e8me de r\u00e9servoir d\u2019encre simple<\/strong><br \/>\nRecharges simples avec les bouteilles d\u2019encre \u00e0 d\u00e9trompeurs et les r\u00e9servoirs d\u2019encre en fa\u00e7ade<\/li>\n<li><strong>Application Epson Smart Panel<\/strong><br \/>\nConfiguration, surveillance, impression, num\u00e9risation sans fil, etc. depuis un appareil mobile<\/li>\n<\/ul>\n<h4><a href=\"https:\/\/digistar.ma\/wp-content\/uploads\/2023\/07\/ecotank-l4260-datasheet-1.pdf\">ICI FICHE TECHNIQUE DE Epson EcoTank L4260 Imprimante multifonction \u00e0 r\u00e9servoirs rechargeables<\/a><\/h4>\n<\/div>\n","protected":false},"excerpt":{"rendered":"<p>Impression, num\u00e9risation et copie<br \/>\nLivr\u00e9e avec encre noire jusqu&#8217;\u00e0 14000 pages et 5200 pages en couleur<br \/>\nVitesse d&#8217;impression noir: 33 pages\/min (10,5 pages\/min en norme ISO)<br \/>\nVitesse d&#8217;impression couleur: 15 pages\/min (5 pages\/min en norme ISO)<br \/>\nQualit\u00e9 d&#8217;impression noire: 5.760 x 1.440 DPI (ppp)<br \/>\nQualit\u00e9 d&#8217;impression couleur: 5.760 x 1.440 DPI (ppp)<br \/>\nImpression recto\/verso: Automatique<br \/>\nFonctionne avec: 4 R\u00e9servoirs (Noir, Cyan, Jaune, Magenta)<br \/>\nConnectivit\u00e9: USB, Wi-Fi, Wi-Fi Direct<\/p>\n","protected":false},"featured_media":5719,"comment_status":"open","ping_status":"closed","template":"","meta":{"_acf_changed":false,"_monsterinsights_skip_tracking":false,"_monsterinsights_sitenote_active":false,"_monsterinsights_sitenote_note":"","_monsterinsights_sitenote_category":0,"_uf_show_specific_survey":0,"_uf_disable_surveys":false,"_joinchat":[]},"product_brand":[],"product_cat":[15,380,253,265,269,290],"product_tag":[],"class_list":{"0":"post-5717","1":"product","2":"type-product","3":"status-publish","4":"has-post-thumbnail","6":"product_cat-imprimante-scanner","7":"product_cat-epson","8":"product_cat-imprimante","9":"product_cat-imprimante-a-reservoirs-rechargeables","10":"product_cat-imprimante-jet-dencre","11":"product_cat-meilleures-ventes","13":"first","14":"instock","15":"sale","16":"shipping-taxable","17":"purchasable","18":"product-type-simple"},"acf":[],"jetpack_sharing_enabled":true,"_links":{"self":[{"href":"https:\/\/digistar.ma\/index.php?rest_route=\/wp\/v2\/product\/5717","targetHints":{"allow":["GET"]}}],"collection":[{"href":"https:\/\/digistar.ma\/index.php?rest_route=\/wp\/v2\/product"}],"about":[{"href":"https:\/\/digistar.ma\/index.php?rest_route=\/wp\/v2\/types\/product"}],"replies":[{"embeddable":true,"href":"https:\/\/digistar.ma\/index.php?rest_route=%2Fwp%2Fv2%2Fcomments&post=5717"}],"version-history":[{"count":11,"href":"https:\/\/digistar.ma\/index.php?rest_route=\/wp\/v2\/product\/5717\/revisions"}],"predecessor-version":[{"id":11082,"href":"https:\/\/digistar.ma\/index.php?rest_route=\/wp\/v2\/product\/5717\/revisions\/11082"}],"wp:featuredmedia":[{"embeddable":true,"href":"https:\/\/digistar.ma\/index.php?rest_route=\/wp\/v2\/media\/5719"}],"wp:attachment":[{"href":"https:\/\/digistar.ma\/index.php?rest_route=%2Fwp%2Fv2%2Fmedia&parent=5717"}],"wp:term":[{"taxonomy":"product_brand","embeddable":true,"href":"https:\/\/digistar.ma\/index.php?rest_route=%2Fwp%2Fv2%2Fproduct_brand&post=5717"},{"taxonomy":"product_cat","embeddable":true,"href":"https:\/\/digistar.ma\/index.php?rest_route=%2Fwp%2Fv2%2Fproduct_cat&post=5717"},{"taxonomy":"product_tag","embeddable":true,"href":"https:\/\/digistar.ma\/index.php?rest_route=%2Fwp%2Fv2%2Fproduct_tag&post=5717"}],"curies":[{"name":"wp","href":"https:\/\/api.w.org\/{rel}","templated":true}]}}