{"id":5751,"date":"2023-07-10T22:52:04","date_gmt":"2023-07-10T22:52:04","guid":{"rendered":"https:\/\/digistar.ma\/?post_type=product&#038;p=5751"},"modified":"2023-07-11T16:09:43","modified_gmt":"2023-07-11T16:09:43","slug":"dell-essential-backpack-15-es1520p","status":"publish","type":"product","link":"https:\/\/digistar.ma\/?product=dell-essential-backpack-15-es1520p","title":{"rendered":"Dell Essential Backpack 15 ES1520P"},"content":{"rendered":"<p><strong>Dell Essential Backpack 15 ES1520P<\/strong><\/p>\n<p>Dot\u00e9 d\u2019impressions r\u00e9fl\u00e9chissantes \u00e0 l\u2019avant, le sac \u00e0 dos Dell Essential\u00a0 est visible dans l\u2019obscurit\u00e9 et renvoie la lumi\u00e8re directe pour \u00eatre mieux vu des autres.<\/p>\n<p class=\"pd-bottom-title\"><strong>La s\u00e9curit\u00e9 jusque dans les d\u00e9placements<\/strong><\/p>\n<div class=\"pd-item-desc\">Dot\u00e9 de d\u2019impressions r\u00e9fl\u00e9chissantes \u00e0 l\u2019avant, le sac \u00e0 dos Dell Essential Backpack 15 ES1520P est visible dans l\u2019obscurit\u00e9 et renvoie la lumi\u00e8re directe, telle que celle des phares de voiture, pour \u00eatre mieux vu des autres lorsque vous vous d\u00e9placez dans des rues ou sur des trottoirs fr\u00e9quent\u00e9s.<\/div>\n<div>\n<p class=\"pd-bottom-title\"><strong>L\u00e9ger, mais spacieux pour vos accessoires essentiels<\/strong><\/p>\n<div class=\"pd-item-desc\">Assez spacieuse pour contenir votre ordinateur portable et tout ce dont vous avez besoin pour la journ\u00e9e. Vos accessoires essentiels sont \u00e0 port\u00e9e de main dans la poche avant zipp\u00e9e o\u00f9 vous pouvez ranger votre t\u00e9l\u00e9phone et les poches lat\u00e9rales ext\u00e9rieures qui peuvent accueillir une bouteille d\u2019eau et un parapluie.<\/div>\n<div>\n<p class=\"pd-bottom-title\"><strong>Vos accessoires essentiels sont bien prot\u00e9g\u00e9s<\/strong><\/p>\n<div class=\"pd-item-desc\">Fabriqu\u00e9 \u00e0 partir de mat\u00e9riaux externes r\u00e9sistants \u00e0 l\u2019eau et dot\u00e9 d\u2019une housse rembourr\u00e9e d\u00e9di\u00e9e pouvant accueillir un ordinateur portable, le sac \u00e0 dos Dell Essential Backpack 15 ES1520P prot\u00e8ge votre ordinateur portable et vos accessoires essentiels. Des fermetures \u00e9clair pouvant \u00eatre dissimul\u00e9es sous la bandouli\u00e8re permettent d\u2019\u00e9viter d\u2019attirer l\u2019attention.<\/div>\n<div>\n<p class=\"pd-bottom-title\"><strong>Confort de transport<\/strong><\/p>\n<div class=\"pd-item-desc\">Portez ce sac \u00e0 dos l\u00e9ger \u00e0 l\u2019aide de sa poign\u00e9e sup\u00e9rieure rembourr\u00e9e lorsque vous \u00eates en d\u00e9placement. Faites passer le sac \u00e0 dos sur vos \u00e9paules pour garder vos mains libres. Les bandouli\u00e8res rembourr\u00e9es et le panneau arri\u00e8re matelass\u00e9 du sac \u00e0 dos Dell Essential Backpack 15 ES1520P vous permettront de rester \u00e0 l\u2019aise et au frais.<\/div>\n<div><\/div>\n<div><a href=\"https:\/\/www.dell.com\/fr-fr\/shop\/sac-%C3%A0-dos-dell-essential-15-es1520p\/apd\/460-bctj\/sacoches-de-transport#techspecs_section\" target=\"_blank\" rel=\"noopener\"><strong>Dell Essential Backpack 15 ES1520P<\/strong><\/a><\/div>\n<\/div>\n<\/div>\n<\/div>\n","protected":false},"excerpt":{"rendered":"<p>Type de produit: Sac \u00e0 dos pour ordinateur portable<\/p>\n<p>Compatibilit\u00e9 ordinateur portable: Convient \u00e0 la plupart des ordinateurs portables dot\u00e9s d\u2019un \u00e9cran allant jusqu\u2019\u00e0 15,6 po (dimension maximale du portable : 14,96 po x 10,24 po x 0,98 po)<br \/>\nCompartiments suppl\u00e9mentaires: R\u00e9flecteurs parapluie, bouteille, poche externe lat\u00e9rale<br \/>\nCaract\u00e9ristiques: Porte-bouteille \u00e0 eau, imperm\u00e9able, poche avant \u00e0 fermeture \u00e9clair, \u00e9l\u00e9ments r\u00e9fl\u00e9chissants, compartiment pour ordinateur portable rembourr\u00e9 de mousse<br \/>\nSangle de transport: Poign\u00e9e, Bretelles<br \/>\nType de fermeture: Fermeture \u00e9clair<br \/>\nCapacit\u00e9: 20 litres<br \/>\nCouleur: Impression r\u00e9fl\u00e9chissante noire avec texture bossel\u00e9e<\/p>\n","protected":false},"featured_media":5752,"comment_status":"open","ping_status":"closed","template":"","meta":{"_acf_changed":false,"_monsterinsights_skip_tracking":false,"_monsterinsights_sitenote_active":false,"_monsterinsights_sitenote_note":"","_monsterinsights_sitenote_category":0,"_uf_show_specific_survey":0,"_uf_disable_surveys":false,"_joinchat":[]},"product_brand":[],"product_cat":[257,290],"product_tag":[],"class_list":{"0":"post-5751","1":"product","2":"type-product","3":"status-publish","4":"has-post-thumbnail","6":"product_cat-sacoche-et-sac-a-dos","7":"product_cat-meilleures-ventes","9":"first","10":"instock","11":"sale","12":"shipping-taxable","13":"purchasable","14":"product-type-simple"},"acf":[],"jetpack_sharing_enabled":true,"_links":{"self":[{"href":"https:\/\/digistar.ma\/index.php?rest_route=\/wp\/v2\/product\/5751","targetHints":{"allow":["GET"]}}],"collection":[{"href":"https:\/\/digistar.ma\/index.php?rest_route=\/wp\/v2\/product"}],"about":[{"href":"https:\/\/digistar.ma\/index.php?rest_route=\/wp\/v2\/types\/product"}],"replies":[{"embeddable":true,"href":"https:\/\/digistar.ma\/index.php?rest_route=%2Fwp%2Fv2%2Fcomments&post=5751"}],"version-history":[{"count":2,"href":"https:\/\/digistar.ma\/index.php?rest_route=\/wp\/v2\/product\/5751\/revisions"}],"predecessor-version":[{"id":5757,"href":"https:\/\/digistar.ma\/index.php?rest_route=\/wp\/v2\/product\/5751\/revisions\/5757"}],"wp:featuredmedia":[{"embeddable":true,"href":"https:\/\/digistar.ma\/index.php?rest_route=\/wp\/v2\/media\/5752"}],"wp:attachment":[{"href":"https:\/\/digistar.ma\/index.php?rest_route=%2Fwp%2Fv2%2Fmedia&parent=5751"}],"wp:term":[{"taxonomy":"product_brand","embeddable":true,"href":"https:\/\/digistar.ma\/index.php?rest_route=%2Fwp%2Fv2%2Fproduct_brand&post=5751"},{"taxonomy":"product_cat","embeddable":true,"href":"https:\/\/digistar.ma\/index.php?rest_route=%2Fwp%2Fv2%2Fproduct_cat&post=5751"},{"taxonomy":"product_tag","embeddable":true,"href":"https:\/\/digistar.ma\/index.php?rest_route=%2Fwp%2Fv2%2Fproduct_tag&post=5751"}],"curies":[{"name":"wp","href":"https:\/\/api.w.org\/{rel}","templated":true}]}}