{"id":5790,"date":"2023-07-11T15:03:19","date_gmt":"2023-07-11T15:03:19","guid":{"rendered":"https:\/\/digistar.ma\/?post_type=product&#038;p=5790"},"modified":"2023-07-11T16:10:58","modified_gmt":"2023-07-11T16:10:58","slug":"canon-pixma-g2411-imprimante-multifonction-a-reservoirs-rechargeables","status":"publish","type":"product","link":"https:\/\/digistar.ma\/?product=canon-pixma-g2411-imprimante-multifonction-a-reservoirs-rechargeables","title":{"rendered":"Canon PIXMA G2411 Imprimante multifonction \u00e0 r\u00e9servoirs rechargeables"},"content":{"rendered":"<h4>Canon PIXMA G2411 Imprimante multifonction \u00e0 r\u00e9servoirs rechargeables<\/h4>\n<p>Un appareil multifonction compact, fiable et rechargeable, id\u00e9al \u00e0 la maison comme au bureau, avec des encres \u00e0 haut rendement pour r\u00e9aliser des impressions \u00e0 faible co\u00fbt de production.<\/p>\n<h2 class=\"pl-h1 pl-h1--alt pl-push pl-push--mobile--smallest pl-push--tablet--smallest pl-push--desktop--smallest\">Compact \u00e0 haut rendement pour imprimer, copier et num\u00e9riser<\/h2>\n<p class=\"pl-text pl-text--medium\">Efficace et polyvalente, cette imprimante multifonction \u00e9quip\u00e9e de bouteilles d&#8217;encre haut rendement \u00e0 faible co\u00fbt offre des fonctions d&#8217;impression, de copie et de num\u00e9risation de qualit\u00e9 de vos documents et photos. Sa fiabilit\u00e9 lui permet en outre de g\u00e9rer des volumes de pages \u00e9lev\u00e9s en toute simplicit\u00e9.<\/p>\n<div class=\"col-xs-12 col-lg-4 pl-push pl-push--mobile--smaller pl-push--tablet--smaller pl-push--desktop--small\">\n<h2 class=\"pl-h2 pl-push pl-push--mobile--smallest pl-push--tablet--smallest pl-push--desktop--smallest\">Rendements de page incroyables<\/h2>\n<p>B\u00e9n\u00e9ficiez d&#8217;une impression productive extr\u00eamement rentable avec de hauts rendements*, jusqu&#8217;\u00e0 12.000\u00a0pages avec 2\u00a0bouteilles d&#8217;encre noire et 7000\u00a0pages avec un kit de bouteilles d&#8217;encre couleur.<\/p>\n<\/div>\n<div class=\"col-xs-12 col-lg-4 pl-push pl-push--mobile--smaller pl-push--tablet--smaller pl-push--desktop--small\">\n<h2 class=\"pl-h2 pl-push pl-push--mobile--smallest pl-push--tablet--smallest pl-push--desktop--smallest\">Impressions de haute qualit\u00e9<\/h2>\n<p>Imprimez en haute qualit\u00e9 gr\u00e2ce \u00e0 la technologie FINE de Canon et au syst\u00e8me d&#8217;encre hybride, dot\u00e9 d&#8217;un pigment noir pour des documents nets et de couleurs \u00e0 base de colorants pour des photos \u00e9clatantes sans bordure jusqu&#8217;au format\u00a0A4.<\/p>\n<\/div>\n<div class=\"col-xs-12 col-lg-4 pl-push pl-push--mobile--smaller pl-push--tablet--smaller pl-push--desktop--small\">\n<h2 class=\"pl-h2 pl-push pl-push--mobile--smallest pl-push--tablet--smallest pl-push--desktop--smallest\">Multifonction compact et fiable<\/h2>\n<h4>Canon PIXMA <a href=\"https:\/\/digistar.ma\/?product=canon-pixma-g2411-imprimante-multifonction-a-reservoirs-rechargeables\">G2411<\/a> Imprimante multifonction \u00e0 r\u00e9servoirs rechargeables<\/h4>\n<p>compact avec fonctions d&#8217;impression, de copie et de num\u00e9risation traite de grands volumes d&#8217;impression en toute simplicit\u00e9 gr\u00e2ce \u00e0 son syst\u00e8me d&#8217;encre FINE r\u00e9sistant. La solution id\u00e9ale pour les particuliers et les petites entreprises.<\/p>\n<div class=\"col-xs-12 col-lg-4 pl-push pl-push--mobile--smaller pl-push--tablet--smaller pl-push--desktop--small\">\n<div class=\"col-xs-12 col-lg-4 pl-push pl-push--mobile--smaller pl-push--tablet--smaller pl-push--desktop--small\">\n<h2 class=\"pl-h2 pl-push pl-push--mobile--smallest pl-push--tablet--smallest pl-push--desktop--smallest\">Fonctionnement ais\u00e9<\/h2>\n<p>Profitez d\u2019une connexion USB rapide et facile \u00e0 votre PC et d\u2019une grande facilit\u00e9 d\u2019utilisation avec l&#8217;\u00e9cran LCD 1,2\u201d (3 cm) monochrome id\u00e9al pour s\u00e9lectionner facilement des copies multiples et des boutons de commandes.<\/p>\n<\/div>\n<div class=\"col-xs-12 col-lg-4 pl-push pl-push--mobile--smaller pl-push--tablet--smaller pl-push--desktop--small\">\n<h2 class=\"pl-h2 pl-push pl-push--mobile--smallest pl-push--tablet--smallest pl-push--desktop--smallest\">Des impressions cr\u00e9atives<\/h2>\n<p>Imprimez facilement vos photos de mani\u00e8re innovante et cr\u00e9ative gr\u00e2ce au logiciel photo My Image Garden. Ce logiciel comprend la reconnaissance faciale, de sorte que vous pouvez effectuer en toute simplicit\u00e9 une recherche parmi toutes les images de votre PC.<\/p>\n<\/div>\n<\/div>\n<h4>Caract\u00e9ristiques de Canon PIXMA G2411 Imprimante multifonction \u00e0 r\u00e9servoirs rechargeables<\/h4>\n<p>Impression, copie et scan<br \/>\nLivr\u00e9e avec 1 jeu de bouteilles d&#8217;encre \u00e0 haut rendement et 1 bouteille d&#8217;encre noire suppl\u00e9mentaire<br \/>\nVitesse d&#8217;impression noir: 8,8 pages\/min en norme ISO<br \/>\nVitesse d&#8217;impression couleur: 5 pages\/min en norme ISO<br \/>\nQualit\u00e9 d&#8217;impression noire: Jusqu&#8217;\u00e0 4800 \u00d7 1200 DPI (ppp)<br \/>\nQualit\u00e9 d&#8217;impression couleur: Jusqu&#8217;\u00e0 4800 \u00d7 1200 DPI (ppp)<br \/>\nImpression recto\/verso: Manuelle<br \/>\nFonctionne avec: 4 R\u00e9servoirs (noir, cyan,\u00a0\u00a0magenta, jaune)<br \/>\nConnectivit\u00e9: 1 port USB 2.0<\/p>\n<\/div>\n","protected":false},"excerpt":{"rendered":"<p>Impression, copie et scan<br \/>\nLivr\u00e9e avec 1 jeu de bouteilles d&#8217;encre \u00e0 haut rendement et 1 bouteille d&#8217;encre noire suppl\u00e9mentaire<br \/>\nVitesse d&#8217;impression noir: 8,8 pages\/min en norme ISO<br \/>\nVitesse d&#8217;impression couleur: 5 pages\/min en norme ISO<br \/>\nQualit\u00e9 d&#8217;impression noire: Jusqu&#8217;\u00e0 4800 \u00d7 1200 DPI (ppp)<br \/>\nQualit\u00e9 d&#8217;impression couleur: Jusqu&#8217;\u00e0 4800 \u00d7 1200 DPI (ppp)<br \/>\nImpression recto\/verso: Manuelle<br \/>\nFonctionne avec: 4 R\u00e9servoirs (noir, cyan, \u00a0magenta, jaune)<br \/>\nConnectivit\u00e9: 1 port USB 2.0<\/p>\n","protected":false},"featured_media":5791,"comment_status":"open","ping_status":"closed","template":"","meta":{"_acf_changed":false,"_monsterinsights_skip_tracking":false,"_monsterinsights_sitenote_active":false,"_monsterinsights_sitenote_note":"","_monsterinsights_sitenote_category":0,"_uf_show_specific_survey":0,"_uf_disable_surveys":false,"_joinchat":[]},"product_brand":[],"product_cat":[15,253,265,269],"product_tag":[],"class_list":{"0":"post-5790","1":"product","2":"type-product","3":"status-publish","4":"has-post-thumbnail","6":"product_cat-imprimante-scanner","7":"product_cat-imprimante","8":"product_cat-imprimante-a-reservoirs-rechargeables","9":"product_cat-imprimante-jet-dencre","11":"first","12":"instock","13":"sale","14":"shipping-taxable","15":"purchasable","16":"product-type-simple"},"acf":[],"jetpack_sharing_enabled":true,"_links":{"self":[{"href":"https:\/\/digistar.ma\/index.php?rest_route=\/wp\/v2\/product\/5790","targetHints":{"allow":["GET"]}}],"collection":[{"href":"https:\/\/digistar.ma\/index.php?rest_route=\/wp\/v2\/product"}],"about":[{"href":"https:\/\/digistar.ma\/index.php?rest_route=\/wp\/v2\/types\/product"}],"replies":[{"embeddable":true,"href":"https:\/\/digistar.ma\/index.php?rest_route=%2Fwp%2Fv2%2Fcomments&post=5790"}],"version-history":[{"count":2,"href":"https:\/\/digistar.ma\/index.php?rest_route=\/wp\/v2\/product\/5790\/revisions"}],"predecessor-version":[{"id":5797,"href":"https:\/\/digistar.ma\/index.php?rest_route=\/wp\/v2\/product\/5790\/revisions\/5797"}],"wp:featuredmedia":[{"embeddable":true,"href":"https:\/\/digistar.ma\/index.php?rest_route=\/wp\/v2\/media\/5791"}],"wp:attachment":[{"href":"https:\/\/digistar.ma\/index.php?rest_route=%2Fwp%2Fv2%2Fmedia&parent=5790"}],"wp:term":[{"taxonomy":"product_brand","embeddable":true,"href":"https:\/\/digistar.ma\/index.php?rest_route=%2Fwp%2Fv2%2Fproduct_brand&post=5790"},{"taxonomy":"product_cat","embeddable":true,"href":"https:\/\/digistar.ma\/index.php?rest_route=%2Fwp%2Fv2%2Fproduct_cat&post=5790"},{"taxonomy":"product_tag","embeddable":true,"href":"https:\/\/digistar.ma\/index.php?rest_route=%2Fwp%2Fv2%2Fproduct_tag&post=5790"}],"curies":[{"name":"wp","href":"https:\/\/api.w.org\/{rel}","templated":true}]}}