{"id":5831,"date":"2023-07-11T22:44:14","date_gmt":"2023-07-11T22:44:14","guid":{"rendered":"https:\/\/digistar.ma\/?post_type=product&#038;p=5831"},"modified":"2023-07-11T22:45:53","modified_gmt":"2023-07-11T22:45:53","slug":"canon-pixma-g3420-imprimante-multifonction-a-reservoirs-rechargeables","status":"publish","type":"product","link":"https:\/\/digistar.ma\/?product=canon-pixma-g3420-imprimante-multifonction-a-reservoirs-rechargeables","title":{"rendered":"Canon PIXMA G3420 Imprimante multifonction \u00e0 r\u00e9servoirs rechargeables"},"content":{"rendered":"<p><strong>Canon PIXMA G3420 Imprimante multifonction \u00e0 r\u00e9servoirs rechargeables<\/strong><\/p>\n<p>B\u00e9n\u00e9ficiez d\u2019une impression qui allie productivit\u00e9 et qualit\u00e9 tout en r\u00e9alisant des \u00e9conomies, gr\u00e2ce \u00e0 cette imprimante\u00a0<a href=\"https:\/\/www.canon.fr\/printers\/refillable-ink-tank-printers\/\" target=\"_blank\" rel=\"noopener\">MegaTank<\/a>\u00a0multifonction \u00e0 haut rendement, offrant une connectivit\u00e9 Wi-Fi et Cloud et la prise en charge de divers supports, pour imprimer des documents impeccables et des photographies lumineuses \u00e0 domicile ou au bureau.<\/p>\n<div class=\"block-flex-list__item-wrapper\">\n<div class=\"block-flex-list__item-details\">\n<h4 class=\"canon-section-title--small canon-color--grey-darkest\">Impression de volumes consid\u00e9rables \u00e0 faible co\u00fbt<\/h4>\n<p class=\"block-flex-list__item-description canon-paragraph--medium canon-color--grey-darkest\">Continuez \u00e0 imprimer sans vous ruiner gr\u00e2ce \u00e0 des rendements impressionnants atteignant 12.000 pages (26 % de plus en mode \u00e9conomique) avec 2\u00a0bouteilles d\u2019encre noire, ou 7700\u00a0pages avec un seul kit de bouteilles d\u2019encre couleur.<sup><a class=\"footnote-reference\" href=\"https:\/\/fr.canon-cna.com\/printers\/pixma-g3420\/#footnote-1\" target=\"_blank\" rel=\"noopener\">1<\/a><\/sup><\/p>\n<\/div>\n<h4 class=\"block-flex-list__item-details\">Vitesse \u00e9lev\u00e9e pour une haute qualit\u00e9<\/h4>\n<p class=\"block-flex-list__item-details\">Faites rimer qualit\u00e9 et vitesse (9,1\u00a0ipm en noir et blanc \/ 5\u00a0ipm en couleur<sup><a class=\"footnote-reference\" href=\"https:\/\/fr.canon-cna.com\/printers\/pixma-g3420\/#footnote-2\" target=\"_blank\" rel=\"noopener\">2<\/a><\/sup>), gr\u00e2ce \u00e0 l\u2019encre noire pigment\u00e9e qui garantit un texte parfaitement net et \u00e0 des encres couleur \u00e0 base de colorants qui offrent des photos aux couleurs \u00e9clatantes. Imprimez sur divers supports, et m\u00eame des banni\u00e8res de 1,2\u00a0m\u00e8tre de long.<\/p>\n<div class=\"block-flex-list__item-details\">\n<p class=\"canon-section-title--small canon-color--grey-darkest\"><strong>Maintenance ais\u00e9e<\/strong><\/p>\n<p class=\"block-flex-list__item-description canon-paragraph--medium canon-color--grey-darkest\">R\u00e9duisez les temps d\u2019arr\u00eat et respectez facilement vos d\u00e9lais gr\u00e2ce \u00e0 une cartouche d\u2019entretien rempla\u00e7able par l\u2019utilisateur qui garantit des performances fiables jour apr\u00e8s jour.<\/p>\n<\/div>\n<div class=\"block-flex-list__item-details\">\n<p class=\"canon-section-title--small canon-color--grey-darkest\"><strong>Un design bien pens\u00e9<\/strong><\/p>\n<p class=\"block-flex-list__item-description canon-paragraph--medium canon-color--grey-darkest\">Rechargez les r\u00e9servoirs d\u2019encre facilement \u00e0 l\u2019aide de bouteilles sans compression tr\u00e8s pratiques, \u00e9quip\u00e9es de \u00ab\u00a0d\u00e9trompeurs\u00a0\u00bb avec un type d\u2019embout unique pour s\u2019assurer que chaque bouteille d\u2019encre ne peut \u00eatre utilis\u00e9e que pour recharger le r\u00e9servoir ad\u00e9quat.<\/p>\n<\/div>\n<div class=\"block-flex-list__item-details\">\n<p class=\"canon-section-title--small canon-color--grey-darkest\"><strong>Connectivit\u00e9 intelligente<\/strong><\/p>\n<p class=\"block-flex-list__item-description canon-paragraph--medium canon-color--grey-darkest\">Imprimez, scannez, copiez et connectez-vous au Cloud via l\u2019application Canon PRINT et PIXMA Cloud Link, et imprimez directement \u00e0 partir de votre smartphone ou tablette via AirPrint (iOS) et Mopria (Android).<\/p>\n<h4 class=\"product-feature__header canon-section-title--big canon-mb-m\">Caract\u00e9ristiques de Canon PIXMA G3420 Imprimante multifonction \u00e0 r\u00e9servoirs rechargeables<\/h4>\n<p>Livr\u00e9e avec 1 jeu de bouteilles et 1 bouteille d\u2019encre noir suppl\u00e9mentaire<br \/>\nVitesse d\u2019impression noir: 9,1 pages\/min en norme ISO<br \/>\nVitesse d\u2019impression couleur: 5,0 pages\/min en norme ISO<br \/>\nQualit\u00e9 d\u2019impression noire: Jusqu\u2019\u00e0 4800 x 1200 ppp<br \/>\nQualit\u00e9 d\u2019impression couleur: Jusqu\u2019\u00e0 4800 x 1200 ppp<br \/>\nImpression recto\/verso: Manuelle<br \/>\nFonctionne avec: 4 R\u00e9servoirs (noir, cyan, magenta, jaune)<br \/>\nConnectivit\u00e9: 1 port USB, Wi-Fi<\/p>\n<\/div>\n<\/div>\n","protected":false},"excerpt":{"rendered":"<p>Impression, copie et scan<br \/>\nLivr\u00e9e avec 1 jeu de bouteilles et 1 bouteille d&#8217;encre noir suppl\u00e9mentaire<br \/>\nVitesse d&#8217;impression noir: 9,1 pages\/min en norme ISO<br \/>\nVitesse d&#8217;impression couleur: 5,0 pages\/min en norme ISO<br \/>\nQualit\u00e9 d&#8217;impression noire: Jusqu&#8217;\u00e0 4800 x 1200 ppp<br \/>\nQualit\u00e9 d&#8217;impression couleur: Jusqu&#8217;\u00e0 \u00a04800 x 1200 ppp<br \/>\nImpression recto\/verso: Manuelle <a href=\"https:\/\/digistar.ma\/?product=canon-pixma-g3420-imprimante-multifonction-a-reservoirs-rechargeables\">1<\/a><br \/>\nFonctionne avec: 4 R\u00e9servoirs (noir, cyan, magenta, jaune)<br \/>\nConnectivit\u00e9: 1 port USB, Wi-Fi<\/p>\n","protected":false},"featured_media":5832,"comment_status":"open","ping_status":"closed","template":"","meta":{"_acf_changed":false,"_monsterinsights_skip_tracking":false,"_monsterinsights_sitenote_active":false,"_monsterinsights_sitenote_note":"","_monsterinsights_sitenote_category":0,"_uf_show_specific_survey":0,"_uf_disable_surveys":false,"_joinchat":[]},"product_brand":[],"product_cat":[15,253,265,290],"product_tag":[],"class_list":{"0":"post-5831","1":"product","2":"type-product","3":"status-publish","4":"has-post-thumbnail","6":"product_cat-imprimante-scanner","7":"product_cat-imprimante","8":"product_cat-imprimante-a-reservoirs-rechargeables","9":"product_cat-meilleures-ventes","11":"first","12":"instock","13":"sale","14":"shipping-taxable","15":"purchasable","16":"product-type-simple"},"acf":[],"jetpack_sharing_enabled":true,"_links":{"self":[{"href":"https:\/\/digistar.ma\/index.php?rest_route=\/wp\/v2\/product\/5831","targetHints":{"allow":["GET"]}}],"collection":[{"href":"https:\/\/digistar.ma\/index.php?rest_route=\/wp\/v2\/product"}],"about":[{"href":"https:\/\/digistar.ma\/index.php?rest_route=\/wp\/v2\/types\/product"}],"replies":[{"embeddable":true,"href":"https:\/\/digistar.ma\/index.php?rest_route=%2Fwp%2Fv2%2Fcomments&post=5831"}],"version-history":[{"count":2,"href":"https:\/\/digistar.ma\/index.php?rest_route=\/wp\/v2\/product\/5831\/revisions"}],"predecessor-version":[{"id":5837,"href":"https:\/\/digistar.ma\/index.php?rest_route=\/wp\/v2\/product\/5831\/revisions\/5837"}],"wp:featuredmedia":[{"embeddable":true,"href":"https:\/\/digistar.ma\/index.php?rest_route=\/wp\/v2\/media\/5832"}],"wp:attachment":[{"href":"https:\/\/digistar.ma\/index.php?rest_route=%2Fwp%2Fv2%2Fmedia&parent=5831"}],"wp:term":[{"taxonomy":"product_brand","embeddable":true,"href":"https:\/\/digistar.ma\/index.php?rest_route=%2Fwp%2Fv2%2Fproduct_brand&post=5831"},{"taxonomy":"product_cat","embeddable":true,"href":"https:\/\/digistar.ma\/index.php?rest_route=%2Fwp%2Fv2%2Fproduct_cat&post=5831"},{"taxonomy":"product_tag","embeddable":true,"href":"https:\/\/digistar.ma\/index.php?rest_route=%2Fwp%2Fv2%2Fproduct_tag&post=5831"}],"curies":[{"name":"wp","href":"https:\/\/api.w.org\/{rel}","templated":true}]}}