{"id":5838,"date":"2023-07-12T13:21:34","date_gmt":"2023-07-12T13:21:34","guid":{"rendered":"https:\/\/digistar.ma\/?post_type=product&#038;p=5838"},"modified":"2023-07-12T13:58:17","modified_gmt":"2023-07-12T13:58:17","slug":"samsung-uhd-4k-ecran-incurve-32-pouces-lu32r590cwpxen","status":"publish","type":"product","link":"https:\/\/digistar.ma\/?product=samsung-uhd-4k-ecran-incurve-32-pouces-lu32r590cwpxen","title":{"rendered":"Samsung UHD 4K \u00c9cran incurv\u00e9 32 pouces LU32R590CWPXEN"},"content":{"rendered":"<p><strong>Samsung UHD 4K \u00c9cran incurv\u00e9 32 pouces LU32R590CWPXEN<\/strong><\/p>\n<h4 class=\"h2-master\">Confort sup\u00e9rieur, qualit\u00e9 d&#8217;image sup\u00e9rieure<\/h4>\n<section>Le spectacle visuel est intense avec le moniteur incurv\u00e9\u00a0<strong>Samsung LU32R590CWPXEN<\/strong>\u00a0et sa r\u00e9solution Ultra HD ! Appr\u00e9ciez une grande surface de travail, des couleurs riches ainsi qu&#8217;un confort visuel sup\u00e9rieur pour une utilisation agr\u00e9able au quotidien. El\u00e9gant, ce mod\u00e8le dispose d&#8217;un pied \u00e9pur\u00e9 et de contours aux bords fins. Enfin, un port HDMI et un connecteur DisplayPort offrent une solution de connexion id\u00e9ale pour vos diff\u00e9rents besoins.<\/p>\n<h5>IMMERSION 4K UHD<\/h5>\n<p>Avec sa courbure 1500R, le Samsung UHD 4K \u00c9cran incurv\u00e9 32 pouces LU32R590CWPXEN\u00a0permet une immersion totale et une concentration maximum. Ce mod\u00e8le dispose d&#8217;une dalle VA de 31.5 pouces avec une excellente\u00a0<strong>r\u00e9solution Ultra HD<\/strong>\u00a0(3840 x 2160 pixels). Affichez facilement plus de contenus et b\u00e9n\u00e9ficiez de conditions optimales.<\/p>\n<p>De plus, des fonctionnalit\u00e9s multi-t\u00e2ches sont disponibles pour g\u00e9rer facilement l&#8217;affichage de plusieurs fen\u00eatres en m\u00eame temps. D\u00e9couvrez la fonction Picture-by-Picture ou l&#8217;outil Easy Setting Box pour simplifier votre quotidien.<\/p>\n<h5>ADAPT\u00c9 \u00c0 VOTRE QUOTIDIEN<\/h5>\n<p>Son design \u00e9l\u00e9gant et \u00e9pur\u00e9 int\u00e8gre des bords fins pour maximiser encore un peu plus la surface d&#8217;affichage. Cet \u00e9cran Samsung est capable d&#8217;afficher plus d&#8217;<strong>un milliard de nuances de couleurs<\/strong>\u00a0et dispose d&#8217;une luminosit\u00e9 de 250 cd\/m\u00b2. De son c\u00f4t\u00e9, le contraste natif de 3000:1 vous permettra de voir parfaitement les d\u00e9tails !<\/p>\n<p>Apr\u00e8s de longues heures devant l&#8217;\u00e9cran, une\u00a0fatigue oculaire peut faire son apparition. Pour lutter efficacement contre ces effets, Samsung a int\u00e9gr\u00e9 des technologies de confort oculaire. Dans un premier temps, le mode\u00a0<strong>Flicker Free<\/strong>\u00a0\u00e9limine le scintillement pour un bien-\u00eatre sup\u00e9rieur. De son c\u00f4t\u00e9, le mode\u00a0<strong>Eye Saver<\/strong>\u00a0r\u00e9duira la lumi\u00e8re bleue au quotidien pour pr\u00e9server id\u00e9alement vos yeux m\u00eame apr\u00e8s plusieurs heures face \u00e0 l&#8217;\u00e9cran.<\/p>\n<h4>CARACT\u00c9RISTIQUES PRINCIPALES de <strong>Samsung UHD 4K \u00c9cran incurv\u00e9 32 pouces LU32R590CWPXEN<\/strong><\/h4>\n<ul>\n<li><strong>Moniteur incurv\u00e9 de 31.5\u00a0pouces<\/strong>\u00a0avec r\u00e9solution\u00a0<strong>Ultra HD (3840 x 2160) 60 Hz<\/strong><\/li>\n<li><strong>Dalle VA\u00a0<\/strong>: angles de vision larges (178\u00b0) et couleurs de qualit\u00e9 sup\u00e9rieure<\/li>\n<li>Couleurs riches avec 1 milliard de nuances de couleurs<\/li>\n<li>Technologie de mise \u00e0 l&#8217;\u00e9chelle UHD<\/li>\n<li>Affichage fluide avec un temps de r\u00e9ponse de 4 ms (gris \u00e0 gris)<\/li>\n<li>Gestion multi-t\u00e2ches avec Easy Setting Box et Picture-by-Picture<\/li>\n<li><strong>Connecteurs<\/strong>\u00a0: HDMI 2.0 + DisplayPort 1.2<\/li>\n<li>Meilleur confort oculaire avec le mode\u00a0<strong>Eye Saver\u00a0<\/strong>et la technologie\u00a0<strong>Flicker Free<\/strong><\/li>\n<li><strong>Design \u00e9l\u00e9gant aux bords fins<\/strong><\/li>\n<\/ul>\n<\/section>\n","protected":false},"excerpt":{"rendered":"<p><a href=\"https:\/\/digistar.ma\/?product=samsung-uhd-4k-ecran-incurve-32-pouces-lu32r590cwpxen\">Taille de l&#8217;\u00e9cran: 32&#8243; &#8211; Format 16:9<\/a><br \/>\nCourbure de l&#8217;\u00e9cran: Incurv\u00e9<br \/>\nType de Dalle: VA<br \/>\nR\u00e9solution: UHD 3.840 x 2.160<br \/>\nTemps de r\u00e9ponse: 4 ms (gris \u00e0 gris)<br \/>\nTaux de rafra\u00eechissement: Max 60 Hz<br \/>\nConnecteurs d&#8217;entr\u00e9e: HDMI<br \/>\nR\u00e9glages de la position de l&#8217;\u00e9cran: Inclinaison &#8211; 1,0\u00b0\uff08- 2,0\u00b0 ~ + \u00a01,0\u00b0\uff09~ + 17,0\u00b0\uff08\u00b1 2,0\u00b0\uff09<\/p>\n","protected":false},"featured_media":5839,"comment_status":"open","ping_status":"closed","template":"","meta":{"_acf_changed":false,"_monsterinsights_skip_tracking":false,"_monsterinsights_sitenote_active":false,"_monsterinsights_sitenote_note":"","_monsterinsights_sitenote_category":0,"_uf_show_specific_survey":0,"_uf_disable_surveys":false,"_joinchat":[]},"product_brand":[],"product_cat":[259,239],"product_tag":[],"class_list":{"0":"post-5838","1":"product","2":"type-product","3":"status-publish","4":"has-post-thumbnail","6":"product_cat-ecran-pc","7":"product_cat-ecran-moniteur","9":"first","10":"instock","11":"sale","12":"shipping-taxable","13":"purchasable","14":"product-type-simple"},"acf":[],"jetpack_sharing_enabled":true,"_links":{"self":[{"href":"https:\/\/digistar.ma\/index.php?rest_route=\/wp\/v2\/product\/5838","targetHints":{"allow":["GET"]}}],"collection":[{"href":"https:\/\/digistar.ma\/index.php?rest_route=\/wp\/v2\/product"}],"about":[{"href":"https:\/\/digistar.ma\/index.php?rest_route=\/wp\/v2\/types\/product"}],"replies":[{"embeddable":true,"href":"https:\/\/digistar.ma\/index.php?rest_route=%2Fwp%2Fv2%2Fcomments&post=5838"}],"version-history":[{"count":6,"href":"https:\/\/digistar.ma\/index.php?rest_route=\/wp\/v2\/product\/5838\/revisions"}],"predecessor-version":[{"id":5849,"href":"https:\/\/digistar.ma\/index.php?rest_route=\/wp\/v2\/product\/5838\/revisions\/5849"}],"wp:featuredmedia":[{"embeddable":true,"href":"https:\/\/digistar.ma\/index.php?rest_route=\/wp\/v2\/media\/5839"}],"wp:attachment":[{"href":"https:\/\/digistar.ma\/index.php?rest_route=%2Fwp%2Fv2%2Fmedia&parent=5838"}],"wp:term":[{"taxonomy":"product_brand","embeddable":true,"href":"https:\/\/digistar.ma\/index.php?rest_route=%2Fwp%2Fv2%2Fproduct_brand&post=5838"},{"taxonomy":"product_cat","embeddable":true,"href":"https:\/\/digistar.ma\/index.php?rest_route=%2Fwp%2Fv2%2Fproduct_cat&post=5838"},{"taxonomy":"product_tag","embeddable":true,"href":"https:\/\/digistar.ma\/index.php?rest_route=%2Fwp%2Fv2%2Fproduct_tag&post=5838"}],"curies":[{"name":"wp","href":"https:\/\/api.w.org\/{rel}","templated":true}]}}