{"id":5858,"date":"2023-07-12T16:53:41","date_gmt":"2023-07-12T16:53:41","guid":{"rendered":"https:\/\/digistar.ma\/?post_type=product&#038;p=5858"},"modified":"2023-07-12T16:53:42","modified_gmt":"2023-07-12T16:53:42","slug":"router-tp-link-300mbps-wireless-n-300-mbps-tl-wr840n","status":"publish","type":"product","link":"https:\/\/digistar.ma\/?product=router-tp-link-300mbps-wireless-n-300-mbps-tl-wr840n","title":{"rendered":"Router TP-Link 300Mbps Wireless N 300 Mbps TL-WR840N"},"content":{"rendered":"<p><strong>Router TP-Link 300Mbps Wireless N 300 Mbps TL-WR840N<\/strong><\/p>\n<p>Optimisez votre connexion avec le routeur TP-Link 300Mbps Wireless N ! Avec une vitesse de transmission de 300Mbps, il assure une performance robuste pour tous vos besoins en ligne, que ce soit pour des t\u00e2ches exigeantes en bande passante ou pour le travail de base. Il propose 4 modes pour un usage polyvalent, un contr\u00f4le parental pour g\u00e9rer l&#8217;acc\u00e8s internet de\u00a0<sup><a href=\"https:\/\/www.iris.ma\/15701-router-tp-link-300mbps-wireless-n-300-mbps-tl-wr840n.html\" target=\"_blank\" rel=\"noopener\">1<\/a><\/sup>\u00a0vos appareils connect\u00e9s, et une fonctionnalit\u00e9 IPTV pour optimiser le streaming. Profitez aussi d&#8217;un acc\u00e8s invit\u00e9 s\u00e9curis\u00e9, tout en \u00e9tant compatible IPv6. Faites l&#8217;exp\u00e9rience d&#8217;une connectivit\u00e9 sans faille !<\/p>\n<p>Wi-Fi rapide et quotidien Vitesse N sans fil 300 Mbps TL-WR840N<\/p>\n<p>Configuration et utilisation faciles Configurez le TL-WR840N en quelques minutes gr\u00e2ce \u00e0 son interface Web intuitive et \u00e0 la puissante application Tether. Tether vous permet \u00e9galement de g\u00e9rer ses param\u00e8tres r\u00e9seau \u00e0 partir de n&#8217;importe quel appareil Android ou iOS, y compris les contr\u00f4les parentaux et le contr\u00f4le d&#8217;acc\u00e8s.<\/p>\n<p>Acc\u00e8s invit\u00e9 au r\u00e9seau La fonction de r\u00e9seau invit\u00e9 offre un acc\u00e8s s\u00e9curis\u00e9 aux invit\u00e9s pour partager votre r\u00e9seau Wi-Fi. Partage facile, pas de souci pour votre r\u00e9seau priv\u00e9.<\/p>\n<p>Contr\u00f4le parental facile Le contr\u00f4le parental permet aux parents ou aux administrateurs de d\u00e9ployer un acc\u00e8s restreint pour les enfants ou le personnel. Avec le blocage d&#8217;URL, vous pouvez facilement configurer une liste noire ou blanche pour limiter le niveau d&#8217;acc\u00e8s au Web.<\/p>\n<div class=\"electro-description clearfix\">\n<div class=\"padding-default\">\n<p><strong>Caract\u00e9ristiques de Router TP-Link 300Mbps Wireless N 300 Mbps TL-WR840N<\/strong><\/p>\n<\/div>\n<\/div>\n<div class=\"product_meta\">\n<ul>\n<li>Taux de transmission sans fil de 300 Mbps id\u00e9al pour les t\u00e2ches sensibles \u00e0 la bande passante et le travail de base<\/li>\n<li>Cryptage de s\u00e9curit\u00e9 sans fil facile en appuyant sur le bouton WPS<\/li>\n<li>Le contr\u00f4le de la bande passante bas\u00e9 sur IP permet aux administrateurs de d\u00e9terminer la quantit\u00e9 de bande passante allou\u00e9e \u00e0 chaque PC<\/li>\n<li>Le pont sans fil WDS fournit un pontage transparent pour \u00e9tendre votre r\u00e9seau sans fil<\/li>\n<\/ul>\n<p><a href=\"https:\/\/www.tp-link.com\/fr-ma\/home-networking\/wifi-router\/tl-wr840n\/#specifications\" target=\"_blank\" rel=\"noopener\">Sp\u00e9cifications Techniques de Router TP-Link 300Mbps Wireless N 300 Mbps TL-WR840N<\/a><\/p>\n<\/div>\n","protected":false},"excerpt":{"rendered":"<ul>\n<li>Router TP-Link 300Mbps Wireless N 300 Mbps TL-WR840N<\/li>\n<li>Taux de transmission sans fil de 300 Mbps id\u00e9al pour les t\u00e2ches sensibles \u00e0 la bande passante et le travail de base<\/li>\n<li>Cryptage de s\u00e9curit\u00e9 sans fil facile en appuyant sur le bouton WPS<\/li>\n<li>Le contr\u00f4le de la bande passante bas\u00e9 sur IP permet aux administrateurs de d\u00e9terminer la quantit\u00e9 de bande passante allou\u00e9e \u00e0 chaque PC<\/li>\n<li>Le pont sans fil WDS fournit un pontage transparent pour \u00e9tendre votre r\u00e9seau sans fil<\/li>\n<\/ul>\n","protected":false},"featured_media":5859,"comment_status":"open","ping_status":"closed","template":"","meta":{"_acf_changed":false,"_monsterinsights_skip_tracking":false,"_monsterinsights_sitenote_active":false,"_monsterinsights_sitenote_note":"","_monsterinsights_sitenote_category":0,"_uf_show_specific_survey":0,"_uf_disable_surveys":false,"_joinchat":[]},"product_brand":[],"product_cat":[243],"product_tag":[],"class_list":{"0":"post-5858","1":"product","2":"type-product","3":"status-publish","4":"has-post-thumbnail","6":"product_cat-reseaux","8":"first","9":"instock","10":"sale","11":"shipping-taxable","12":"purchasable","13":"product-type-simple"},"acf":[],"jetpack_sharing_enabled":true,"_links":{"self":[{"href":"https:\/\/digistar.ma\/index.php?rest_route=\/wp\/v2\/product\/5858","targetHints":{"allow":["GET"]}}],"collection":[{"href":"https:\/\/digistar.ma\/index.php?rest_route=\/wp\/v2\/product"}],"about":[{"href":"https:\/\/digistar.ma\/index.php?rest_route=\/wp\/v2\/types\/product"}],"replies":[{"embeddable":true,"href":"https:\/\/digistar.ma\/index.php?rest_route=%2Fwp%2Fv2%2Fcomments&post=5858"}],"version-history":[{"count":1,"href":"https:\/\/digistar.ma\/index.php?rest_route=\/wp\/v2\/product\/5858\/revisions"}],"predecessor-version":[{"id":5862,"href":"https:\/\/digistar.ma\/index.php?rest_route=\/wp\/v2\/product\/5858\/revisions\/5862"}],"wp:featuredmedia":[{"embeddable":true,"href":"https:\/\/digistar.ma\/index.php?rest_route=\/wp\/v2\/media\/5859"}],"wp:attachment":[{"href":"https:\/\/digistar.ma\/index.php?rest_route=%2Fwp%2Fv2%2Fmedia&parent=5858"}],"wp:term":[{"taxonomy":"product_brand","embeddable":true,"href":"https:\/\/digistar.ma\/index.php?rest_route=%2Fwp%2Fv2%2Fproduct_brand&post=5858"},{"taxonomy":"product_cat","embeddable":true,"href":"https:\/\/digistar.ma\/index.php?rest_route=%2Fwp%2Fv2%2Fproduct_cat&post=5858"},{"taxonomy":"product_tag","embeddable":true,"href":"https:\/\/digistar.ma\/index.php?rest_route=%2Fwp%2Fv2%2Fproduct_tag&post=5858"}],"curies":[{"name":"wp","href":"https:\/\/api.w.org\/{rel}","templated":true}]}}