{"id":5891,"date":"2023-07-12T18:21:44","date_gmt":"2023-07-12T18:21:44","guid":{"rendered":"https:\/\/digistar.ma\/?post_type=product&#038;p=5891"},"modified":"2025-12-01T09:18:22","modified_gmt":"2025-12-01T09:18:22","slug":"repeteur-wifi-tp-link-tl-wa865re-n-300-mbps","status":"publish","type":"product","link":"https:\/\/digistar.ma\/?product=repeteur-wifi-tp-link-tl-wa865re-n-300-mbps","title":{"rendered":"R\u00e9p\u00e9teur WiFi TP-Link TL-WA865RE N 300 Mbps"},"content":{"rendered":"<p><strong>R\u00e9p\u00e9teur WiFi TP-Link TL-WA865RE N 300 Mbps<\/strong><\/p>\n<p>Am\u00e9liorez votre connexion WiFi \u00e0 domicile avec le r\u00e9p\u00e9teur WiFi TP-Link TL-WA865RE N 300 Mbps. Facile \u00e0 installer et \u00e0 d\u00e9placer gr\u00e2ce \u00e0 sa taille compacte et sa prise gigogne, il \u00e9tend la couverture WiFi dans les zones difficiles \u00e0 atteindre. Ses 2 antennes externes diffusent un signal puissant, tandis que le port\u00a0Ethernet permet de connecter des appareils filaires. Compatible avec toutes les box et les routeurs WiFi, il \u00e9limine les zones sans WiFi. Trouvez le meilleur emplacement gr\u00e2ce \u00e0 ses voyants intelligents. De plus, il peut \u00e9galement fonctionner en tant que point d&#8217;acc\u00e8s sans fil. Contr\u00f4lez votre r\u00e9p\u00e9teur \u00e0 tout moment via l&#8217;application TP-Link Tether.<\/p>\n<h4 class=\"m-regular\">Supprime tous les zones sans WiFi de la maison<\/h4>\n<p>Le TL-WA865RE est con\u00e7u pour \u00e9tendre de mani\u00e8re pratique la couverture et am\u00e9liorer la puissance du signal de votre r\u00e9seau sans fil. Gr\u00e2ce \u00e0 ses 2 antennes externes, le TL-WA865RE transforme vos \u00abzones blanches\u00bb en zones connect\u00e9es, vous permettant de garder les appareils mobiles, les lecteurs multim\u00e9dias et les ordinateurs connect\u00e9s au WiFi avec une connexion fiable.<\/p>\n<h4 class=\"m-regular\">Plug and Play, installation\u00a0simple<\/h4>\n<p>Les utilisateurs peuvent \u00e9tendre la couverture WiFi en appuyant sur le bouton WPS de leur routeur et du r\u00e9p\u00e9teur. Une fois connect\u00e9 au routeur, les utilisateurs peuvent d\u00e9brancher et rebrancher le r\u00e9p\u00e9teur ailleurs sans devoir le configurer \u00e0 nouveau.<\/p>\n<h4 class=\"m-regular\">Design mini pour toujours plus de b\u00e9n\u00e9fices<\/h4>\n<p>Le TL-WA865RE est con\u00e7u avec une prise gigogne int\u00e9gr\u00e9e, qui garantit qu&#8217;aucune prise de courant ne soit condamn\u00e9e.<\/p>\n","protected":false},"excerpt":{"rendered":"<ul>\n<li>Am\u00e9liore la couverture\u00a0WiFi afin d&#8217;atteindre des zones difficiles \u00e0\u00a0 relier ou c\u00e2bler.<\/li>\n<li>De taille minuscule et con\u00e7u pour une utilisation sur une prise murale, il est facile \u00e0 d\u00e9ployer et \u00e0 d\u00e9placer.<\/li>\n<li>La prise gigogne garantit qu&#8217;aucune prise \u00e9lectrique n&#8217;est perdue.<\/li>\n<li>2 antennes externes diffusent un signal WiFi puissant.<\/li>\n<li>1 port Ethernet permet de fonctionner\u00a0 avec un appareil \u00e0 connexion filaire..<\/li>\n<li>Un bouton permet de r\u00e9p\u00e9ter ais\u00e9ment le signal d&#8217;une source compatible WPS.<\/li>\n<li>Compatible avec toutes les\u00a0box du march\u00e9, et routeurs\/points d&#8217;acc\u00e8s WiFi<\/li>\n<\/ul>\n","protected":false},"featured_media":5892,"comment_status":"open","ping_status":"closed","template":"","meta":{"_acf_changed":false,"_monsterinsights_skip_tracking":false,"_monsterinsights_sitenote_active":false,"_monsterinsights_sitenote_note":"","_monsterinsights_sitenote_category":0,"_uf_show_specific_survey":0,"_uf_disable_surveys":false,"_joinchat":[]},"product_brand":[],"product_cat":[243],"product_tag":[],"class_list":{"0":"post-5891","1":"product","2":"type-product","3":"status-publish","4":"has-post-thumbnail","6":"product_cat-reseaux","8":"first","9":"outofstock","10":"sale","11":"shipping-taxable","12":"purchasable","13":"product-type-simple"},"acf":[],"jetpack_sharing_enabled":true,"_links":{"self":[{"href":"https:\/\/digistar.ma\/index.php?rest_route=\/wp\/v2\/product\/5891","targetHints":{"allow":["GET"]}}],"collection":[{"href":"https:\/\/digistar.ma\/index.php?rest_route=\/wp\/v2\/product"}],"about":[{"href":"https:\/\/digistar.ma\/index.php?rest_route=\/wp\/v2\/types\/product"}],"replies":[{"embeddable":true,"href":"https:\/\/digistar.ma\/index.php?rest_route=%2Fwp%2Fv2%2Fcomments&post=5891"}],"version-history":[{"count":1,"href":"https:\/\/digistar.ma\/index.php?rest_route=\/wp\/v2\/product\/5891\/revisions"}],"predecessor-version":[{"id":5896,"href":"https:\/\/digistar.ma\/index.php?rest_route=\/wp\/v2\/product\/5891\/revisions\/5896"}],"wp:featuredmedia":[{"embeddable":true,"href":"https:\/\/digistar.ma\/index.php?rest_route=\/wp\/v2\/media\/5892"}],"wp:attachment":[{"href":"https:\/\/digistar.ma\/index.php?rest_route=%2Fwp%2Fv2%2Fmedia&parent=5891"}],"wp:term":[{"taxonomy":"product_brand","embeddable":true,"href":"https:\/\/digistar.ma\/index.php?rest_route=%2Fwp%2Fv2%2Fproduct_brand&post=5891"},{"taxonomy":"product_cat","embeddable":true,"href":"https:\/\/digistar.ma\/index.php?rest_route=%2Fwp%2Fv2%2Fproduct_cat&post=5891"},{"taxonomy":"product_tag","embeddable":true,"href":"https:\/\/digistar.ma\/index.php?rest_route=%2Fwp%2Fv2%2Fproduct_tag&post=5891"}],"curies":[{"name":"wp","href":"https:\/\/api.w.org\/{rel}","templated":true}]}}