{"id":5902,"date":"2023-07-12T19:02:33","date_gmt":"2023-07-12T19:02:33","guid":{"rendered":"https:\/\/digistar.ma\/?post_type=product&#038;p=5902"},"modified":"2025-07-28T09:58:35","modified_gmt":"2025-07-28T09:58:35","slug":"repeteur-wifi-point-dacces-tp-link-tl-wa850re-wifi-4","status":"publish","type":"product","link":"https:\/\/digistar.ma\/?product=repeteur-wifi-point-dacces-tp-link-tl-wa850re-wifi-4","title":{"rendered":"R\u00e9p\u00e9teur WiFi Point d&#8217;acc\u00e8s TP-Link TL-WA850RE WiFi 4"},"content":{"rendered":"<p><strong>R\u00e9p\u00e9teur WiFi Point d&#8217;acc\u00e8s TP-Link TL-WA850RE WiFi 4\u00a0<\/strong><\/p>\n<p>Am\u00e9liorez votre couverture WiFi avec le r\u00e9p\u00e9teur WiFi TP-Link TL-WA850RE. Il \u00e9tend facilement le signal sans fil dans les zones difficiles \u00e0 atteindre. Sa taille r\u00e9duite et sa prise murale le rendent pratique \u00e0 d\u00e9ployer et \u00e0 d\u00e9placer. Le port Ethernet vous permet de connecter des p\u00e9riph\u00e9riques filaires. Compatible avec toutes les box et routeurs WiFi, il offre une gestion facile via l&#8217;application Tether. Profitez d&#8217;une extension WiFi facile et d&#8217;un emplacement flexible. Boostez votre couverture avec 300 Mbps de vitesse.<\/p>\n<h4>Boostez votre couverture WiFi<\/h4>\n<p>Fatigu\u00e9 des zones sans WiFi ? Le r\u00e9p\u00e9teur WiFi TP-Link se connecte \u00e0 votre routeur sans fil (ou box), pour renforcer\u00a0et \u00e9tendre son signal dans des zones qu\u2019il ne peut pas atteindre\u00a0seule. Ce r\u00e9p\u00e9teur WiFi r\u00e9duit \u00e9galement les interf\u00e9rences de signal pour assurer une couverture WiFi fiable dans toute votre maison.<\/p>\n<h4>Caract\u00e9ristiques de <strong>R\u00e9p\u00e9teur WiFi Point d&#8217;acc\u00e8s TP-Link TL-WA850RE WiFi 4\u00a0<\/strong><\/h4>\n<ul>\n<li>Le mode r\u00e9p\u00e9teur\u00a0am\u00e9liore\u00a0le signal sans fil jusqu&#8217;alors\u00a0des zones inatteignables\u00a0ou difficiles \u00e0 c\u00e2bler<\/li>\n<li>De taille r\u00e9duite, il est con\u00e7u pour une utilisation sur\u00a0prise murale = facile \u00e0 d\u00e9ployer et \u00e0 d\u00e9placer<\/li>\n<li>Etend ais\u00e9ment la couverture r\u00e9seau d&#8217;un simple appui sur le bouton RE du r\u00e9p\u00e9teur<\/li>\n<li>Le port Ethernet permet de relier filairement le r\u00e9p\u00e9teur \u00e0\u00a0une console de jeux ou TV Connect\u00e9e<\/li>\n<li>Compatible avec toutes les\u00a0box du march\u00e9, et routeurs\/points d&#8217;acc\u00e8s WiFi<\/li>\n<li>Tether App permet un acc\u00e8s facile \u00e0 la gestion r\u00e9seau via n&#8217;importe quel appareil mobile<\/li>\n<li>La fonction de commande DEL comprend un mode nuit pour un sommeil paisible<\/li>\n<\/ul>\n","protected":false},"excerpt":{"rendered":"<ul>\n<li>Le mode r\u00e9p\u00e9teur\u00a0am\u00e9liore\u00a0le signal sans fil jusqu&#8217;alors\u00a0des zones inatteignables\u00a0ou difficiles \u00e0 c\u00e2bler<\/li>\n<li>De taille r\u00e9duite, il est con\u00e7u pour une utilisation sur\u00a0prise murale = facile \u00e0 d\u00e9ployer et \u00e0 d\u00e9placer<\/li>\n<li>Etend ais\u00e9ment la couverture r\u00e9seau d&#8217;un simple appui sur le bouton RE du r\u00e9p\u00e9teur<\/li>\n<li>Le port Ethernet permet de relier filairement le r\u00e9p\u00e9teur \u00e0\u00a0une console de jeux ou TV Connect\u00e9e<\/li>\n<li>Compatible avec toutes les\u00a0box du march\u00e9, et routeurs\/points d&#8217;acc\u00e8s WiFi<\/li>\n<li>Tether App permet un acc\u00e8s facile \u00e0 la gestion r\u00e9seau via n&#8217;importe quel appareil mobile<\/li>\n<li>La fonction de commande DEL comprend un mode nuit pour un sommeil paisible<\/li>\n<\/ul>\n","protected":false},"featured_media":5903,"comment_status":"open","ping_status":"closed","template":"","meta":{"_acf_changed":false,"_monsterinsights_skip_tracking":false,"_monsterinsights_sitenote_active":false,"_monsterinsights_sitenote_note":"","_monsterinsights_sitenote_category":0,"_uf_show_specific_survey":0,"_uf_disable_surveys":false,"_joinchat":[]},"product_brand":[],"product_cat":[243],"product_tag":[],"class_list":{"0":"post-5902","1":"product","2":"type-product","3":"status-publish","4":"has-post-thumbnail","6":"product_cat-reseaux","8":"first","9":"outofstock","10":"sale","11":"shipping-taxable","12":"purchasable","13":"product-type-simple"},"acf":[],"jetpack_sharing_enabled":true,"_links":{"self":[{"href":"https:\/\/digistar.ma\/index.php?rest_route=\/wp\/v2\/product\/5902","targetHints":{"allow":["GET"]}}],"collection":[{"href":"https:\/\/digistar.ma\/index.php?rest_route=\/wp\/v2\/product"}],"about":[{"href":"https:\/\/digistar.ma\/index.php?rest_route=\/wp\/v2\/types\/product"}],"replies":[{"embeddable":true,"href":"https:\/\/digistar.ma\/index.php?rest_route=%2Fwp%2Fv2%2Fcomments&post=5902"}],"version-history":[{"count":1,"href":"https:\/\/digistar.ma\/index.php?rest_route=\/wp\/v2\/product\/5902\/revisions"}],"predecessor-version":[{"id":5909,"href":"https:\/\/digistar.ma\/index.php?rest_route=\/wp\/v2\/product\/5902\/revisions\/5909"}],"wp:featuredmedia":[{"embeddable":true,"href":"https:\/\/digistar.ma\/index.php?rest_route=\/wp\/v2\/media\/5903"}],"wp:attachment":[{"href":"https:\/\/digistar.ma\/index.php?rest_route=%2Fwp%2Fv2%2Fmedia&parent=5902"}],"wp:term":[{"taxonomy":"product_brand","embeddable":true,"href":"https:\/\/digistar.ma\/index.php?rest_route=%2Fwp%2Fv2%2Fproduct_brand&post=5902"},{"taxonomy":"product_cat","embeddable":true,"href":"https:\/\/digistar.ma\/index.php?rest_route=%2Fwp%2Fv2%2Fproduct_cat&post=5902"},{"taxonomy":"product_tag","embeddable":true,"href":"https:\/\/digistar.ma\/index.php?rest_route=%2Fwp%2Fv2%2Fproduct_tag&post=5902"}],"curies":[{"name":"wp","href":"https:\/\/api.w.org\/{rel}","templated":true}]}}