{"id":5910,"date":"2023-07-12T19:12:12","date_gmt":"2023-07-12T19:12:12","guid":{"rendered":"https:\/\/digistar.ma\/?post_type=product&#038;p=5910"},"modified":"2024-02-26T12:49:10","modified_gmt":"2024-02-26T12:49:10","slug":"point-dacces-wifi-6-tp-link-ax3000-plafonnier-eap653","status":"publish","type":"product","link":"https:\/\/digistar.ma\/?product=point-dacces-wifi-6-tp-link-ax3000-plafonnier-eap653","title":{"rendered":"Point d&#8217;acc\u00e8s WiFi 6 TP-Link AX3000 plafonnier EAP653"},"content":{"rendered":"<p><strong>Point d&#8217;acc\u00e8s WiFi 6 TP-Link AX3000 plafonnier EAP653<\/strong><\/p>\n<p>WiFi 6 TP-Link <a href=\"https:\/\/digistar.ma\/?product=point-dacces-wifi-6-tp-link-ax3000-plafonnier-eap653\">AX3000<\/a> plafonnier : Vitesse WiFi 6 ultra-rapide de 2976 Mbps\u2020 pour une exp\u00e9rience fluide. G\u00e9rez votre r\u00e9seau depuis le cloud avec Omada SDN. Doublez les donn\u00e9es avec HE160\u2021. Itin\u00e9rance transparente\u00a7 \u00a0et d\u00e9ploiement flexible avec Omada Mesh. Alimentation PoE+ pour des installations faciles. Design \u00e9l\u00e9gant et compact pour une installation simple. Id\u00e9al pour l&#8217;h\u00f4tellerie, l&#8217;\u00e9ducation, les centres commerciaux, les bureaux et les salles de r\u00e9union. Am\u00e9liorez votre WiFi avec le WiFi 6 professionnel extra-plat.<\/p>\n<h4><strong>Caract\u00e9ristiques de Point d&#8217;acc\u00e8s WiFi 6 TP-Link AX3000 plafonnier EAP653<\/strong><\/h4>\n<ul>\n<li><strong>D\u00e9bits WiFi 6 ultra-rapide\u00a0:<\/strong> 574 Mbps simultan\u00e9s sur 2,4 GHz et 2402 Mbps sur 5 GHz totalisent des vitesses WiFi de 2976 Mbps.<\/li>\n<li><strong>WiFi 6 haute efficacit\u00e9<\/strong>\u00a0: plus d&#8217;appareils connect\u00e9s peuvent profiter de vitesses plus rapides.<\/li>\n<li><strong>Administration Cloud centralis\u00e9e<\/strong>\u00a0: l&#8217;int\u00e9gration Omada SDN g\u00e8re l&#8217;ensemble du r\u00e9seau localement ou depuis le cloud via l&#8217;interface utilisateur Web ou l&#8217;application Omada.<\/li>\n<li><strong>Canal 160 MHz<\/strong>\u00a0: doublez les donn\u00e9es aux heures de transmission maximales sur un seul flux avec HE160.\u00a0<sup>\u2021<\/sup><\/li>\n<li><strong>Itin\u00e9rance transparente<\/strong> : les flux vid\u00e9o et les appels vocaux ne sont pas affect\u00e9s lorsque les utilisateurs se d\u00e9placent entre les emplacements.<\/li>\n<li><strong>Omada Mesh :<\/strong>\u00a0permet une connectivit\u00e9 sans fil entre les points d&#8217;acc\u00e8s pour une port\u00e9e \u00e9tendue et un d\u00e9ploiement flexible.\u00a0<sup>\u00a7<\/sup><\/li>\n<li><strong>Aliment\u00e9 par PoE+<\/strong>\u00a0: prend en charge les alimentations 802.3at PoE+ et DC (adaptateur DC vendu s\u00e9par\u00e9ment) pour des installations flexibles.<\/li>\n<li><strong>Design<\/strong>\u00a0<strong>ultra fin<\/strong>\u00a0: \u03a6160 mm \u00d7 33,6 mm design \u00e9l\u00e9gant apporte plus d&#8217;agilit\u00e9.<\/li>\n<\/ul>\n","protected":false},"excerpt":{"rendered":"<ul>\n<li><strong>D\u00e9bits WiFi 6 ultra-rapide\u00a0:<\/strong> 574 Mbps simultan\u00e9s sur 2,4 GHz et 2402 Mbps sur 5 GHz totalisent des vitesses WiFi de 2976 Mbps.<\/li>\n<li><strong>WiFi 6 haute efficacit\u00e9<\/strong>\u00a0: plus d&#8217;appareils connect\u00e9s peuvent profiter de vitesses plus rapides.<\/li>\n<li><strong>Administration Cloud centralis\u00e9e<\/strong>\u00a0: l&#8217;int\u00e9gration Omada SDN g\u00e8re l&#8217;ensemble du r\u00e9seau localement ou depuis le cloud via l&#8217;interface utilisateur Web ou l&#8217;application Omada.<\/li>\n<li><strong>Canal 160 MHz<\/strong>\u00a0: doublez les donn\u00e9es aux heures de transmission maximales sur un seul flux avec HE160.\u00a0<sup>\u2021<\/sup><\/li>\n<li><strong>Itin\u00e9rance transparente<\/strong> : les flux vid\u00e9o et les appels vocaux ne sont pas affect\u00e9s lorsque les utilisateurs se d\u00e9placent entre les emplacements.<\/li>\n<li><strong>Omada Mesh :<\/strong>\u00a0permet une connectivit\u00e9 sans fil entre les points d&#8217;acc\u00e8s pour une port\u00e9e \u00e9tendue et un d\u00e9ploiement flexible.\u00a0<sup>\u00a7<\/sup><\/li>\n<li><strong>Aliment\u00e9 par PoE+<\/strong>\u00a0: prend en charge les alimentations 802.3at PoE+ et DC (adaptateur DC vendu s\u00e9par\u00e9ment) pour des installations flexibles.<\/li>\n<li><strong>Design<\/strong>\u00a0<strong>ultra fin<\/strong>\u00a0: \u03a6160 mm \u00d7 33,6 mm design \u00e9l\u00e9gant apporte plus d&#8217;agilit\u00e9.<\/li>\n<\/ul>\n","protected":false},"featured_media":5913,"comment_status":"open","ping_status":"closed","template":"","meta":{"_acf_changed":false,"_monsterinsights_skip_tracking":false,"_monsterinsights_sitenote_active":false,"_monsterinsights_sitenote_note":"","_monsterinsights_sitenote_category":0,"_uf_show_specific_survey":0,"_uf_disable_surveys":false,"_joinchat":[]},"product_brand":[],"product_cat":[243],"product_tag":[],"class_list":{"0":"post-5910","1":"product","2":"type-product","3":"status-publish","4":"has-post-thumbnail","6":"product_cat-reseaux","8":"first","9":"instock","10":"sale","11":"shipping-taxable","12":"purchasable","13":"product-type-simple"},"acf":[],"jetpack_sharing_enabled":true,"_links":{"self":[{"href":"https:\/\/digistar.ma\/index.php?rest_route=\/wp\/v2\/product\/5910","targetHints":{"allow":["GET"]}}],"collection":[{"href":"https:\/\/digistar.ma\/index.php?rest_route=\/wp\/v2\/product"}],"about":[{"href":"https:\/\/digistar.ma\/index.php?rest_route=\/wp\/v2\/types\/product"}],"replies":[{"embeddable":true,"href":"https:\/\/digistar.ma\/index.php?rest_route=%2Fwp%2Fv2%2Fcomments&post=5910"}],"version-history":[{"count":2,"href":"https:\/\/digistar.ma\/index.php?rest_route=\/wp\/v2\/product\/5910\/revisions"}],"predecessor-version":[{"id":5919,"href":"https:\/\/digistar.ma\/index.php?rest_route=\/wp\/v2\/product\/5910\/revisions\/5919"}],"wp:featuredmedia":[{"embeddable":true,"href":"https:\/\/digistar.ma\/index.php?rest_route=\/wp\/v2\/media\/5913"}],"wp:attachment":[{"href":"https:\/\/digistar.ma\/index.php?rest_route=%2Fwp%2Fv2%2Fmedia&parent=5910"}],"wp:term":[{"taxonomy":"product_brand","embeddable":true,"href":"https:\/\/digistar.ma\/index.php?rest_route=%2Fwp%2Fv2%2Fproduct_brand&post=5910"},{"taxonomy":"product_cat","embeddable":true,"href":"https:\/\/digistar.ma\/index.php?rest_route=%2Fwp%2Fv2%2Fproduct_cat&post=5910"},{"taxonomy":"product_tag","embeddable":true,"href":"https:\/\/digistar.ma\/index.php?rest_route=%2Fwp%2Fv2%2Fproduct_tag&post=5910"}],"curies":[{"name":"wp","href":"https:\/\/api.w.org\/{rel}","templated":true}]}}