{"id":5920,"date":"2023-07-12T19:38:01","date_gmt":"2023-07-12T19:38:01","guid":{"rendered":"https:\/\/digistar.ma\/?post_type=product&#038;p=5920"},"modified":"2025-08-06T04:37:14","modified_gmt":"2025-08-06T04:37:14","slug":"ecran-intelligent-27-pouces-samsung-m5-ls27cm500emxzn","status":"publish","type":"product","link":"https:\/\/digistar.ma\/?product=ecran-intelligent-27-pouces-samsung-m5-ls27cm500emxzn","title":{"rendered":"\u00c9cran intelligent 27 pouces Samsung M5 LS27CM500EMXZN"},"content":{"rendered":"<h3><strong>\u00c9cran intelligent 27 pouces Samsung M5 LS27CM500EMXZN<\/strong><\/h3>\n<p>Boostez votre productivit\u00e9 avec le Smart Monitor hybride de chez Samsung. Derri\u00e8re sa dalle VA 27 pouces et sa r\u00e9solution FHD (1920 x 1080 pixels), ce moniteur d\u00e9voile une utilisation 2-en-1 pour le travail et le divertissement. Disposant de fonction sans fil Wi-Fi et Bluetooth, Microsoft 365, Google Meet et Tizen OS, il vous assurera une exp\u00e9rience adapt\u00e9e au quotidien.<\/p>\n<section class=\"feature-benefit-full-bleed desktop-bg-light-gray text-align-center\">\n<div class=\"feature-benefit-full-bleed__wrap\">\n<div class=\"feature-benefit-full-bleed__content-wrap\">\n<div class=\"feature-benefit-full-bleed__content-inner \">\n<div class=\"feature-benefit-full-bleed__content-area\">\n<h2 class=\"feature-benefit-full-bleed__title\" data-font-size-pc=\"48\" data-font-size-mo=\"30\">Regardez, jouez, travaillez avec style<\/h2>\n<\/div>\n<\/div>\n<\/div>\n<figure class=\"feature-benefit-full-bleed__figure\">\n<div class=\"image image--dyn-height image--main-loaded\"><img decoding=\"async\" class=\"image__main responsive-img image--loaded\" src=\"https:\/\/images.samsung.com\/is\/image\/samsung\/p6pim\/n_africa\/feature\/164472673\/n_africa-feature-watch--play--work-in-style-535844513?$FB_TYPE_K_JPG$\" alt=\"Regardez, jouez, travaillez avec style\" data-desktop-alt=\"Regardez, jouez, travaillez avec style\" data-comp-name=\"image\" data-desktop-src=\"\/\/images.samsung.com\/is\/image\/samsung\/p6pim\/n_africa\/feature\/164472673\/n_africa-feature-watch--play--work-in-style-535844513?$FB_TYPE_K_JPG$\" data-mobile-alt=\"Regardez, jouez, travaillez avec style\" data-mobile-src=\"\/\/images.samsung.com\/is\/image\/samsung\/p6pim\/n_africa\/feature\/164472673\/n_africa-feature-watch--play--work-in-style-535844514?$FB_TYPE_I_JPG$\" \/><\/div>\n<\/figure>\n<\/div>\n<\/section>\n<div class=\"feature-benefit feature-beneift--padding-top-normal feature-beneift--padding-bottom-normal bg-white feature-benefit--video-embed\">\n<div class=\"feature-benefit__text-wrap\">\n<div class=\"feature-benefit__text\">\n<h2 class=\"feature-benefit__title contrast-target\" data-font-size-mo=\"30\" data-font-size-pc=\"48\">Profitez d\u2019un divertissement plus intelligent<\/h2>\n<div class=\"feature-benefit__desc-wrap\">\n<h3 class=\"feature-benefit__sub-title contrast-target\" data-font-size-mo=\"16\" data-font-size-pc=\"28\">Applications Smart TV<\/h3>\n<p class=\"feature-benefit__desc contrast-target\" data-font-size-mo=\"12\" data-font-size-pc=\"18\">Les applications de streaming natives facilitent le visionnement de vos s\u00e9ries pr\u00e9f\u00e9r\u00e9es sans PC et le passage d\u2019une application \u00e0 l\u2019autre avec une souris. Adaptive Picture vous offre automatiquement une luminosit\u00e9 d\u2019\u00e9cran optimis\u00e9e pour votre environnement, et Adaptive Sound ajuste le son au niveau appropri\u00e9 pour la sc\u00e8ne.<\/p>\n<\/div>\n<\/div>\n<\/div>\n<div class=\"feature-benefit__img-wrap feature-benefit--video-autoplay\">\n<div id=\"benefit_2M164383174\" class=\"feature-benefit__video-container\" tabindex=\"0\">\n<div class=\"feature-benefit__video-wrap\">\n<div class=\"video\" data-image-default=\"false\" data-video-embed=\"true\" data-video-data=\"{&quot;desktopSrc&quot; : &quot;\/\/images.samsung.com\/is\/content\/samsung\/p6pim\/n_africa\/feature\/164472675\/n_africa-feature-experience-smarter-entertainment-535844520.mp4&quot;, &quot;mobileSrc&quot; : &quot;\/\/images.samsung.com\/is\/content\/samsung\/p6pim\/n_africa\/feature\/164472675\/n_africa-feature-experience-smarter-entertainment-535844520.mp4&quot;, &quot;muted&quot; : true, &quot;autoplay&quot; : true, &quot;loop&quot; : false, &quot;scrollplay&quot; : true, &quot;controls&quot; : true, &quot;caption&quot; : &quot;Profitez d\u2019un divertissement plus intelligent&quot;, &quot;title&quot; : &quot;Profitez d\u2019un divertissement plus intelligent&quot;}\" data-video-type=\"mp4\">\n<div class=\"image image--dyn-height image--main-loaded\" aria-hidden=\"true\"><img decoding=\"async\" class=\"image__main responsive-img image--loaded\" src=\"https:\/\/images.samsung.com\/is\/image\/samsung\/p6pim\/n_africa\/feature\/164472675\/n_africa-feature-experience-smarter-entertainment-535844521?$FB_TYPE_A_JPG$\" alt=\"Profitez d\u2019un divertissement plus intelligent\" data-desktop-src=\"\/\/images.samsung.com\/is\/image\/samsung\/p6pim\/n_africa\/feature\/164472675\/n_africa-feature-experience-smarter-entertainment-535844521?$FB_TYPE_A_JPG$\" data-mobile-src=\"\/\/images.samsung.com\/is\/image\/samsung\/p6pim\/n_africa\/feature\/164472675\/n_africa-feature-experience-smarter-entertainment-535844522?$FB_TYPE_A_MO_JPG$\" \/><\/div>\n<\/div>\n<\/div>\n<\/div>\n<\/div>\n<div class=\"feature-benefit__disclaimer-wrap\">\n<p class=\"feature-benefit__disclaimer contrast-target\">\n<\/div>\n<\/div>\n<div class=\"feature-benefit feature-beneift--padding-top-normal feature-beneift--padding-bottom-normal bg-white\">\n<div class=\"feature-benefit__text-wrap\">\n<div class=\"feature-benefit__text\">\n<h2 class=\"feature-benefit__title contrast-target\" data-font-size-mo=\"30\" data-font-size-pc=\"48\">Tous vos jeux au m\u00eame endroit<\/h2>\n<div class=\"feature-benefit__desc-wrap\">\n<h3 class=\"feature-benefit__sub-title contrast-target\" data-font-size-mo=\"16\" data-font-size-pc=\"28\">Gaming Hub<\/h3>\n<p class=\"feature-benefit__desc contrast-target\" data-font-size-mo=\"12\" data-font-size-pc=\"18\">Samsung Gaming Hub est la plateforme ultime pour le gaming. Jouez instantan\u00e9ment aux plus grands jeux de nos partenaires, sans PC ni console. D\u00e9couvrez de nouveaux jeux ou rejouez \u00e0 vos jeux pr\u00e9f\u00e9r\u00e9s au m\u00eame endroit.<\/p>\n<\/div>\n<\/div>\n<\/div>\n<div class=\"feature-benefit__img-wrap\">\n<div class=\"image image--dyn-height image--main-loaded\"><img decoding=\"async\" class=\"image__main responsive-img image--loaded\" src=\"https:\/\/images.samsung.com\/is\/image\/samsung\/p6pim\/n_africa\/feature\/164472676\/n_africa-feature-where-gaming-comes-together-535844523?$FB_TYPE_A_JPG$\" alt=\"Tous vos jeux au m\u00eame endroit\" data-desktop-alt=\"Tous vos jeux au m\u00eame endroit\" data-comp-name=\"image\" data-desktop-src=\"\/\/images.samsung.com\/is\/image\/samsung\/p6pim\/n_africa\/feature\/164472676\/n_africa-feature-where-gaming-comes-together-535844523?$FB_TYPE_A_JPG$\" data-mobile-alt=\"Tous vos jeux au m\u00eame endroit\" data-mobile-src=\"\/\/images.samsung.com\/is\/image\/samsung\/p6pim\/n_africa\/feature\/164472676\/n_africa-feature-where-gaming-comes-together-535844524?$FB_TYPE_A_MO_JPG$\" \/><\/div>\n<\/div>\n<div class=\"feature-benefit__disclaimer-wrap\">\n<p class=\"feature-benefit__disclaimer contrast-target\">*\u00a0Le Gaming Hub est disponible dans un nombre limit\u00e9 de pays, la disponibilit\u00e9 des applications variant selon les pays.<br \/>\n**\u00a0L\u2019acc\u00e8s au Gaming Hub est gratuit. Un abonnement peut \u00eatre n\u00e9cessaire pour acc\u00e9der au contenu propos\u00e9 par les fournisseurs de jeux sur la plateforme Gaming Hub.<br \/>\n***\u00a0Une manette s\u00e9par\u00e9e peut \u00eatre n\u00e9cessaire en fonction du jeu auquel vous jouez sur le Gaming Hub.<br \/>\n****\u00a0N\u00e9cessite une connexion Internet.<\/p>\n<\/div>\n<\/div>\n<div class=\"feature-benefit feature-beneift--padding-top-normal feature-beneift--padding-bottom-normal bg-white feature-benefit--video-embed\">\n<div class=\"feature-benefit__text-wrap\">\n<div class=\"feature-benefit__text\">\n<h2 class=\"feature-benefit__title contrast-target\" data-font-size-mo=\"30\" data-font-size-pc=\"48\">Acc\u00e9dez \u00e0 vos outils de travail, sans PC<\/h2>\n<div class=\"feature-benefit__desc-wrap\">\n<h3 class=\"feature-benefit__sub-title contrast-target\" data-font-size-mo=\"16\" data-font-size-pc=\"28\">Workspace<\/h3>\n<p class=\"feature-benefit__desc contrast-target\" data-font-size-mo=\"12\" data-font-size-pc=\"18\">Cliquez, faites glisser et tapez tout au long de votre journ\u00e9e de travail avec des applications int\u00e9gr\u00e9es pour gagner en productivit\u00e9. Le moniteur intelligent vous permet d\u2019acc\u00e9der \u00e0 votre PC, de le contr\u00f4ler \u00e0 distance et d\u2019utiliser plusieurs \u00e9crans gr\u00e2ce \u00e0 la mise en miroir PC sans fil. Vous pouvez \u00e9galement travailler sans PC avec un acc\u00e8s direct \u00e0 Microsoft 365\u00a0et \u00e0 Internet.<\/p>\n<\/div>\n<\/div>\n<\/div>\n<div class=\"feature-benefit__img-wrap feature-benefit--video-autoplay\">\n<div id=\"benefit_4M164383955\" class=\"feature-benefit__video-container\" tabindex=\"0\">\n<div class=\"feature-benefit__video-wrap\">\n<div class=\"video\" data-image-default=\"false\" data-video-embed=\"true\" data-video-data=\"{&quot;desktopSrc&quot; : &quot;\/\/images.samsung.com\/is\/content\/samsung\/p6pim\/n_africa\/feature\/164472668\/n_africa-feature-access-your-work-tools--without-a-pc-535844498.mp4&quot;, &quot;mobileSrc&quot; : &quot;\/\/images.samsung.com\/is\/content\/samsung\/p6pim\/n_africa\/feature\/164472668\/n_africa-feature-access-your-work-tools--without-a-pc-535844498.mp4&quot;, &quot;muted&quot; : true, &quot;autoplay&quot; : true, &quot;loop&quot; : false, &quot;scrollplay&quot; : true, &quot;controls&quot; : true, &quot;caption&quot; : &quot;Acc\u00e9dez \u00e0 vos outils de travail, sans PC&quot;, &quot;title&quot; : &quot;Acc\u00e9dez \u00e0 vos outils de travail, sans PC&quot;}\" data-video-type=\"mp4\">\n<div class=\"image image--dyn-height image--main-loaded\" aria-hidden=\"true\"><img decoding=\"async\" class=\"image__main responsive-img image--loaded\" src=\"https:\/\/images.samsung.com\/is\/image\/samsung\/p6pim\/n_africa\/feature\/164472668\/n_africa-feature-access-your-work-tools--without-a-pc-535844499?$FB_TYPE_A_JPG$\" alt=\"Acc\u00e9dez \u00e0 vos outils de travail, sans PC\" data-desktop-src=\"\/\/images.samsung.com\/is\/image\/samsung\/p6pim\/n_africa\/feature\/164472668\/n_africa-feature-access-your-work-tools--without-a-pc-535844499?$FB_TYPE_A_JPG$\" data-mobile-src=\"\/\/images.samsung.com\/is\/image\/samsung\/p6pim\/n_africa\/feature\/164472668\/n_africa-feature-access-your-work-tools--without-a-pc-535844500?$FB_TYPE_A_MO_JPG$\" \/><\/div>\n<\/div>\n<\/div>\n<\/div>\n<\/div>\n<div class=\"feature-benefit__disclaimer-wrap\">\n<p class=\"feature-benefit__disclaimer contrast-target\">\n<\/div>\n<\/div>\n<div class=\"feature-benefit feature-beneift--padding-top-normal feature-beneift--padding-bottom-normal bg-white feature-benefit--video-embed\">\n<div class=\"feature-benefit__text-wrap\">\n<div class=\"feature-benefit__text\">\n<h2 class=\"feature-benefit__title contrast-target\" data-font-size-mo=\"30\" data-font-size-pc=\"48\">Restez dans le cadre et dans la conversation<\/h2>\n<div class=\"feature-benefit__desc-wrap\">\n<h3 class=\"feature-benefit__sub-title contrast-target\" data-font-size-mo=\"16\" data-font-size-pc=\"28\">Cam\u00e9ra SlimFit<\/h3>\n<p class=\"feature-benefit__desc contrast-target\" data-font-size-mo=\"12\" data-font-size-pc=\"18\">Montrez toujours votre meilleur profil. R\u00e9glez la cam\u00e9ra SlimFit pour obtenir le meilleur angle possible. Soyez au top pendant vos appels vid\u00e9o avec vos amis ou de nouveaux contacts gr\u00e2ce \u00e0 des applications comme Google Meet.<\/p>\n<\/div>\n<\/div>\n<\/div>\n<div class=\"feature-benefit__img-wrap feature-benefit--video-autoplay\">\n<div id=\"benefit_5M164383173\" class=\"feature-benefit__video-container\" tabindex=\"0\">\n<div class=\"feature-benefit__video-wrap\">\n<div class=\"video\" data-image-default=\"false\" data-video-embed=\"true\" data-video-data=\"{&quot;desktopSrc&quot; : &quot;\/\/images.samsung.com\/is\/content\/samsung\/p6pim\/n_africa\/feature\/164472674\/n_africa-feature-stay-in-focus-and-keep-the-conversation-alive-535844515.mp4&quot;, &quot;mobileSrc&quot; : &quot;\/\/images.samsung.com\/is\/content\/samsung\/p6pim\/n_africa\/feature\/164472674\/n_africa-feature-stay-in-focus-and-keep-the-conversation-alive-535844515.mp4&quot;, &quot;muted&quot; : true, &quot;autoplay&quot; : true, &quot;loop&quot; : false, &quot;scrollplay&quot; : true, &quot;controls&quot; : true, &quot;caption&quot; : &quot;Restez dans le cadre et dans la conversation&quot;, &quot;title&quot; : &quot;Restez dans le cadre et dans la conversation&quot;}\" data-video-type=\"mp4\">\n<div class=\"image image--dyn-height image--main-loaded\" aria-hidden=\"true\"><img decoding=\"async\" class=\"image__main responsive-img image--loaded\" src=\"https:\/\/images.samsung.com\/is\/image\/samsung\/p6pim\/n_africa\/feature\/164472674\/n_africa-feature-stay-in-focus-and-keep-the-conversation-alive-535844516?$FB_TYPE_A_JPG$\" alt=\"Restez dans le cadre et dans la conversation\" data-desktop-src=\"\/\/images.samsung.com\/is\/image\/samsung\/p6pim\/n_africa\/feature\/164472674\/n_africa-feature-stay-in-focus-and-keep-the-conversation-alive-535844516?$FB_TYPE_A_JPG$\" data-mobile-src=\"\/\/images.samsung.com\/is\/image\/samsung\/p6pim\/n_africa\/feature\/164472674\/n_africa-feature-stay-in-focus-and-keep-the-conversation-alive-535844517?$FB_TYPE_A_MO_JPG$\" \/><\/div>\n<figure>\n<p class=\"hidden\">Restez dans le cadre et dans la conversation<\/p>\n<\/figure>\n<\/div>\n<\/div>\n<\/div>\n<\/div>\n<div class=\"feature-benefit__disclaimer-wrap\">\n<p class=\"feature-benefit__disclaimer contrast-target\">*\u00a0L\u2019accessoire de cam\u00e9ra doit \u00eatre achet\u00e9 s\u00e9par\u00e9ment.<\/p>\n<\/div>\n<\/div>\n<div class=\"feature-benefit feature-beneift--padding-top-normal feature-beneift--padding-bottom-normal bg-white feature-benefit--video-embed\">\n<div class=\"feature-benefit__text-wrap\">\n<div class=\"feature-benefit__text\">\n<h2 class=\"feature-benefit__title contrast-target\" data-font-size-mo=\"30\" data-font-size-pc=\"48\">Tout votre contenu sur grand \u00e9cran<\/h2>\n<div class=\"feature-benefit__desc-wrap\">\n<h3 class=\"feature-benefit__sub-title contrast-target\" data-font-size-mo=\"16\" data-font-size-pc=\"28\">Connectivit\u00e9 mobile<\/h3>\n<p class=\"feature-benefit__desc contrast-target\" data-font-size-mo=\"12\" data-font-size-pc=\"18\">Connectivit\u00e9 pratique. Gr\u00e2ce \u00e0 l\u2019int\u00e9gration AirPlay, vous pouvez connecter sans fil des appareils Apple au moniteur intelligent et les afficher sur un \u00e9cran plus grand. Profitez de votre contenu pr\u00e9f\u00e9r\u00e9 depuis un iPhone, un iPad ou un Mac sur le moniteur intelligent et mettez en miroir vos applications, documents et sites Web.<\/p>\n<\/div>\n<\/div>\n<\/div>\n<div class=\"feature-benefit__img-wrap feature-benefit--video-autoplay\">\n<div id=\"benefit_6M164383958\" class=\"feature-benefit__video-container\" tabindex=\"0\">\n<div class=\"feature-benefit__video-wrap\">\n<div class=\"video\" data-image-default=\"false\" data-video-embed=\"true\" data-video-data=\"{&quot;desktopSrc&quot; : &quot;\/\/images.samsung.com\/is\/content\/samsung\/p6pim\/n_africa\/feature\/164472670\/n_africa-feature-content-on-the-big-screen-made-easy-535844504.mp4&quot;, &quot;mobileSrc&quot; : &quot;\/\/images.samsung.com\/is\/content\/samsung\/p6pim\/n_africa\/feature\/164472670\/n_africa-feature-content-on-the-big-screen-made-easy-535844504.mp4&quot;, &quot;muted&quot; : true, &quot;autoplay&quot; : true, &quot;loop&quot; : false, &quot;scrollplay&quot; : true, &quot;controls&quot; : true, &quot;caption&quot; : &quot;Tout votre contenu sur grand \u00e9cran&quot;, &quot;title&quot; : &quot;Tout votre contenu sur grand \u00e9cran&quot;}\" data-video-type=\"mp4\">\n<div class=\"image image--dyn-height image--main-loaded\" aria-hidden=\"true\"><img decoding=\"async\" class=\"image__main responsive-img image--loaded\" src=\"https:\/\/images.samsung.com\/is\/image\/samsung\/p6pim\/n_africa\/feature\/164472670\/n_africa-feature-content-on-the-big-screen-made-easy-535844505?$FB_TYPE_A_JPG$\" alt=\"Tout votre contenu sur grand \u00e9cran\" data-desktop-src=\"\/\/images.samsung.com\/is\/image\/samsung\/p6pim\/n_africa\/feature\/164472670\/n_africa-feature-content-on-the-big-screen-made-easy-535844505?$FB_TYPE_A_JPG$\" data-mobile-src=\"\/\/images.samsung.com\/is\/image\/samsung\/p6pim\/n_africa\/feature\/164472670\/n_africa-feature-content-on-the-big-screen-made-easy-535844506?$FB_TYPE_A_MO_JPG$\" \/><\/div>\n<figure><\/figure>\n<\/div>\n<\/div>\n<\/div>\n<\/div>\n<\/div>\n<section class=\"feature-benefit-full-bleed desktop-bg-light-gray text-align-right\">\n<div class=\"feature-benefit-full-bleed__wrap\">\n<div class=\"feature-benefit-full-bleed__content-wrap\">\n<div class=\"feature-benefit-full-bleed__content-inner \">\n<div class=\"feature-benefit-full-bleed__content-area\">\n<h2 class=\"feature-benefit-full-bleed__title\" data-font-size-pc=\"48\" data-font-size-mo=\"30\">Connectez-vous facilement avec \u00c9cran intelligent 27 pouces Samsung M5 LS27CM500EMXZN<\/h2>\n<p><strong class=\"feature-benefit-full-bleed__sub-title\" data-font-size-pc=\"28\" data-font-size-mo=\"16\">Ports multiples<\/strong><\/p>\n<p class=\"feature-benefit-full-bleed__text\" data-font-size-pc=\"18\" data-font-size-mo=\"12\">Connectez-vous au moniteur intelligent et obtenez un contr\u00f4le total en utilisant tous vos p\u00e9riph\u00e9riques \u00e0 la fois\u00a0: souris et clavier sans fil, \u00e9couteurs, \u00e9crans suppl\u00e9mentaires et plus encore. Deux\u00a0ports USB-A et deux\u00a0ports HDMI vous permettent de profiter pleinement et facilement de votre installation.<\/p>\n<\/div>\n<\/div>\n<\/div>\n<figure class=\"feature-benefit-full-bleed__figure\">\n<div class=\"image image--dyn-height image--main-loaded\"><img decoding=\"async\" class=\"image__main responsive-img image--loaded\" src=\"https:\/\/images.samsung.com\/is\/image\/samsung\/p6pim\/n_africa\/feature\/164472671\/n_africa-feature-connect-with-convenience-535844507?$FB_TYPE_K_JPG$\" alt=\"Connectez-vous facilement\" data-desktop-alt=\"Connectez-vous facilement\" data-comp-name=\"image\" data-desktop-src=\"\/\/images.samsung.com\/is\/image\/samsung\/p6pim\/n_africa\/feature\/164472671\/n_africa-feature-connect-with-convenience-535844507?$FB_TYPE_K_JPG$\" data-mobile-alt=\"Connectez-vous facilement\" data-mobile-src=\"\/\/images.samsung.com\/is\/image\/samsung\/p6pim\/n_africa\/feature\/164383950\/n-africa-feature-smart-m5-27m50c-535917297?$FB_TYPE_I_JPG$\" \/><\/div>\n<\/figure>\n<\/div>\n<\/section>\n<section class=\"feature-benefit-full-bleed desktop-bg-light-gray text-align-center\">\n<div class=\"feature-benefit-full-bleed__wrap\">\n<div class=\"feature-benefit-full-bleed__content-wrap\">\n<div class=\"feature-benefit-full-bleed__content-inner \">\n<div class=\"feature-benefit-full-bleed__content-area\">\n<h2 class=\"feature-benefit-full-bleed__title\" data-font-size-pc=\"48\" data-font-size-mo=\"30\">Contr\u00f4le simple pour votre maison connect\u00e9e<\/h2>\n<p><strong class=\"feature-benefit-full-bleed__sub-title\" data-font-size-pc=\"28\" data-font-size-mo=\"16\">Hub IdO int\u00e9gr\u00e9<\/strong><\/p>\n<p class=\"feature-benefit-full-bleed__text\" data-font-size-pc=\"18\" data-font-size-mo=\"12\">G\u00e9rez votre maison connect\u00e9e sans mettre vos s\u00e9ries en pause. Le moniteur intelligent vous permet de vivre confortablement avec l\u2019application SmartThings, un hub tout-en-un pour votre domotique. \u00c9teignez vos lumi\u00e8res, r\u00e9glez votre thermostat et bien plus encore sans vous d\u00e9placer.<\/p>\n<p><span class=\"feature-benefit-full-bleed__disclaimer\">*\u00a0Les technologies, fonctions et caract\u00e9ristiques disponibles peuvent varier selon le pays, le fournisseur de services, l\u2019environnement r\u00e9seau ou le produit, et sont susceptibles d\u2019\u00eatre modifi\u00e9es sans pr\u00e9avis.<br \/>\n**\u00a0N\u00e9cessite une connexion Wi-Fi, Bluetooth ou autre connexion r\u00e9seau sans fil, et des appareils enregistr\u00e9s dans l\u2019application SmartThings.<br \/>\n***\u00a0Dongle SmartThings s\u00e9par\u00e9 requis pour se connecter aux appareils Zigbee et Thread. (La connexion \u00e0 l\u2019appareil Z-Wave n\u2019est pas prise en charge.)<br \/>\n****\u00a0Les appareils connect\u00e9s sont vendus s\u00e9par\u00e9ment. Pour consulter la liste compl\u00e8te des appareils compatibles, rendez-vous sur https:\/\/www.smartthings.com\/products.<\/span><\/p>\n<\/div>\n<\/div>\n<\/div>\n<figure class=\"feature-benefit-full-bleed__figure\">\n<div class=\"image image--dyn-height image--main-loaded\"><img decoding=\"async\" class=\"image__main responsive-img image--loaded\" src=\"https:\/\/images.samsung.com\/is\/image\/samsung\/p6pim\/n_africa\/feature\/164383948\/n-africa-feature-smart-m5-27m50c-535917441?$FB_TYPE_K_JPG$\" alt=\"Contr\u00f4le simple pour votre maison connect\u00e9e\" data-desktop-alt=\"Contr\u00f4le simple pour votre maison connect\u00e9e\" data-comp-name=\"image\" data-desktop-src=\"\/\/images.samsung.com\/is\/image\/samsung\/p6pim\/n_africa\/feature\/164383948\/n-africa-feature-smart-m5-27m50c-535917441?$FB_TYPE_K_JPG$\" data-mobile-alt=\"Contr\u00f4le simple pour votre maison connect\u00e9e\" data-mobile-src=\"\/\/images.samsung.com\/is\/image\/samsung\/p6pim\/n_africa\/feature\/164481901\/n-africa-feature-smart-m5-27m50c-535917656?$FB_TYPE_I_JPG$\" \/><\/div>\n<\/figure>\n<\/div>\n<\/section>\n<div class=\"feature-benefit feature-beneift--padding-top-normal feature-beneift--padding-bottom-normal bg-white feature-benefit--video-embed\">\n<div class=\"feature-benefit__text-wrap\">\n<div class=\"feature-benefit__text\">\n<h2 class=\"feature-benefit__title contrast-target\" data-font-size-mo=\"30\" data-font-size-pc=\"48\">Un tableau de bienvenue qui vous accueille tous les jours<\/h2>\n<div class=\"feature-benefit__desc-wrap\">\n<h3 class=\"feature-benefit__sub-title contrast-target\" data-font-size-mo=\"16\" data-font-size-pc=\"28\">Mes contenus<\/h3>\n<p class=\"feature-benefit__desc contrast-target\" data-font-size-mo=\"12\" data-font-size-pc=\"18\">Commencez chaque journ\u00e9e par un accueil amical. La nouvelle fonction Mes contenus du moniteur intelligent vous montre automatiquement le contenu personnalis\u00e9 que vous d\u00e9sirez. Regardez vos photos, la m\u00e9t\u00e9o et bien plus encore en un coup d\u2019\u0153il, sans lever le petit doigt.<\/p>\n<\/div>\n<\/div>\n<\/div>\n<\/div>\n","protected":false},"excerpt":{"rendered":"<p>Taille de l&#8217;\u00e9cran: 27&#8243; &#8211; Format 16:9<br \/>\nCourbure de l&#8217;\u00e9cran: Plat<br \/>\nType de Dalle: VA (Vertical Alignment)<br \/>\nR\u00e9solution: 1 920 x 1 080<br \/>\nTemps de r\u00e9ponse: 4 ms (gris \u00e0 \u00a0gris)<br \/>\nTaux de rafra\u00eechissement: Max 60 Hz<br \/>\nConnecteurs d&#8217;entr\u00e9e: HDMI<br \/>\nR\u00e9glages de la position de l&#8217;\u00e9cran: Inclinaison -2,0 \u00b0(\u00b12,0 \u00b0) ~ +22,0 \u00b0(\u00b12,0 \u00b0)<\/p>\n","protected":false},"featured_media":5922,"comment_status":"open","ping_status":"closed","template":"","meta":{"_acf_changed":false,"_monsterinsights_skip_tracking":false,"_monsterinsights_sitenote_active":false,"_monsterinsights_sitenote_note":"","_monsterinsights_sitenote_category":0,"_uf_show_specific_survey":0,"_uf_disable_surveys":false,"_joinchat":[]},"product_brand":[],"product_cat":[259,239,290],"product_tag":[],"class_list":{"0":"post-5920","1":"product","2":"type-product","3":"status-publish","4":"has-post-thumbnail","6":"product_cat-ecran-pc","7":"product_cat-ecran-moniteur","8":"product_cat-meilleures-ventes","10":"first","11":"instock","12":"sale","13":"shipping-taxable","14":"purchasable","15":"product-type-simple"},"acf":[],"jetpack_sharing_enabled":true,"_links":{"self":[{"href":"https:\/\/digistar.ma\/index.php?rest_route=\/wp\/v2\/product\/5920","targetHints":{"allow":["GET"]}}],"collection":[{"href":"https:\/\/digistar.ma\/index.php?rest_route=\/wp\/v2\/product"}],"about":[{"href":"https:\/\/digistar.ma\/index.php?rest_route=\/wp\/v2\/types\/product"}],"replies":[{"embeddable":true,"href":"https:\/\/digistar.ma\/index.php?rest_route=%2Fwp%2Fv2%2Fcomments&post=5920"}],"version-history":[{"count":2,"href":"https:\/\/digistar.ma\/index.php?rest_route=\/wp\/v2\/product\/5920\/revisions"}],"predecessor-version":[{"id":5929,"href":"https:\/\/digistar.ma\/index.php?rest_route=\/wp\/v2\/product\/5920\/revisions\/5929"}],"wp:featuredmedia":[{"embeddable":true,"href":"https:\/\/digistar.ma\/index.php?rest_route=\/wp\/v2\/media\/5922"}],"wp:attachment":[{"href":"https:\/\/digistar.ma\/index.php?rest_route=%2Fwp%2Fv2%2Fmedia&parent=5920"}],"wp:term":[{"taxonomy":"product_brand","embeddable":true,"href":"https:\/\/digistar.ma\/index.php?rest_route=%2Fwp%2Fv2%2Fproduct_brand&post=5920"},{"taxonomy":"product_cat","embeddable":true,"href":"https:\/\/digistar.ma\/index.php?rest_route=%2Fwp%2Fv2%2Fproduct_cat&post=5920"},{"taxonomy":"product_tag","embeddable":true,"href":"https:\/\/digistar.ma\/index.php?rest_route=%2Fwp%2Fv2%2Fproduct_tag&post=5920"}],"curies":[{"name":"wp","href":"https:\/\/api.w.org\/{rel}","templated":true}]}}