{"id":5961,"date":"2023-07-12T22:42:20","date_gmt":"2023-07-12T22:42:20","guid":{"rendered":"https:\/\/digistar.ma\/?post_type=product&#038;p=5961"},"modified":"2026-04-01T14:36:32","modified_gmt":"2026-04-01T14:36:32","slug":"switch-de-bureau-tp-link-tl-sg1008d-8-ports-gigabit","status":"publish","type":"product","link":"https:\/\/digistar.ma\/?product=switch-de-bureau-tp-link-tl-sg1008d-8-ports-gigabit","title":{"rendered":"Switch de bureau TP-Link TL-SG1008D 8 ports Gigabit"},"content":{"rendered":"<p><strong>Switch de bureau TP-Link TL-SG1008D 8 ports Gigabit<\/strong><\/p>\n<p>Le switch de bureau TP-Link TL-SG1008D offre une expansion facile de votre r\u00e9seau filaire. Avec ses 8 ports RJ45 Gigabit auto-n\u00e9gociation et sa fonction Auto MDI\/MDX, il garantit un transfert de donn\u00e9es fiable et rapide. Son bo\u00eetier plastique compact convient \u00e0 une installation sur un bureau ou au mur. De plus, gr\u00e2ce \u00e0 la technologie Green Ethernet, il permet jusqu&#8217;\u00e0 80 % d&#8217;\u00e9conomie d&#8217;\u00e9nergie, offrant ainsi une solution \u00e9cologique pour votre r\u00e9seau domestique ou professionnel. Ne manquez pas l&#8217;opportunit\u00e9 de passer au Gigabit et de r\u00e9duire votre empreinte carbone avec ce switch performant et \u00e9conome en \u00e9nergie.<\/p>\n<h3>Principales fonctions<\/h3>\n<p>Le switch de bureau non administrable\u00a08 ports Gigabit TL-SG1008D de TP-Link\u00a0permet d&#8217;\u00e9tendre facilement votre r\u00e9seau filaire. Augmentez la rapidit\u00e9 de votre serveur r\u00e9seau et des connexions backbone et faites entrer le Gigabit dans votre bureau. De plus, le TL-SG1008D est con\u00e7u pour consommer moins. De plus, gr\u00e2ce \u00e0 sa technologie innovante d&#8217;\u00e9conomie d&#8217;\u00e9nergie, le TL-SG1008D permet de r\u00e9duire de 80 % sa consommation d&#8217;\u00e9nergie, ce qui en fait une solution \u00e9cologique adapt\u00e9e \u00e0 votre r\u00e9seau domestique ou professionnel.<\/p>\n<h3>Switch Gigabit<\/h3>\n<p>\u00c9quip\u00e9 de 8 ports 10\/100\/1000 Mbps, Le TL-SG1008D\u00a0accro\u00eet consid\u00e9rablement votre capacit\u00e9 r\u00e9seau pour un transfert instantan\u00e9 des fichiers volumineux. Ainsi, les utilisateurs \u00e0 la maison, au bureau, au sein du groupe de travail ou d&#8217;un environnement de cr\u00e9ation multim\u00e9dia peuvent aujourd\u2019hui transf\u00e9rer plus rapidement les fichiers gourmands en bande passante. Transf\u00e9rez des fichiers graphiques, CGI, CAD ou multim\u00e9dia instantan\u00e9ment sur le r\u00e9seau.<\/p>\n<h3><b>Passez au vert avec votre Ethernet<\/b><\/h3>\n<p>D\u00e9sormais, faites un choix \u00e9cologique pour mettre \u00e0 niveau votre r\u00e9seau Gigabit ! Ce switch de bureau de nouvelle g\u00e9n\u00e9ration Gigabit 8 ports TL-SG1008D dispose des derni\u00e8res innovations technologiques afin d&#8217;augmenter votre capacit\u00e9 r\u00e9seau tout en r\u00e9duisant votre consommation d&#8217;\u00e9nergie. Il ajuste automatiquement sa consommation d&#8217;\u00e9nergie en fonction de l&#8217;\u00e9tat de la liaison et de la longueur de c\u00e2ble, afin de limiter l&#8217;empreinte carbone de votre r\u00e9seau.<\/p>\n<p>Mise hors tension des ports en veille<\/p>\n<p>Lorsqu&#8217;un ordinateur ou un p\u00e9riph\u00e9rique r\u00e9seau est \u00e9teint, le port correspondant sur un switch classique consomme encore beaucoup d&#8217;\u00e9nergie. <strong>Switch de bureau TP-Link TL-SG1008D 8 ports Gigabit<\/strong> d\u00e9tecte automatiquement le statut de connexion de chaque port et r\u00e9duit la consommation d\u2019\u00e9nergie des ports qui sont en veille, r\u00e9alisant ainsi jusqu&#8217;\u00e0 80 % d&#8217;\u00e9conomie d&#8217;\u00e9nergie.<\/p>\n<p>Gestion d&#8217;\u00e9nergie selon la longueur de c\u00e2ble<\/p>\n<p>Logiquement, les c\u00e2bles courts devraient \u00eatre moins \u00e9nergivores en raison de la faible d\u00e9gradation du signal sur leur longueur. Ce n&#8217;est pas le cas de tous les appareils qui consomment autant d&#8217;\u00e9nergie quel que soit la longueur de c\u00e2bles contrairement au switch TP-Iink\u00a0qui g\u00e8re cette consommation.<\/p>\n","protected":false},"excerpt":{"rendered":"<ul>\n<li>8 ports RJ45 Gigabit auto-n\u00e9gociation, fonction Auto MDI\/MDX<\/li>\n<li>Technologie innovante Green Ethernet\u00a0g\u00e9n\u00e9rant\u00a0jusqu&#8217;\u00e0 80 % d&#8217;\u00e9conomie d\u2019\u00e9nergie<\/li>\n<li>Le contr\u00f4le de flux IEEE 802.3x fournit un transfert de donn\u00e9es fiable<\/li>\n<li>Bo\u00eetier\u00a0plastique\u00a0con\u00e7u pour \u00eatre install\u00e9 sur un bureau ou au\u00a0mur<\/li>\n<li>Plug-and-Play, aucune configuration requise<\/li>\n<\/ul>\n","protected":false},"featured_media":5964,"comment_status":"open","ping_status":"closed","template":"","meta":{"_acf_changed":false,"_monsterinsights_skip_tracking":false,"_monsterinsights_sitenote_active":false,"_monsterinsights_sitenote_note":"","_monsterinsights_sitenote_category":0,"_uf_show_specific_survey":0,"_uf_disable_surveys":false,"_joinchat":[]},"product_brand":[],"product_cat":[243,280],"product_tag":[],"class_list":{"0":"post-5961","1":"product","2":"type-product","3":"status-publish","4":"has-post-thumbnail","6":"product_cat-reseaux","7":"product_cat-switch","9":"first","10":"instock","11":"sale","12":"shipping-taxable","13":"purchasable","14":"product-type-simple"},"acf":[],"jetpack_sharing_enabled":true,"_links":{"self":[{"href":"https:\/\/digistar.ma\/index.php?rest_route=\/wp\/v2\/product\/5961","targetHints":{"allow":["GET"]}}],"collection":[{"href":"https:\/\/digistar.ma\/index.php?rest_route=\/wp\/v2\/product"}],"about":[{"href":"https:\/\/digistar.ma\/index.php?rest_route=\/wp\/v2\/types\/product"}],"replies":[{"embeddable":true,"href":"https:\/\/digistar.ma\/index.php?rest_route=%2Fwp%2Fv2%2Fcomments&post=5961"}],"version-history":[{"count":2,"href":"https:\/\/digistar.ma\/index.php?rest_route=\/wp\/v2\/product\/5961\/revisions"}],"predecessor-version":[{"id":5969,"href":"https:\/\/digistar.ma\/index.php?rest_route=\/wp\/v2\/product\/5961\/revisions\/5969"}],"wp:featuredmedia":[{"embeddable":true,"href":"https:\/\/digistar.ma\/index.php?rest_route=\/wp\/v2\/media\/5964"}],"wp:attachment":[{"href":"https:\/\/digistar.ma\/index.php?rest_route=%2Fwp%2Fv2%2Fmedia&parent=5961"}],"wp:term":[{"taxonomy":"product_brand","embeddable":true,"href":"https:\/\/digistar.ma\/index.php?rest_route=%2Fwp%2Fv2%2Fproduct_brand&post=5961"},{"taxonomy":"product_cat","embeddable":true,"href":"https:\/\/digistar.ma\/index.php?rest_route=%2Fwp%2Fv2%2Fproduct_cat&post=5961"},{"taxonomy":"product_tag","embeddable":true,"href":"https:\/\/digistar.ma\/index.php?rest_route=%2Fwp%2Fv2%2Fproduct_tag&post=5961"}],"curies":[{"name":"wp","href":"https:\/\/api.w.org\/{rel}","templated":true}]}}