{"id":6007,"date":"2023-07-13T00:53:30","date_gmt":"2023-07-13T00:53:30","guid":{"rendered":"https:\/\/digistar.ma\/?post_type=product&#038;p=6007"},"modified":"2026-02-27T15:45:05","modified_gmt":"2026-02-27T15:45:05","slug":"switch-de-bureau-tp-link-tl-sg1005d-5-ports-gigabit","status":"publish","type":"product","link":"https:\/\/digistar.ma\/?product=switch-de-bureau-tp-link-tl-sg1005d-5-ports-gigabit","title":{"rendered":"Switch de bureau TP-Link TL-SG1005D 5 ports Gigabit"},"content":{"rendered":"<p>Switch de bureau TP-Link TL-SG1005D 5 ports Gigabit<\/p>\n<p>Le switch de bureau TP-Link TL-SG1005D offre une solution rapide et \u00e9conome en \u00e9nergie pour \u00e9tendre votre r\u00e9seau filaire. Avec 5 ports Gigabit et une fonction de n\u00e9gociation automatique, ce switch facilite les transferts de fichiers volumineux. Sa technologie Green Ethernet r\u00e9duit jusqu&#8217;\u00e0 85 % la consommation d&#8217;\u00e9nergie, tandis que son bo\u00eetier pratique permet une installation sur le bureau ou au mur. Profitez \u00a0d&#8217;un r\u00e9seau plus rapide et respectueux de l&#8217;environnement pour votre domicile ou votre entreprise.<\/p>\n<h3>Fonctions<\/h3>\n<p>Le switch de bureau non administr\u00e9 5 ports Gigabit TL-SG1005D de TP-Link\u00a0permet d&#8217;\u00e9tendre facilement votre r\u00e9seau filaire. Augmentez la rapidit\u00e9 de votre serveur r\u00e9seau et des connexions backbone et faites entrer le Gigabit dans votre bureau. De plus, le TL-SG1005D est con\u00e7u pour consommer moins. De plus, gr\u00e2ce \u00e0 sa technologie innovante d&#8217;\u00e9conomie d&#8217;\u00e9nergie, le TL-SG1005D permet de r\u00e9duire de 85 % sa consommation d&#8217;\u00e9nergie, ce qui en fait une solution \u00e9cologique adapt\u00e9e \u00e0 votre r\u00e9seau domestique ou professionnel.<\/p>\n<h3>Switch Gigabit<\/h3>\n<p>\u00c9quip\u00e9 de 5 ports 10\/100\/1000 Mbps, le TL-SG1005D accro\u00eet consid\u00e9rablement votre capacit\u00e9 r\u00e9seau pour un transfert instantan\u00e9 des fichiers volumineux. Ainsi, les utilisateurs \u00e0 la maison, au bureau, au sein du groupe de travail ou d&#8217;un environnement de cr\u00e9ation multim\u00e9dia peuvent aujourd\u2019hui transf\u00e9rer plus rapidement les fichiers gourmands en bande passante. Transf\u00e9rez des fichiers graphiques, CGI, CAD ou multim\u00e9dia instantan\u00e9ment sur le r\u00e9seau.<\/p>\n<p><strong>Caract\u00e9ristiques de Switch de bureau TP-Link TL-SG1005D 5 ports Gigabit<\/strong><\/p>\n<ul>\n<li>5 ports RJ45 Gigabit auto-n\u00e9gociation, fonction Auto MDI\/MDX<\/li>\n<li>Technologie Green Ethernet pour plus d&#8217;\u00e9conomie d\u2019\u00e9nergie<\/li>\n<li>Contr\u00f4le de flux IEEE 802.3x garantissant l&#8217;int\u00e9grit\u00e9 des donn\u00e9es<\/li>\n<li>Bo\u00eetier plastique\u00a0con\u00e7u pour \u00eatre install\u00e9 sur un bureau ou accroch\u00e9 au\u00a0mur<\/li>\n<li>Plug-and-Play, aucune configuration requise<\/li>\n<\/ul>\n","protected":false},"excerpt":{"rendered":"<ul>\n<li>5 ports RJ45 Gigabit auto-n\u00e9gociation, fonction Auto MDI\/MDX<\/li>\n<li>Technologie Green Ethernet pour plus d&#8217;\u00e9conomie d\u2019\u00e9nergie<\/li>\n<li>Contr\u00f4le de flux IEEE 802.3x garantissant l&#8217;int\u00e9grit\u00e9 des donn\u00e9es<\/li>\n<li>Bo\u00eetier plastique\u00a0con\u00e7u pour \u00eatre install\u00e9 sur un bureau ou accroch\u00e9 au\u00a0mur<\/li>\n<li>Plug-and-Play, aucune configuration requise<\/li>\n<\/ul>\n","protected":false},"featured_media":6008,"comment_status":"open","ping_status":"closed","template":"","meta":{"_acf_changed":false,"_monsterinsights_skip_tracking":false,"_monsterinsights_sitenote_active":false,"_monsterinsights_sitenote_note":"","_monsterinsights_sitenote_category":0,"_uf_show_specific_survey":0,"_uf_disable_surveys":false,"_joinchat":[]},"product_brand":[],"product_cat":[280,243],"product_tag":[],"class_list":{"0":"post-6007","1":"product","2":"type-product","3":"status-publish","4":"has-post-thumbnail","6":"product_cat-switch","7":"product_cat-reseaux","9":"first","10":"outofstock","11":"sale","12":"shipping-taxable","13":"purchasable","14":"product-type-simple"},"acf":[],"jetpack_sharing_enabled":true,"_links":{"self":[{"href":"https:\/\/digistar.ma\/index.php?rest_route=\/wp\/v2\/product\/6007","targetHints":{"allow":["GET"]}}],"collection":[{"href":"https:\/\/digistar.ma\/index.php?rest_route=\/wp\/v2\/product"}],"about":[{"href":"https:\/\/digistar.ma\/index.php?rest_route=\/wp\/v2\/types\/product"}],"replies":[{"embeddable":true,"href":"https:\/\/digistar.ma\/index.php?rest_route=%2Fwp%2Fv2%2Fcomments&post=6007"}],"version-history":[{"count":1,"href":"https:\/\/digistar.ma\/index.php?rest_route=\/wp\/v2\/product\/6007\/revisions"}],"predecessor-version":[{"id":6013,"href":"https:\/\/digistar.ma\/index.php?rest_route=\/wp\/v2\/product\/6007\/revisions\/6013"}],"wp:featuredmedia":[{"embeddable":true,"href":"https:\/\/digistar.ma\/index.php?rest_route=\/wp\/v2\/media\/6008"}],"wp:attachment":[{"href":"https:\/\/digistar.ma\/index.php?rest_route=%2Fwp%2Fv2%2Fmedia&parent=6007"}],"wp:term":[{"taxonomy":"product_brand","embeddable":true,"href":"https:\/\/digistar.ma\/index.php?rest_route=%2Fwp%2Fv2%2Fproduct_brand&post=6007"},{"taxonomy":"product_cat","embeddable":true,"href":"https:\/\/digistar.ma\/index.php?rest_route=%2Fwp%2Fv2%2Fproduct_cat&post=6007"},{"taxonomy":"product_tag","embeddable":true,"href":"https:\/\/digistar.ma\/index.php?rest_route=%2Fwp%2Fv2%2Fproduct_tag&post=6007"}],"curies":[{"name":"wp","href":"https:\/\/api.w.org\/{rel}","templated":true}]}}