{"id":6030,"date":"2023-07-13T01:36:30","date_gmt":"2023-07-13T01:36:30","guid":{"rendered":"https:\/\/digistar.ma\/?post_type=product&#038;p=6030"},"modified":"2023-12-27T15:42:51","modified_gmt":"2023-12-27T15:42:51","slug":"epson-ecotank-l1250-imprimante-a-reservoirs-rechargeables-c11cj71403","status":"publish","type":"product","link":"https:\/\/digistar.ma\/?product=epson-ecotank-l1250-imprimante-a-reservoirs-rechargeables-c11cj71403","title":{"rendered":"Epson EcoTank L1250 Imprimante \u00e0 r\u00e9servoirs rechargeables C11CJ71403"},"content":{"rendered":"<p><strong>Epson EcoTank L1250 Imprimante \u00e0 r\u00e9servoirs rechargeables C11CJ71403<\/strong><\/p>\n<p>Sans aucune cartouche \u00e0 remplacer et dot\u00e9 de fonctionnalit\u00e9s de connectivit\u00e9 flexibles, ce multifonction est id\u00e9al pour les personnes qui recherchent des impressions de haute qualit\u00e9 et un co\u00fbt par page incroyablement bas. Gr\u00e2ce \u00e0 un bac papier arri\u00e8re de 100 feuilles, \u00e0 l\u2019impression photo sans marge (jusqu\u2019\u00e0 10 \u00d7 15 cm) ainsi qu\u2019\u00e0 des vitesses d\u2019impression pouvant atteindre 10 pages par minute, vous pouvez effectuer rapidement plusieurs t\u00e2ches en toute simplicit\u00e9.<\/p>\n<div class=\"heading1\">\n<h4>Adieu aux cartouches on\u00e9reuses<\/h4>\n<p>EcoTank offre une impression \u00e0 domicile simple et \u00e9conomique\u00a0: les r\u00e9servoirs d\u2019encre ultra haute capacit\u00e9 permettent des recharges faciles. De plus, les bouteilles sont dot\u00e9es d\u2019un d\u00e9trompeur pour ne plus se tromper de couleur lors du remplissage du r\u00e9servoir.<\/p>\n<\/div>\n<div class=\"heading2\">\n<h4>\u00c9conomies \u00e0 long terme<\/h4>\n<p>Cette imprimante multifonction, qui vous fait \u00e9conomiser jusqu\u2019\u00e0 90 % sur vos co\u00fbts d\u2019impression, est livr\u00e9e avec jusqu\u2019\u00e0 trois ans d\u2019encre. Le kit de bouteilles d\u2019encre inclus permet d\u2019imprimer jusqu\u2019\u00e0 8\u00a0100\u00a0pages en monochrome et 6\u00a0500\u00a0pages en couleur<sup>4<\/sup>.<\/p>\n<\/div>\n<div class=\"heading3\">\n<h4>Application Epson Smart Panel<\/h4>\n<p>Cette application vous permet de contr\u00f4ler votre imprimante multifonction \u00e0 partir de votre appareil connect\u00e9. Vous pouvez configurer le Wi-Fi rapidement et facilement, imprimer des documents et des photos, mais aussi contr\u00f4ler et d\u00e9panner votre imprimante.<\/p>\n<\/div>\n<div class=\"heading4\">\n<h4>Flexibilit\u00e9 moderne<\/h4>\n<p>Gr\u00e2ce \u00e0 son design compact et \u00e0 sa connectivit\u00e9 Wi-Fi et Wi-Fi Direct, cette imprimante s\u2019int\u00e8gre facilement \u00e0 votre installation domestique existante et peut \u00eatre command\u00e9e depuis des appareils mobiles, tablettes et ordinateurs portables.<\/p>\n<p><strong>Caract\u00e9ristiques de Epson EcoTank L1250 Imprimante \u00e0 r\u00e9servoirs rechargeables C11CJ71403<\/strong><\/p>\n<p>Vitesse d&#8217;impression noir: 33 pages\/min (10 pages\/min en norme ISO)<br \/>\nVitesse d&#8217;impression couleur: 33 pages\/min (10 pages\/min en norme ISO)<br \/>\nQualit\u00e9 d&#8217;impression noire: 5.760 x 1.440 DPI (ppp)<br \/>\nQualit\u00e9 d&#8217;impression couleur: 5.760 x 1.440 DPI \u00a0(ppp)<br \/>\nImpression recto\/verso: Manuelle<br \/>\nFonctionne avec: 4 R\u00e9servoirs (noire, cyan, magenta, jaune)<br \/>\nConnectivit\u00e9: USB, Wi-Fi, Wi-Fi Direct<br \/>\nEncres fournies avec l&#8217;imprimante: Quatre bouteilles d\u2019encre individuelles de 65 ml (N,C,J,M) + 1 bouteille d\u2019encre noire suppl\u00e9mentaire<\/p>\n<p><a href=\"https:\/\/digistar.ma\/wp-content\/uploads\/2023\/07\/ecotank-l1250-datasheet.pdf\"><strong>ICI FICHE TECHNIQUE Epson EcoTank L1250 Imprimante \u00e0 r\u00e9servoirs rechargeables C11CJ71403<\/strong><\/a><\/p>\n<\/div>\n","protected":false},"excerpt":{"rendered":"<p>Vitesse d&#8217;impression noir: 33 pages\/min (10 pages\/min en norme ISO)<br \/>\nVitesse d&#8217;impression couleur: 33 pages\/min (10 pages\/min en norme ISO)<br \/>\nQualit\u00e9 d&#8217;impression noire: 5.760 x 1.440 DPI (ppp)<br \/>\nQualit\u00e9 d&#8217;impression couleur: 5.760 x 1.440 DPI \u00a0(ppp)<br \/>\nImpression recto\/verso: Manuelle<br \/>\nFonctionne avec: 4 R\u00e9servoirs (noire, cyan, magenta, jaune)<br \/>\nConnectivit\u00e9: USB, Wi-Fi, Wi-Fi Direct<br \/>\nEncres fournies avec l&#8217;imprimante: Quatre bouteilles d\u2019encre individuelles de 65 ml (N,C,J,M) + 1 bouteille d\u2019encre noire suppl\u00e9mentaire<\/p>\n","protected":false},"featured_media":6031,"comment_status":"open","ping_status":"closed","template":"","meta":{"_acf_changed":false,"_monsterinsights_skip_tracking":false,"_monsterinsights_sitenote_active":false,"_monsterinsights_sitenote_note":"","_monsterinsights_sitenote_category":0,"_uf_show_specific_survey":0,"_uf_disable_surveys":false,"_joinchat":[]},"product_brand":[],"product_cat":[253,380,265,269],"product_tag":[],"class_list":{"0":"post-6030","1":"product","2":"type-product","3":"status-publish","4":"has-post-thumbnail","6":"product_cat-imprimante","7":"product_cat-epson","8":"product_cat-imprimante-a-reservoirs-rechargeables","9":"product_cat-imprimante-jet-dencre","11":"first","12":"instock","13":"sale","14":"shipping-taxable","15":"purchasable","16":"product-type-simple"},"acf":[],"jetpack_sharing_enabled":true,"_links":{"self":[{"href":"https:\/\/digistar.ma\/index.php?rest_route=\/wp\/v2\/product\/6030","targetHints":{"allow":["GET"]}}],"collection":[{"href":"https:\/\/digistar.ma\/index.php?rest_route=\/wp\/v2\/product"}],"about":[{"href":"https:\/\/digistar.ma\/index.php?rest_route=\/wp\/v2\/types\/product"}],"replies":[{"embeddable":true,"href":"https:\/\/digistar.ma\/index.php?rest_route=%2Fwp%2Fv2%2Fcomments&post=6030"}],"version-history":[{"count":1,"href":"https:\/\/digistar.ma\/index.php?rest_route=\/wp\/v2\/product\/6030\/revisions"}],"predecessor-version":[{"id":6036,"href":"https:\/\/digistar.ma\/index.php?rest_route=\/wp\/v2\/product\/6030\/revisions\/6036"}],"wp:featuredmedia":[{"embeddable":true,"href":"https:\/\/digistar.ma\/index.php?rest_route=\/wp\/v2\/media\/6031"}],"wp:attachment":[{"href":"https:\/\/digistar.ma\/index.php?rest_route=%2Fwp%2Fv2%2Fmedia&parent=6030"}],"wp:term":[{"taxonomy":"product_brand","embeddable":true,"href":"https:\/\/digistar.ma\/index.php?rest_route=%2Fwp%2Fv2%2Fproduct_brand&post=6030"},{"taxonomy":"product_cat","embeddable":true,"href":"https:\/\/digistar.ma\/index.php?rest_route=%2Fwp%2Fv2%2Fproduct_cat&post=6030"},{"taxonomy":"product_tag","embeddable":true,"href":"https:\/\/digistar.ma\/index.php?rest_route=%2Fwp%2Fv2%2Fproduct_tag&post=6030"}],"curies":[{"name":"wp","href":"https:\/\/api.w.org\/{rel}","templated":true}]}}