{"id":6044,"date":"2023-07-14T21:40:23","date_gmt":"2023-07-14T21:40:23","guid":{"rendered":"https:\/\/digistar.ma\/?post_type=product&#038;p=6044"},"modified":"2023-07-14T21:42:36","modified_gmt":"2023-07-14T21:42:36","slug":"hp-smart-tank-615-imprimante-multifonction-a-reservoirs-y0f71a","status":"publish","type":"product","link":"https:\/\/digistar.ma\/?product=hp-smart-tank-615-imprimante-multifonction-a-reservoirs-y0f71a","title":{"rendered":"HP Smart Tank 615 Imprimante multifonction \u00e0 r\u00e9servoirs Y0F71A"},"content":{"rendered":"<p><strong>HP Smart Tank 615 Imprimante multifonction \u00e0 r\u00e9servoirs Y0F71A<\/strong><\/p>\n<p>Cette imprimante <strong>HP Smart Tank 615 <\/strong>sans cartouche assure une<br \/>\nqualit\u00e9 sans compromis et offre jusqu\u2019\u00e0 3 ans<br \/>\nde cartouches d\u2019encre inclus dans la bo\u00eete.<br \/>\nB\u00e9n\u00e9ficiez de connexions plus rapides avec le<br \/>\nWi-Fi double bande, et de l\u2019impression mobile<br \/>\nfacile avec l\u2019application HP Smart.<\/p>\n<p><strong>Caract\u00e9ristiques de HP Smart Tank 615 Imprimante multifonction \u00e0 r\u00e9servoirs Y0F71A<\/strong><\/p>\n<p>Impression, copie, num\u00e9risation, t\u00e9l\u00e9copie, chargeur automatique de documents, sans fil<br \/>\nVitesse d\u2019impression noir: 22 pages\/min (11 pages\/min en norme ISO)<br \/>\nVitesse d\u2019impression couleur: 16 pages\/min (5 pages\/min en norme ISO)<br \/>\nQualit\u00e9 d\u2019impression noire: Jusqu\u2019\u00e0 1\u00a0200 x 1\u00a0200\u00a0ppp rendus<br \/>\nQualit\u00e9 d\u2019impression couleur: Jusqu\u2019\u00e0 4\u00a0800 x 1\u00a0200\u00a0ppp optimis\u00e9s couleur (si impression depuis un ordinateur et entr\u00e9e 1\u00a0200\u00a0ppp)<br \/>\nVolume de pages mensuel recommand\u00e9: 400 \u00e0 800<br \/>\nImpression recto\/verso: Manuelle (prise en charge des pilotes fournie)<br \/>\nFonctionne avec: 4 (1 bouteille d\u2019encre noire, jeu de 3 bouteilles d\u2019encre de couleur)<br \/>\nConnectivit\u00e9 <strong>Y0F71A <\/strong>: Port USB 2.0 haut d\u00e9bit, Wi-Fi, Bluetooth LE<\/p>\n","protected":false},"excerpt":{"rendered":"<p>Impression, copie, num\u00e9risation, t\u00e9l\u00e9copie, chargeur automatique de documents, sans\u00a0fil<br \/>\nVitesse d&#8217;impression noir: 22 pages\/min (11 pages\/min en norme ISO)<br \/>\nVitesse d&#8217;impression couleur: 16 pages\/min (5 pages\/min en norme ISO)<br \/>\nQualit\u00e9 d&#8217;impression noire: Jusqu&#8217;\u00e0 1\u00a0200 x 1\u00a0200\u00a0ppp rendus<br \/>\nQualit\u00e9 d&#8217;impression couleur: Jusqu&#8217;\u00e0 4\u00a0800 x 1\u00a0200\u00a0ppp optimis\u00e9s couleur (si impression depuis un ordinateur et entr\u00e9e 1\u00a0200\u00a0ppp)<br \/>\nVolume de pages mensuel recommand\u00e9: 400 \u00e0 800<br \/>\nImpression recto\/verso: Manuelle (prise en charge des pilotes fournie)<br \/>\nFonctionne avec: 4 (1 bouteille d&#8217;encre noire, jeu de 3 bouteilles d&#8217;encre de couleur)<br \/>\nConnectivit\u00e9: Port USB 2.0 haut d\u00e9bit, Wi-Fi, Bluetooth LE<\/p>\n","protected":false},"featured_media":6045,"comment_status":"open","ping_status":"closed","template":"","meta":{"_acf_changed":false,"_monsterinsights_skip_tracking":false,"_monsterinsights_sitenote_active":false,"_monsterinsights_sitenote_note":"","_monsterinsights_sitenote_category":0,"_uf_show_specific_survey":0,"_uf_disable_surveys":false,"_joinchat":[]},"product_brand":[],"product_cat":[15,253,265,266],"product_tag":[],"class_list":{"0":"post-6044","1":"product","2":"type-product","3":"status-publish","4":"has-post-thumbnail","6":"product_cat-imprimante-scanner","7":"product_cat-imprimante","8":"product_cat-imprimante-a-reservoirs-rechargeables","9":"product_cat-multifonction-jet-dencre","11":"first","12":"instock","13":"sale","14":"shipping-taxable","15":"purchasable","16":"product-type-simple"},"acf":[],"jetpack_sharing_enabled":true,"_links":{"self":[{"href":"https:\/\/digistar.ma\/index.php?rest_route=\/wp\/v2\/product\/6044","targetHints":{"allow":["GET"]}}],"collection":[{"href":"https:\/\/digistar.ma\/index.php?rest_route=\/wp\/v2\/product"}],"about":[{"href":"https:\/\/digistar.ma\/index.php?rest_route=\/wp\/v2\/types\/product"}],"replies":[{"embeddable":true,"href":"https:\/\/digistar.ma\/index.php?rest_route=%2Fwp%2Fv2%2Fcomments&post=6044"}],"version-history":[{"count":3,"href":"https:\/\/digistar.ma\/index.php?rest_route=\/wp\/v2\/product\/6044\/revisions"}],"predecessor-version":[{"id":6052,"href":"https:\/\/digistar.ma\/index.php?rest_route=\/wp\/v2\/product\/6044\/revisions\/6052"}],"wp:featuredmedia":[{"embeddable":true,"href":"https:\/\/digistar.ma\/index.php?rest_route=\/wp\/v2\/media\/6045"}],"wp:attachment":[{"href":"https:\/\/digistar.ma\/index.php?rest_route=%2Fwp%2Fv2%2Fmedia&parent=6044"}],"wp:term":[{"taxonomy":"product_brand","embeddable":true,"href":"https:\/\/digistar.ma\/index.php?rest_route=%2Fwp%2Fv2%2Fproduct_brand&post=6044"},{"taxonomy":"product_cat","embeddable":true,"href":"https:\/\/digistar.ma\/index.php?rest_route=%2Fwp%2Fv2%2Fproduct_cat&post=6044"},{"taxonomy":"product_tag","embeddable":true,"href":"https:\/\/digistar.ma\/index.php?rest_route=%2Fwp%2Fv2%2Fproduct_tag&post=6044"}],"curies":[{"name":"wp","href":"https:\/\/api.w.org\/{rel}","templated":true}]}}