{"id":6053,"date":"2023-07-14T22:03:31","date_gmt":"2023-07-14T22:03:31","guid":{"rendered":"https:\/\/digistar.ma\/?post_type=product&#038;p=6053"},"modified":"2025-03-27T22:18:00","modified_gmt":"2025-03-27T22:18:00","slug":"epson-ecotank-l3210-imprimante-multifonction-a-reservoirs-rechargeables","status":"publish","type":"product","link":"https:\/\/digistar.ma\/?product=epson-ecotank-l3210-imprimante-multifonction-a-reservoirs-rechargeables","title":{"rendered":"Epson EcoTank L3210 Imprimante multifonction \u00e0 r\u00e9servoirs rechargeables"},"content":{"rendered":"<p><strong>Epson EcoTank L3210 Imprimante multifonction \u00e0 r\u00e9servoirs rechargeables<\/strong><\/p>\n<p>Cette imprimante multifonction (impression, num\u00e9risation, copie), sans cartouches \u00e0 remplacer, est id\u00e9ale pour les personnes qui recherchent des impressions de haute qualit\u00e9 et un co\u00fbt par page incroyablement bas. Gr\u00e2ce \u00e0 un bac papier arri\u00e8re de 100 feuilles, \u00e0 l\u2019impression photo sans marge (jusqu\u2019\u00e0 10 \u00d7 15 cm) ainsi qu\u2019\u00e0 des vitesses d\u2019impression pouvant atteindre 10 pages par minute, vous pouvez effectuer rapidement plusieurs t\u00e2ches en toute simplicit\u00e9.<\/p>\n<div class=\"heading1\">\n<h4>Adieu aux cartouches on\u00e9reuses<\/h4>\n<p>EcoTank offre une impression \u00e0 domicile simple et \u00e9conomique\u00a0: les r\u00e9servoirs d\u2019encre ultra haute capacit\u00e9 permettent des recharges faciles. De plus, les bouteilles sont dot\u00e9es d\u2019un d\u00e9trompeur pour ne plus se tromper de couleur lors du remplissage du r\u00e9servoir.<\/p>\n<\/div>\n<div class=\"heading2\">\n<h4>\u00c9conomies \u00e0 long terme<\/h4>\n<p>Cette imprimante multifonction, qui vous fait \u00e9conomiser jusqu\u2019\u00e0 90 % sur vos co\u00fbts d\u2019impression, est livr\u00e9e avec jusqu\u2019\u00e0 trois ans d\u2019encre. Le kit de bouteilles d\u2019encre inclus permet d\u2019imprimer jusqu\u2019\u00e0 8\u00a0100\u00a0pages en monochrome et 6\u00a0500\u00a0pages en couleur<sup>4<\/sup>.<\/p>\n<\/div>\n<div class=\"heading3\">\n<h4>Nombreuses fonctionnalit\u00e9s<\/h4>\n<p>Gr\u00e2ce \u00e0 la fonctionnalit\u00e9 d\u2019impression, num\u00e9risation et copie et \u00e0 l\u2019impression photo sans marge (jusqu\u2019\u00e0 10\u00a0\u00d7\u00a015\u00a0cm), vous pouvez effectuer rapidement plusieurs t\u00e2ches en toute simplicit\u00e9.<\/p>\n<\/div>\n<div class=\"heading4\">\n<h4>Technologie Z\u00e9ro Chaleur<\/h4>\n<p>Avec la technologie Z\u00e9ro Chaleur Micro Piezo d\u2019Epson, vous b\u00e9n\u00e9ficiez d\u2019une impression rapide et de haute qualit\u00e9. La t\u00eate d\u2019impression fiable et durable est \u00e9galement pr\u00e9install\u00e9e, de sorte que la configuration de votre imprimante est d\u2019une grande simplicit\u00e9.<\/p>\n<p><strong>Caract\u00e9ristiques de Epson EcoTank L3210 Imprimante multifonction \u00e0 r\u00e9servoirs rechargeables\u00a0<\/strong><\/p>\n<ul class=\"features\">\n<li><strong>Imprimante multifonction<\/strong>\u00a0Impression, copie et num\u00e9risation<\/li>\n<li><strong>Impression ultra \u00e9conomique<\/strong>\u00a0\u00c9conomisez jusqu\u2019\u00e0 90\u00a0% sur vos co\u00fbts d\u2019impression<\/li>\n<li><strong>Volume d\u2019encre fourni pour 3\u00a0ans d\u2019impression<\/strong>\u00a0Capacit\u00e9 fournie\u00a0: 8\u00a0100\u00a0pages en monochrome et 6\u00a0500\u00a0pages en couleur<\/li>\n<li><strong>Syst\u00e8me de r\u00e9servoir d\u2019encre simple<\/strong>\u00a0Recharges simples avec les bouteilles d\u2019encre \u00e0 d\u00e9trompeurs et les r\u00e9servoirs d\u2019encre en fa\u00e7ade<\/li>\n<\/ul>\n<p><a href=\"https:\/\/digistar.ma\/wp-content\/uploads\/2023\/07\/ecotank-l3210-datasheet-1.pdf\"><strong>ICI FICHE TECHNIQUE DE Epson EcoTank L3210 Imprimante multifonction \u00e0 r\u00e9servoirs rechargeables\u00a0<\/strong><\/a><\/p>\n<\/div>\n","protected":false},"excerpt":{"rendered":"<p>Impression, Num\u00e9risation, Copie<br \/>\nLivr\u00e9e avec encre noire jusqu&#8217;\u00e0 8100 pages et 6500 pages en couleur<br \/>\nVitesse d&#8217;impression noir: 33 pages\/min (10 pages\/min en norme ISO)<br \/>\nVitesse d&#8217;impression couleur: 15 pages\/min (5 pages\/min Couleur en norme ISO)<br \/>\nQualit\u00e9\u00a0d&#8217;impression noire: 5.760 x 1.440 DPI (ppp)<br \/>\nQualit\u00e9 d&#8217;impression couleur: 5.760 x 1.440 DPI (ppp)<br \/>\nImpression recto\/verso: Manuel<br \/>\nFonctionne avec: 4 bouteilles d\u2019encre individuelles de 65 ml (N,C,J,M)<br \/>\nConnectivit\u00e9: USB<\/p>\n","protected":false},"featured_media":6054,"comment_status":"open","ping_status":"closed","template":"","meta":{"_acf_changed":false,"_monsterinsights_skip_tracking":false,"_monsterinsights_sitenote_active":false,"_monsterinsights_sitenote_note":"","_monsterinsights_sitenote_category":0,"_uf_show_specific_survey":0,"_uf_disable_surveys":false,"_joinchat":[]},"product_brand":[],"product_cat":[15,380,253,265,266],"product_tag":[],"class_list":{"0":"post-6053","1":"product","2":"type-product","3":"status-publish","4":"has-post-thumbnail","6":"product_cat-imprimante-scanner","7":"product_cat-epson","8":"product_cat-imprimante","9":"product_cat-imprimante-a-reservoirs-rechargeables","10":"product_cat-multifonction-jet-dencre","12":"first","13":"instock","14":"sale","15":"shipping-taxable","16":"purchasable","17":"product-type-simple"},"acf":[],"jetpack_sharing_enabled":true,"_links":{"self":[{"href":"https:\/\/digistar.ma\/index.php?rest_route=\/wp\/v2\/product\/6053","targetHints":{"allow":["GET"]}}],"collection":[{"href":"https:\/\/digistar.ma\/index.php?rest_route=\/wp\/v2\/product"}],"about":[{"href":"https:\/\/digistar.ma\/index.php?rest_route=\/wp\/v2\/types\/product"}],"replies":[{"embeddable":true,"href":"https:\/\/digistar.ma\/index.php?rest_route=%2Fwp%2Fv2%2Fcomments&post=6053"}],"version-history":[{"count":1,"href":"https:\/\/digistar.ma\/index.php?rest_route=\/wp\/v2\/product\/6053\/revisions"}],"predecessor-version":[{"id":6066,"href":"https:\/\/digistar.ma\/index.php?rest_route=\/wp\/v2\/product\/6053\/revisions\/6066"}],"wp:featuredmedia":[{"embeddable":true,"href":"https:\/\/digistar.ma\/index.php?rest_route=\/wp\/v2\/media\/6054"}],"wp:attachment":[{"href":"https:\/\/digistar.ma\/index.php?rest_route=%2Fwp%2Fv2%2Fmedia&parent=6053"}],"wp:term":[{"taxonomy":"product_brand","embeddable":true,"href":"https:\/\/digistar.ma\/index.php?rest_route=%2Fwp%2Fv2%2Fproduct_brand&post=6053"},{"taxonomy":"product_cat","embeddable":true,"href":"https:\/\/digistar.ma\/index.php?rest_route=%2Fwp%2Fv2%2Fproduct_cat&post=6053"},{"taxonomy":"product_tag","embeddable":true,"href":"https:\/\/digistar.ma\/index.php?rest_route=%2Fwp%2Fv2%2Fproduct_tag&post=6053"}],"curies":[{"name":"wp","href":"https:\/\/api.w.org\/{rel}","templated":true}]}}