{"id":6067,"date":"2023-07-14T22:15:06","date_gmt":"2023-07-14T22:15:06","guid":{"rendered":"https:\/\/digistar.ma\/?post_type=product&#038;p=6067"},"modified":"2023-07-14T22:15:06","modified_gmt":"2023-07-14T22:15:06","slug":"canon-pixma-g540-imprimante-photos-a-reservoirs-rechargeables","status":"publish","type":"product","link":"https:\/\/digistar.ma\/?product=canon-pixma-g540-imprimante-photos-a-reservoirs-rechargeables","title":{"rendered":"Canon PIXMA G540 Imprimante photos \u00e0 r\u00e9servoirs rechargeables"},"content":{"rendered":"<p><strong>Canon PIXMA G540 Imprimante photos \u00e0 r\u00e9servoirs rechargeables<\/strong><\/p>\n<p>Imprimante monofonction \u00e0 six r\u00e9servoirs d&#8217;encre \u00e0 base de colorants rechargeables, pour une impression photo de haute qualit\u00e9 et la possibilit\u00e9 de produire de gros volumes \u00e0 un co\u00fbt extr\u00eamement faible.<\/p>\n<h2 class=\"product-variations__heading canon-color--grey-darkest canon-h2--big canon-mb-xs\">Volume \u00e9lev\u00e9, normes exigeantes, co\u00fbts r\u00e9duits<\/h2>\n<p class=\"product-variations__paragraph canon-paragraph--large canon-mb-xxs canon-color--grey-darkest\">Pour imprimer de gros volumes d&#8217;images de qualit\u00e9 \u00e0 moindre co\u00fbt, la PIXMA G540 offre simplicit\u00e9, polyvalence et qualit\u00e9 d&#8217;impression exceptionnelle.<\/p>\n<p><strong>Caract\u00e9ristiques de Canon PIXMA G540 Imprimante photos \u00e0 r\u00e9servoirs rechargeables<\/strong><\/p>\n<p>Livr\u00e9e avec encre noire jusqu&#8217;\u00e0 3700 pages et 8000 pages en couleur<br \/>\nVitesse d&#8217;impression noir: 47 secondes photo sans marge 10 \u00d7 15 cm<br \/>\nVitesse d&#8217;impression couleur: 47 secondes photo sans marge 10 \u00d7 15 cm<br \/>\nQualit\u00e9 d&#8217;impression noire: 4800 x 1200 ppp<br \/>\nQualit\u00e9 d&#8217;impression couleur: 4800 x 1200 ppp<br \/>\nImpression recto\/verso: Manuelle<br \/>\nFonctionne avec: 6 Cartouches (noire, cyan, magenta, jaune, rouge, gris)<br \/>\nConnectivit\u00e9: USB, Wi-Fi<\/p>\n<p><strong>Types de support pris en charge<\/strong><\/p>\n<p>Papier ordinaire, Papier Photo Pro Lustr\u00e9 (LU-101), Papier Photo Glac\u00e9 Extra II (PP-201), Papier Photo Mat (MP-101), Papier Photo Glac\u00e9 Standard (GP-501), Papier Haute R\u00e9solution (HR-101N), Enveloppe, Papier Photo Satin\u00e9 (SG-201), Papier Photo Repositionnable (RP-101), Papier photo magn\u00e9tique (MG-101), Transferts thermocollants pour tissu fonc\u00e9 (DF-101), Transferts thermocollants pour tissu clair (LF-101), Papier mate recto verso (MP-101D)<\/p>\n","protected":false},"excerpt":{"rendered":"<p>Livr\u00e9e avec encre noire jusqu&#8217;\u00e0 3700 pages et 8000 pages en couleur<br \/>\nVitesse d&#8217;impression noir: 47 secondes photo sans marge 10 \u00d7 15 cm<br \/>\nVitesse d&#8217;impression couleur: 47 secondes photo sans marge 10 \u00d7 15 cm<br \/>\nQualit\u00e9 d&#8217;impression noire: 4800 x 1200 ppp<br \/>\nQualit\u00e9 d&#8217;impression couleur: 4800 x 1200 ppp<br \/>\nImpression recto\/verso: Manuelle<br \/>\nFonctionne avec: 6 Cartouches (noire, cyan, magenta, jaune, rouge, gris)<br \/>\nConnectivit\u00e9: USB, Wi-Fi<\/p>\n","protected":false},"featured_media":6068,"comment_status":"open","ping_status":"closed","template":"","meta":{"_acf_changed":false,"_monsterinsights_skip_tracking":false,"_monsterinsights_sitenote_active":false,"_monsterinsights_sitenote_note":"","_monsterinsights_sitenote_category":0,"_uf_show_specific_survey":0,"_uf_disable_surveys":false,"_joinchat":[]},"product_brand":[],"product_cat":[15,253,265,269],"product_tag":[],"class_list":{"0":"post-6067","1":"product","2":"type-product","3":"status-publish","4":"has-post-thumbnail","6":"product_cat-imprimante-scanner","7":"product_cat-imprimante","8":"product_cat-imprimante-a-reservoirs-rechargeables","9":"product_cat-imprimante-jet-dencre","11":"first","12":"instock","13":"sale","14":"shipping-taxable","15":"purchasable","16":"product-type-simple"},"acf":[],"jetpack_sharing_enabled":true,"_links":{"self":[{"href":"https:\/\/digistar.ma\/index.php?rest_route=\/wp\/v2\/product\/6067","targetHints":{"allow":["GET"]}}],"collection":[{"href":"https:\/\/digistar.ma\/index.php?rest_route=\/wp\/v2\/product"}],"about":[{"href":"https:\/\/digistar.ma\/index.php?rest_route=\/wp\/v2\/types\/product"}],"replies":[{"embeddable":true,"href":"https:\/\/digistar.ma\/index.php?rest_route=%2Fwp%2Fv2%2Fcomments&post=6067"}],"version-history":[{"count":1,"href":"https:\/\/digistar.ma\/index.php?rest_route=\/wp\/v2\/product\/6067\/revisions"}],"predecessor-version":[{"id":6073,"href":"https:\/\/digistar.ma\/index.php?rest_route=\/wp\/v2\/product\/6067\/revisions\/6073"}],"wp:featuredmedia":[{"embeddable":true,"href":"https:\/\/digistar.ma\/index.php?rest_route=\/wp\/v2\/media\/6068"}],"wp:attachment":[{"href":"https:\/\/digistar.ma\/index.php?rest_route=%2Fwp%2Fv2%2Fmedia&parent=6067"}],"wp:term":[{"taxonomy":"product_brand","embeddable":true,"href":"https:\/\/digistar.ma\/index.php?rest_route=%2Fwp%2Fv2%2Fproduct_brand&post=6067"},{"taxonomy":"product_cat","embeddable":true,"href":"https:\/\/digistar.ma\/index.php?rest_route=%2Fwp%2Fv2%2Fproduct_cat&post=6067"},{"taxonomy":"product_tag","embeddable":true,"href":"https:\/\/digistar.ma\/index.php?rest_route=%2Fwp%2Fv2%2Fproduct_tag&post=6067"}],"curies":[{"name":"wp","href":"https:\/\/api.w.org\/{rel}","templated":true}]}}