{"id":6076,"date":"2023-07-14T22:47:05","date_gmt":"2023-07-14T22:47:05","guid":{"rendered":"https:\/\/digistar.ma\/?post_type=product&#038;p=6076"},"modified":"2023-07-14T22:56:17","modified_gmt":"2023-07-14T22:56:17","slug":"hp-smart-tank-516-imprimante-multifonction-a-reservoirs-rechargeables","status":"publish","type":"product","link":"https:\/\/digistar.ma\/?product=hp-smart-tank-516-imprimante-multifonction-a-reservoirs-rechargeables","title":{"rendered":"HP Smart Tank 516 Imprimante multifonction \u00e0 r\u00e9servoirs rechargeables"},"content":{"rendered":"<p><strong>HP Smart Tank 516 Imprimante multifonction \u00e0 r\u00e9servoirs rechargeables<\/strong><\/p>\n<p>Cette imprimante \u00e0 r\u00e9servoir d&#8217;encre haute capacit\u00e9 assure une qualit\u00e9 sans compromis et offre jusqu&#8217;\u00e0 4 ans de cartouches d&#8217;encre inclus dans le\u00a0<span class=\"m-text-nowrap\">coffret. <\/span>\u00a0B\u00e9n\u00e9ficiez de connexions plus rapides avec le Wi-Fi\u00a0<span class=\"m-text-nowrap\">bi-bande, <\/span>et de l&#8217;impression mobile facile avec l&#8217;application HP\u00a0<span class=\"m-text-nowrap\">Smart.<\/span><\/p>\n<h3 class=\"h2 c-split-module__title\">Imprimante \u00e0 encre innovante, sans cartouche\u00a0: pour des impressions de grand volume et \u00e0 faible co\u00fbt<\/h3>\n<p class=\"h4 c-split-module__description\">Avec les r\u00e9servoirs d&#8217;encre int\u00e9gr\u00e9s et un capteur d&#8217;encre automatique, vous disposez d&#8217;un syst\u00e8me de recharge compact et sans \u00e9claboussures, qui facilite la gestion de\u00a0<span class=\"m-text-nowrap\">l&#8217;encre. <\/span>\u00a0Solution parfaite pour les grands volumes d&#8217;impression \u00e0 faible co\u00fbt, jusqu&#8217;\u00e0 3 ans de cartouches d&#8217;encre inclus dans la\u00a0<span class=\"m-text-nowrap\">bo\u00eete.<\/span><\/p>\n<h3 class=\"h2 c-split-module__title\">Connexions plus rapides, productivit\u00e9 simplifi\u00e9e, o\u00f9 que vous soyez<\/h3>\n<p class=\"h4 c-split-module__description\">Restez connect\u00e9 avec le Wi-Fi double bande de HP Smart Tank 516 Imprimante multifonction \u00e0 r\u00e9servoirs rechargeables , des connexions plus rapides et plus <span class=\"m-text-nowrap\">fiables. <\/span>\u00a0Gagnez du temps avec les Smart\u00a0<span class=\"m-text-nowrap\">Tasks, <\/span>\u00a0et imprimez et num\u00e9risez partout avec HP Smart, l&#8217;application d&#8217;impression mobile la meilleure de sa\u00a0<span class=\"m-text-nowrap\">cat\u00e9gorie.<\/span><\/p>\n<p><strong>CARACTERISTIQUES DE HP Smart Tank 516 Imprimante multifonction \u00e0 r\u00e9servoirs rechargeables<\/strong><\/p>\n<p>Impression, copie et scan<br \/>\nLivr\u00e9 avec 3 x HP GT53XL Bouteilles d&#8217;encre noire de 135 ml + 1 x HP GT52 Bouteille d&#8217;encre cyan + 1 x HP GT52 Bouteille d&#8217;encre magenta + 1 x HP GT52 Bouteille d&#8217;encre jaune<\/p>\n<p><a href=\"https:\/\/www.hp.com\/emea_africa-fr\/products\/printers\/product-details\/product-specifications\/23394948\" target=\"_blank\" rel=\"noopener\"><strong>ICI FICHE TECHNIQUE DE HP SMART TANK 516\u00a0<\/strong><\/a><\/p>\n","protected":false},"excerpt":{"rendered":"<p>Impression, copie et scan<br \/>\nLivr\u00e9 avec 3 x HP GT53XL Bouteilles d&#8217;encre noire de 135 ml + 1 x HP GT52 Bouteille d&#8217;encre cyan + 1 x HP GT52 Bouteille d&#8217;encre magenta + 1 x HP GT52 Bouteille d&#8217;encre jaune<br \/>\nVitesse d&#8217;impression noir: 11 pages\/min en norme ISO<br \/>\nVitesse d&#8217;impression couleur: 16 pages\/min (5 pages\/min en norme ISO)<br \/>\nQualit\u00e9 d&#8217;impression noire: Jusqu&#8217;\u00e0 1200 x 1200 DPI (ppp) rendus<br \/>\nQualit\u00e9 d&#8217;impression couleur: Jusqu&#8217;\u00e0 4 800 x 1 200 ppp\u00a0optimis\u00e9s<br \/>\nImpression recto\/verso: Manuelle (prise en charge des pilotes fournie)<br \/>\nFonctionne avec: 4 R\u00e9servoirs (noir, cyan, magenta, jaune)<br \/>\nConnectivit\u00e9: Hi-Speed USB 2.0, Wi-Fi, Bluetooth LE<\/p>\n","protected":false},"featured_media":6084,"comment_status":"open","ping_status":"closed","template":"","meta":{"_acf_changed":false,"_monsterinsights_skip_tracking":false,"_monsterinsights_sitenote_active":false,"_monsterinsights_sitenote_note":"","_monsterinsights_sitenote_category":0,"_uf_show_specific_survey":0,"_uf_disable_surveys":false,"_joinchat":[]},"product_brand":[],"product_cat":[15,253,265,290,266],"product_tag":[],"class_list":{"0":"post-6076","1":"product","2":"type-product","3":"status-publish","4":"has-post-thumbnail","6":"product_cat-imprimante-scanner","7":"product_cat-imprimante","8":"product_cat-imprimante-a-reservoirs-rechargeables","9":"product_cat-meilleures-ventes","10":"product_cat-multifonction-jet-dencre","12":"first","13":"instock","14":"sale","15":"shipping-taxable","16":"purchasable","17":"product-type-simple"},"acf":[],"jetpack_sharing_enabled":true,"_links":{"self":[{"href":"https:\/\/digistar.ma\/index.php?rest_route=\/wp\/v2\/product\/6076","targetHints":{"allow":["GET"]}}],"collection":[{"href":"https:\/\/digistar.ma\/index.php?rest_route=\/wp\/v2\/product"}],"about":[{"href":"https:\/\/digistar.ma\/index.php?rest_route=\/wp\/v2\/types\/product"}],"replies":[{"embeddable":true,"href":"https:\/\/digistar.ma\/index.php?rest_route=%2Fwp%2Fv2%2Fcomments&post=6076"}],"version-history":[{"count":2,"href":"https:\/\/digistar.ma\/index.php?rest_route=\/wp\/v2\/product\/6076\/revisions"}],"predecessor-version":[{"id":6083,"href":"https:\/\/digistar.ma\/index.php?rest_route=\/wp\/v2\/product\/6076\/revisions\/6083"}],"wp:featuredmedia":[{"embeddable":true,"href":"https:\/\/digistar.ma\/index.php?rest_route=\/wp\/v2\/media\/6084"}],"wp:attachment":[{"href":"https:\/\/digistar.ma\/index.php?rest_route=%2Fwp%2Fv2%2Fmedia&parent=6076"}],"wp:term":[{"taxonomy":"product_brand","embeddable":true,"href":"https:\/\/digistar.ma\/index.php?rest_route=%2Fwp%2Fv2%2Fproduct_brand&post=6076"},{"taxonomy":"product_cat","embeddable":true,"href":"https:\/\/digistar.ma\/index.php?rest_route=%2Fwp%2Fv2%2Fproduct_cat&post=6076"},{"taxonomy":"product_tag","embeddable":true,"href":"https:\/\/digistar.ma\/index.php?rest_route=%2Fwp%2Fv2%2Fproduct_tag&post=6076"}],"curies":[{"name":"wp","href":"https:\/\/api.w.org\/{rel}","templated":true}]}}