{"id":6085,"date":"2023-07-14T23:30:32","date_gmt":"2023-07-14T23:30:32","guid":{"rendered":"https:\/\/digistar.ma\/?post_type=product&#038;p=6085"},"modified":"2023-07-14T23:34:41","modified_gmt":"2023-07-14T23:34:41","slug":"hp-ink-tank-415-imprimante-multifonction-a-reservoirs-rechargeables","status":"publish","type":"product","link":"https:\/\/digistar.ma\/?product=hp-ink-tank-415-imprimante-multifonction-a-reservoirs-rechargeables","title":{"rendered":"HP Ink Tank 415 Imprimante multifonction \u00e0 r\u00e9servoirs rechargeables"},"content":{"rendered":"<p><strong>HP Ink Tank 415 Imprimante multifonction \u00e0 r\u00e9servoirs rechargeables<\/strong><\/p>\n<p>Imprimez des volumes \u00e9lev\u00e9s pour un co\u00fbt par page extr\u00eamement faible, et profitez d&#8217;une impression mobile facile. Gr\u00e2ce \u00e0 un syst\u00e8me de r\u00e9servoir d\u2019encre fiable et sans \u00e9claboussures, vous serez en mesure d\u2019imprimer jusqu&#8217;\u00e0 8 000 pages couleur ou 15 000 pages noir et blanc, et d&#8217;obtenir une qualit\u00e9 exceptionnelle avec HP Ink Tank 415 Imprimante multifonction \u00e0 r\u00e9servoirs rechargeables<\/p>\n<div class=\"woocommerce-tabs wc-tabs-wrapper container tabbed-content\">\n<div class=\"tab-panels\">\n<div id=\"tab-description\" class=\"woocommerce-Tabs-panel woocommerce-Tabs-panel--description panel entry-content active\" role=\"tabpanel\" aria-labelledby=\"tab-title-description\">\n<p><em><strong>Contenu de la bo\u00eete :<\/strong><\/em><\/p>\n<p>HP Ink Tank 415 Imprimante multifonction \u00e0 r\u00e9servoirs rechargeables;<br \/>\n2 bouteilles d\u2019encre noire HP GT51XXL (170 ml, env. 15 000 pages);<br \/>\nBouteille d\u2019encre cyan HP GT52 (70 ml, 8000 pages);<br \/>\nBouteille d\u2019encre magenta HP GT52 (70 ml, 8000 pages);<br \/>\nBouteille d\u2019encre jaune HP GT52 (70 ml, 8 000 pages);<br \/>\nAffiche d\u2019installation; Cordon d\u2019alimentation.<\/p>\n<p><strong>Caract\u00e9ristiques de HP Ink Tank 415 Imprimante multifonction \u00e0 r\u00e9servoirs rechargeables<\/strong><\/p>\n<p>Impression, copie et scan<br \/>\n2 bouteilles d\u2019encre noire HP GT51XXL (170 ml, env. 15 000 pages); Bouteille d\u2019encre cyan HP GT52 (70 ml, 8000 pages); Bouteille d\u2019encre magenta HP GT52 (70 ml, 8000 pages); Bouteille d\u2019encre jaune HP GT52 (70 ml, 8 000 pages);<br \/>\nVitesse d\u2019impression noir: 19 pages\/min (8 pages\/min en norme ISO)<br \/>\nVitesse d\u2019impression couleur: 15 pages\/min (5 pages\/min en norme ISO)<br \/>\nQualit\u00e9 d\u2019impression noire: Jusqu\u2019\u00e0 1200 x 1200 DPI (ppp) rendus<br \/>\nQualit\u00e9 d\u2019impression couleur: Jusqu\u2019\u00e0 4800 x 1200 DPI (ppp) optimis\u00e9s<br \/>\nVolume de pages mensuel recommand\u00e9: 400 \u00e0 800<br \/>\nImpression recto\/verso: Manuelle<br \/>\nFonctionne avec: 4 R\u00e9servoirs (noir, cyan, magenta, jaune)<br \/>\nConnectivit\u00e9: 1 port USB 2.0 Wifi<\/p>\n<\/div>\n<div id=\"tab-additional_information\" class=\"woocommerce-Tabs-panel woocommerce-Tabs-panel--additional_information panel entry-content \" role=\"tabpanel\" aria-labelledby=\"tab-title-additional_information\"><\/div>\n<\/div>\n<\/div>\n","protected":false},"excerpt":{"rendered":"<p>Impression, copie et scan<br \/>\n2 bouteilles d&#8217;encre noire HP GT51XXL (170 ml, env. 15 000 pages); Bouteille d\u2019encre cyan HP GT52 (70 ml, 8000 pages); Bouteille d&#8217;encre magenta HP GT52 (70 ml, 8000 pages); Bouteille d&#8217;encre jaune HP GT52 (70 ml, 8 000 pages);<br \/>\nVitesse d&#8217;impression noir: 19 pages\/min (8 pages\/min en norme ISO)<br \/>\nVitesse d&#8217;impression couleur: 15 pages\/min (5 pages\/min en norme ISO)<br \/>\nQualit\u00e9 d&#8217;impression noire: Jusqu&#8217;\u00e0 1200 x 1200 DPI (ppp) rendus<br \/>\nQualit\u00e9 d&#8217;impression couleur: Jusqu&#8217;\u00e0 4800 x 1200 DPI (ppp) optimis\u00e9s<br \/>\nVolume de pages mensuel recommand\u00e9: 400 \u00e0 800<br \/>\nImpression recto\/verso: Manuelle<br \/>\nFonctionne avec: 4\u00a0\u00a0R\u00e9servoirs (noir, cyan, magenta, jaune)<br \/>\nConnectivit\u00e9: 1 port USB 2.0<\/p>\n","protected":false},"featured_media":6086,"comment_status":"open","ping_status":"closed","template":"","meta":{"_acf_changed":false,"_monsterinsights_skip_tracking":false,"_monsterinsights_sitenote_active":false,"_monsterinsights_sitenote_note":"","_monsterinsights_sitenote_category":0,"_uf_show_specific_survey":0,"_uf_disable_surveys":false,"_joinchat":[]},"product_brand":[],"product_cat":[15,253,265,266],"product_tag":[],"class_list":{"0":"post-6085","1":"product","2":"type-product","3":"status-publish","4":"has-post-thumbnail","6":"product_cat-imprimante-scanner","7":"product_cat-imprimante","8":"product_cat-imprimante-a-reservoirs-rechargeables","9":"product_cat-multifonction-jet-dencre","11":"first","12":"instock","13":"sale","14":"shipping-taxable","15":"purchasable","16":"product-type-simple"},"acf":[],"jetpack_sharing_enabled":true,"_links":{"self":[{"href":"https:\/\/digistar.ma\/index.php?rest_route=\/wp\/v2\/product\/6085","targetHints":{"allow":["GET"]}}],"collection":[{"href":"https:\/\/digistar.ma\/index.php?rest_route=\/wp\/v2\/product"}],"about":[{"href":"https:\/\/digistar.ma\/index.php?rest_route=\/wp\/v2\/types\/product"}],"replies":[{"embeddable":true,"href":"https:\/\/digistar.ma\/index.php?rest_route=%2Fwp%2Fv2%2Fcomments&post=6085"}],"version-history":[{"count":3,"href":"https:\/\/digistar.ma\/index.php?rest_route=\/wp\/v2\/product\/6085\/revisions"}],"predecessor-version":[{"id":6091,"href":"https:\/\/digistar.ma\/index.php?rest_route=\/wp\/v2\/product\/6085\/revisions\/6091"}],"wp:featuredmedia":[{"embeddable":true,"href":"https:\/\/digistar.ma\/index.php?rest_route=\/wp\/v2\/media\/6086"}],"wp:attachment":[{"href":"https:\/\/digistar.ma\/index.php?rest_route=%2Fwp%2Fv2%2Fmedia&parent=6085"}],"wp:term":[{"taxonomy":"product_brand","embeddable":true,"href":"https:\/\/digistar.ma\/index.php?rest_route=%2Fwp%2Fv2%2Fproduct_brand&post=6085"},{"taxonomy":"product_cat","embeddable":true,"href":"https:\/\/digistar.ma\/index.php?rest_route=%2Fwp%2Fv2%2Fproduct_cat&post=6085"},{"taxonomy":"product_tag","embeddable":true,"href":"https:\/\/digistar.ma\/index.php?rest_route=%2Fwp%2Fv2%2Fproduct_tag&post=6085"}],"curies":[{"name":"wp","href":"https:\/\/api.w.org\/{rel}","templated":true}]}}