{"id":6102,"date":"2023-07-15T00:21:01","date_gmt":"2023-07-15T00:21:01","guid":{"rendered":"https:\/\/digistar.ma\/?post_type=product&#038;p=6102"},"modified":"2025-08-06T04:35:17","modified_gmt":"2025-08-06T04:35:17","slug":"canon-maxify-gx7040-imprimante-a-reservoirs-rechargeables","status":"publish","type":"product","link":"https:\/\/digistar.ma\/?product=canon-maxify-gx7040-imprimante-a-reservoirs-rechargeables","title":{"rendered":"Canon MAXIFY GX7040 Imprimante \u00e0 r\u00e9servoirs rechargeables"},"content":{"rendered":"<p><strong>Canon MAXIFY GX7040 Imprimante \u00e0 r\u00e9servoirs rechargeables<\/strong><\/p>\n<p>Am\u00e9liorez la productivit\u00e9 de vos impressions professionnelles gr\u00e2ce \u00e0 MegaTank et ses r\u00e9servoirs d&#8217;encre rechargeables \u00e0 haut rendement. Vous b\u00e9n\u00e9ficierez d&#8217;impressions de qualit\u00e9 professionnelle et d&#8217;un co\u00fbt total de possession extr\u00eamement faible.<\/p>\n<p class=\"block-rectangle__content-article-heading canon-section-title canon-section-title--small canon-color--grey-darkest\"><strong>90\u00a0% d&#8217;\u00e9conomies en moyenne\u00a0sur le co\u00fbt total de possession par rapport aux 10\u00a0imprimantes laser et jet d&#8217;encre les plus vendues<\/strong><\/p>\n<p class=\"heading-simple__heading canon-mb-xxs canon-h2--big\"><strong>Des besoins satisfaits<\/strong><\/p>\n<div class=\"heading-simple__paragraph canon-paragraph--large canon-mb-xxs text-center\">Choisissez une imprimante professionnelle \u00e9conomique Canon MAXIFY GX7040 parfaitement adapt\u00e9e \u00e0 votre environnement.<\/div>\n<div>\n<p class=\"canon-h2--big canon-mb-xs\"><strong>L&#8217;excellence dans tous les environnements<\/strong><\/p>\n<p class=\"canon-column-title--3-col-small\">MAXIFY\u00a0GX7040 offre des performances d&#8217;exception pour toutes vos impressions quotidiennes, avec un faible co\u00fbt par page et des volumes \u00e9lev\u00e9s.<\/p>\n<p class=\"hero-full__content-heading canon-h1--small canon-mb-xxs canon-color--grey-darkest\"><strong>Des co\u00fbts r\u00e9duits et qui le restent<\/strong><\/p>\n<div class=\"canon-paragraph--big hero-full__content-paragraph canon-mb-xxs canon-color--grey-darkest\">R\u00e9duisez vos co\u00fbts d&#8217;impression gr\u00e2ce \u00e0 un rendement exceptionnel de 14.000\u00a0pages \u00e0 partir d&#8217;un kit de bouteilles d&#8217;encre couleur ou de 6000\u00a0pages avec une bouteille d&#8217;encre noire. Passez en mode \u00e9conomie pour davantage de gains.<\/div>\n<div>\n<p class=\"hero-full__content-heading canon-h1--small canon-mb-xxs canon-color--grey-darkest\"><strong>Des documents durables en un clin d&#8217;\u0153il<\/strong><\/p>\n<div class=\"canon-paragraph--big hero-full__content-paragraph canon-mb-xxs canon-color--grey-darkest\">Imprimez des documents professionnels exceptionnels avec des d\u00e9tails d&#8217;une nettet\u00e9 incroyable \u00e0 des vitesses vous aidant \u00e0 respecter tous vos d\u00e9lais, \u00e0 savoir 24 ipm en noir et 15,5 ipm en couleur. G\u00e9rez facilement le flux de travail des documents \u00e0 l&#8217;aide de fonctions professionnelles d\u00e9di\u00e9es.<\/div>\n<\/div>\n<\/div>\n<div><\/div>\n<div><strong>Caract\u00e9ristiques de Canon MAXIFY GX7040 Imprimante \u00e0 r\u00e9servoirs rechargeables<\/strong><\/div>\n<div><\/div>\n<div>impression, copie, scan, fax, Wi-Fi, Ethernet, Cloud<br \/>\nLivr\u00e9e avec encre noire jusqu&#8217;\u00e0 6000 pages (9000 pages en mode \u00e9conomique) et 14.000 pages en couleur (21.000 pages en mode \u00e9conomique) pour impression de documents A4<br \/>\nVitesse d&#8217;impression noir: Env. 24 ipm<br \/>\nVitesse d&#8217;impression couleur: Env. 15,5 ipm<br \/>\nQualit\u00e9 d&#8217;impression noire: Jusqu&#8217;\u00e0 600 x 1200 ppp<br \/>\nQualit\u00e9 d&#8217;impression couleur: Jusqu&#8217;\u00e0 600 x 1200 ppp<br \/>\nImpression recto\/verso: automatique<br \/>\nFonctionne avec: 4 Cartouches (noir, cyan, magenta, jaune)<br \/>\nConnectivit\u00e9: USB haute vitesse (port B), Ethernet : 10\/100 Mbit\/s (commutation auto), Wi-Fi IEEE802.11 b\/g\/a, S\u00e9curit\u00e9 Wi-Fi : WPA-PSK, WPA2-PSK, WEP, mot de passe d&#8217;administration, Bande de fr\u00e9quence LAN sans fil : 2,4 GHz, 5 GHz<\/div>\n<div><\/div>\n","protected":false},"excerpt":{"rendered":"<p>impression, copie, scan, fax, Wi-Fi, Ethernet, Cloud<br \/>\nLivr\u00e9e avec encre noire jusqu&#8217;\u00e0 6000 pages (9000 pages en mode \u00e9conomique) et 14.000 pages en couleur (21.000 pages en mode \u00e9conomique) pour impression de documents A4<br \/>\nVitesse d&#8217;impression noir: Env. 24 ipm<br \/>\nVitesse d&#8217;impression couleur: Env. 15,5 ipm<br \/>\nQualit\u00e9 d&#8217;impression noire: Jusqu&#8217;\u00e0 600 x 1200 ppp<br \/>\nQualit\u00e9 d&#8217;impression couleur: Jusqu&#8217;\u00e0 600 x 1200 ppp<br \/>\nImpression recto\/verso: automatique<br \/>\nFonctionne avec: 4 Cartouches (noir, cyan, magenta, jaune)<br \/>\nConnectivit\u00e9: USB haute vitesse (port B), Ethernet : 10\/100 Mbit\/s (commutation auto), Wi-Fi IEEE802.11 b\/g\/a, S\u00e9curit\u00e9 Wi-Fi : WPA-PSK, WPA2-PSK, WEP, mot de passe d&#8217;administration, Bande de fr\u00e9quence LAN sans fil : 2,4 GHz, 5 GHz<\/p>\n","protected":false},"featured_media":6107,"comment_status":"open","ping_status":"closed","template":"","meta":{"_acf_changed":false,"_monsterinsights_skip_tracking":false,"_monsterinsights_sitenote_active":false,"_monsterinsights_sitenote_note":"","_monsterinsights_sitenote_category":0,"_uf_show_specific_survey":0,"_uf_disable_surveys":false,"_joinchat":[]},"product_brand":[],"product_cat":[15,253,265,266],"product_tag":[],"class_list":{"0":"post-6102","1":"product","2":"type-product","3":"status-publish","4":"has-post-thumbnail","6":"product_cat-imprimante-scanner","7":"product_cat-imprimante","8":"product_cat-imprimante-a-reservoirs-rechargeables","9":"product_cat-multifonction-jet-dencre","11":"first","12":"instock","13":"sale","14":"shipping-taxable","15":"purchasable","16":"product-type-simple"},"acf":[],"jetpack_sharing_enabled":true,"_links":{"self":[{"href":"https:\/\/digistar.ma\/index.php?rest_route=\/wp\/v2\/product\/6102","targetHints":{"allow":["GET"]}}],"collection":[{"href":"https:\/\/digistar.ma\/index.php?rest_route=\/wp\/v2\/product"}],"about":[{"href":"https:\/\/digistar.ma\/index.php?rest_route=\/wp\/v2\/types\/product"}],"replies":[{"embeddable":true,"href":"https:\/\/digistar.ma\/index.php?rest_route=%2Fwp%2Fv2%2Fcomments&post=6102"}],"version-history":[{"count":1,"href":"https:\/\/digistar.ma\/index.php?rest_route=\/wp\/v2\/product\/6102\/revisions"}],"predecessor-version":[{"id":6111,"href":"https:\/\/digistar.ma\/index.php?rest_route=\/wp\/v2\/product\/6102\/revisions\/6111"}],"wp:featuredmedia":[{"embeddable":true,"href":"https:\/\/digistar.ma\/index.php?rest_route=\/wp\/v2\/media\/6107"}],"wp:attachment":[{"href":"https:\/\/digistar.ma\/index.php?rest_route=%2Fwp%2Fv2%2Fmedia&parent=6102"}],"wp:term":[{"taxonomy":"product_brand","embeddable":true,"href":"https:\/\/digistar.ma\/index.php?rest_route=%2Fwp%2Fv2%2Fproduct_brand&post=6102"},{"taxonomy":"product_cat","embeddable":true,"href":"https:\/\/digistar.ma\/index.php?rest_route=%2Fwp%2Fv2%2Fproduct_cat&post=6102"},{"taxonomy":"product_tag","embeddable":true,"href":"https:\/\/digistar.ma\/index.php?rest_route=%2Fwp%2Fv2%2Fproduct_tag&post=6102"}],"curies":[{"name":"wp","href":"https:\/\/api.w.org\/{rel}","templated":true}]}}