{"id":6112,"date":"2023-07-15T00:37:23","date_gmt":"2023-07-15T00:37:23","guid":{"rendered":"https:\/\/digistar.ma\/?post_type=product&#038;p=6112"},"modified":"2025-08-03T23:23:56","modified_gmt":"2025-08-03T23:23:56","slug":"epson-ecotank-l8160-imprimante-photo","status":"publish","type":"product","link":"https:\/\/digistar.ma\/?product=epson-ecotank-l8160-imprimante-photo","title":{"rendered":"Epson EcoTank L8160 Imprimante photo"},"content":{"rendered":"<p><strong>Epson EcoTank L8160 Imprimante photo<\/strong><\/p>\n<p>Laissez libre cours \u00e0 votre cr\u00e9ativit\u00e9 avec de superbes photos et documents au format A4 \u00e0 un co\u00fbt d\u2019impression par page incroyablement bas. Imprimez, copiez et num\u00e9risez facilement gr\u00e2ce \u00e0 l\u2019impressionnant \u00e9cran tactile couleur de 10,9\u00a0cm, \u00e0 la gestion des supports \u00e0 5\u00a0chemins et au syst\u00e8me d\u2019encre 6\u00a0couleurs innovant. Sans cartouche \u00e0 remplacer et avec ses fonctions de connectivit\u00e9 flexibles, c&#8217;est l\u2019imprimante parfaite pour la famille artistique moderne.<\/p>\n<div class=\"heading1\">\n<h4>Syst\u00e8me d\u2019encre 6\u00a0couleurs<\/h4>\n<p>Les encres Epson Claria ET Premium produisent des photos de haute qualit\u00e9 et durables jusqu\u2019au format\u00a0A4, ainsi que des photos en noir et blanc exceptionnelles avec la nouvelle encre grise. L\u2019encre pigmentaire noire est id\u00e9ale pour l\u2019impression de textes nets sur papiers ordinaires.<\/p>\n<\/div>\n<div class=\"heading2\">\n<h4>Gain de temps et d\u2019argent<\/h4>\n<p>Cette imprimante \u00e9conomique vous permet d\u2019imprimer jusqu\u2019\u00e0 2\u00a0300\u00a0photos de haute qualit\u00e9 avec les bouteilles d\u2019encre de rechange<sup>1<\/sup>. Les bouteilles et les r\u00e9servoirs sont con\u00e7us pour \u00eatre faciles d\u2019utilisation, ce qui vous \u00e9pargne les difficult\u00e9s associ\u00e9es aux autres syst\u00e8mes de r\u00e9servoirs d\u2019encre lorsqu\u2019il est temps de les recharger.<\/p>\n<\/div>\n<div class=\"heading3\">\n<h4>Flexibilit\u00e9 moderne<\/h4>\n<p>Gr\u00e2ce \u00e0 sa connexion Wi-Fi, Wi-Fi Direct et Ethernet, vous pouvez facilement int\u00e9grer cette imprimante \u00e0 votre installation existante. Vous pouvez \u00e9galement imprimer \u00e0 partir de cartes\u00a0SD et de cl\u00e9s\u00a0USB via l\u2019\u00e9cran tactile couleur de 10,9\u00a0cm.<\/p>\n<\/div>\n<div class=\"heading4\">\n<h4>Compatibilit\u00e9 des supports artistiques<\/h4>\n<p>La L8160 dispose de bacs papier photo et A4 avant, et permet d\u2019imprimer directement sur les CD\/DVD adapt\u00e9s. Le bac arri\u00e8re A4 accepte les supports sp\u00e9ciaux tels que les papiers et les cartes de dessin, tandis que l\u2019alimentation papier directe A4 vous permet d\u2019imprimer sur des supports d\u2019une \u00e9paisseur allant jusqu\u2019\u00e0 1,3\u00a0mm et d\u2019une longueur jusqu\u2019\u00e0 2\u00a0m\u00a0!<\/p>\n<\/div>\n<div class=\"heading5\">\n<h4>Application Epson Smart Panel<\/h4>\n<p>Cette application vous permet de contr\u00f4ler votre imprimante \u00e0 partir de votre appareil connect\u00e9<sup>2.<\/sup>\u00a0Imprimez des photos, copiez des documents, configurez et d\u00e9pannez votre imprimante et laissez libre cours \u00e0 votre cr\u00e9ativit\u00e9 gr\u00e2ce \u00e0 une large gamme de mod\u00e8les artistiques.<\/p>\n<\/div>\n<div class=\"heading6\">\n<h4>Technologie Z\u00e9ro Chaleur<\/h4>\n<p>Gr\u00e2ce \u00e0 la technologie Z\u00e9ro Chaleur Micro Piezo, vous pouvez profiter d\u2019une impression \u00e0 haute vitesse constante, avec une consommation d\u2019\u00e9nergie consid\u00e9rablement r\u00e9duite, ce qui vous permet d\u2019\u00e9conomiser du temps et de l\u2019argent.<\/p>\n<p><strong>Caract\u00e9ristiques de Epson EcoTank L8160 Imprimante photo\u00a0<\/strong><\/p>\n<p>Impression, Num\u00e9risation, Copie<br \/>\nVitesse d&#8217;impression noir: 32 pages\/min (16 pages\/min en norme ISO)<br \/>\nVitesse d&#8217;impression couleur: 32 pages\/min (12 pages\/min en norme ISO) 25 Secondes par photo de 10 x 15 cm<br \/>\nQualit\u00e9 d&#8217;impression noire: 5.760 x 1.440 DPI (ppp)<br \/>\nQualit\u00e9 d&#8217;impression couleur: 5.760 x 1.440 DPI (ppp)<br \/>\nImpression recto\/verso: Automatique<br \/>\nFonctionne avec: 6 Cartouches (noir, noir photo, \u00a0cyan, magenta, jaune, gris)<br \/>\nConnectivit\u00e9: Wi-Fi, USB, Ethernet, Wi-Fi Direct, Port USB<\/p>\n<div class=\"heading1\">\n<h4><a href=\"https:\/\/digistar.ma\/wp-content\/uploads\/2023\/07\/ecotank-l8160-datasheet-1.pdf\">ICI FICHE TECHNIQUE <strong>Epson EcoTank L8160 Imprimante photo<\/strong><\/a><\/h4>\n<\/div>\n<div class=\"heading4\">\n<p>&nbsp;<\/p>\n<\/div>\n<\/div>\n<p>&nbsp;<\/p>\n<p>&nbsp;<\/p>\n","protected":false},"excerpt":{"rendered":"<p>Impression, Num\u00e9risation, Copie<br \/>\nVitesse d&#8217;impression noir: 32 pages\/min (16 pages\/min en norme ISO)<br \/>\nVitesse d&#8217;impression couleur: 32 pages\/min (12 pages\/min en norme ISO) 25 Secondes par photo de 10 x 15 cm<br \/>\nQualit\u00e9 d&#8217;impression noire: 5.760 x 1.440 DPI (ppp)<br \/>\nQualit\u00e9 d&#8217;impression couleur: 5.760 x 1.440 DPI (ppp)<br \/>\nImpression recto\/verso: Automatique<br \/>\nFonctionne avec: 6 Cartouches (noir, noir photo, \u00a0cyan, magenta, jaune, gris)<br \/>\nConnectivit\u00e9: Wi-Fi, USB, Ethernet, Wi-Fi Direct, Port USB<\/p>\n","protected":false},"featured_media":6113,"comment_status":"open","ping_status":"closed","template":"","meta":{"_acf_changed":false,"_monsterinsights_skip_tracking":false,"_monsterinsights_sitenote_active":false,"_monsterinsights_sitenote_note":"","_monsterinsights_sitenote_category":0,"_uf_show_specific_survey":0,"_uf_disable_surveys":false,"_joinchat":[]},"product_brand":[],"product_cat":[15,380,253,265,266],"product_tag":[],"class_list":{"0":"post-6112","1":"product","2":"type-product","3":"status-publish","4":"has-post-thumbnail","6":"product_cat-imprimante-scanner","7":"product_cat-epson","8":"product_cat-imprimante","9":"product_cat-imprimante-a-reservoirs-rechargeables","10":"product_cat-multifonction-jet-dencre","12":"first","13":"instock","14":"sale","15":"shipping-taxable","16":"purchasable","17":"product-type-simple"},"acf":[],"jetpack_sharing_enabled":true,"_links":{"self":[{"href":"https:\/\/digistar.ma\/index.php?rest_route=\/wp\/v2\/product\/6112","targetHints":{"allow":["GET"]}}],"collection":[{"href":"https:\/\/digistar.ma\/index.php?rest_route=\/wp\/v2\/product"}],"about":[{"href":"https:\/\/digistar.ma\/index.php?rest_route=\/wp\/v2\/types\/product"}],"replies":[{"embeddable":true,"href":"https:\/\/digistar.ma\/index.php?rest_route=%2Fwp%2Fv2%2Fcomments&post=6112"}],"version-history":[{"count":1,"href":"https:\/\/digistar.ma\/index.php?rest_route=\/wp\/v2\/product\/6112\/revisions"}],"predecessor-version":[{"id":6127,"href":"https:\/\/digistar.ma\/index.php?rest_route=\/wp\/v2\/product\/6112\/revisions\/6127"}],"wp:featuredmedia":[{"embeddable":true,"href":"https:\/\/digistar.ma\/index.php?rest_route=\/wp\/v2\/media\/6113"}],"wp:attachment":[{"href":"https:\/\/digistar.ma\/index.php?rest_route=%2Fwp%2Fv2%2Fmedia&parent=6112"}],"wp:term":[{"taxonomy":"product_brand","embeddable":true,"href":"https:\/\/digistar.ma\/index.php?rest_route=%2Fwp%2Fv2%2Fproduct_brand&post=6112"},{"taxonomy":"product_cat","embeddable":true,"href":"https:\/\/digistar.ma\/index.php?rest_route=%2Fwp%2Fv2%2Fproduct_cat&post=6112"},{"taxonomy":"product_tag","embeddable":true,"href":"https:\/\/digistar.ma\/index.php?rest_route=%2Fwp%2Fv2%2Fproduct_tag&post=6112"}],"curies":[{"name":"wp","href":"https:\/\/api.w.org\/{rel}","templated":true}]}}