{"id":6192,"date":"2023-07-15T23:18:08","date_gmt":"2023-07-15T23:18:08","guid":{"rendered":"https:\/\/digistar.ma\/?post_type=product&#038;p=6192"},"modified":"2025-12-06T12:53:26","modified_gmt":"2025-12-06T12:53:26","slug":"imprimante-jet-dencre-canon-pixma-ts204","status":"publish","type":"product","link":"https:\/\/digistar.ma\/?product=imprimante-jet-dencre-canon-pixma-ts204","title":{"rendered":"Imprimante Jet d&#8217;encre Canon Pixma TS204"},"content":{"rendered":"<p><strong>Imprimante Jet d&#8217;encre Canon Pixma TS204<\/strong><\/p>\n<p>Imprimante domestique simple, abordable et compacte pour une impression simple et de haute qualit\u00e9 de photos 4&#215;6&#8243; vives et de documents nets.<\/p>\n<p class=\"product-variations__heading canon-color--grey-darkest canon-h2--big canon-mb-xs\"><strong>Impression simple et abordable de photos et de documents au quotidien<\/strong><\/p>\n<p class=\"product-variations__paragraph canon-paragraph--large canon-mb-xxs canon-color--grey-darkest\">Avec un design compact et \u00e9l\u00e9gant et une connectivit\u00e9 USB simple, cette imprimante de tous les jours est un choix pratique et \u00e9conomique pour imprimer sans effort de belles photos 4&#215;6&#8243; sans bordure et des documents de haute qualit\u00e9 \u00e0 la maison.<\/p>\n<ul class=\"block-flex-list__list\">\n<li class=\"block-flex-list__item block-flex-list__item--three\">\n<div class=\"block-flex-list__item-wrapper canon-color--grey-darkest\">\n<div class=\"block-flex-list__item-details\">\n<h5 class=\"canon-section-title--small canon-color--grey-darkest\">Compacte et abordable<\/h5>\n<p class=\"block-flex-list__item-description canon-paragraph--medium canon-color--grey-darkest\">Imprimante Jet d&#8217;encre Canon Pixma TS204 Compacte, \u00e9l\u00e9gante et abordable avec une surface \u00e0 motifs durable et facile \u00e0 nettoyer et un mode silencieux &#8211; pour que vous puissiez profiter d&#8217;une impression presque silencieuse &#8211; cette imprimante s&#8217;int\u00e8gre parfaitement dans n&#8217;importe quelle maison.<\/p>\n<\/div>\n<\/div>\n<\/li>\n<li class=\"block-flex-list__item block-flex-list__item--three\">\n<div class=\"block-flex-list__item-wrapper canon-color--grey-darkest\">\n<div class=\"block-flex-list__item-details\">\n<h5 class=\"canon-section-title--small canon-color--grey-darkest\">Impressions de haute qualit\u00e9<\/h5>\n<p class=\"block-flex-list__item-description canon-paragraph--medium canon-color--grey-darkest\">Imprimez des photos et des documents \u00e9clatants avec du texte net gr\u00e2ce \u00e0 la technologie FINE et aux encres hybrides de Canon.\u00a0Profitez d&#8217;une image sans bordure de 10 x 15 cm (4&#215;6&#8243;) en 65 secondes environ.<\/p>\n<\/div>\n<\/div>\n<\/li>\n<li class=\"block-flex-list__item block-flex-list__item--three\">\n<div class=\"block-flex-list__item-wrapper canon-color--grey-darkest\">\n<div class=\"block-flex-list__item-details\">\n<h5 class=\"canon-section-title--small canon-color--grey-darkest\">Configuration et contr\u00f4le faciles<\/h5>\n<p class=\"block-flex-list__item-description canon-paragraph--medium canon-color--grey-darkest\">La configuration de l&#8217;imprimante est facile avec une connectivit\u00e9 USB rapide \u00e0 votre PC.\u00a0Profitez d&#8217;un remplacement rapide de l&#8217;encre avec les cartouches FINE.<\/p>\n<\/div>\n<\/div>\n<\/li>\n<li class=\"block-flex-list__item block-flex-list__item--three\">\n<div class=\"block-flex-list__item-wrapper canon-color--grey-darkest\">\n<div class=\"block-flex-list__item-details\">\n<h5 class=\"canon-section-title--small canon-color--grey-darkest\">\u00c9conomies d&#8217;encre et d&#8217;\u00e9nergie<\/h5>\n<p class=\"block-flex-list__item-description canon-paragraph--medium canon-color--grey-darkest\">Imprimez plus de pages pour votre argent gr\u00e2ce aux cartouches d&#8217;encre XL en option tr\u00e8s \u00e9conomiques.\u00a0De plus, \u00e9conomisez de l&#8217;\u00e9nergie avec la mise hors tension automatique, qui \u00e9teint l&#8217;imprimante lorsqu&#8217;elle n&#8217;est pas utilis\u00e9e.<\/p>\n<\/div>\n<\/div>\n<\/li>\n<li class=\"block-flex-list__item block-flex-list__item--three\">\n<div class=\"block-flex-list__item-wrapper canon-color--grey-darkest\">\n<div class=\"block-flex-list__item-details\">\n<h5 class=\"canon-section-title--small canon-color--grey-darkest\">Impression cr\u00e9ative<\/h5>\n<p class=\"block-flex-list__item-description canon-paragraph--medium canon-color--grey-darkest\">Imprimez facilement vos photos de mani\u00e8re nouvelle et cr\u00e9ative avec le logiciel photo My Image Garden, qui inclut la reconnaissance faciale pour que vous puissiez facilement rechercher toutes les images sur votre PC.<\/p>\n<p><strong>Imprimante Jet d&#8217;encre Canon Pixma TS204<\/strong><\/p>\n<\/div>\n<\/div>\n<\/li>\n<\/ul>\n","protected":false},"excerpt":{"rendered":"<p>Vitesse d&#8217;impression noir: Environ 7,7 ppm<br \/>\nVitesse d&#8217;impression couleur: Environ 4,0 ppm<br \/>\nQualit\u00e9 d&#8217;impression noire: Jusqu&#8217;\u00e0 4800 x 1200 DPI (ppp)<br \/>\nQualit\u00e9 \u00a0d&#8217;impression couleur: Jusqu&#8217;\u00e0 4800 x 1200 DPI (ppp)<br \/>\nImpression recto\/verso: Manuelle<br \/>\nFonctionne avec: 2 cartouches FINE (noir et couleur)<br \/>\nConnectivit\u00e9: USB haute vitesse (port B)<\/p>\n","protected":false},"featured_media":6206,"comment_status":"open","ping_status":"closed","template":"","meta":{"_acf_changed":false,"_monsterinsights_skip_tracking":false,"_monsterinsights_sitenote_active":false,"_monsterinsights_sitenote_note":"","_monsterinsights_sitenote_category":0,"_uf_show_specific_survey":0,"_uf_disable_surveys":false,"_joinchat":[]},"product_brand":[],"product_cat":[15,253,269,290],"product_tag":[],"class_list":{"0":"post-6192","1":"product","2":"type-product","3":"status-publish","4":"has-post-thumbnail","6":"product_cat-imprimante-scanner","7":"product_cat-imprimante","8":"product_cat-imprimante-jet-dencre","9":"product_cat-meilleures-ventes","11":"first","12":"outofstock","13":"sale","14":"shipping-taxable","15":"purchasable","16":"product-type-simple"},"acf":[],"jetpack_sharing_enabled":true,"_links":{"self":[{"href":"https:\/\/digistar.ma\/index.php?rest_route=\/wp\/v2\/product\/6192","targetHints":{"allow":["GET"]}}],"collection":[{"href":"https:\/\/digistar.ma\/index.php?rest_route=\/wp\/v2\/product"}],"about":[{"href":"https:\/\/digistar.ma\/index.php?rest_route=\/wp\/v2\/types\/product"}],"replies":[{"embeddable":true,"href":"https:\/\/digistar.ma\/index.php?rest_route=%2Fwp%2Fv2%2Fcomments&post=6192"}],"version-history":[{"count":3,"href":"https:\/\/digistar.ma\/index.php?rest_route=\/wp\/v2\/product\/6192\/revisions"}],"predecessor-version":[{"id":6227,"href":"https:\/\/digistar.ma\/index.php?rest_route=\/wp\/v2\/product\/6192\/revisions\/6227"}],"wp:featuredmedia":[{"embeddable":true,"href":"https:\/\/digistar.ma\/index.php?rest_route=\/wp\/v2\/media\/6206"}],"wp:attachment":[{"href":"https:\/\/digistar.ma\/index.php?rest_route=%2Fwp%2Fv2%2Fmedia&parent=6192"}],"wp:term":[{"taxonomy":"product_brand","embeddable":true,"href":"https:\/\/digistar.ma\/index.php?rest_route=%2Fwp%2Fv2%2Fproduct_brand&post=6192"},{"taxonomy":"product_cat","embeddable":true,"href":"https:\/\/digistar.ma\/index.php?rest_route=%2Fwp%2Fv2%2Fproduct_cat&post=6192"},{"taxonomy":"product_tag","embeddable":true,"href":"https:\/\/digistar.ma\/index.php?rest_route=%2Fwp%2Fv2%2Fproduct_tag&post=6192"}],"curies":[{"name":"wp","href":"https:\/\/api.w.org\/{rel}","templated":true}]}}