{"id":6228,"date":"2023-07-15T23:45:17","date_gmt":"2023-07-15T23:45:17","guid":{"rendered":"https:\/\/digistar.ma\/?post_type=product&#038;p=6228"},"modified":"2023-12-27T15:42:14","modified_gmt":"2023-12-27T15:42:14","slug":"epson-ecotank-l3150-imprimante-a-reservoirs-rechargeables","status":"publish","type":"product","link":"https:\/\/digistar.ma\/?product=epson-ecotank-l3150-imprimante-a-reservoirs-rechargeables","title":{"rendered":"Epson EcoTank L3150 Imprimante \u00e0 r\u00e9servoirs rechargeables"},"content":{"rendered":"<p><strong>Epson EcoTank L3150 Imprimante \u00e0 r\u00e9servoirs rechargeables<\/strong><\/p>\n<p><strong>Ultra-\u00e9conomique<\/strong><br \/>\nTrois ann\u00e9es compl\u00e8tes, c\u2019est la dur\u00e9e pendant laquelle vous n\u2019aurez pas \u00e0 acheter d\u2019encre pour le mod\u00e8le L3150. Cela signifie que vous pouvez \u00e9conomiser jusqu\u2019\u00e0 90 % sur le co\u00fbt de l\u2019encre. Vous offrant un co\u00fbt par page extr\u00eamement faible, il permet d\u2019imprimer jusqu\u2019\u00e0 8 100 pages en noir et 6 500 pages en couleur avec l\u2019encre incluse.<\/p>\n<p><strong>Dites adieu aux cartouches<\/strong><br \/>\nAvec l\u2019\u00e9quivalent d\u2019environ 82 cartouches d\u2019encre, vous espacez les recharges gr\u00e2ce \u00e0 cette\u00a0<a href=\"https:\/\/www.epson.fr\/for-home\/ecotank\" target=\"_blank\" rel=\"noopener\">imprimante EcoTank<\/a>. Avec ses r\u00e9servoirs d\u2019encre ultra haute capacit\u00e9, vous pouvez dire adieu aux cartouches.<\/p>\n<p><strong>D\u00e9couvrez la nouvelle g\u00e9n\u00e9ration<\/strong><br \/>\nGr\u00e2ce au positionnement en frontal des r\u00e9servoirs, cette nouvelle conception est compacte et offre une grande facilit\u00e9 d\u2019acc\u00e8s pour la recharge, ainsi qu\u2019un affichage clair des niveaux d\u2019encre. Il comprend un syst\u00e8me de recharge am\u00e9lior\u00e9 con\u00e7u pour r\u00e9duire le risque de d\u00e9versement et les difficult\u00e9s. En outre, les nouvelles bouteilles sont con\u00e7ues avec des d\u00e9trompeurs, \u00e9vitant ainsi de se tromper de couleur lors de la recharge des r\u00e9servoirs.<\/p>\n<p><strong>Imprimez o\u00f9 que vous soyez<\/strong><br \/>\nAvec le Wi-Fi\u00ae et le Wi-Fi Direct, votre multifonction Epson EcoTank L3150 Imprimante \u00e0 r\u00e9servoirs rechargeables peut recevoir des documents \u00e0 imprimer depuis des appareils mobiles via <a href=\"https:\/\/www.epson.fr\/apps-software\/epson-connect\" target=\"_blank\" rel=\"noopener\">Epson iPrint<\/a>.<\/p>\n<p><strong>R\u00e9sultats de qualit\u00e9<\/strong><br \/>\n\u00c9quip\u00e9 d\u2019une t\u00eate d\u2019impression Micro Piezo, le mod\u00e8le EcoTank offre une solution d\u2019impression fiable. Une garantie de un an est incluse en standard et des garanties promotionnelles offrent davantage. Consultez les caract\u00e9ristiques techniques pour d\u00e9couvrir l\u2019offre la plus r\u00e9cente.<\/p>\n<h4>Caract\u00e9ristiques principales de <strong>Epson EcoTank L3150 Imprimante \u00e0 r\u00e9servoirs rechargeables<\/strong><\/h4>\n<div class=\"bullets\">\n<ul>\n<li><strong>Jusqu\u2019\u00e0 trois ans d\u2019encre inclus<\/strong><br \/>\nSoit l\u2019\u00e9quivalent de jusqu\u2019\u00e0 82 cartouches d\u2019encre inclus<\/li>\n<li><strong>Impression ultra \u00e9conomique<\/strong><br \/>\nImpression jusqu\u2019\u00e0 8 100 pages en monochrome et 6 500 pages en couleur<\/li>\n<li><strong>Syst\u00e8me de recharge d\u2019encre nouvelle g\u00e9n\u00e9ration<\/strong><br \/>\nB\u00e9n\u00e9ficiez de recharges simples avec les bouteilles d\u2019encre am\u00e9lior\u00e9es<\/li>\n<li><strong>Wi-Fi, Wi-Fi Direct et applications<\/strong><br \/>\nImprimez depuis les appareils mobiles<\/li>\n<li><strong>3-en-1<\/strong><br \/>\nImpression, copie, num\u00e9risation et impression photo sans marge<\/li>\n<\/ul>\n<h4><a href=\"https:\/\/digistar.ma\/wp-content\/uploads\/2023\/07\/ecotank-l3150-datasheet-2.pdf\">T\u00e9l\u00e9charger la Fiche technique <strong>Epson EcoTank L3150 Imprimante \u00e0 r\u00e9servoirs rechargeables ICI<\/strong>\u00a0<\/a><\/h4>\n<\/div>\n","protected":false},"excerpt":{"rendered":"<p>Impression, copie et num\u00e9risation<br \/>\nLivr\u00e9e avec encre noire jusqu&#8217;\u00e0 8100 pages et 6500 pages en couleur<br \/>\nVitesse d&#8217;impression noir: 33 pages\/min (10 pages\/min en norme ISO)<br \/>\nVitesse d&#8217;impression couleur: 15 pages\/min (5 pages\/min en norme ISO)<br \/>\nQualit\u00e9 d&#8217;impression couleur: 5760 x 1440 DPI (ppp)<br \/>\nImpression recto\/verso: Manuelle<br \/>\nFonctionne avec: 4 R\u00e9servoirs (noir, cyan, magenta, jaune)<br \/>\nConnectivit\u00e9: 1 Port USB 2.0, Wi-Fi, Wi-Fi Direct<\/p>\n","protected":false},"featured_media":6232,"comment_status":"open","ping_status":"closed","template":"","meta":{"_acf_changed":false,"_monsterinsights_skip_tracking":false,"_monsterinsights_sitenote_active":false,"_monsterinsights_sitenote_note":"","_monsterinsights_sitenote_category":0,"_uf_show_specific_survey":0,"_uf_disable_surveys":false,"_joinchat":[]},"product_brand":[],"product_cat":[15,380,253,265,266],"product_tag":[],"class_list":{"0":"post-6228","1":"product","2":"type-product","3":"status-publish","4":"has-post-thumbnail","6":"product_cat-imprimante-scanner","7":"product_cat-epson","8":"product_cat-imprimante","9":"product_cat-imprimante-a-reservoirs-rechargeables","10":"product_cat-multifonction-jet-dencre","12":"first","13":"instock","14":"sale","15":"shipping-taxable","16":"purchasable","17":"product-type-simple"},"acf":[],"jetpack_sharing_enabled":true,"_links":{"self":[{"href":"https:\/\/digistar.ma\/index.php?rest_route=\/wp\/v2\/product\/6228","targetHints":{"allow":["GET"]}}],"collection":[{"href":"https:\/\/digistar.ma\/index.php?rest_route=\/wp\/v2\/product"}],"about":[{"href":"https:\/\/digistar.ma\/index.php?rest_route=\/wp\/v2\/types\/product"}],"replies":[{"embeddable":true,"href":"https:\/\/digistar.ma\/index.php?rest_route=%2Fwp%2Fv2%2Fcomments&post=6228"}],"version-history":[{"count":1,"href":"https:\/\/digistar.ma\/index.php?rest_route=\/wp\/v2\/product\/6228\/revisions"}],"predecessor-version":[{"id":6248,"href":"https:\/\/digistar.ma\/index.php?rest_route=\/wp\/v2\/product\/6228\/revisions\/6248"}],"wp:featuredmedia":[{"embeddable":true,"href":"https:\/\/digistar.ma\/index.php?rest_route=\/wp\/v2\/media\/6232"}],"wp:attachment":[{"href":"https:\/\/digistar.ma\/index.php?rest_route=%2Fwp%2Fv2%2Fmedia&parent=6228"}],"wp:term":[{"taxonomy":"product_brand","embeddable":true,"href":"https:\/\/digistar.ma\/index.php?rest_route=%2Fwp%2Fv2%2Fproduct_brand&post=6228"},{"taxonomy":"product_cat","embeddable":true,"href":"https:\/\/digistar.ma\/index.php?rest_route=%2Fwp%2Fv2%2Fproduct_cat&post=6228"},{"taxonomy":"product_tag","embeddable":true,"href":"https:\/\/digistar.ma\/index.php?rest_route=%2Fwp%2Fv2%2Fproduct_tag&post=6228"}],"curies":[{"name":"wp","href":"https:\/\/api.w.org\/{rel}","templated":true}]}}