{"id":6257,"date":"2023-07-17T00:16:44","date_gmt":"2023-07-17T00:16:44","guid":{"rendered":"https:\/\/digistar.ma\/?post_type=product&#038;p=6257"},"modified":"2024-09-20T00:25:25","modified_gmt":"2024-09-20T00:25:25","slug":"epson-ecotank-l6270-imprimante-multifonction-a-reservoirs-rechargeables","status":"publish","type":"product","link":"https:\/\/digistar.ma\/?product=epson-ecotank-l6270-imprimante-multifonction-a-reservoirs-rechargeables","title":{"rendered":"Epson EcoTank L6270 Imprimante multifonction \u00e0 r\u00e9servoirs rechargeables"},"content":{"rendered":"<p><strong>Epson EcoTank L6270 Imprimante multifonction \u00e0 r\u00e9servoirs rechargeables<\/strong><\/p>\n<p><strong>Adieu aux cartouches on\u00e9reuses<\/strong><br \/>\nEcoTank offre une impression \u00e0 domicile simple\u00a0: les r\u00e9servoirs d\u2019encre ultra haute capacit\u00e9 permettent des recharges faciles et les bouteilles sont dot\u00e9es d\u2019un d\u00e9trompeur pour ne plus se tromper de couleur en remplissant le r\u00e9servoir.<\/p>\n<p><strong>\u00c9conomies \u00e0 long terme<\/strong><br \/>\nCette imprimante multifonction, qui vous fait \u00e9conomiser jusqu\u2019\u00e0 90 % sur vos co\u00fbts d\u2019impression, est livr\u00e9e avec jusqu\u2019\u00e0 trois ans d\u2019encre.<\/p>\n<p>Le kit de bouteilles d\u2019encre inclus permet d\u2019imprimer jusqu\u2019\u00e0 14 000 pages en monochrome et 5 200 pages en couleur.<\/p>\n<p><strong>Application <a href=\"https:\/\/www.epson.fr\/fr_FR\/smartpanel\" target=\"_blank\" rel=\"noopener\">Epson Smart Panel<\/a><\/strong><br \/>\nCette application vous permet de contr\u00f4ler votre Epson EcoTank L6270 Imprimante multifonction \u00e0 r\u00e9servoirs rechargeables \u00e0 partir de votre appareil connect\u00e9.<\/p>\n<p>Vous pouvez configurer le Wi-Fi rapidement et facilement, imprimer, num\u00e9riser et copier des documents et des photos, mais aussi contr\u00f4ler et d\u00e9panner votre imprimante.<\/p>\n<p><strong>Flexibilit\u00e9 moderne\u00a0<\/strong><br \/>\nGr\u00e2ce \u00e0 son design compact et \u00e0 sa connectivit\u00e9 Wi-Fi\u00ae et Wi-Fi Direct\u2122, vous pouvez facilement int\u00e9grer ce multifonction \u00e0 votre installation existante et imprimer depuis des appareils mobiles, tablettes et ordinateurs portables.<\/p>\n<h4>Caract\u00e9ristiques principales de <strong>Epson EcoTank L6270 Imprimante multifonction \u00e0 r\u00e9servoirs rechargeables<\/strong><\/h4>\n<ul>\n<li>Imprimante multifonctionImpression, copie et num\u00e9risation sans fil gr\u00e2ce au Recto Verso et au chargeur automatique<\/li>\n<li>Impression ultra \u00e9conomique \u00c9conomisez jusqu\u2019\u00e0 90 % sur vos co\u00fbts d\u2019impression<\/li>\n<li>Volume d\u2019encre fourni pour 3 ans d\u2019impression Capacit\u00e9 fournie : 14 000 pages en monochrome et 5 200 pages en couleur<\/li>\n<li>Syst\u00e8me de r\u00e9servoir d\u2019encre simple Recharges simples avec les bouteilles d\u2019encre \u00e0 d\u00e9trompeurs et les r\u00e9servoirs d\u2019encre en fa\u00e7ade<\/li>\n<li>Application\u00a0<a href=\"https:\/\/support.epson-europe.com\/onlineguides\/fr\/cx6400\/ref_g\/smart_1.htm\" target=\"_blank\" rel=\"noopener\">Epson Smart Panel<\/a><\/li>\n<li>Configuration, surveillance, impression, num\u00e9risation, copie sans fil depuis votre appareil mobile<\/li>\n<\/ul>\n<h4 class=\"bullets\"><a href=\"https:\/\/digistar.ma\/wp-content\/uploads\/2023\/07\/ecotank-l6270-datasheet-1.pdf\">Cliquez ICI pour fiche technique <strong>Epson EcoTank L6270 Imprimante multifonction \u00e0 r\u00e9servoirs rechargeables<\/strong><\/a><\/h4>\n","protected":false},"excerpt":{"rendered":"<p>Impression, copie, num\u00e9risation<br \/>\nLivr\u00e9e avec encre noire jusqu&#8217;\u00e0 14000 pages et 5.200 pages en couleur<br \/>\nVitesse d&#8217;impression noir: 33 pages\/min (15,5 pages\/min en norme ISO)<br \/>\nVitesse d&#8217;impression couleur: 20 pages\/min (8,5 pages\/min en norme ISO)<br \/>\nQualit\u00e9 d&#8217;impression noire: 4800 x 1200 DPI (ppp)<br \/>\nQualit\u00e9 d&#8217;impression couleur: 4800 x 1200 DPI (ppp)<br \/>\nImpression recto\/verso: automatique<br \/>\nFonctionne avec: 4 Cartouches ( Noir [Pigment], Cyan [Dye], Jaune \u00a0[Dye], Magenta [Dye])<br \/>\nConnectivit\u00e9: USB, Ethernet, Wi-Fi, Wi-Fi Direct<\/p>\n","protected":false},"featured_media":6258,"comment_status":"open","ping_status":"closed","template":"","meta":{"_acf_changed":false,"_monsterinsights_skip_tracking":false,"_monsterinsights_sitenote_active":false,"_monsterinsights_sitenote_note":"","_monsterinsights_sitenote_category":0,"_uf_show_specific_survey":0,"_uf_disable_surveys":false,"_joinchat":[]},"product_brand":[],"product_cat":[15,380,253,265,266],"product_tag":[],"class_list":{"0":"post-6257","1":"product","2":"type-product","3":"status-publish","4":"has-post-thumbnail","6":"product_cat-imprimante-scanner","7":"product_cat-epson","8":"product_cat-imprimante","9":"product_cat-imprimante-a-reservoirs-rechargeables","10":"product_cat-multifonction-jet-dencre","12":"first","13":"instock","14":"sale","15":"shipping-taxable","16":"purchasable","17":"product-type-simple"},"acf":[],"jetpack_sharing_enabled":true,"_links":{"self":[{"href":"https:\/\/digistar.ma\/index.php?rest_route=\/wp\/v2\/product\/6257","targetHints":{"allow":["GET"]}}],"collection":[{"href":"https:\/\/digistar.ma\/index.php?rest_route=\/wp\/v2\/product"}],"about":[{"href":"https:\/\/digistar.ma\/index.php?rest_route=\/wp\/v2\/types\/product"}],"replies":[{"embeddable":true,"href":"https:\/\/digistar.ma\/index.php?rest_route=%2Fwp%2Fv2%2Fcomments&post=6257"}],"version-history":[{"count":5,"href":"https:\/\/digistar.ma\/index.php?rest_route=\/wp\/v2\/product\/6257\/revisions"}],"predecessor-version":[{"id":10184,"href":"https:\/\/digistar.ma\/index.php?rest_route=\/wp\/v2\/product\/6257\/revisions\/10184"}],"wp:featuredmedia":[{"embeddable":true,"href":"https:\/\/digistar.ma\/index.php?rest_route=\/wp\/v2\/media\/6258"}],"wp:attachment":[{"href":"https:\/\/digistar.ma\/index.php?rest_route=%2Fwp%2Fv2%2Fmedia&parent=6257"}],"wp:term":[{"taxonomy":"product_brand","embeddable":true,"href":"https:\/\/digistar.ma\/index.php?rest_route=%2Fwp%2Fv2%2Fproduct_brand&post=6257"},{"taxonomy":"product_cat","embeddable":true,"href":"https:\/\/digistar.ma\/index.php?rest_route=%2Fwp%2Fv2%2Fproduct_cat&post=6257"},{"taxonomy":"product_tag","embeddable":true,"href":"https:\/\/digistar.ma\/index.php?rest_route=%2Fwp%2Fv2%2Fproduct_tag&post=6257"}],"curies":[{"name":"wp","href":"https:\/\/api.w.org\/{rel}","templated":true}]}}