{"id":6271,"date":"2023-07-17T00:42:04","date_gmt":"2023-07-17T00:42:04","guid":{"rendered":"https:\/\/digistar.ma\/?post_type=product&#038;p=6271"},"modified":"2025-06-21T10:22:35","modified_gmt":"2025-06-21T10:22:35","slug":"epson-ecotank-l121-imprimante-a-reservoirs-rechargeables","status":"publish","type":"product","link":"https:\/\/digistar.ma\/?product=epson-ecotank-l121-imprimante-a-reservoirs-rechargeables","title":{"rendered":"Epson EcoTank L121 Imprimante \u00e0 r\u00e9servoirs rechargeables"},"content":{"rendered":"<p><strong>Epson EcoTank L121 Imprimante \u00e0 r\u00e9servoirs rechargeables<\/strong><\/p>\n<div class=\"product-summary__description\">Epson EcoTank L121 Imprimante \u00e0 r\u00e9servoirs rechargeables monofonction \u00e0 syst\u00e8me de r\u00e9servoirs d\u2019encre produit des impressions couleur fiables et \u00e9conomiques.<\/div>\n<div><\/div>\n<div class=\"product-summary__intro\">Id\u00e9ale pour les bureaux \u00e0 domicile et les \u00e9tudiants cherchant \u00e0 r\u00e9duire leurs co\u00fbts d\u2019impression, l\u2019imprimante Ink\u00a0Tank\u00a0System (ITS) 4\u00a0couleurs A4 d\u2019Epson est \u00e9quip\u00e9e de la technologie de t\u00eate d\u2019impression MicroPiezo et de l\u2019encre d\u2019origine Epson. Ainsi, les utilisateurs peuvent obtenir des impressions de qualit\u00e9 Epson C11CD76413 \u00e0 moindres co\u00fbts.<\/div>\n<div>\n<div class=\"heading1\">\n<h4>Impression ultra \u00e9conomique<\/h4>\n<p>Epson EcoTank L121 Imprimante \u00e0 r\u00e9servoirs rechargeables offre une impression abordable avec un co\u00fbt par page minime. Chaque jeu de bouteilles d\u2019encre vous permet d\u2019imprimer jusqu\u2019\u00e0 4 500 pages en noir et blanc et 7 500 pages en couleur, ce qui garantit un co\u00fbt par page ultra-faible tant pour l\u2019impression en noir et blanc que pour l\u2019impression couleur.<\/p>\n<\/div>\n<div class=\"heading3\">\n<h4>Impressions de qualit\u00e9 Epson<\/h4>\n<p>La Epson EcoTank <a href=\"https:\/\/digistar.ma\/?product=epson-ecotank-l121-imprimante-a-reservoirs-rechargeables\">L121<\/a> Imprimante \u00e0 r\u00e9servoirs rechargeables utilise l\u2019encre d\u2019origine Epson et la technologie de t\u00eate d\u2019impression MicroPiezo pour produire des impressions de qualit\u00e9 constante. Une vitesse d\u2019impression iSO de 9 ppm en monochrome et de 4,8 ppm en couleur\u00a0garantit une sortie extr\u00eamement rapide des travaux d\u2019impression.<\/p>\n<h4>Caract\u00e9ristiques de Epson EcoTank L121 Imprimante \u00e0 r\u00e9servoirs rechargeables<\/h4>\n<ul class=\"features\">\n<li><strong>Qualit\u00e9 Epson<\/strong>\u00a0R\u00e9servoir d\u2019encre rechargeable sp\u00e9cifiquement d\u00e9velopp\u00e9<\/li>\n<li><strong>Tranquillit\u00e9 d\u2019esprit <\/strong>\u00a0La Epson EcoTank L121 Imprimante \u00e0 r\u00e9servoirs rechargeables Couverte par la garantie Epson<\/li>\n<li><strong>Conception compacte<\/strong>\u00a0Encombrement minimal id\u00e9al pour l\u2019utilisation \u00e0 domicile<\/li>\n<li><strong>Bon rapport qualit\u00e9\/prix<\/strong>\u00a0Co\u00fbt \u00e0 la page ultra \u00e9conomique<\/li>\n<li><strong>Simples \u00e0 utiliser<\/strong>\u00a0Installation simple<\/li>\n<\/ul>\n<h4><a href=\"https:\/\/www.epson.eu\/fr_EU\/produits\/imprimantes\/inkjet\/grand-public\/ecotank-l121\/p\/31673\" target=\"_blank\" rel=\"noopener\"><strong>FICHE TECHNIQUE DE Epson EcoTank L121 Imprimante \u00e0 r\u00e9servoirs rechargeables ICI<\/strong><\/a><\/h4>\n<\/div>\n<\/div>\n","protected":false},"excerpt":{"rendered":"<p>Vitesse d&#8217;impression noir: 9 pages\/min en norme ISO<br \/>\nVitesse d&#8217;impression couleur: 4,8 pages\/min en norme ISO<br \/>\nQualit\u00e9 d&#8217;impression noire: 720 x 720 DPI (ppp)<br \/>\nQualit\u00e9 d&#8217;impression couleur: 720 x 720 \u00a0DPI (ppp)<br \/>\nImpression recto\/verso: Manuelle<br \/>\nFonctionne avec: 4 R\u00e9servoirs (noire, cyan, magenta, jaune)<br \/>\nConnectivit\u00e9: USB<\/p>\n","protected":false},"featured_media":6272,"comment_status":"open","ping_status":"closed","template":"","meta":{"_acf_changed":false,"_monsterinsights_skip_tracking":false,"_monsterinsights_sitenote_active":false,"_monsterinsights_sitenote_note":"","_monsterinsights_sitenote_category":0,"_uf_show_specific_survey":0,"_uf_disable_surveys":false,"_joinchat":[]},"product_brand":[],"product_cat":[15,380,253,265,269],"product_tag":[],"class_list":{"0":"post-6271","1":"product","2":"type-product","3":"status-publish","4":"has-post-thumbnail","6":"product_cat-imprimante-scanner","7":"product_cat-epson","8":"product_cat-imprimante","9":"product_cat-imprimante-a-reservoirs-rechargeables","10":"product_cat-imprimante-jet-dencre","12":"first","13":"instock","14":"sale","15":"shipping-taxable","16":"purchasable","17":"product-type-simple"},"acf":[],"jetpack_sharing_enabled":true,"_links":{"self":[{"href":"https:\/\/digistar.ma\/index.php?rest_route=\/wp\/v2\/product\/6271","targetHints":{"allow":["GET"]}}],"collection":[{"href":"https:\/\/digistar.ma\/index.php?rest_route=\/wp\/v2\/product"}],"about":[{"href":"https:\/\/digistar.ma\/index.php?rest_route=\/wp\/v2\/types\/product"}],"replies":[{"embeddable":true,"href":"https:\/\/digistar.ma\/index.php?rest_route=%2Fwp%2Fv2%2Fcomments&post=6271"}],"version-history":[{"count":11,"href":"https:\/\/digistar.ma\/index.php?rest_route=\/wp\/v2\/product\/6271\/revisions"}],"predecessor-version":[{"id":11013,"href":"https:\/\/digistar.ma\/index.php?rest_route=\/wp\/v2\/product\/6271\/revisions\/11013"}],"wp:featuredmedia":[{"embeddable":true,"href":"https:\/\/digistar.ma\/index.php?rest_route=\/wp\/v2\/media\/6272"}],"wp:attachment":[{"href":"https:\/\/digistar.ma\/index.php?rest_route=%2Fwp%2Fv2%2Fmedia&parent=6271"}],"wp:term":[{"taxonomy":"product_brand","embeddable":true,"href":"https:\/\/digistar.ma\/index.php?rest_route=%2Fwp%2Fv2%2Fproduct_brand&post=6271"},{"taxonomy":"product_cat","embeddable":true,"href":"https:\/\/digistar.ma\/index.php?rest_route=%2Fwp%2Fv2%2Fproduct_cat&post=6271"},{"taxonomy":"product_tag","embeddable":true,"href":"https:\/\/digistar.ma\/index.php?rest_route=%2Fwp%2Fv2%2Fproduct_tag&post=6271"}],"curies":[{"name":"wp","href":"https:\/\/api.w.org\/{rel}","templated":true}]}}