{"id":6304,"date":"2023-07-17T11:23:45","date_gmt":"2023-07-17T11:23:45","guid":{"rendered":"https:\/\/digistar.ma\/?post_type=product&#038;p=6304"},"modified":"2025-11-10T11:29:11","modified_gmt":"2025-11-10T11:29:11","slug":"canon-pixma-ts3440-imprimante-multifonction-jet-dencre","status":"publish","type":"product","link":"https:\/\/digistar.ma\/?product=canon-pixma-ts3440-imprimante-multifonction-jet-dencre","title":{"rendered":"Canon PIXMA TS3440 Imprimante Multifonction Jet d&#8217;encre"},"content":{"rendered":"<p><strong>Canon PIXMA TS3440 Imprimante Multifonction Jet d&#8217;encre<\/strong><\/p>\n<p>Imprimez, copiez et num\u00e9risez gr\u00e2ce \u00e0 notre imprimante multifonction d\u2019entr\u00e9e de gamme pour la maison ou le bureau. Tr\u00e8s simple \u00e0 configurer et \u00e0 utiliser, elle permet l\u2019impression depuis un smartphone pour plus de polyvalence.<\/p>\n<h4 class=\"product-variations__heading canon-color--grey-darkest canon-h2--big canon-mb-xs\">Imprimez, copiez, num\u00e9risez\u00a0: un jeu d\u2019enfant\u00a0!<\/h4>\n<p class=\"product-variations__paragraph canon-paragraph--large canon-mb-xxs canon-color--grey-darkest\">Vous allez adorer la simplicit\u00e9 de la Canon PIXMA\u00a0TS3440. Compacte, abordable et simple d\u2019utilisation, c\u2019est l\u2019imprimante polyvalente par excellence. Elle propose la compatibilit\u00e9 smartphone, un \u00e9cran LCD monochrome de 3,8\u00a0cm d\u2019une grande clart\u00e9 et des impressions nettes pour le texte et les photos.<\/p>\n<ul class=\"block-flex-list__list\">\n<li class=\"block-flex-list__item block-flex-list__item--three\">\n<div class=\"block-flex-list__item-wrapper\">\n<div class=\"block-flex-list__item-details\">\n<h5 class=\"canon-section-title--small canon-color--grey-darkest\">Compatible avec votre mat\u00e9riel<\/h5>\n<p class=\"block-flex-list__item-description canon-paragraph--medium canon-color--grey-darkest\">Avec Canon PIXMA TS3440 Imprimante Multifonction Jet d&#8217;encre\u00a0 vous pouvez imprimer, copier et num\u00e9riser depuis votre tablette ou votre smartphone gr\u00e2ce \u00e0 la compatibilit\u00e9 sans fil et une interface simple et \u00e9pur\u00e9e<\/p>\n<ul class=\"block-flex-list__list\">\n<li class=\"block-flex-list__item block-flex-list__item--three\">\n<div class=\"block-flex-list__item-wrapper\">\n<div class=\"block-flex-list__item-details\">\n<h4 class=\"canon-section-title--small canon-color--grey-darkest\">Configuration ultra-simple de Canon PIXMA TS3440<\/h4>\n<p class=\"block-flex-list__item-description canon-paragraph--medium canon-color--grey-darkest\">Vous pourrez vous lancer plus vite que jamais gr\u00e2ce \u00e0 la connectivit\u00e9 sans fil par simple pression d&#8217;une touche et \u00e0 un processus de configuration simplifi\u00e9<\/p>\n<\/div>\n<\/div>\n<\/li>\n<\/ul>\n<\/div>\n<\/div>\n<\/li>\n<\/ul>\n<h4 class=\"product-feature__header canon-section-title--big canon-mb-m\">Caract\u00e9ristiques de Canon PIXMA TS3440 Imprimante Multifonction Jet d&#8217;encre<\/h4>\n<p>Impression, copie et scan<br \/>\nVitesse d&#8217;impression noir: 7,7 pages\/min en norme ISO<br \/>\nVitesse d&#8217;impression couleur: 4 pages\/min en norme ISO<br \/>\nQualit\u00e9 d&#8217;impression noire: 4800 x 1200 dpi<br \/>\nQualit\u00e9 d&#8217;impression couleur: Jusqu&#8217;\u00e0 4800 x 1200 DPI<br \/>\nImpression recto\/verso: Manuelle<br \/>\nFonctionne avec: 2 Cartouches (1 noir, 1 couleur : cyan, magenta, jaune)<br \/>\nConnectivit\u00e9: Hi-Speed USB (B Port), Wi-Fi: IEEE802.11 b\/g\/n, Wi-Fi Security: WPA-PSK, WPA2-PSK, WEP, Wireless LAN Frequency Band: 2.4GHz<\/p>\n<p>&nbsp;<\/p>\n","protected":false},"excerpt":{"rendered":"<p>Impression, copie et scan<br \/>\nVitesse d&#8217;impression noir: 7,7 pages\/min en norme ISO<br \/>\nVitesse d&#8217;impression couleur: 4 pages\/min en norme ISO<br \/>\nQualit\u00e9 d&#8217;impression noire: 4800 x 1200 dpi<br \/>\nQualit\u00e9 d&#8217;impression couleur: Jusqu&#8217;\u00e0 4800 x 1200 DPI<br \/>\nImpression recto\/verso: Manuelle<br \/>\nFonctionne avec: 2 Cartouches (1 noir, 1 couleur : cyan, magenta, jaune)<br \/>\nConnectivit\u00e9: Hi-Speed USB (B Port), Wi-Fi: IEEE802.11 b\/g\/n, Wi-Fi Security: WPA-PSK, WPA2-PSK, WEP, Wireless LAN Frequency Band: 2.4GHz<\/p>\n","protected":false},"featured_media":6305,"comment_status":"open","ping_status":"closed","template":"","meta":{"_acf_changed":false,"_monsterinsights_skip_tracking":false,"_monsterinsights_sitenote_active":false,"_monsterinsights_sitenote_note":"","_monsterinsights_sitenote_category":0,"_uf_show_specific_survey":0,"_uf_disable_surveys":false,"_joinchat":[]},"product_brand":[],"product_cat":[15,253,290,266],"product_tag":[],"class_list":{"0":"post-6304","1":"product","2":"type-product","3":"status-publish","4":"has-post-thumbnail","6":"product_cat-imprimante-scanner","7":"product_cat-imprimante","8":"product_cat-meilleures-ventes","9":"product_cat-multifonction-jet-dencre","11":"first","12":"outofstock","13":"sale","14":"shipping-taxable","15":"purchasable","16":"product-type-simple"},"acf":[],"jetpack_sharing_enabled":true,"_links":{"self":[{"href":"https:\/\/digistar.ma\/index.php?rest_route=\/wp\/v2\/product\/6304","targetHints":{"allow":["GET"]}}],"collection":[{"href":"https:\/\/digistar.ma\/index.php?rest_route=\/wp\/v2\/product"}],"about":[{"href":"https:\/\/digistar.ma\/index.php?rest_route=\/wp\/v2\/types\/product"}],"replies":[{"embeddable":true,"href":"https:\/\/digistar.ma\/index.php?rest_route=%2Fwp%2Fv2%2Fcomments&post=6304"}],"version-history":[{"count":1,"href":"https:\/\/digistar.ma\/index.php?rest_route=\/wp\/v2\/product\/6304\/revisions"}],"predecessor-version":[{"id":6309,"href":"https:\/\/digistar.ma\/index.php?rest_route=\/wp\/v2\/product\/6304\/revisions\/6309"}],"wp:featuredmedia":[{"embeddable":true,"href":"https:\/\/digistar.ma\/index.php?rest_route=\/wp\/v2\/media\/6305"}],"wp:attachment":[{"href":"https:\/\/digistar.ma\/index.php?rest_route=%2Fwp%2Fv2%2Fmedia&parent=6304"}],"wp:term":[{"taxonomy":"product_brand","embeddable":true,"href":"https:\/\/digistar.ma\/index.php?rest_route=%2Fwp%2Fv2%2Fproduct_brand&post=6304"},{"taxonomy":"product_cat","embeddable":true,"href":"https:\/\/digistar.ma\/index.php?rest_route=%2Fwp%2Fv2%2Fproduct_cat&post=6304"},{"taxonomy":"product_tag","embeddable":true,"href":"https:\/\/digistar.ma\/index.php?rest_route=%2Fwp%2Fv2%2Fproduct_tag&post=6304"}],"curies":[{"name":"wp","href":"https:\/\/api.w.org\/{rel}","templated":true}]}}