{"id":6310,"date":"2023-07-17T11:44:25","date_gmt":"2023-07-17T11:44:25","guid":{"rendered":"https:\/\/digistar.ma\/?post_type=product&#038;p=6310"},"modified":"2025-12-31T18:23:34","modified_gmt":"2025-12-31T18:23:34","slug":"canon-pixma-ts3140-imprimante-multifonction-jet-dencre","status":"publish","type":"product","link":"https:\/\/digistar.ma\/?product=canon-pixma-ts3140-imprimante-multifonction-jet-dencre","title":{"rendered":"Canon PIXMA TS3140 Imprimante Multifonction Jet d&#8217;encre"},"content":{"rendered":"<p><strong>Canon PIXMA TS3140 Imprimante Multifonction Jet d&#8217;encre<\/strong><\/p>\n<p>Une imprimante Wi-Fi tout-en-un abordable pour des documents nets et des photos \u00e9clatantes sans bordure.<\/p>\n<h4 class=\"product-variations__heading canon-color--grey-darkest canon-h2--big canon-mb-xs\">Une imprimante simple et abordable avec une connectivit\u00e9 intelligente<\/h4>\n<p class=\"product-variations__paragraph canon-paragraph--large canon-mb-xxs canon-color--grey-darkest\">Profitez d&#8217;un texte net et d&#8217;une impression photo \u00e9clatante et sans bordure, directement depuis votre appareil intelligent, votre appareil photo Wi-Fi ou le cloud, avec cette imprimante PIXMA abordable.\u00a0Num\u00e9risez et copiez facilement gr\u00e2ce \u00e0 l&#8217;\u00e9cran LCD intuitif de 3,8 cm.<\/p>\n<ul class=\"block-flex-list__list\">\n<li class=\"block-flex-list__item block-flex-list__item--three\">\n<div class=\"block-flex-list__item-wrapper canon-color--grey-darkest\">\n<div class=\"block-flex-list__item-details\">\n<h4 class=\"canon-section-title--small canon-color--grey-darkest\">Impression, num\u00e9risation et copie de p\u00e9riph\u00e9riques intelligents<\/h4>\n<p class=\"block-flex-list__item-description canon-paragraph--medium canon-color--grey-darkest\">Imprimez o\u00f9 que vous soyez gr\u00e2ce \u00e0 l&#8217;impression sans fil pratique, \u00e0 l&#8217;aide de l&#8217;application Canon PRINT, d&#8217;AirPrint et de Mopria.<\/p>\n<\/div>\n<\/div>\n<\/li>\n<li class=\"block-flex-list__item block-flex-list__item--three\">\n<div class=\"block-flex-list__item-wrapper canon-color--grey-darkest\">\n<div class=\"block-flex-list__item-details\">\n<h4 class=\"canon-section-title--small canon-color--grey-darkest\">Conception \u00e9l\u00e9gante et durable<\/h4>\n<p class=\"block-flex-list__item-description canon-paragraph--medium canon-color--grey-darkest\">Avec une surface r\u00e9sistante aux traces de doigts et aux rayures, cette imprimante est pratique et facile \u00e0 entretenir.<\/p>\n<\/div>\n<\/div>\n<\/li>\n<li class=\"block-flex-list__item block-flex-list__item--three\">\n<div class=\"block-flex-list__item-wrapper canon-color--grey-darkest\">\n<div class=\"block-flex-list__item-details\">\n<h4 class=\"canon-section-title--small canon-color--grey-darkest\">\u00c9cran LCD et boutons faciles \u00e0 utiliser<\/h4>\n<p class=\"block-flex-list__item-description canon-paragraph--medium canon-color--grey-darkest\">Connectez-vous \u00e0 votre appareil intelligent, v\u00e9rifiez vos param\u00e8tres et d\u00e9pannez avec l&#8217;\u00e9cran LCD de 3,8 cm facile \u00e0 utiliser.<\/p>\n<\/div>\n<\/div>\n<\/li>\n<li class=\"block-flex-list__item block-flex-list__item--three\">\n<div class=\"block-flex-list__item-wrapper canon-color--grey-darkest\">\n<div class=\"block-flex-list__item-details\">\n<h4 class=\"canon-section-title--small canon-color--grey-darkest\">Impression photo sans bordure<\/h4>\n<p class=\"block-flex-list__item-description canon-paragraph--medium canon-color--grey-darkest\">Cr\u00e9ez des photos \u00e9clatantes sans bordure jusqu&#8217;\u00e0 5&#215;7&#8243; gr\u00e2ce aux cartouches d&#8217;encre \u00e0 base de colorants.<\/p>\n<h4>Caract\u00e9ristiques de Canon PIXMA TS3140 <strong>Imprimante Multifonction Jet d&#8217;encre<\/strong><\/h4>\n<p>Impression, copie et \u00a0scan<br \/>\nVitesse d&#8217;impression noir: 7,7 pages\/min en norme ISO<br \/>\nVitesse d&#8217;impression couleur: 4 pages\/min en norme ISO<br \/>\nQualit\u00e9 d&#8217;impression noire: Jusqu&#8217;\u00e0 4800 x 600 DPI (ppp)<br \/>\nQualit\u00e9 d&#8217;impression couleur: Jusqu&#8217;\u00e0 4800 x 600 DPI (ppp)<br \/>\nImpression recto\/verso: Manuelle<br \/>\nFonctionne avec: 2 Cartouches (1 noir, 1 couleur : cyan, magenta, jaune)<br \/>\nConnectivit\u00e9: 1 port USB 2.0, Wi-Fi<br \/>\nEncres fournies avec l&#8217;imprimante: Livr\u00e9e avec PG-445 (Noir) et CL-446 (Couleur)<\/p>\n<p>&nbsp;<\/p>\n<\/div>\n<\/div>\n<\/li>\n<\/ul>\n","protected":false},"excerpt":{"rendered":"<p>Impression, copie et \u00a0scan<br \/>\nVitesse d&#8217;impression noir: 7,7 pages\/min en norme ISO<br \/>\nVitesse d&#8217;impression couleur: 4 pages\/min en norme ISO<br \/>\nQualit\u00e9 d&#8217;impression noire: Jusqu&#8217;\u00e0 4800 x 600 DPI (ppp)<br \/>\nQualit\u00e9 d&#8217;impression couleur: Jusqu&#8217;\u00e0 4800 x 600 DPI (ppp)<br \/>\nImpression recto\/verso: Manuelle<br \/>\nFonctionne avec: 2 Cartouches (1 noir, 1 couleur : cyan, magenta, jaune)<br \/>\nConnectivit\u00e9: 1 port USB 2.0, Wi-Fi<br \/>\nEncres fournies avec l&#8217;imprimante: Livr\u00e9e avec PG-445 (Noir) et CL-446 (Couleur)<\/p>\n","protected":false},"featured_media":6311,"comment_status":"open","ping_status":"closed","template":"","meta":{"_acf_changed":false,"_monsterinsights_skip_tracking":false,"_monsterinsights_sitenote_active":false,"_monsterinsights_sitenote_note":"","_monsterinsights_sitenote_category":0,"_uf_show_specific_survey":0,"_uf_disable_surveys":false,"_joinchat":[]},"product_brand":[],"product_cat":[15,253,266],"product_tag":[],"class_list":{"0":"post-6310","1":"product","2":"type-product","3":"status-publish","4":"has-post-thumbnail","6":"product_cat-imprimante-scanner","7":"product_cat-imprimante","8":"product_cat-multifonction-jet-dencre","10":"first","11":"outofstock","12":"sale","13":"shipping-taxable","14":"purchasable","15":"product-type-simple"},"acf":[],"jetpack_sharing_enabled":true,"_links":{"self":[{"href":"https:\/\/digistar.ma\/index.php?rest_route=\/wp\/v2\/product\/6310","targetHints":{"allow":["GET"]}}],"collection":[{"href":"https:\/\/digistar.ma\/index.php?rest_route=\/wp\/v2\/product"}],"about":[{"href":"https:\/\/digistar.ma\/index.php?rest_route=\/wp\/v2\/types\/product"}],"replies":[{"embeddable":true,"href":"https:\/\/digistar.ma\/index.php?rest_route=%2Fwp%2Fv2%2Fcomments&post=6310"}],"version-history":[{"count":2,"href":"https:\/\/digistar.ma\/index.php?rest_route=\/wp\/v2\/product\/6310\/revisions"}],"predecessor-version":[{"id":15893,"href":"https:\/\/digistar.ma\/index.php?rest_route=\/wp\/v2\/product\/6310\/revisions\/15893"}],"wp:featuredmedia":[{"embeddable":true,"href":"https:\/\/digistar.ma\/index.php?rest_route=\/wp\/v2\/media\/6311"}],"wp:attachment":[{"href":"https:\/\/digistar.ma\/index.php?rest_route=%2Fwp%2Fv2%2Fmedia&parent=6310"}],"wp:term":[{"taxonomy":"product_brand","embeddable":true,"href":"https:\/\/digistar.ma\/index.php?rest_route=%2Fwp%2Fv2%2Fproduct_brand&post=6310"},{"taxonomy":"product_cat","embeddable":true,"href":"https:\/\/digistar.ma\/index.php?rest_route=%2Fwp%2Fv2%2Fproduct_cat&post=6310"},{"taxonomy":"product_tag","embeddable":true,"href":"https:\/\/digistar.ma\/index.php?rest_route=%2Fwp%2Fv2%2Fproduct_tag&post=6310"}],"curies":[{"name":"wp","href":"https:\/\/api.w.org\/{rel}","templated":true}]}}