{"id":6317,"date":"2023-07-17T12:43:19","date_gmt":"2023-07-17T12:43:19","guid":{"rendered":"https:\/\/digistar.ma\/?post_type=product&#038;p=6317"},"modified":"2024-12-19T16:37:05","modified_gmt":"2024-12-19T16:37:05","slug":"hp-officejet-pro-8023-imprimante-multifonction-jet-dencre","status":"publish","type":"product","link":"https:\/\/digistar.ma\/?product=hp-officejet-pro-8023-imprimante-multifonction-jet-dencre","title":{"rendered":"HP OfficeJet Pro 8023 Imprimante multifonction Jet d\u2019encre"},"content":{"rendered":"<p><strong>HP OfficeJet Pro 8023 Imprimante multifonction Jet d\u2019encre <\/strong><\/p>\n<p>Des t\u00e2ches accomplies avec l&#8217;imprimante intelligente productive. Contribuez \u00e0 gagner du temps avec les raccourcis Smart\u00a0<span class=\"m-text-nowrap\">Tasks, <\/span>\u00a0et b\u00e9n\u00e9ficiez d&#8217;une impression recto-verso automatique. Vous pouvez imprimer et num\u00e9riser depuis votre\u00a0<span class=\"m-text-nowrap\">t\u00e9l\u00e9phone,<\/span>\u00a0et compter sur des connexions sans faille et la meilleure s\u00e9curit\u00e9 de sa\u00a0<span class=\"m-text-nowrap\">cat\u00e9gorie.<\/span><\/p>\n<h3 class=\"h2 c-split-module__title\">Solutions con\u00e7ues pour vous faire gagner du temps<\/h3>\n<p class=\"h4 c-split-module__description\">Augmentez la productivit\u00e9 avec des performances couleur rapides et gagnez du temps avec HP Smart\u00a0<span class=\"m-text-nowrap\">Tasks<\/span><\/p>\n<h3 class=\"h2 c-split-module__title\">Travaillez partout en toute libert\u00e9<\/h3>\n<p class=\"h4 c-split-module__description\">Accomplissez votre travail partout, d\u00e8s que vous le souhaitez, et effectuez ais\u00e9ment vos t\u00e2ches d&#8217;impression, de num\u00e9risation et de copie \u00e0 partir de votre t\u00e9l\u00e9phone, gr\u00e2ce \u00e0 HP Smart \u2013 l&#8217;application d&#8217;impression mobile la meilleure de sa\u00a0<span class=\"m-text-nowrap\">cat\u00e9gorie.\u00a0<\/span><\/p>\n<h3 class=\"h2 c-split-module__title\">La meilleure s\u00e9curit\u00e9 de sa\u00a0<span class=\"m-text-nowrap\">cat\u00e9gorie,<\/span>\u00a0des connexions fiables<\/h3>\n<p class=\"h4 c-split-module__description\">B\u00e9n\u00e9ficiez de la meilleure s\u00e9curit\u00e9 de sa cat\u00e9gorie afin de contribuer \u00e0 pr\u00e9server la confidentialit\u00e9 et \u00e0 garder le\u00a0<span class=\"m-text-nowrap\">contr\u00f4le, <\/span>\u00a0et d&#8217;une fonction Wi-Fi\u2122 auto-r\u00e9paratrice qui maintient votre\u00a0<span class=\"m-text-nowrap\">connexion avec HP OfficeJet Pro 8023.<\/span><\/p>\n<h3 class=\"h2 c-split-module__title\">Commander de l\u2019encre n\u2019a jamais \u00e9t\u00e9 aussi simple<\/h3>\n<p class=\"h4 c-split-module__description\">Avec l&#8217;application HP Smart, vous recevrez des notifications lorsque vous manquez d&#8217;encre et vous pourrez facilement commander de nouvelles cartouches\u00a0<span class=\"m-text-nowrap\">d&#8217;encre.<\/span><\/p>\n<h4>Caract\u00e9ristiques HP OfficeJet Pro 8023<\/h4>\n<p>Impression, copie, scan, fax<br \/>\nVitesse d&#8217;impression noir: 29 pages\/min (20 pages\/min en norme ISO)<br \/>\nVitesse d&#8217;impression couleur: 25 pages\/min (10 pages\/min en norme ISO)<br \/>\nQualit\u00e9 d&#8217;impression noire: 1 200 x 1 200 ppp rendus<br \/>\nQualit\u00e9 d&#8217;impression couleur: R\u00e9solution optimis\u00e9e jusqu&#8217;\u00e0 4800 x 1 200 ppp sur papier photo HP Advanced, jusqu&#8217;\u00e0 1200 x 1200 ppp en entr\u00e9e<br \/>\nVolume de pages mensuel recommand\u00e9: Jusqu&#8217;\u00e0 800 pages<br \/>\nImpression recto\/verso: Automatique (standard)<br \/>\nFonctionne avec: 4 Cartouches (noir, cyan, magenta, jaune)<br \/>\nConnectivit\u00e9: 1\u00a0port USB 2.0; 1 Ethernet; 1\u00a0port sans fil 802.11 a\/b\/g\/n; 1\u00a0RJ-11 Fax<br \/>\nEncres fournies avec l&#8217;imprimante: HP 912 noir, cyan, magenta et jaune.<\/p>\n<h4><a href=\"https:\/\/www.hp.com\/emea_africa-fr\/products\/printers\/product-details\/product-specifications\/25479556\" target=\"_blank\" rel=\"noopener\">Caract\u00e9ristiques Techniques de <strong>HP OfficeJet Pro 8023 Imprimante multifonction Jet d\u2019encre<\/strong><\/a><\/h4>\n<p>&nbsp;<\/p>\n","protected":false},"excerpt":{"rendered":"<p>Impression, copie, scan, fax<br \/>\nVitesse d&#8217;impression noir: 29 pages\/min (20 pages\/min en norme ISO)<br \/>\nVitesse\u00a0d&#8217;impression couleur: 25 pages\/min (10 pages\/min en norme ISO)<br \/>\nQualit\u00e9 d&#8217;impression noire: 1 200 x 1 200 ppp rendus<br \/>\nQualit\u00e9 d&#8217;impression couleur: R\u00e9solution optimis\u00e9e jusqu&#8217;\u00e0 4800 x 1 200 ppp sur papier photo HP Advanced, jusqu&#8217;\u00e0 1200 x 1200 ppp en entr\u00e9e<br \/>\nVolume de pages mensuel recommand\u00e9: Jusqu&#8217;\u00e0 800 pages<br \/>\nImpression recto\/verso: Automatique (standard)<br \/>\nFonctionne avec: 4 Cartouches (noir, cyan, magenta, jaune)<br \/>\nConnectivit\u00e9: 1\u00a0port USB 2.0; 1 Ethernet; 1\u00a0port sans fil 802.11 a\/b\/g\/n; 1\u00a0RJ-11 Fax<br \/>\nEncres fournies avec l&#8217;imprimante: HP 912 noir, cyan, magenta et jaune.<\/p>\n","protected":false},"featured_media":6322,"comment_status":"open","ping_status":"closed","template":"","meta":{"_acf_changed":false,"_monsterinsights_skip_tracking":false,"_monsterinsights_sitenote_active":false,"_monsterinsights_sitenote_note":"","_monsterinsights_sitenote_category":0,"_uf_show_specific_survey":0,"_uf_disable_surveys":false,"_joinchat":[]},"product_brand":[],"product_cat":[15,253,266],"product_tag":[],"class_list":{"0":"post-6317","1":"product","2":"type-product","3":"status-publish","4":"has-post-thumbnail","6":"product_cat-imprimante-scanner","7":"product_cat-imprimante","8":"product_cat-multifonction-jet-dencre","10":"first","11":"onbackorder","12":"sale","13":"shipping-taxable","14":"purchasable","15":"product-type-simple"},"acf":[],"jetpack_sharing_enabled":true,"_links":{"self":[{"href":"https:\/\/digistar.ma\/index.php?rest_route=\/wp\/v2\/product\/6317","targetHints":{"allow":["GET"]}}],"collection":[{"href":"https:\/\/digistar.ma\/index.php?rest_route=\/wp\/v2\/product"}],"about":[{"href":"https:\/\/digistar.ma\/index.php?rest_route=\/wp\/v2\/types\/product"}],"replies":[{"embeddable":true,"href":"https:\/\/digistar.ma\/index.php?rest_route=%2Fwp%2Fv2%2Fcomments&post=6317"}],"version-history":[{"count":1,"href":"https:\/\/digistar.ma\/index.php?rest_route=\/wp\/v2\/product\/6317\/revisions"}],"predecessor-version":[{"id":6323,"href":"https:\/\/digistar.ma\/index.php?rest_route=\/wp\/v2\/product\/6317\/revisions\/6323"}],"wp:featuredmedia":[{"embeddable":true,"href":"https:\/\/digistar.ma\/index.php?rest_route=\/wp\/v2\/media\/6322"}],"wp:attachment":[{"href":"https:\/\/digistar.ma\/index.php?rest_route=%2Fwp%2Fv2%2Fmedia&parent=6317"}],"wp:term":[{"taxonomy":"product_brand","embeddable":true,"href":"https:\/\/digistar.ma\/index.php?rest_route=%2Fwp%2Fv2%2Fproduct_brand&post=6317"},{"taxonomy":"product_cat","embeddable":true,"href":"https:\/\/digistar.ma\/index.php?rest_route=%2Fwp%2Fv2%2Fproduct_cat&post=6317"},{"taxonomy":"product_tag","embeddable":true,"href":"https:\/\/digistar.ma\/index.php?rest_route=%2Fwp%2Fv2%2Fproduct_tag&post=6317"}],"curies":[{"name":"wp","href":"https:\/\/api.w.org\/{rel}","templated":true}]}}