{"id":6329,"date":"2023-07-17T13:16:56","date_gmt":"2023-07-17T13:16:56","guid":{"rendered":"https:\/\/digistar.ma\/?post_type=product&#038;p=6329"},"modified":"2023-07-17T13:16:56","modified_gmt":"2023-07-17T13:16:56","slug":"hp-deskjet-plus-ink-advantage-6075-imprimante-multifonction-jet-dencre","status":"publish","type":"product","link":"https:\/\/digistar.ma\/?product=hp-deskjet-plus-ink-advantage-6075-imprimante-multifonction-jet-dencre","title":{"rendered":"HP DeskJet Plus Ink Advantage 6075 Imprimante multifonction Jet d\u2019encre"},"content":{"rendered":"<p><strong>HP DeskJet Plus Ink Advantage 6075 Imprimante multifonction Jet d\u2019encre<\/strong><\/p>\n<p>Pour toute la famille. Pour tous vos appareils. Imprimez, num\u00e9risez et photocopiez tous vos documents et toutes vos photos, depuis tous les appareils avec l&#8217;application HP\u00a0<span class=\"m-text-nowrap\">Smart. <\/span>Profitez d&#8217;un r\u00e9glage simple et d&#8217;une r\u00e9paration autonome pour la\u00a0<span class=\"m-text-nowrap\">Wi-Fi<\/span><\/p>\n<h4 class=\"h2 c-split-module__title\">Que tout le monde se connecte. C&#8217;est aussi simple que \u00e7a.<\/h4>\n<p class=\"h4 c-split-module__description\">Tous les appareils de la maison vont pouvoir s&#8217;y\u00a0<span class=\"m-text-nowrap\">connecter. <\/span>Simplifiez tous vos r\u00e9glages avec l&#8217;application HP\u00a0Smart, la r\u00e9f\u00e9rence pour\u00a0<span class=\"m-text-nowrap\">l&#8217;impression. <\/span>L&#8217;auto-r\u00e9paration pour la Wi-Fi\u2122 vous prot\u00e8ge des pertes de\u00a0<span class=\"m-text-nowrap\">connexion.<\/span><\/p>\n<h4 class=\"h2 c-split-module__title\">Imprimer ici et l\u00e0. De n&#8217;importe\u00a0<span class=\"m-text-nowrap\">o\u00f9.\u00a0<\/span><\/h4>\n<p class=\"h4 c-split-module__description\">L&#8217;imprimante HP DeskJet Plus Ink Advantage 6075 pour toute la famille, sans <span class=\"m-text-nowrap\">limite. <\/span>\u00a0Avec HP\u00a0Smart, imprimez, num\u00e9risez et photocopiez via votre t\u00e9l\u00e9phone, directement depuis l&#8217;application photo et de\u00a0<span class=\"m-text-nowrap\">partage. <\/span>\u00a0Imprimez sans attendre tous vos documents, vos devoirs d&#8217;\u00e9cole et toutes vos\u00a0<span class=\"m-text-nowrap\">photos.<\/span><\/p>\n<h4 class=\"h2 c-split-module__title\">Une qualit\u00e9 fiable<\/h4>\n<p class=\"h4 c-split-module__description\">Comptez sur les cartouches \u00e0 encre authentiques HP abordables pour des impressions fines et des couleurs v\u00e9ritables pour vos documents professionnels, devoirs d&#8217;\u00e9cole et photos \u00e0 imprimer tous les jours.<\/p>\n<h4>Caract\u00e9ristiques de HP DeskJet Plus Ink Advantage 6075 <strong>Imprimante multifonction Jet d\u2019encre<\/strong><\/h4>\n<p>Impression, copie, num\u00e9risation, photo<br \/>\nVitesse d&#8217;impression noir: 20 pages\/min (10 pages\/min en norme ISO)<br \/>\nVitesse d&#8217;impression couleur: \u00a017 pages\/min (7 pages\/min en norme ISO)<br \/>\nQualit\u00e9 d&#8217;impression noire: jusqu&#8217;\u00e0 1 200 x 1 200 ppp<br \/>\nQualit\u00e9 d&#8217;impression couleur: jusqu&#8217;\u00e0 4800 x 1200 ppp optimis\u00e9s<br \/>\nVolume de pages mensuel recommand\u00e9: 100 \u00e0 400 pages<br \/>\nImpression recto\/verso: Automatique (standard)<br \/>\nFonctionne avec: 2 cartouches (1 noire, 1 3-couleurs)<br \/>\nConnectivit\u00e9: 1 port USB 2.0 haut d\u00e9bit &#8211; 1 Wi-Fi 802.11ac (double bande)<br \/>\nEncres fournies avec l&#8217;imprimante: Cartouche de d\u00e9marrage HP 653 noire et HP 653 trois couleurs<\/p>\n<p><a href=\"https:\/\/www.hp.com\/emea_africa-fr\/products\/printers\/product-details\/product-specifications\/29256667\" target=\"_blank\" rel=\"noopener\"><strong>FICHE TECHNIQUE DE HP DeskJet Plus Ink Advantage 6075 Imprimante multifonction Jet d\u2019encre<\/strong><\/a><\/p>\n","protected":false},"excerpt":{"rendered":"<p>Impression, copie, num\u00e9risation, photo<br \/>\nVitesse d&#8217;impression noir: 20 pages\/min (10 pages\/min en norme ISO)<br \/>\nVitesse d&#8217;impression couleur: \u00a017 pages\/min (7 pages\/min en norme ISO)<br \/>\nQualit\u00e9 d&#8217;impression noire: jusqu&#8217;\u00e0 1 200 x 1 200 ppp<br \/>\nQualit\u00e9 d&#8217;impression couleur: jusqu&#8217;\u00e0 4800 x 1200 ppp optimis\u00e9s<br \/>\nVolume de pages mensuel recommand\u00e9: 100 \u00e0 400 pages<br \/>\nImpression recto\/verso: Automatique (standard)<br \/>\nFonctionne avec: 2 cartouches (1 noire, 1 3-couleurs)<br \/>\nConnectivit\u00e9: 1 port USB 2.0 haut d\u00e9bit &#8211; 1 Wi-Fi 802.11ac (double bande)<br \/>\nEncres fournies avec l&#8217;imprimante: Cartouche de d\u00e9marrage HP 653 noire et HP 653 trois couleurs<\/p>\n","protected":false},"featured_media":6330,"comment_status":"open","ping_status":"closed","template":"","meta":{"_acf_changed":false,"_monsterinsights_skip_tracking":false,"_monsterinsights_sitenote_active":false,"_monsterinsights_sitenote_note":"","_monsterinsights_sitenote_category":0,"_uf_show_specific_survey":0,"_uf_disable_surveys":false,"_joinchat":[]},"product_brand":[],"product_cat":[15,253,266],"product_tag":[],"class_list":{"0":"post-6329","1":"product","2":"type-product","3":"status-publish","4":"has-post-thumbnail","6":"product_cat-imprimante-scanner","7":"product_cat-imprimante","8":"product_cat-multifonction-jet-dencre","10":"first","11":"instock","12":"sale","13":"shipping-taxable","14":"purchasable","15":"product-type-simple"},"acf":[],"jetpack_sharing_enabled":true,"_links":{"self":[{"href":"https:\/\/digistar.ma\/index.php?rest_route=\/wp\/v2\/product\/6329","targetHints":{"allow":["GET"]}}],"collection":[{"href":"https:\/\/digistar.ma\/index.php?rest_route=\/wp\/v2\/product"}],"about":[{"href":"https:\/\/digistar.ma\/index.php?rest_route=\/wp\/v2\/types\/product"}],"replies":[{"embeddable":true,"href":"https:\/\/digistar.ma\/index.php?rest_route=%2Fwp%2Fv2%2Fcomments&post=6329"}],"version-history":[{"count":1,"href":"https:\/\/digistar.ma\/index.php?rest_route=\/wp\/v2\/product\/6329\/revisions"}],"predecessor-version":[{"id":6333,"href":"https:\/\/digistar.ma\/index.php?rest_route=\/wp\/v2\/product\/6329\/revisions\/6333"}],"wp:featuredmedia":[{"embeddable":true,"href":"https:\/\/digistar.ma\/index.php?rest_route=\/wp\/v2\/media\/6330"}],"wp:attachment":[{"href":"https:\/\/digistar.ma\/index.php?rest_route=%2Fwp%2Fv2%2Fmedia&parent=6329"}],"wp:term":[{"taxonomy":"product_brand","embeddable":true,"href":"https:\/\/digistar.ma\/index.php?rest_route=%2Fwp%2Fv2%2Fproduct_brand&post=6329"},{"taxonomy":"product_cat","embeddable":true,"href":"https:\/\/digistar.ma\/index.php?rest_route=%2Fwp%2Fv2%2Fproduct_cat&post=6329"},{"taxonomy":"product_tag","embeddable":true,"href":"https:\/\/digistar.ma\/index.php?rest_route=%2Fwp%2Fv2%2Fproduct_tag&post=6329"}],"curies":[{"name":"wp","href":"https:\/\/api.w.org\/{rel}","templated":true}]}}