{"id":6351,"date":"2023-07-17T15:03:22","date_gmt":"2023-07-17T15:03:22","guid":{"rendered":"https:\/\/digistar.ma\/?post_type=product&#038;p=6351"},"modified":"2023-07-17T15:04:05","modified_gmt":"2023-07-17T15:04:05","slug":"cle-usb-hikvision-32-gb-usb-2-0-metal","status":"publish","type":"product","link":"https:\/\/digistar.ma\/?product=cle-usb-hikvision-32-gb-usb-2-0-metal","title":{"rendered":"Cl\u00e9 USB HIKVISION 32 GB USB 2.0 METAL"},"content":{"rendered":"<p><strong>Cl\u00e9 USB HIKVISION 32 GB USB 2.0 METAL<\/strong><\/p>\n<p>Optez pour la cl\u00e9 USB Hikvision 32Go USB 2.0 en m\u00e9tal, une solution de stockage fiable et compacte. Avec une vitesse de lecture allant jusqu&#8217;\u00e0 80MB\/s et une vitesse d&#8217;\u00e9criture allant jusqu&#8217;\u00e0 25MB\/s, cette cl\u00e9 offre\u00a0\u00a0des transferts rapides. Sa conception en m\u00e9tal garantit une durabilit\u00e9 accrue. Id\u00e9ale pour transporter et partager vos fichiers importants. Ne manquez pas cette cl\u00e9 USB pratique et performante de Hikvision.<\/p>\n<p>CLE USB HIKVISION 32GB USB 2.0 METAL Peripherique de support PC poids 10.2g couverture metal FORMAT STANDARD<\/p>\n<table id=\"product-attribute-specs-table\" class=\"data table additional-attributes\">\n<tbody>\n<tr>\n<th class=\"col label\" scope=\"row\">R\u00e9f<\/th>\n<td class=\"col data\" data-th=\"R\u00e9f\">HS-USB-M200-32G<\/td>\n<\/tr>\n<tr>\n<th class=\"col label\" scope=\"row\">Ref Frns<\/th>\n<td class=\"col data\" data-th=\"Ref Frns\">HS-USB-M200\/32G<\/td>\n<\/tr>\n<tr>\n<th class=\"col label\" scope=\"row\">Marque<\/th>\n<td class=\"col data\" data-th=\"Marque\">HIKVISION<\/td>\n<\/tr>\n<tr>\n<th class=\"col label\" scope=\"row\">Couleur<\/th>\n<td class=\"col data\" data-th=\"Couleur\">Gris<\/td>\n<\/tr>\n<tr>\n<th class=\"col label\" scope=\"row\">capacit\u00e9<\/th>\n<td class=\"col data\" data-th=\"capacit\u00e9\">32Go<\/td>\n<\/tr>\n<\/tbody>\n<\/table>\n<p>&nbsp;<\/p>\n","protected":false},"excerpt":{"rendered":"<p>Optez pour la cl\u00e9 USB Hikvision 32Go USB 2.0 en m\u00e9tal, une solution de stockage fiable et compacte. Avec une vitesse de lecture allant jusqu&#8217;\u00e0 80MB\/s et une vitesse d&#8217;\u00e9criture allant jusqu&#8217;\u00e0 25MB\/s, cette cl\u00e9 offre\u00a0\u00a0des transferts rapides. Sa conception en m\u00e9tal garantit une durabilit\u00e9 accrue. Id\u00e9ale pour transporter et partager vos fichiers importants. Ne manquez pas cette cl\u00e9 USB pratique et performante de Hikvision.<\/p>\n","protected":false},"featured_media":6361,"comment_status":"open","ping_status":"closed","template":"","meta":{"_acf_changed":false,"_monsterinsights_skip_tracking":false,"_monsterinsights_sitenote_active":false,"_monsterinsights_sitenote_note":"","_monsterinsights_sitenote_category":0,"_uf_show_specific_survey":0,"_uf_disable_surveys":false,"_joinchat":[]},"product_brand":[],"product_cat":[290,334,264],"product_tag":[],"class_list":{"0":"post-6351","1":"product","2":"type-product","3":"status-publish","4":"has-post-thumbnail","6":"product_cat-meilleures-ventes","7":"product_cat-cle-usb","8":"product_cat-stockage","10":"first","11":"instock","12":"sale","13":"shipping-taxable","14":"purchasable","15":"product-type-simple"},"acf":[],"jetpack_sharing_enabled":true,"_links":{"self":[{"href":"https:\/\/digistar.ma\/index.php?rest_route=\/wp\/v2\/product\/6351","targetHints":{"allow":["GET"]}}],"collection":[{"href":"https:\/\/digistar.ma\/index.php?rest_route=\/wp\/v2\/product"}],"about":[{"href":"https:\/\/digistar.ma\/index.php?rest_route=\/wp\/v2\/types\/product"}],"replies":[{"embeddable":true,"href":"https:\/\/digistar.ma\/index.php?rest_route=%2Fwp%2Fv2%2Fcomments&post=6351"}],"version-history":[{"count":1,"href":"https:\/\/digistar.ma\/index.php?rest_route=\/wp\/v2\/product\/6351\/revisions"}],"predecessor-version":[{"id":6363,"href":"https:\/\/digistar.ma\/index.php?rest_route=\/wp\/v2\/product\/6351\/revisions\/6363"}],"wp:featuredmedia":[{"embeddable":true,"href":"https:\/\/digistar.ma\/index.php?rest_route=\/wp\/v2\/media\/6361"}],"wp:attachment":[{"href":"https:\/\/digistar.ma\/index.php?rest_route=%2Fwp%2Fv2%2Fmedia&parent=6351"}],"wp:term":[{"taxonomy":"product_brand","embeddable":true,"href":"https:\/\/digistar.ma\/index.php?rest_route=%2Fwp%2Fv2%2Fproduct_brand&post=6351"},{"taxonomy":"product_cat","embeddable":true,"href":"https:\/\/digistar.ma\/index.php?rest_route=%2Fwp%2Fv2%2Fproduct_cat&post=6351"},{"taxonomy":"product_tag","embeddable":true,"href":"https:\/\/digistar.ma\/index.php?rest_route=%2Fwp%2Fv2%2Fproduct_tag&post=6351"}],"curies":[{"name":"wp","href":"https:\/\/api.w.org\/{rel}","templated":true}]}}