{"id":6379,"date":"2023-07-17T16:04:56","date_gmt":"2023-07-17T16:04:56","guid":{"rendered":"https:\/\/digistar.ma\/?post_type=product&#038;p=6379"},"modified":"2023-12-27T15:41:30","modified_gmt":"2023-12-27T15:41:30","slug":"epson-co-fh02-videoprojecteur-full-hd-1080p","status":"publish","type":"product","link":"https:\/\/digistar.ma\/?product=epson-co-fh02-videoprojecteur-full-hd-1080p","title":{"rendered":"EPSON CO-FH02 Vid\u00e9oprojecteur Full HD 1080p"},"content":{"rendered":"<p><strong>EPSON CO-FH02 Vid\u00e9oprojecteur Full HD 1080p<\/strong><\/p>\n<div class=\"product-summary__description\">Profitez d\u2019une exp\u00e9rience grand \u00e9cran \u00e0 la maison ou au bureau. Cette solution abordable, facile \u00e0 utiliser et Full HD est \u00e9galement dot\u00e9e d\u2019Android TV.<\/div>\n<div class=\"product-summary__intro\">Avec ce projecteur Full HD, il est facile de cr\u00e9er une exp\u00e9rience grand \u00e9cran \u00e0 la maison, mais aussi au bureau ou dans une salle de classe. Vous pouvez obtenir une image impressionnante de 391\u00a0pouces (pr\u00e8s de 10\u00a0m\u00e8tres) disposant d\u2019Android TV<sup>3<\/sup>. Simple \u00e0 installer, il se distingue par une luminosit\u00e9 de 3 000 lumens pour des images nettes et lumineuses. Il s\u2019agit \u00e9galement d\u2019une solution durable gr\u00e2ce \u00e0 la dur\u00e9e de vie de la lampe offrant 18 ans de divertissement.<\/div>\n<div>\n<div class=\"product-overview__section\">\n<div class=\"product-overview__section-content\">\n<div class=\"product-overview__description product-overview__description--neon\">\n<div>\n<div class=\"heading1\">\n<h4>Une grande image, c\u2019est encore mieux<\/h4>\n<p>Vivez une exp\u00e9rience immersive en profitant de vos jeux vid\u00e9o pr\u00e9f\u00e9r\u00e9s avec ce projecteur Full HD 1080p capable de diffuser une image impressionnante de 391 pouces. En donnant vie aux contenus, la technologie 3LCD permet d\u2019obtenir des images jusqu\u2019\u00e0 trois fois plus lumineuses par rapport aux images des produits concurrents.<\/p>\n<\/div>\n<div class=\"heading2\">\n<h4>Une installation facile<\/h4>\n<p>\u00c0 nos yeux, un projecteur con\u00e7u pour la maison ne doit pas \u00eatre plus compliqu\u00e9 \u00e0 utiliser qu\u2019une t\u00e9l\u00e9vision. C\u2019est la raison pour laquelle ce projecteur est facile d\u2019utilisation et rapide \u00e0 installer gr\u00e2ce \u00e0 ses caract\u00e9ristiques telles que la correction du trap\u00e8ze pour un alignement rapide de l\u2019image. Acc\u00e9dez facilement \u00e0 vos contenus pr\u00e9f\u00e9r\u00e9s gr\u00e2ce \u00e0 l\u2019entr\u00e9e HDMI pour la connexion de consoles de jeux ou autres. Mieux encore, ces projecteurs Android tr\u00e8s faciles d\u2019utilisation vous permettent de regarder, de jouer et de faire tout ce que vous aimez, en plus grand et en mieux.<\/p>\n<\/div>\n<div class=\"heading3\">\n<h4>Solution durable<\/h4>\n<p>Vous cherchez une solution \u00e9conomique, facile d\u2019utilisation et durable pour visionner vos films pr\u00e9f\u00e9r\u00e9s\u00a0? Avec la source lumineuse de la lampe \u00e0 longue dur\u00e9e de vie de ce mod\u00e8le, vous serez en mesure de voir un film chaque jour pendant 18\u00a0ans\u00b9.<\/p>\n<\/div>\n<div class=\"heading4\">\n<h4>Des images lumineuses de haute qualit\u00e9<\/h4>\n<p>M\u00eame dans les salles lumineuses, ce projecteur\u00a0Full HD 1080p, \u00e0 la fois tr\u00e8s performant et b\u00e9n\u00e9ficiant d\u2019un prix attractif, offre des images extr\u00eamement lumineuses, color\u00e9es et aux d\u00e9tails nets. Tout cela est rendu possible gr\u00e2ce \u00e0 la technologie\u00a03LCD, qui garantit des images avec des niveaux \u00e9quivalents de luminosit\u00e9 blanche et une luminosit\u00e9 couleur de 3\u00a0000\u00a0lumens.<\/p>\n<\/div>\n<\/div>\n<\/div>\n<\/div>\n<\/div>\n<div class=\"product-overview__section product-overview__section--features\">\n<h3 class=\"product-overview__section-title\">Principales caract\u00e9ristiques<\/h3>\n<div class=\"product-overview__section-content\">\n<div class=\"product-overview__features\">\n<div class=\"blockdown description\">\n<ul class=\"features\">\n<li><strong>Profitez de l\u2019exp\u00e9rience du grand \u00e9cran<\/strong>\u00a0Projetez sur grand \u00e9cran vos films, jeux et \u00e9v\u00e9nements sportifs pr\u00e9f\u00e9r\u00e9s depuis votre salon<\/li>\n<li><strong>Une installation simple<\/strong>\u00a0Correction du trap\u00e8ze, Android et HDMI int\u00e9gr\u00e9s<\/li>\n<li><strong>Solution durable<\/strong> 18\u00a0ans de divertissement<\/li>\n<li><strong>\u00c9quipement haute technologie \u00e0 un prix attractif<\/strong>\u00a0Profitez de ce projecteur Full HD 1080p<\/li>\n<li><strong>Impressionnant \u00e9cran lumineux<\/strong>\u00a0Niveaux de luminosit\u00e9 blanche et couleur de 3\u00a0000\u00a0lumens<\/li>\n<\/ul>\n<h3><a href=\"https:\/\/digistar.ma\/wp-content\/uploads\/2023\/07\/co-fh02.co-fh02-datasheet.pdf\">FICHE TECHNIQUE ICI<\/a><\/h3>\n<\/div>\n<\/div>\n<\/div>\n<\/div>\n<\/div>\n","protected":false},"excerpt":{"rendered":"<p>R\u00e9solution: 1080p<br \/>\nLuminosit\u00e9: 3.000 lumen- 2.000 lumen (\u00e9conomie) In accordance with ISO 21118:2020<br \/>\nUHE, 188 W, 6.000 h Long\u00e9vit\u00e9, 12.000 h Long\u00e9vit\u00e9 (en mode \u00e9conomique)<br \/>\nRapport de projection: 1,19 &#8211; 1,61:1<br \/>\nTaille de l&#8217;image: 26 pouces &#8211; 391 pouces<br \/>\nSyst\u00e8me de projection: Technologie 3LCD, Obturateur RVB \u00e0 cristaux liquides<br \/>\nHaut-parleur: 5 W<br \/>\nPoids: 2,6 kg<br \/>\nConnexions: USB 2.0-A, USB 2.0, USB auto-aliment\u00e9, Entr\u00e9e HDMI, LAN IEEE 802.11a\/b\/g\/n\/ac\u00a0sans fil, Android TV<\/p>\n","protected":false},"featured_media":6383,"comment_status":"open","ping_status":"closed","template":"","meta":{"_acf_changed":false,"_monsterinsights_skip_tracking":false,"_monsterinsights_sitenote_active":false,"_monsterinsights_sitenote_note":"","_monsterinsights_sitenote_category":0,"_uf_show_specific_survey":0,"_uf_disable_surveys":false,"_joinchat":[]},"product_brand":[],"product_cat":[244,380,290,340,274],"product_tag":[],"class_list":{"0":"post-6379","1":"product","2":"type-product","3":"status-publish","4":"has-post-thumbnail","6":"product_cat-image-son","7":"product_cat-epson","8":"product_cat-meilleures-ventes","9":"product_cat-videoprojecteur","10":"product_cat-videoprojecteur-ecran","12":"first","13":"instock","14":"sale","15":"shipping-taxable","16":"purchasable","17":"product-type-simple"},"acf":[],"jetpack_sharing_enabled":true,"_links":{"self":[{"href":"https:\/\/digistar.ma\/index.php?rest_route=\/wp\/v2\/product\/6379","targetHints":{"allow":["GET"]}}],"collection":[{"href":"https:\/\/digistar.ma\/index.php?rest_route=\/wp\/v2\/product"}],"about":[{"href":"https:\/\/digistar.ma\/index.php?rest_route=\/wp\/v2\/types\/product"}],"replies":[{"embeddable":true,"href":"https:\/\/digistar.ma\/index.php?rest_route=%2Fwp%2Fv2%2Fcomments&post=6379"}],"version-history":[{"count":3,"href":"https:\/\/digistar.ma\/index.php?rest_route=\/wp\/v2\/product\/6379\/revisions"}],"predecessor-version":[{"id":6388,"href":"https:\/\/digistar.ma\/index.php?rest_route=\/wp\/v2\/product\/6379\/revisions\/6388"}],"wp:featuredmedia":[{"embeddable":true,"href":"https:\/\/digistar.ma\/index.php?rest_route=\/wp\/v2\/media\/6383"}],"wp:attachment":[{"href":"https:\/\/digistar.ma\/index.php?rest_route=%2Fwp%2Fv2%2Fmedia&parent=6379"}],"wp:term":[{"taxonomy":"product_brand","embeddable":true,"href":"https:\/\/digistar.ma\/index.php?rest_route=%2Fwp%2Fv2%2Fproduct_brand&post=6379"},{"taxonomy":"product_cat","embeddable":true,"href":"https:\/\/digistar.ma\/index.php?rest_route=%2Fwp%2Fv2%2Fproduct_cat&post=6379"},{"taxonomy":"product_tag","embeddable":true,"href":"https:\/\/digistar.ma\/index.php?rest_route=%2Fwp%2Fv2%2Fproduct_tag&post=6379"}],"curies":[{"name":"wp","href":"https:\/\/api.w.org\/{rel}","templated":true}]}}