{"id":6389,"date":"2023-07-17T16:38:53","date_gmt":"2023-07-17T16:38:53","guid":{"rendered":"https:\/\/digistar.ma\/?post_type=product&#038;p=6389"},"modified":"2023-07-17T16:38:53","modified_gmt":"2023-07-17T16:38:53","slug":"hp-x200-souris-sans-fil-6vy95aa","status":"publish","type":"product","link":"https:\/\/digistar.ma\/?product=hp-x200-souris-sans-fil-6vy95aa","title":{"rendered":"HP X200 Souris sans fil 6VY95AA"},"content":{"rendered":"<p><strong>HP X200 Souris sans fil 6VY95AA<\/strong><\/p>\n<section class=\"ProductDetailsPage_productDetailsBannerWrapper__2VwJ7\">\n<div class=\"ProductDescription_productDescription__2iTwQ\">Restez productif o\u00f9 que vous soyez, sans aucun fil pour vous restreindre. Con\u00e7ue pour un maximum de confort, de contr\u00f4le et d\u2019homog\u00e9n\u00e9it\u00e9, cette souris sans fil est le compagnon id\u00e9al pour toutes vos activit\u00e9s. Avec son design profil\u00e9, sa batterie longue dur\u00e9e et son suivi pr\u00e9cis, vous \u00eates pr\u00eat \u00e0 g\u00e9rer au mieux votre journ\u00e9e.<\/div>\n<\/section>\n<div class=\"KeySellingPointsContainer_container__h7h42\">\n<section class=\"ProductKeySellingPoints_root__2LZ6p KeySellingPointsContainer_keySellingPoints__RHxIr\" data-test-hook=\"@hpstellar\/storefront-ui-product-key-selling-points\">\n<div class=\"ProductKeySellingPoints_kspSection__3Fumw\">\n<h4 class=\"ProductKeySellingPoints_title__EfldW\">Une connexion sans fil 2,4\u00a0GHz fiable<\/h4>\n<div class=\"ProductKeySellingPoints_description__1LCVX\">Travaillez et jouez sans d\u00e9calage ni interruption gr\u00e2ce \u00e0 une connexion sans fil\u00a0fiable[1].<\/div>\n<\/div>\n<div class=\"ProductKeySellingPoints_kspSection__3Fumw\">\n<h4 class=\"ProductKeySellingPoints_title__EfldW\">Une batterie qui dure<\/h4>\n<div class=\"ProductKeySellingPoints_description__1LCVX\">Cette souris HP X200 Souris sans fil 6VY95AA est con\u00e7ue pour vous suivre au quotidien gr\u00e2ce \u00e0 une batterie qui dure jusqu\u2019\u00e0 18 mois[2].<\/div>\n<\/div>\n<div class=\"ProductKeySellingPoints_kspSection__3Fumw\">\n<h4 class=\"ProductKeySellingPoints_title__EfldW\">PPP r\u00e9glables<\/h4>\n<div class=\"ProductKeySellingPoints_description__1LCVX\">Acc\u00e9l\u00e9rez ou ralentissez le suivi avec des param\u00e8tres DPI r\u00e9glables (800\/1\u00a0200\/1\u00a0600).<\/div>\n<\/div>\n<div class=\"ProductKeySellingPoints_kspSection__3Fumw\">\n<h4 class=\"ProductKeySellingPoints_title__EfldW\">Un capteur optique pr\u00e9cis<\/h4>\n<div class=\"ProductKeySellingPoints_description__1LCVX\">Travaillez o\u00f9 vous le souhaitez sur de nombreuses surfaces, gr\u00e2ce \u00e0 un capteur optique pr\u00e9cis dot\u00e9 d\u2019une r\u00e9solution exceptionnelle.<\/div>\n<div>\n<h3><span class=\"a-list-item\">Caract\u00e9ristique du produit HP X200 Souris sans fil 6VY95AA<\/span><\/h3>\n<ul>\n<li>Model : Souris sans fil HP X200<\/li>\n<li>Type de batterie : 1 x AA<\/li>\n<li>Autonomie de la batterie : Jusqu\u2019\u00e0 18 mois<\/li>\n<li>Boutons : 3<\/li>\n<li>Type de connexion : Connexion sans fil 2,4 GHz<\/li>\n<li>Voyant : Batterie<\/li>\n<li>Mollette avanc\u00e9e : Normal<\/li>\n<li>R\u00e9solution : Up to 1600 dpi<\/li>\n<li>Technologie capteur : Suivi optique rouge<\/li>\n<li>Plage sans fil : Jusqu\u2019\u00e0 10 m en zone ouverte<\/li>\n<li>Port\u00e9e sans fil (mesure imp\u00e9riale) : Jusqu\u2019\u00e0 32,81 pieds en zone ouverte<\/li>\n<li>Syst\u00e8mes d\u2019exploitation support\u00e9s : Windows 10; Windows 8; Windows 7; MacOS 10.1 ou version ult\u00e9rieure<\/li>\n<li>Dimensions minimales (L x P x H) : 11,5 x 6,33 x 3,62 cm<\/li>\n<li>Poids : 0,06 kg<\/li>\n<li>Produit neuf.<\/li>\n<\/ul>\n<\/div>\n<div><\/div>\n<\/div>\n<\/section>\n<\/div>\n","protected":false},"excerpt":{"rendered":"<p>Restez productif avec la souris sans fil HP X200. Profitez d&#8217;une connexion sans fil 2,4 GHz fiable pour travailler et jouer sans interruption. Les param\u00e8tres DPI r\u00e9glables et le capteur optique pr\u00e9cis garantissent un suivi pr\u00e9cis sur diff\u00e9rentes surfaces. Son design profil\u00e9 offre un confort optimal, et l&#8217;indicateur de batterie faible vous permet de rester inform\u00e9. Compatible avec Windows et MacOS.<\/p>\n","protected":false},"featured_media":6390,"comment_status":"open","ping_status":"closed","template":"","meta":{"_acf_changed":false,"_monsterinsights_skip_tracking":false,"_monsterinsights_sitenote_active":false,"_monsterinsights_sitenote_note":"","_monsterinsights_sitenote_category":0,"_uf_show_specific_survey":0,"_uf_disable_surveys":false,"_joinchat":[]},"product_brand":[],"product_cat":[290,246,263,323],"product_tag":[],"class_list":{"0":"post-6389","1":"product","2":"type-product","3":"status-publish","4":"has-post-thumbnail","6":"product_cat-meilleures-ventes","7":"product_cat-peripherique","8":"product_cat-souris-clavier","9":"product_cat-souris-sans-fil","11":"first","12":"instock","13":"sale","14":"shipping-taxable","15":"purchasable","16":"product-type-simple"},"acf":[],"jetpack_sharing_enabled":true,"_links":{"self":[{"href":"https:\/\/digistar.ma\/index.php?rest_route=\/wp\/v2\/product\/6389","targetHints":{"allow":["GET"]}}],"collection":[{"href":"https:\/\/digistar.ma\/index.php?rest_route=\/wp\/v2\/product"}],"about":[{"href":"https:\/\/digistar.ma\/index.php?rest_route=\/wp\/v2\/types\/product"}],"replies":[{"embeddable":true,"href":"https:\/\/digistar.ma\/index.php?rest_route=%2Fwp%2Fv2%2Fcomments&post=6389"}],"version-history":[{"count":1,"href":"https:\/\/digistar.ma\/index.php?rest_route=\/wp\/v2\/product\/6389\/revisions"}],"predecessor-version":[{"id":6393,"href":"https:\/\/digistar.ma\/index.php?rest_route=\/wp\/v2\/product\/6389\/revisions\/6393"}],"wp:featuredmedia":[{"embeddable":true,"href":"https:\/\/digistar.ma\/index.php?rest_route=\/wp\/v2\/media\/6390"}],"wp:attachment":[{"href":"https:\/\/digistar.ma\/index.php?rest_route=%2Fwp%2Fv2%2Fmedia&parent=6389"}],"wp:term":[{"taxonomy":"product_brand","embeddable":true,"href":"https:\/\/digistar.ma\/index.php?rest_route=%2Fwp%2Fv2%2Fproduct_brand&post=6389"},{"taxonomy":"product_cat","embeddable":true,"href":"https:\/\/digistar.ma\/index.php?rest_route=%2Fwp%2Fv2%2Fproduct_cat&post=6389"},{"taxonomy":"product_tag","embeddable":true,"href":"https:\/\/digistar.ma\/index.php?rest_route=%2Fwp%2Fv2%2Fproduct_tag&post=6389"}],"curies":[{"name":"wp","href":"https:\/\/api.w.org\/{rel}","templated":true}]}}