{"id":6402,"date":"2023-07-17T23:54:54","date_gmt":"2023-07-17T23:54:54","guid":{"rendered":"https:\/\/digistar.ma\/?post_type=product&#038;p=6402"},"modified":"2025-12-30T16:21:10","modified_gmt":"2025-12-30T16:21:10","slug":"hp-deskjet-2320-imprimante-multifonction-jet-dencre","status":"publish","type":"product","link":"https:\/\/digistar.ma\/?product=hp-deskjet-2320-imprimante-multifonction-jet-dencre","title":{"rendered":"HP DeskJet 2320 Imprimante multifonction Jet d&#8217;encre"},"content":{"rendered":"<p><strong>HP DeskJet 2320 Imprimante multifonction Jet d&#8217;encre<\/strong><\/p>\n<p>L&#8217;essentiel en toute simplicit\u00e9. Imprimez, photocopiez et num\u00e9risez tous vos documents avec un rendu exceptionnel, pour un co\u00fbt abordable et sans effort. Faites vos r\u00e9glages via PC et avec l&#8217;appli HP\u00a0Smart pour imprimer\u00a0<span class=\"m-text-nowrap\">imm\u00e9diatement.\u00a0<\/span><\/p>\n<h4 class=\"h2 c-split-module__title\">Multifonction sans multiplier les frais<\/h4>\n<p class=\"h4 c-split-module__description\">Imprimez, photocopiez et num\u00e9risez tous vos documents avec l&#8217;imprimante HP DeskJet 2320 tout-en-un la plus <span class=\"m-text-nowrap\">abordable, <\/span>\u00a0fournie par le leader sur le\u00a0<span class=\"m-text-nowrap\">march\u00e9.<\/span><\/p>\n<h3 class=\"h2 c-split-module__title\">R\u00e9glages sur PC en un clic<\/h3>\n<p class=\"h4 c-split-module__description\">Une configuration rapide sur PC pour imprimer sans\u00a0<span class=\"m-text-nowrap\">attendre avec HP DeskJet 2320. <\/span>\u00a0Suivez une configuration guid\u00e9e sur PC via USB avec l&#8217;application HP\u00a0<span class=\"m-text-nowrap\">Smart.\u00a0<\/span><\/p>\n<h3 class=\"h2 c-split-module__title\">Une qualit\u00e9 fiable<\/h3>\n<p class=\"h4 c-split-module__description\">Imprimez des couleurs vives et dans le d\u00e9tail jusqu&#8217;\u00e0 la derni\u00e8re page avec les cartouches \u00e0 encre authentiques HP con\u00e7ues pour durer. Des cartouches haut rendement id\u00e9ales pour des impressions au\u00a0<span class=\"m-text-nowrap\">quotidien.\u00a0<\/span><\/p>\n<p><strong>Caract\u00e9ristiques de HP DeskJet 2320 Imprimante multifonction Jet d&#8217;encre\u00a0<\/strong><\/p>\n<p>Impression, copie, num\u00e9risation<br \/>\nVitesse d&#8217;impression noir: 20 pages\/min (7,5\u00a0pages\/min en norme ISO)<br \/>\nVitesse d&#8217;impression couleur: 16 pages\/min \u00a0(5,5\u00a0pages\/min en norme ISO)<br \/>\nQualit\u00e9 d&#8217;impression noire: Jusqu&#8217;\u00e0 1 200 x 1 200 ppp rendus<br \/>\nQualit\u00e9 d&#8217;impression couleur: Jusqu&#8217;\u00e0 4800 x 1200 ppp optimis\u00e9s (lors de l&#8217;impression d&#8217;un PC avec les papiers photo HP s\u00e9lectionn\u00e9s et 1200 ppp en entr\u00e9e)<br \/>\nVolume de pages mensuel recommand\u00e9: 50 \u00e0 100<br \/>\nImpression recto\/verso: Manuelle (prise en charge des pilotes fournie)<br \/>\nFonctionne avec: 2 Cartouches (1 noire, 1 3-couleurs)<br \/>\nConnectivit\u00e9: 1 port USB 2.0 haut d\u00e9bit<\/p>\n<h4><strong>FICHE TECHNIQUE HP DeskJet 2320<\/strong><\/h4>\n","protected":false},"excerpt":{"rendered":"<p>Impression, copie, num\u00e9risation<br \/>\nVitesse d&#8217;impression noir: 20 pages\/min (7,5\u00a0pages\/min en norme ISO)<br \/>\nVitesse d&#8217;impression couleur: 16 pages\/min \u00a0(5,5\u00a0pages\/min en norme ISO)<br \/>\nQualit\u00e9 d&#8217;impression noire: Jusqu&#8217;\u00e0 1 200 x 1 200 ppp rendus<br \/>\nQualit\u00e9 d&#8217;impression couleur: Jusqu&#8217;\u00e0 4800 x 1200 ppp optimis\u00e9s (lors de l&#8217;impression d&#8217;un PC avec les papiers photo HP s\u00e9lectionn\u00e9s et 1200 ppp en entr\u00e9e)<br \/>\nVolume de pages mensuel recommand\u00e9: 50 \u00e0 100<br \/>\nImpression recto\/verso: Manuelle (prise en charge des pilotes fournie)<br \/>\nFonctionne avec: 2 Cartouches (1 noire, 1 3-couleurs)<br \/>\nConnectivit\u00e9: 1 port USB 2.0 haut d\u00e9bit<\/p>\n","protected":false},"featured_media":6403,"comment_status":"open","ping_status":"closed","template":"","meta":{"_acf_changed":false,"_monsterinsights_skip_tracking":false,"_monsterinsights_sitenote_active":false,"_monsterinsights_sitenote_note":"","_monsterinsights_sitenote_category":0,"_uf_show_specific_survey":0,"_uf_disable_surveys":false,"_joinchat":[]},"product_brand":[],"product_cat":[15,253,266],"product_tag":[],"class_list":{"0":"post-6402","1":"product","2":"type-product","3":"status-publish","4":"has-post-thumbnail","6":"product_cat-imprimante-scanner","7":"product_cat-imprimante","8":"product_cat-multifonction-jet-dencre","10":"first","11":"outofstock","12":"sale","13":"shipping-taxable","14":"purchasable","15":"product-type-simple"},"acf":[],"jetpack_sharing_enabled":true,"_links":{"self":[{"href":"https:\/\/digistar.ma\/index.php?rest_route=\/wp\/v2\/product\/6402","targetHints":{"allow":["GET"]}}],"collection":[{"href":"https:\/\/digistar.ma\/index.php?rest_route=\/wp\/v2\/product"}],"about":[{"href":"https:\/\/digistar.ma\/index.php?rest_route=\/wp\/v2\/types\/product"}],"replies":[{"embeddable":true,"href":"https:\/\/digistar.ma\/index.php?rest_route=%2Fwp%2Fv2%2Fcomments&post=6402"}],"version-history":[{"count":1,"href":"https:\/\/digistar.ma\/index.php?rest_route=\/wp\/v2\/product\/6402\/revisions"}],"predecessor-version":[{"id":6406,"href":"https:\/\/digistar.ma\/index.php?rest_route=\/wp\/v2\/product\/6402\/revisions\/6406"}],"wp:featuredmedia":[{"embeddable":true,"href":"https:\/\/digistar.ma\/index.php?rest_route=\/wp\/v2\/media\/6403"}],"wp:attachment":[{"href":"https:\/\/digistar.ma\/index.php?rest_route=%2Fwp%2Fv2%2Fmedia&parent=6402"}],"wp:term":[{"taxonomy":"product_brand","embeddable":true,"href":"https:\/\/digistar.ma\/index.php?rest_route=%2Fwp%2Fv2%2Fproduct_brand&post=6402"},{"taxonomy":"product_cat","embeddable":true,"href":"https:\/\/digistar.ma\/index.php?rest_route=%2Fwp%2Fv2%2Fproduct_cat&post=6402"},{"taxonomy":"product_tag","embeddable":true,"href":"https:\/\/digistar.ma\/index.php?rest_route=%2Fwp%2Fv2%2Fproduct_tag&post=6402"}],"curies":[{"name":"wp","href":"https:\/\/api.w.org\/{rel}","templated":true}]}}