{"id":6407,"date":"2023-07-18T00:14:48","date_gmt":"2023-07-18T00:14:48","guid":{"rendered":"https:\/\/digistar.ma\/?post_type=product&#038;p=6407"},"modified":"2025-12-22T12:48:37","modified_gmt":"2025-12-22T12:48:37","slug":"canon-pixma-ts3340-imprimante-jet-dencre","status":"publish","type":"product","link":"https:\/\/digistar.ma\/?product=canon-pixma-ts3340-imprimante-jet-dencre","title":{"rendered":"Canon Pixma TS3340 Imprimante Jet d&#8217;encre"},"content":{"rendered":"<p><strong>Canon Pixma TS3340 Imprimante Jet d&#8217;encre<\/strong><\/p>\n<p>Abordable, \u00e9l\u00e9gante et fonctionnelle, cette imprimante tout-en-un connect\u00e9e est l&#8217;outil incontournable pour imprimer des documents nets et des photos sans bordure dans des formats allant jusqu&#8217;au 13\u00a0\u00d7\u00a018\u00a0cm.<\/p>\n<h4 class=\"product-variations__heading canon-color--grey-darkest canon-h2--big canon-mb-xs\">Plus qu&#8217;un multifonction<\/h4>\n<p class=\"product-variations__paragraph canon-paragraph--large canon-mb-xxs canon-color--grey-darkest\">Compacte, abordable et compl\u00e8te, l&#8217;imprimante PIXMA\u00a0TS3340 offre une connectivit\u00e9 sans fil, un \u00e9cran\u00a0LCD monochrome de 3,8\u00a0cm, des cartouches FINE et des cartouches d&#8217;encres\u00a0XL en option pour imprimer des documents nets et des photos sans bordure dans des formats allant jusqu&#8217;au 13\u00a0\u00d7\u00a018\u00a0cm.<\/p>\n<ul class=\"block-flex-list__list\">\n<li class=\"block-flex-list__item block-flex-list__item--three\">\n<div class=\"block-flex-list__item-wrapper canon-color--grey-darkest\">\n<div class=\"block-flex-list__item-details\">\n<h4 class=\"canon-section-title--small canon-color--grey-darkest\">Compacte et connect\u00e9e<\/h4>\n<p>Profitez de fonctionnalit\u00e9s multiples une connectivit\u00e9 sans fil optimale. Imprimez, num\u00e9risez et connectez-vous au Cloud* gr\u00e2ce \u00e0 application Canon PRINT ou imprimez \u00e0 AirPrint (iOS) et Mopria (Android).<\/p>\n<\/div>\n<\/div>\n<\/li>\n<li class=\"block-flex-list__item block-flex-list__item--three\">\n<div class=\"block-flex-list__item-wrapper canon-color--grey-darkest\">\n<div class=\"block-flex-list__item-details\">\n<h4 class=\"canon-section-title--small canon-color--grey-darkest\">Imprimez plus<\/h4>\n<p class=\"block-flex-list__item-description canon-paragraph--medium canon-color--grey-darkest\">Profitez de la technologie des cartouches FINE et prolongez le temps entre les changements de cartouches gr\u00e2ce aux remplacements XL en option.<\/p>\n<\/div>\n<\/div>\n<\/li>\n<li class=\"block-flex-list__item block-flex-list__item--three\">\n<div class=\"block-flex-list__item-wrapper canon-color--grey-darkest\">\n<div class=\"block-flex-list__item-details\">\n<h4 class=\"canon-section-title--small canon-color--grey-darkest\">Configuration ais\u00e9e<\/h4>\n<p class=\"block-flex-list__item-description canon-paragraph--medium canon-color--grey-darkest\">Gr\u00e2ce \u00e0 la connectivit\u00e9 sans fil d&#8217;une simple pression sur un bouton, \u00e0 l&#8217;\u00e9cran LCD monochrome intuitif de 3,8\u00a0cm et \u00e0 une configuration encore plus ais\u00e9e, lancer un projet n&#8217;a jamais \u00e9t\u00e9 aussi facile.<\/p>\n<\/div>\n<\/div>\n<\/li>\n<li class=\"block-flex-list__item block-flex-list__item--three\">\n<div class=\"block-flex-list__item-wrapper canon-color--grey-darkest\">\n<div class=\"block-flex-list__item-details\">\n<h4 class=\"canon-section-title--small canon-color--grey-darkest\">Capacit\u00e9s cr\u00e9atives<\/h4>\n<p class=\"block-flex-list__item-description canon-paragraph--medium canon-color--grey-darkest\">Faites le plein de supports carr\u00e9s de 13\u00a0\u00d713\u00a0cm, repositionnables et magn\u00e9tiques et essayez les options cr\u00e9atives de l&#8217;application Easy-PhotoPrint Editor et de Creative Park.<\/p>\n<\/div>\n<\/div>\n<\/li>\n<\/ul>\n","protected":false},"excerpt":{"rendered":"<p>Vitesse d&#8217;impression noir: Approx. 7.7 ipm<br \/>\nVitesse d&#8217;impression couleur: Approx. 4.0 ipm<br \/>\nQualit\u00e9 d&#8217;impression noire: Jusqu&#8217;\u00e0 4800 x 1200 DPI (ppp)<br \/>\nQualit\u00e9 d&#8217;impression couleur: Jusqu&#8217;\u00e0 4800 x 1200 DPI (ppp)<br \/>\nImpression recto\/verso: Manuelle<br \/>\nFonctionne avec: 2 Cartouches (1 noir, 1 couleur : cyan, magenta, jaune)<br \/>\nConnectivit\u00e9: Hi-Speed USB (B Port)<br \/>\nWi-Fi: IEEE802.11 b\/g\/n<br \/>\nWi-Fi Security: WPA-PSK, WPA2-PSK, WEP, Administration password<br \/>\nWireless \u00a0LAN Frequency Band: 2.4GHz<\/p>\n","protected":false},"featured_media":6410,"comment_status":"open","ping_status":"closed","template":"","meta":{"_acf_changed":false,"_monsterinsights_skip_tracking":false,"_monsterinsights_sitenote_active":false,"_monsterinsights_sitenote_note":"","_monsterinsights_sitenote_category":0,"_uf_show_specific_survey":0,"_uf_disable_surveys":false,"_joinchat":[]},"product_brand":[],"product_cat":[15,253,266],"product_tag":[],"class_list":{"0":"post-6407","1":"product","2":"type-product","3":"status-publish","4":"has-post-thumbnail","6":"product_cat-imprimante-scanner","7":"product_cat-imprimante","8":"product_cat-multifonction-jet-dencre","10":"first","11":"outofstock","12":"sale","13":"shipping-taxable","14":"purchasable","15":"product-type-simple"},"acf":[],"jetpack_sharing_enabled":true,"_links":{"self":[{"href":"https:\/\/digistar.ma\/index.php?rest_route=\/wp\/v2\/product\/6407","targetHints":{"allow":["GET"]}}],"collection":[{"href":"https:\/\/digistar.ma\/index.php?rest_route=\/wp\/v2\/product"}],"about":[{"href":"https:\/\/digistar.ma\/index.php?rest_route=\/wp\/v2\/types\/product"}],"replies":[{"embeddable":true,"href":"https:\/\/digistar.ma\/index.php?rest_route=%2Fwp%2Fv2%2Fcomments&post=6407"}],"version-history":[{"count":1,"href":"https:\/\/digistar.ma\/index.php?rest_route=\/wp\/v2\/product\/6407\/revisions"}],"predecessor-version":[{"id":6415,"href":"https:\/\/digistar.ma\/index.php?rest_route=\/wp\/v2\/product\/6407\/revisions\/6415"}],"wp:featuredmedia":[{"embeddable":true,"href":"https:\/\/digistar.ma\/index.php?rest_route=\/wp\/v2\/media\/6410"}],"wp:attachment":[{"href":"https:\/\/digistar.ma\/index.php?rest_route=%2Fwp%2Fv2%2Fmedia&parent=6407"}],"wp:term":[{"taxonomy":"product_brand","embeddable":true,"href":"https:\/\/digistar.ma\/index.php?rest_route=%2Fwp%2Fv2%2Fproduct_brand&post=6407"},{"taxonomy":"product_cat","embeddable":true,"href":"https:\/\/digistar.ma\/index.php?rest_route=%2Fwp%2Fv2%2Fproduct_cat&post=6407"},{"taxonomy":"product_tag","embeddable":true,"href":"https:\/\/digistar.ma\/index.php?rest_route=%2Fwp%2Fv2%2Fproduct_tag&post=6407"}],"curies":[{"name":"wp","href":"https:\/\/api.w.org\/{rel}","templated":true}]}}