{"id":6423,"date":"2023-07-18T00:45:36","date_gmt":"2023-07-18T00:45:36","guid":{"rendered":"https:\/\/digistar.ma\/?post_type=product&#038;p=6423"},"modified":"2023-07-18T00:47:53","modified_gmt":"2023-07-18T00:47:53","slug":"hp-150nw-imprimante-laser-couleur","status":"publish","type":"product","link":"https:\/\/digistar.ma\/?product=hp-150nw-imprimante-laser-couleur","title":{"rendered":"HP 150nw Imprimante Laser Couleur"},"content":{"rendered":"<p><strong>HP 150nw Imprimante Laser Couleur<\/strong><\/p>\n<p>La question m\u00e9rite d&#8217;\u00eatre pos\u00e9e avec cette imprimante HP Color Laser 150nw\u00a0qui vous permettra d&#8217;obtenir des performances d&#8217;impression productives \u00e0 un prix des plus abordable, mais pas seulement&#8230; Avec cette imprimante vous pourrez aussi obtenir des r\u00e9sultats couleur de haute qualit\u00e9, puis imprimer et num\u00e9riser depuis votre t\u00e9l\u00e9phone.<\/p>\n<h4 class=\"h2-master\">Et pourquoi ne pas faire le choix d&#8217;une imprimante laser couleur ?<\/h4>\n<section>La question m\u00e9rite d&#8217;\u00eatre pos\u00e9e avec cette\u00a0<strong>imprimante HP Color Laser 150nw<\/strong>\u00a0qui vous permettra d&#8217;obtenir des performances d&#8217;impression productives \u00e0 un prix des plus abordable, mais pas seulement&#8230; Avec cette imprimante vous pourrez aussi obtenir des r\u00e9sultats couleur de haute qualit\u00e9, puis imprimer\u00a0depuis votre t\u00e9l\u00e9phone.<\/p>\n<h4>QUALIT\u00c9 L\u00c9GENDAIRE, PRIX \u00c9TONNAMMENT ABORDABLE.<\/h4>\n<p>Cette imprimante\u00a0laser est \u00e9tonnamment compacte. Elle vous offre une qualit\u00e9 exceptionnelle, page apr\u00e8s page. Gr\u00e2ce \u00e0 elle, produisez du texte net, des noirs \u00e9clatants et des graphiques aux couleurs nettes. Avec cette imprimante, plac\u00e9e au coeur de votre environnement productif ou de loisir, vous pouvez \u00eatre s\u00fbr de faire\u00a0confiance \u00e0 du mat\u00e9riel haute performance \u00e0 un prix abordable.<\/p>\n<h4>CON\u00c7U POUR S&#8217;ADAPTER \u00c0 VOTRE ESPACE<\/h4>\n<p>Travaillez efficacement avec une petite imprimante compacte c&#8217;est possible. Voici donc l&#8217;imprimante laser couleur la plus petite du monde. Profitez\u00a0de ses vitesses d&#8217;impression \u00e9tonnantes allant jusqu&#8217;\u00e0 19\/4 ppm. Et ce n&#8217;est pas tout,\u00a0profitez aussi d&#8217;impression mobiles faciles avec HP Smart app. Configurable tr\u00e8s simplement, vous pouvez d\u00e9sormais imprimer depuis votre t\u00e9l\u00e9phone ou votre\u00a0tablette. Partagez facilement des ressources &#8211; acc\u00e9dez \u00e0 et imprimez avec les r\u00e9seaux sans fil et Ethernet. Apr\u00e8s, il vous est possible de\u00a0voir les choses autrement et encore plus facilement en connectant directement votre smartphone ou votre tablette \u00e0 l&#8217;imprimante. En un claquement de doigt vous imprimez facilement sans acc\u00e9der \u00e0 un r\u00e9seau.<\/p>\n<p><strong>Caract\u00e9ristiques de HP 150nw Imprimante Laser Couleur\u00a0<\/strong><\/p>\n<ul>\n<li>Imprimante laser couleur<\/li>\n<li>Recto-verso manuel (support fourni)<\/li>\n<li>Conception compacte et faible encombrement<\/li>\n<li>Impression de qualit\u00e9\u00a0avec vitesse d\u2019impression de 18 ppm (noir) et 4 ppm (couleur)<\/li>\n<li>Volume de page mensuel recommand\u00e9 : jusqu&#8217;\u00e0 20000 pages format A4<\/li>\n<li>Bac d&#8217;alimentation : 150 feuilles<\/li>\n<li>Bac de sortie : 50 feuilles<\/li>\n<li>Formats de support pris en charge A4, A5, A6, B5 (JIS), Oficio 216 x 340<\/li>\n<li>Poids support\u00e9 : 60 \u00e0 220 g \/ m\u00b2<\/li>\n<li>Services d&#8217;impression mobile et via le Cloud : Apple AirPrint, Applications mobiles, Google Cloud Print, Impression directe certifi\u00e9e Mopria, Wi-Fi Direct<\/li>\n<li>Connectivit\u00e9 : Port USB 2.0 haute vitesse, port r\u00e9seau Fast Ethernet 10 \/ 100Base-TX, r\u00e9seau sans fil 802.11 b\/g\/n<\/li>\n<li>C\u00e2ble USB 2.0 non fourni<\/li>\n<li>Dimensions : 382 x 397,8 x 274,4 mm<\/li>\n<\/ul>\n<h4><a href=\"https:\/\/support.hp.com\/ca-fr\/document\/c06430863\" target=\"_blank\" rel=\"noopener\"><strong>Sp\u00e9cifications de HP 150nw Imprimante Laser Couleur<\/strong><\/a><\/h4>\n<\/section>\n","protected":false},"excerpt":{"rendered":"<p>Vitesse d&#8217;impression noir: 18 pages par minute (norme ISO)<br \/>\nVitesse d&#8217;impression couleur: 4 pages par minute (norme ISO)<br \/>\nQualit\u00e9 d&#8217;impression noire: 600 x 600 \u00a0ppp 4 bits<br \/>\nQualit\u00e9 d&#8217;impression couleur: 600 x 600 ppp 4 bits<br \/>\nVolume de pages mensuel recommand\u00e9: 100 \u00e0 500<br \/>\nImpression recto\/verso: Manuelle (prise en charge des pilotes fournie)<br \/>\nFonctionne avec: 4 toners (noire, cyan, magenta, jaune)<br \/>\nConnectivit\u00e9: Port USB 2.0 haut d\u00e9bit, port r\u00e9seau Fast Ethernet 10\/100Base-TX, sans fil 802.11 b\/g\/n<\/p>\n","protected":false},"featured_media":6424,"comment_status":"open","ping_status":"closed","template":"","meta":{"_acf_changed":false,"_monsterinsights_skip_tracking":false,"_monsterinsights_sitenote_active":false,"_monsterinsights_sitenote_note":"","_monsterinsights_sitenote_category":0,"_uf_show_specific_survey":0,"_uf_disable_surveys":false,"_joinchat":[]},"product_brand":[],"product_cat":[15,253,267],"product_tag":[],"class_list":{"0":"post-6423","1":"product","2":"type-product","3":"status-publish","4":"has-post-thumbnail","6":"product_cat-imprimante-scanner","7":"product_cat-imprimante","8":"product_cat-imprimante-laser-couleur","10":"first","11":"instock","12":"sale","13":"shipping-taxable","14":"purchasable","15":"product-type-simple"},"acf":[],"jetpack_sharing_enabled":true,"_links":{"self":[{"href":"https:\/\/digistar.ma\/index.php?rest_route=\/wp\/v2\/product\/6423","targetHints":{"allow":["GET"]}}],"collection":[{"href":"https:\/\/digistar.ma\/index.php?rest_route=\/wp\/v2\/product"}],"about":[{"href":"https:\/\/digistar.ma\/index.php?rest_route=\/wp\/v2\/types\/product"}],"replies":[{"embeddable":true,"href":"https:\/\/digistar.ma\/index.php?rest_route=%2Fwp%2Fv2%2Fcomments&post=6423"}],"version-history":[{"count":3,"href":"https:\/\/digistar.ma\/index.php?rest_route=\/wp\/v2\/product\/6423\/revisions"}],"predecessor-version":[{"id":6430,"href":"https:\/\/digistar.ma\/index.php?rest_route=\/wp\/v2\/product\/6423\/revisions\/6430"}],"wp:featuredmedia":[{"embeddable":true,"href":"https:\/\/digistar.ma\/index.php?rest_route=\/wp\/v2\/media\/6424"}],"wp:attachment":[{"href":"https:\/\/digistar.ma\/index.php?rest_route=%2Fwp%2Fv2%2Fmedia&parent=6423"}],"wp:term":[{"taxonomy":"product_brand","embeddable":true,"href":"https:\/\/digistar.ma\/index.php?rest_route=%2Fwp%2Fv2%2Fproduct_brand&post=6423"},{"taxonomy":"product_cat","embeddable":true,"href":"https:\/\/digistar.ma\/index.php?rest_route=%2Fwp%2Fv2%2Fproduct_cat&post=6423"},{"taxonomy":"product_tag","embeddable":true,"href":"https:\/\/digistar.ma\/index.php?rest_route=%2Fwp%2Fv2%2Fproduct_tag&post=6423"}],"curies":[{"name":"wp","href":"https:\/\/api.w.org\/{rel}","templated":true}]}}