{"id":6469,"date":"2023-07-18T21:15:48","date_gmt":"2023-07-18T21:15:48","guid":{"rendered":"https:\/\/digistar.ma\/?post_type=product&#038;p=6469"},"modified":"2023-07-18T21:19:53","modified_gmt":"2023-07-18T21:19:53","slug":"canon-i-sensys-lbp631cw-imprimante-laser-couleur","status":"publish","type":"product","link":"https:\/\/digistar.ma\/?product=canon-i-sensys-lbp631cw-imprimante-laser-couleur","title":{"rendered":"Canon i-SENSYS LBP631Cw Imprimante laser couleur"},"content":{"rendered":"<p><strong>Canon i-SENSYS LBP631Cw Imprimante laser couleur<\/strong><\/p>\n<p>L&#8217;imprimante Canon i-SENSYS LBP631Cw\u00a0est un mod\u00e8le monofonction compacte\u00a0et connect\u00e9e, pour une impression efficace de haute qualit\u00e9.\u00a0Faites passer la productivit\u00e9 de votre entreprise \u00e0 la vitesse sup\u00e9rieure, avec cette\u00a0imprimante\u00a0laser efficace\u00a0qui produit des impressions de haute qualit\u00e9&#8230;<\/p>\n<h4 class=\"h2-master\">L&#8217;imprimante Laser monofonction, monochrome, rapide, fiable et connect\u00e9e<\/h4>\n<section>L&#8217;imprimante\u00a0<strong>Canon i-SENSYS LBP631Cw<\/strong>\u00a0est un mod\u00e8le monofonction compacte\u00a0et connect\u00e9e, pour une impression efficace de haute qualit\u00e9.\u00a0Faites passer la productivit\u00e9 de votre entreprise \u00e0 la vitesse sup\u00e9rieure, avec cette\u00a0imprimante\u00a0laser efficace\u00a0qui produit des impressions de haute qualit\u00e9, qui prot\u00e8ge\u00a0vos documents et vous permet de rester connect\u00e9 o\u00f9 que vous soyez.<\/p>\n<\/section>\n<section>\n<div class=\"desc-image\"><img decoding=\"async\" src=\"https:\/\/media.ldlc.com\/bo\/images\/fiches\/imprimante\/canon\/LBP631Cw\/i-sensysLBP631Cw_800_1.jpg\" alt=\"\" \/><\/div>\n<div class=\"desc-text\">\n<h4><strong>IMPRESSION OPTIMIS\u00c9E POUR PROFESSIONNELS<\/strong><\/h4>\n<p>S\u00e9curisez vos documents sensibles avec un acc\u00e8s restreint gr\u00e2ce \u00e0 la fonctionnalit\u00e9 de code PIN s\u00e9curis\u00e9, ainsi qu&#8217;avec toute une gamme de fonctions de s\u00e9curit\u00e9 fiables pour prot\u00e9ger votre appareil.<\/p>\n<p>L&#8217;impression est possible d&#8217;une simple pression sur un bouton gr\u00e2ce \u00e0 une gamme polyvalente d&#8217;options de connexion mobile, notamment AirPrint (Apple), Mopria (Android) et l&#8217;application Canon PRINT Business.<\/p>\n<p>Augmentez la productivit\u00e9 de votre entreprise avec ce mod\u00e8le LBP631Cw, qui offre jusqu&#8217;\u00e0 18 pages A4 par minute.<\/p>\n<h4>CARACT\u00c9RISTIQUES PRINCIPALES<\/h4>\n<ul>\n<li><strong>Imprimante laser monochrome A4<\/strong><\/li>\n<li>Vitesse d&#8217;impression : 18\u00a0ppm<\/li>\n<li>Ecran LCD 5 lignes<\/li>\n<li><strong>Interface<\/strong>\u00a0: USB 2.0 \/ Wi-Fi \/ Gigabit Ethernet<\/li>\n<li>Langage d&#8217;impression PCL et PostScript<\/li>\n<li>Impression mobile : Apple AirPrint et application, Google Cloud Print, certification Mopria<\/li>\n<\/ul>\n<h3><a href=\"https:\/\/digistar.ma\/wp-content\/uploads\/2023\/07\/Canon-i-SENSYS-LBP631Cw-Imprimante-laser-couleur.pdf\">FICHE TECHNIQUE ICI<\/a><\/h3>\n<p>&nbsp;<\/p>\n<\/div>\n<\/section>\n","protected":false},"excerpt":{"rendered":"<p>Vitesse d&#8217;impression noir: Recto : jusqu&#8217;\u00e0 18 ppm (A4) Jusqu&#8217;\u00e0 38 ppm (A5 &#8211; Paysage)<br \/>\nVitesse d&#8217;impression couleur: Recto : jusqu&#8217;\u00e0 18 ppm (A4), Jusqu&#8217;\u00e0 38 ppm (A5 &#8211; Paysage)<br \/>\nQualit\u00e9 d&#8217;impression noire: Jusqu&#8217;\u00e0 1200 \u00d7 1200 ppp<br \/>\nQualit\u00e9 d&#8217;impression couleur: Jusqu&#8217;\u00e0 1200 \u00d7 1200 ppp<br \/>\nVolume de pages mensuel recommand\u00e9: 250 \u00e0 2500 pages par mois<br \/>\nImpression recto\/verso: Manuelle<br \/>\nFonctionne avec: 4 toners (noire, cyan, magenta, jaune)<br \/>\nConnectivit\u00e9: USB 2.0 Haute-vitesse, 10BASE-T\/100BASE-TX\/1000Base-T 802.11b\/g\/n sans fil, connexion directe sans fil<br \/>\nEncres fournies avec l&#8217;imprimante: 4 cartouches de toner de d\u00e9marrage (1x noir et 1x cyan, magenta et jaune)<\/p>\n","protected":false},"featured_media":6470,"comment_status":"open","ping_status":"closed","template":"","meta":{"_acf_changed":false,"_monsterinsights_skip_tracking":false,"_monsterinsights_sitenote_active":false,"_monsterinsights_sitenote_note":"","_monsterinsights_sitenote_category":0,"_uf_show_specific_survey":0,"_uf_disable_surveys":false,"_joinchat":[]},"product_brand":[],"product_cat":[15,253,267],"product_tag":[],"class_list":{"0":"post-6469","1":"product","2":"type-product","3":"status-publish","4":"has-post-thumbnail","6":"product_cat-imprimante-scanner","7":"product_cat-imprimante","8":"product_cat-imprimante-laser-couleur","10":"first","11":"instock","12":"sale","13":"shipping-taxable","14":"purchasable","15":"product-type-simple"},"acf":[],"jetpack_sharing_enabled":true,"_links":{"self":[{"href":"https:\/\/digistar.ma\/index.php?rest_route=\/wp\/v2\/product\/6469","targetHints":{"allow":["GET"]}}],"collection":[{"href":"https:\/\/digistar.ma\/index.php?rest_route=\/wp\/v2\/product"}],"about":[{"href":"https:\/\/digistar.ma\/index.php?rest_route=\/wp\/v2\/types\/product"}],"replies":[{"embeddable":true,"href":"https:\/\/digistar.ma\/index.php?rest_route=%2Fwp%2Fv2%2Fcomments&post=6469"}],"version-history":[{"count":1,"href":"https:\/\/digistar.ma\/index.php?rest_route=\/wp\/v2\/product\/6469\/revisions"}],"predecessor-version":[{"id":6474,"href":"https:\/\/digistar.ma\/index.php?rest_route=\/wp\/v2\/product\/6469\/revisions\/6474"}],"wp:featuredmedia":[{"embeddable":true,"href":"https:\/\/digistar.ma\/index.php?rest_route=\/wp\/v2\/media\/6470"}],"wp:attachment":[{"href":"https:\/\/digistar.ma\/index.php?rest_route=%2Fwp%2Fv2%2Fmedia&parent=6469"}],"wp:term":[{"taxonomy":"product_brand","embeddable":true,"href":"https:\/\/digistar.ma\/index.php?rest_route=%2Fwp%2Fv2%2Fproduct_brand&post=6469"},{"taxonomy":"product_cat","embeddable":true,"href":"https:\/\/digistar.ma\/index.php?rest_route=%2Fwp%2Fv2%2Fproduct_cat&post=6469"},{"taxonomy":"product_tag","embeddable":true,"href":"https:\/\/digistar.ma\/index.php?rest_route=%2Fwp%2Fv2%2Fproduct_tag&post=6469"}],"curies":[{"name":"wp","href":"https:\/\/api.w.org\/{rel}","templated":true}]}}