{"id":6475,"date":"2023-07-18T23:13:13","date_gmt":"2023-07-18T23:13:13","guid":{"rendered":"https:\/\/digistar.ma\/?post_type=product&#038;p=6475"},"modified":"2023-07-18T23:13:13","modified_gmt":"2023-07-18T23:13:13","slug":"imprimante-laser-couleur-hp-laserjet-enterprise-m455dn","status":"publish","type":"product","link":"https:\/\/digistar.ma\/?product=imprimante-laser-couleur-hp-laserjet-enterprise-m455dn","title":{"rendered":"Imprimante Laser Couleur HP LaserJet Enterprise M455dn"},"content":{"rendered":"<p><strong>Imprimante Laser Couleur HP LaserJet Enterprise M455dn<\/strong><\/p>\n<p>Imprimante couleur d\u2019entreprise d\u2019entr\u00e9e de gamme HP offrant des vitesses de 28\u00a0<span class=\"m-text-nowrap\">ppm\u00a0<\/span>maximum et une s\u00e9curit\u00e9\u00a0<span class=\"m-text-nowrap\">renforc\u00e9e.\u00a0<\/span><\/p>\n<div class=\"ccs-cc-inline-features-block ccs-cc-inline-multicolumn\" data-count=\"2\" data-media=\"false\">\n<div class=\"ccs-cc-inline-feature\">\n<div class=\"ccs-cc-inline-feature-content ccs-cc-inline-feature-description\" data-order=\"1\">\n<h3 class=\"h2 c-split-module__title\">Facile \u00e0 utiliser, facile \u00e0 g\u00e9rer<\/h3>\n<p class=\"h4 c-split-module__description\">Lancez vos \u00e9quipes sur la voie de la r\u00e9ussite \u2013 en toute s\u00e9r\u00e9nit\u00e9. Facilitez le travail du personnel et offrez aux \u00e9quipes informatiques la ma\u00eetrise du parc mat\u00e9riel, avec une imprimante compacte simple \u00e0 utiliser et \u00e0 g\u00e9rer HP LaserJet Enterprise M455dn.<\/p>\n<h3 class=\"h2 c-split-module__title\">L&#8217;impression la plus s\u00e9curis\u00e9e au\u00a0<span class=\"m-text-nowrap\">monde\u00a0<\/span><\/h3>\n<p class=\"h4 c-split-module__description\">HP LaserJet Enterprise M455dn Dot\u00e9es de dispositifs de s\u00e9curit\u00e9 \u00e0 la pointe de <span class=\"m-text-nowrap\">l&#8217;industrie<\/span>, les imprimantes HP d\u00e9tectent automatiquement les menaces, tout en s&#8217;adaptant aux nouveaux risques. De plus, les imprimantes HP sont les seules \u00e0 se r\u00e9parer automatiquement en cas d\u2019attaques. Ainsi, votre \u00e9quipe informatique n&#8217;a pas besoin d&#8217;intervenir.<\/p>\n<h3 class=\"h2 c-split-module__title\">Plus de productivit\u00e9, pour des \u00e9quipes plus autonomes<\/h3>\n<p class=\"h4 c-split-module__description\">Rapide, agile et connect\u00e9e : cette imprimante HP LaserJet Enterprise M455dn r\u00e9pond aux exigences du travailleur moderne en simplifiant \u00e0 la fois la collaboration et la productivit\u00e9 \u2013 en toute simplicit\u00e9. Obtenez, jour apr\u00e8s jour, la qualit\u00e9 d&#8217;impression couleur dont votre entreprise a besoin pour soigner son image.<\/p>\n<\/div>\n<\/div>\n<\/div>\n<h4>Sp\u00e9cifications principales HP LaserJet Enterprise M455dn<\/h4>\n<p>Vitesse d&#8217;impression noir: 27 pages par minute (norme ISO)<br \/>\nVitesse d&#8217;impression couleur: 27 pages par minute (norme ISO)<br \/>\nQualit\u00e9 d&#8217;impression noire: Jusqu&#8217;\u00e0 600 x 600\u00a0ppp<br \/>\nQualit\u00e9 d&#8217;impression couleur: Jusqu&#8217;\u00e0 600 x 600\u00a0ppp<br \/>\nVolume de pages mensuel recommand\u00e9: 900 \u00e0 4 800 pages<br \/>\nImpression recto\/verso: Automatique (par d\u00e9faut)<br \/>\nFonctionne avec: 4 (noire, cyan, magenta, jaune)<br \/>\nConnectivit\u00e9: 2 ports h\u00f4tes USB 2.0 haut d\u00e9bit; 1 port p\u00e9riph\u00e9rique USB 2.0 haut d\u00e9bit; 1 port r\u00e9seau Gigabit Ethernet 10\/100\/1000T<\/p>\n<h4><a href=\"https:\/\/www.hp.com\/emea_africa-fr\/products\/printers\/product-details\/product-specifications\/22732197\" target=\"_blank\" rel=\"noopener\"><strong>FICHE TECHNIQUE ICI\u00a0<\/strong><\/a><\/h4>\n<div class=\"ccs-cc-inline-features-block ccs-cc-inline-multicolumn\" data-count=\"2\" data-media=\"false\">\n<div class=\"ccs-cc-inline-feature\">\n<div class=\"ccs-cc-inline-feature-content ccs-cc-inline-feature-description\" data-order=\"0\"><\/div>\n<\/div>\n<\/div>\n<p>&nbsp;<\/p>\n","protected":false},"excerpt":{"rendered":"<p>Vitesse d&#8217;impression noir: 27 pages par minute (norme ISO)<br \/>\nVitesse d&#8217;impression couleur: 27 pages par minute (norme ISO)<br \/>\nQualit\u00e9 d&#8217;impression noire: Jusqu&#8217;\u00e0 600 x 600\u00a0ppp<br \/>\nQualit\u00e9 d&#8217;impression couleur: Jusqu&#8217;\u00e0 600 x 600\u00a0ppp<br \/>\nVolume de pages mensuel recommand\u00e9: 900 \u00e0 4 800 pages<br \/>\nImpression recto\/verso: Automatique (par d\u00e9faut)<br \/>\nFonctionne avec: 4 (noire, cyan, magenta, jaune)<br \/>\nConnectivit\u00e9: 2 ports h\u00f4tes USB 2.0 haut d\u00e9bit; 1 port p\u00e9riph\u00e9rique USB 2.0 haut d\u00e9bit; 1 port r\u00e9seau Gigabit Ethernet 10\/100\/1000T<\/p>\n","protected":false},"featured_media":6479,"comment_status":"open","ping_status":"closed","template":"","meta":{"_acf_changed":false,"_monsterinsights_skip_tracking":false,"_monsterinsights_sitenote_active":false,"_monsterinsights_sitenote_note":"","_monsterinsights_sitenote_category":0,"_uf_show_specific_survey":0,"_uf_disable_surveys":false,"_joinchat":[]},"product_brand":[],"product_cat":[15,253,267],"product_tag":[],"class_list":{"0":"post-6475","1":"product","2":"type-product","3":"status-publish","4":"has-post-thumbnail","6":"product_cat-imprimante-scanner","7":"product_cat-imprimante","8":"product_cat-imprimante-laser-couleur","10":"first","11":"instock","12":"sale","13":"shipping-taxable","14":"purchasable","15":"product-type-simple"},"acf":[],"jetpack_sharing_enabled":true,"_links":{"self":[{"href":"https:\/\/digistar.ma\/index.php?rest_route=\/wp\/v2\/product\/6475","targetHints":{"allow":["GET"]}}],"collection":[{"href":"https:\/\/digistar.ma\/index.php?rest_route=\/wp\/v2\/product"}],"about":[{"href":"https:\/\/digistar.ma\/index.php?rest_route=\/wp\/v2\/types\/product"}],"replies":[{"embeddable":true,"href":"https:\/\/digistar.ma\/index.php?rest_route=%2Fwp%2Fv2%2Fcomments&post=6475"}],"version-history":[{"count":1,"href":"https:\/\/digistar.ma\/index.php?rest_route=\/wp\/v2\/product\/6475\/revisions"}],"predecessor-version":[{"id":6481,"href":"https:\/\/digistar.ma\/index.php?rest_route=\/wp\/v2\/product\/6475\/revisions\/6481"}],"wp:featuredmedia":[{"embeddable":true,"href":"https:\/\/digistar.ma\/index.php?rest_route=\/wp\/v2\/media\/6479"}],"wp:attachment":[{"href":"https:\/\/digistar.ma\/index.php?rest_route=%2Fwp%2Fv2%2Fmedia&parent=6475"}],"wp:term":[{"taxonomy":"product_brand","embeddable":true,"href":"https:\/\/digistar.ma\/index.php?rest_route=%2Fwp%2Fv2%2Fproduct_brand&post=6475"},{"taxonomy":"product_cat","embeddable":true,"href":"https:\/\/digistar.ma\/index.php?rest_route=%2Fwp%2Fv2%2Fproduct_cat&post=6475"},{"taxonomy":"product_tag","embeddable":true,"href":"https:\/\/digistar.ma\/index.php?rest_route=%2Fwp%2Fv2%2Fproduct_tag&post=6475"}],"curies":[{"name":"wp","href":"https:\/\/api.w.org\/{rel}","templated":true}]}}